{"id":6426,"date":"2022-06-29T15:22:26","date_gmt":"2022-06-29T13:22:26","guid":{"rendered":"https:\/\/2022.hsb1846.de\/?page_id=6426"},"modified":"2022-07-07T13:33:07","modified_gmt":"2022-07-07T11:33:07","slug":"schwerpunkte-sambo","status":"publish","type":"page","link":"https:\/\/hsb1846.de\/en\/home\/abteilungen\/sambo\/schwerpunkte-sambo\/","title":{"rendered":"Schwerpunkte Sambo"},"content":{"rendered":"<div style=\"height:50px\" aria-hidden=\"true\" class=\"wp-block-spacer\"><\/div>\n\n\n\n<p class=\"has-white-color has-text-color has-background\" style=\"background-color:#02147e;font-size:16px\">Beim Heidenheimer Sportbund hat die Kampfkunst SAMBO ihre Schwerpunkte in drei Disziplinen festgelegt: dem Borba SAMBO, dem Combat SAMBO und dem artverwandten MMA SAMBO.<\/p>\n\n\n\n<div style=\"height:50px\" aria-hidden=\"true\" class=\"wp-block-spacer\"><\/div>\n\n\n\n<div class=\"wp-block-group alignfull has-background\" style=\"background-color:#02147e\"><div class=\"wp-block-group__inner-container is-layout-flow wp-block-group-is-layout-flow\">\n<div style=\"height:50px\" aria-hidden=\"true\" class=\"wp-block-spacer\"><\/div>\n\n\n\n<div class=\"wp-block-columns alignwide are-vertically-aligned-center is-layout-flex wp-container-core-columns-is-layout-9d6595d7 wp-block-columns-is-layout-flex\">\n<div class=\"wp-block-column is-layout-flow wp-block-column-is-layout-flow\" style=\"flex-basis:50%\">\n<p class=\"has-white-color has-text-color has-background\" style=\"background-color:#02147e;font-size:25px;line-height:1.1\">KampfsportKampfkunst SAMBO \u2013 Strenger Regelkatalog<\/p>\n<\/div>\n\n\n\n<div class=\"wp-block-column is-layout-flow wp-block-column-is-layout-flow\" style=\"flex-basis:50%\">\n<hr class=\"wp-block-separator has-text-color has-white-color has-alpha-channel-opacity has-white-background-color has-background is-style-wide\"\/>\n\n\n\n<div style=\"height:10px\" aria-hidden=\"true\" class=\"wp-block-spacer\"><\/div>\n\n\n\n<p class=\"has-background\" style=\"background-color:#f6f6f6;font-size:16px\">SAMBO-K\u00e4mpfer tragen bei Training und Wettk\u00e4mpfen in der Regel eine spezielle Jacke (Kurtka), sowie einen G\u00fcrtel und kurze Hosen in derselben Farbe. Dazu kommen noch leichte, meist aus Leder gefertigte Ringerschuhe. Die SAMBO-Uniform gibt in der Regel keinen Hinweis auf den Status des Tr\u00e4gers. Bei Wettk\u00e4mpfen des Kampfsport SAMBO m\u00fcssen alle Teilnehmer sowohl \u00fcber eine rote als auch eine blaue Kombination verf\u00fcgen, da (zur besseren Unterscheidung w\u00e4hrend des Kampfes) jeweils ein Wettk\u00e4mpfer in Rot und der andere in Blau antritt.<\/p>\n<\/div>\n<\/div>\n<\/div><\/div>\n\n\n\n<div style=\"height:50px\" aria-hidden=\"true\" class=\"wp-block-spacer\"><\/div>\n\n\n\n<div class=\"wp-block-group alignfull has-background\" style=\"background-color:#02147e\"><div class=\"wp-block-group__inner-container is-layout-flow wp-block-group-is-layout-flow\">\n<div style=\"height:50px\" aria-hidden=\"true\" class=\"wp-block-spacer\"><\/div>\n\n\n\n<div class=\"wp-block-columns alignwide are-vertically-aligned-center is-layout-flex wp-container-core-columns-is-layout-9d6595d7 wp-block-columns-is-layout-flex\">\n<div class=\"wp-block-column is-layout-flow wp-block-column-is-layout-flow\" style=\"flex-basis:50%\">\n<p class=\"has-white-color has-text-color has-background\" style=\"background-color:#02147e;font-size:25px;line-height:1.1\">KampfsportKampfkunst SAMBO hsb Heidenheim \u2013 Vier Diszipline<\/p>\n<\/div>\n\n\n\n<div class=\"wp-block-column is-layout-flow wp-block-column-is-layout-flow\" style=\"flex-basis:50%\">\n<hr class=\"wp-block-separator has-text-color has-white-color has-alpha-channel-opacity has-white-background-color has-background is-style-wide\"\/>\n\n\n\n<div style=\"height:10px\" aria-hidden=\"true\" class=\"wp-block-spacer\"><\/div>\n\n\n\n<ul class=\"has-background wp-block-list\" style=\"background-color:#f6f6f6\"><li>Sportliche-defensive Variante &#8222;<strong>Borba SAMBO<\/strong>&#8222;<\/li><li>Offensive Variante &#8222;Combat SAMBO&#8220;<br>Beim&nbsp;<strong>Combat-SAMBO<\/strong>&nbsp;sind zus\u00e4tzlich zu den W\u00fcrfen und Griffen auch Schlag- und Kicktechniken wie im Kick- oder Thaiboxen erlaubt. &nbsp;Die Kampfsportler des Combat-SAMBO tragen spezielle Sch\u00fctzer und Schoner sowie spezielle Handschuhe.<\/li><li>NEU: Mit dem Combat-Sambo artverwandte &#8222;MMA SAMBO&#8220;<br>Die <strong>Mix Marshall Arts<\/strong> (MMA) ist eine US-amerikanische Variante des offensiven Combat-SAMBO.<\/li><li>NEU: Kampfsportart Kurash<br><strong>Kurash<\/strong> ist ein traditioneller Ringsport, der in vielen \u00f6stlichen und asiatischen L\u00e4ndern eine sehr lange Tradition hat und mit Kultur des Landes verwurzelt ist. Neben den St\u00e4dten der ehemaligen UdSSR wie Usbekistan, Kasachstan, Tadschikistan wird dieser Sport auch in Afghanistan, Pakistan, Syrien, Iran in verschiedenen Formen betrieben. Die Regeln sind dabei \u00fcberall sehr \u00e4hnlich. Kurash wird nicht nur als Wettkampf veranstaltet, sondern auch zu verschiedenen festlichen Anl\u00e4ssen wie beispielsweise Pferderennen, Bogenschie\u00dfen, Tauziehen als eine M\u00f6glichkeit f\u00fcr Kr\u00e4fte- und Geschicklichkeitsmessen unter den M\u00e4nner eingesetzt. Von klein aus wird dieser Kampf gelernt und generationen\u00fcbergreifend Generationen gepflegt.<br>Neben den vergleichbaren Regeln klingen auch die Namen dieses Ringkampfes in verschiedenen L\u00e4ndern ziemlich \u00e4hnlich. Gerungen wird im Kurash im Stand solange, bis einer der Kontrahenten den Boden mit dem R\u00fccken ber\u00fchrt. In einigen L\u00e4ndern wird der Kampf auf dem Rasen bzw. im Sand, in anderen auf einer Ringermatte. Doch \u00fcberall werden Sieger wie Helden gefeiert und reichlich mit Respekt beschenkt. Das ist eine alte Tradition. Traditionell wird dabei Kulturen und l\u00e4nder\u00fcbergreifend gro\u00dfen Wert auf Fairness und Respekt den anderen gegen\u00fcber gelegt.<br><\/li><\/ul>\n<\/div>\n<\/div>\n<\/div><\/div>","protected":false},"excerpt":{"rendered":"<p>Beim Heidenheimer Sportbund hat die Kampfkunst SAMBO ihre Schwerpunkte in drei Disziplinen festgelegt: dem Borba SAMBO, dem Combat SAMBO und dem artverwandten MMA SAMBO. KampfsportKampfkunst SAMBO \u2013 Strenger Regelkatalog SAMBO-K\u00e4mpfer tragen bei Training und Wettk\u00e4mpfen in der Regel eine spezielle Jacke (Kurtka), sowie einen G\u00fcrtel und kurze Hosen in derselben Farbe. Dazu kommen noch leichte, [&hellip;]<\/p>\n","protected":false},"author":1,"featured_media":6466,"parent":4419,"menu_order":17,"comment_status":"closed","ping_status":"closed","template":"","meta":{"footnotes":""},"class_list":["post-6426","page","type-page","status-publish","has-post-thumbnail","hentry"],"aioseo_notices":[],"_links":{"self":[{"href":"https:\/\/hsb1846.de\/en\/wp-json\/wp\/v2\/pages\/6426","targetHints":{"allow":["GET"]}}],"collection":[{"href":"https:\/\/hsb1846.de\/en\/wp-json\/wp\/v2\/pages"}],"about":[{"href":"https:\/\/hsb1846.de\/en\/wp-json\/wp\/v2\/types\/page"}],"author":[{"embeddable":true,"href":"https:\/\/hsb1846.de\/en\/wp-json\/wp\/v2\/users\/1"}],"replies":[{"embeddable":true,"href":"https:\/\/hsb1846.de\/en\/wp-json\/wp\/v2\/comments?post=6426"}],"version-history":[{"count":17,"href":"https:\/\/hsb1846.de\/en\/wp-json\/wp\/v2\/pages\/6426\/revisions"}],"predecessor-version":[{"id":6772,"href":"https:\/\/hsb1846.de\/en\/wp-json\/wp\/v2\/pages\/6426\/revisions\/6772"}],"up":[{"embeddable":true,"href":"https:\/\/hsb1846.de\/en\/wp-json\/wp\/v2\/pages\/4419"}],"wp:featuredmedia":[{"embeddable":true,"href":"https:\/\/hsb1846.de\/en\/wp-json\/wp\/v2\/media\/6466"}],"wp:attachment":[{"href":"https:\/\/hsb1846.de\/en\/wp-json\/wp\/v2\/media?parent=6426"}],"curies":[{"name":"wp","href":"https:\/\/api.w.org\/{rel}","templated":true}]}}