{"id":6605,"date":"2022-07-01T15:17:48","date_gmt":"2022-07-01T13:17:48","guid":{"rendered":"https:\/\/2022.hsb1846.de\/?page_id=6605"},"modified":"2024-03-21T17:39:43","modified_gmt":"2024-03-21T16:39:43","slug":"trainingstermine-jedermannsport","status":"publish","type":"page","link":"https:\/\/hsb1846.de\/en\/home\/abteilungen\/jedermannsport\/trainingstermine-jedermannsport\/","title":{"rendered":"Trainingstermine Jedermannsport"},"content":{"rendered":"<div style=\"height:50px\" aria-hidden=\"true\" class=\"wp-block-spacer\"><\/div>\n\n\n\n<hr class=\"wp-block-separator has-alpha-channel-opacity is-style-wide\"\/>\n\n\n\n<div style=\"height:50px\" aria-hidden=\"true\" class=\"wp-block-spacer\"><\/div>\n\n\n\n<p style=\"font-size:24px\">Gruppe ER<\/p>\n\n\n\n<div style=\"height:25px\" aria-hidden=\"true\" class=\"wp-block-spacer\"><\/div>\n\n\n\n<hr class=\"wp-block-separator has-alpha-channel-opacity is-style-wide\"\/>\n\n\n\n<div class=\"wp-block-columns is-layout-flex wp-container-core-columns-is-layout-9d6595d7 wp-block-columns-is-layout-flex\">\n<div class=\"wp-block-column is-layout-flow wp-block-column-is-layout-flow\">\n<p class=\"has-background\" style=\"background-color:#f6f6f6\">Wochentag<\/p>\n<\/div>\n\n\n\n<div class=\"wp-block-column has-background is-layout-flow wp-block-column-is-layout-flow\" style=\"background-color:#02147e\">\n<p class=\"has-white-color has-text-color has-background\" style=\"background-color:#02147e\">Uhrzeit<\/p>\n<\/div>\n\n\n\n<div class=\"wp-block-column is-layout-flow wp-block-column-is-layout-flow\">\n<p class=\"has-background\" style=\"background-color:#f6f6f6\">Trainingsort<\/p>\n<\/div>\n<\/div>\n\n\n\n<div class=\"wp-block-columns is-layout-flex wp-container-core-columns-is-layout-9d6595d7 wp-block-columns-is-layout-flex\">\n<div class=\"wp-block-column has-background is-layout-flow wp-block-column-is-layout-flow\" style=\"background-color:#f6f6f6\">\n<p class=\"has-background\" style=\"background-color:#f6f6f6\">Montag<\/p>\n<\/div>\n\n\n\n<div class=\"wp-block-column has-background is-layout-flow wp-block-column-is-layout-flow\" style=\"background-color:#02147e\">\n<p class=\"has-white-color has-text-color has-background\" style=\"background-color:#02147e\">19:30 &#8211; 20:30<\/p>\n<\/div>\n\n\n\n<div class=\"wp-block-column is-layout-flow wp-block-column-is-layout-flow\">\n<p class=\"has-background\" style=\"background-color:#f6f6f6\">Kleinfeldhalle im Voith-Sportzentrum<\/p>\n<\/div>\n<\/div>\n\n\n\n<div style=\"height:50px\" aria-hidden=\"true\" class=\"wp-block-spacer\"><\/div>\n\n\n\n<p style=\"font-size:16px\"><strong>\u00dcbungsleiter:<\/strong> Helga Herrmann<\/p>\n\n\n\n<div style=\"height:50px\" aria-hidden=\"true\" class=\"wp-block-spacer\"><\/div>\n\n\n\n<p style=\"font-size:24px\">Anmerkungen:<\/p>\n\n\n\n<div style=\"height:25px\" aria-hidden=\"true\" class=\"wp-block-spacer\"><\/div>\n\n\n\n<p>W\u00e4hrend der Schulferien findet kein Training in der Halle statt.<\/p>\n\n\n\n<p><\/p>\n\n\n\n<p>Die Abteilung ER trifft sich w\u00e4hrend der Sommerferien mittwochs bei der Karl\u2013Rau\u2013Halle zu Wanderungen und Radtouren Rund um Heidenheim. Beginn 16:00 Uhr.<\/p>\n\n\n\n<p><\/p>\n\n\n\n<p>Manchmal wird der Startort ge\u00e4ndert, rufen Sie daher vor der ersten Teilnahme Hans \u2013 Peter Schmid Tel. \u2013 Nr.: 07321 45151 an.<\/p>\n\n\n\n<div style=\"height:50px\" aria-hidden=\"true\" class=\"wp-block-spacer\"><\/div>","protected":false},"excerpt":{"rendered":"<p>Gruppe ER Wochentag Uhrzeit Trainingsort Montag 19:30 &#8211; 20:30 Kleinfeldhalle im Voith-Sportzentrum \u00dcbungsleiter: Helga Herrmann Anmerkungen: W\u00e4hrend der Schulferien findet kein Training in der Halle statt. Die Abteilung ER trifft sich w\u00e4hrend der Sommerferien mittwochs bei der Karl\u2013Rau\u2013Halle zu Wanderungen und Radtouren Rund um Heidenheim. Beginn 16:00 Uhr. Manchmal wird der Startort ge\u00e4ndert, rufen Sie [&hellip;]<\/p>\n","protected":false},"author":1,"featured_media":0,"parent":4409,"menu_order":22,"comment_status":"closed","ping_status":"closed","template":"","meta":{"footnotes":""},"class_list":["post-6605","page","type-page","status-publish","hentry"],"aioseo_notices":[],"_links":{"self":[{"href":"https:\/\/hsb1846.de\/en\/wp-json\/wp\/v2\/pages\/6605","targetHints":{"allow":["GET"]}}],"collection":[{"href":"https:\/\/hsb1846.de\/en\/wp-json\/wp\/v2\/pages"}],"about":[{"href":"https:\/\/hsb1846.de\/en\/wp-json\/wp\/v2\/types\/page"}],"author":[{"embeddable":true,"href":"https:\/\/hsb1846.de\/en\/wp-json\/wp\/v2\/users\/1"}],"replies":[{"embeddable":true,"href":"https:\/\/hsb1846.de\/en\/wp-json\/wp\/v2\/comments?post=6605"}],"version-history":[{"count":8,"href":"https:\/\/hsb1846.de\/en\/wp-json\/wp\/v2\/pages\/6605\/revisions"}],"predecessor-version":[{"id":14292,"href":"https:\/\/hsb1846.de\/en\/wp-json\/wp\/v2\/pages\/6605\/revisions\/14292"}],"up":[{"embeddable":true,"href":"https:\/\/hsb1846.de\/en\/wp-json\/wp\/v2\/pages\/4409"}],"wp:attachment":[{"href":"https:\/\/hsb1846.de\/en\/wp-json\/wp\/v2\/media?parent=6605"}],"curies":[{"name":"wp","href":"https:\/\/api.w.org\/{rel}","templated":true}]}}