{"id":6625,"date":"2022-07-06T10:18:25","date_gmt":"2022-07-06T08:18:25","guid":{"rendered":"https:\/\/2022.hsb1846.de\/?page_id=6625"},"modified":"2022-07-07T13:28:04","modified_gmt":"2022-07-07T11:28:04","slug":"schwerpunkte-jedermannsport","status":"publish","type":"page","link":"https:\/\/hsb1846.de\/en\/home\/abteilungen\/jedermannsport\/schwerpunkte-jedermannsport\/","title":{"rendered":"Schwerpunkte Jedermannsport"},"content":{"rendered":"<div style=\"height:50px\" aria-hidden=\"true\" class=\"wp-block-spacer\"><\/div>\n\n\n\n<p class=\"has-background\" style=\"background-color:#f6f6f6;font-size:16px\">Wichtig ist es uns, dass Wir uns m\u00f6glichst lange fit halten. Hierzu geh\u00f6ren Gymnastik, Dehn\u00fcbungen &#8211;&nbsp; auch wenn bereits R\u00fcckenbeschwerden vorhanden sind &#8211; Lauf,- und Zirkeltraining oder Ballspiele.<\/p>\n\n\n\n<div style=\"height:50px\" aria-hidden=\"true\" class=\"wp-block-spacer\"><\/div>\n\n\n\n<p class=\"has-background\" style=\"background-color:#f6f6f6;font-size:16px\">Des Weiteren st\u00e4rken Wir die Gemeinschaft, in dem Wir gemeinsam Ausfl\u00fcge und Wanderungen unternehmen oder auch mal den ein oder anderen Kegelabend verbringen.<\/p>\n\n\n\n<div style=\"height:50px\" aria-hidden=\"true\" class=\"wp-block-spacer\"><\/div>\n\n\n\n<p class=\"has-background\" style=\"background-color:#f6f6f6;font-size:16px\">Gedacht ist unsere Jedermannsportgruppe ab ca. 40 Jahre,&nbsp; der Altersdurchschnitt von uns liegt bei ca. 60 Jahren, was uns jedoch nicht daran hindert, fit und aktiv zu sein und die Ruheb\u00e4nke links liegen zu lassen.<\/p>\n\n\n\n<div style=\"height:50px\" aria-hidden=\"true\" class=\"wp-block-spacer\"><\/div>\n\n\n\n<p class=\"has-white-color has-text-color has-background\" style=\"background-color:#02147e;font-size:16px\">Wenn dies auf Dich zutrifft und Du Freude und Spa\u00df an Bewegung und gemeinsamen Unternehmungen hast, bist Du beim Jedermannsport genau richtig. <br><br>Wir freuen uns \u00fcber jede\/n neue\/e Sportler\/ in. Gerne kannst du an mehreren \u00dcbungsabenden teilnehmen um einfach mal ganz unverbindlich reinzuschnuppern. (Hierf\u00fcr besteht eine Versicherung)<\/p>\n\n\n\n<div style=\"height:50px\" aria-hidden=\"true\" class=\"wp-block-spacer\"><\/div>","protected":false},"excerpt":{"rendered":"<p>Wichtig ist es uns, dass Wir uns m\u00f6glichst lange fit halten. Hierzu geh\u00f6ren Gymnastik, Dehn\u00fcbungen &#8211;&nbsp; auch wenn bereits R\u00fcckenbeschwerden vorhanden sind &#8211; Lauf,- und Zirkeltraining oder Ballspiele. Des Weiteren st\u00e4rken Wir die Gemeinschaft, in dem Wir gemeinsam Ausfl\u00fcge und Wanderungen unternehmen oder auch mal den ein oder anderen Kegelabend verbringen. Gedacht ist unsere Jedermannsportgruppe [&hellip;]<\/p>\n","protected":false},"author":1,"featured_media":0,"parent":4409,"menu_order":17,"comment_status":"closed","ping_status":"closed","template":"","meta":{"footnotes":""},"class_list":["post-6625","page","type-page","status-publish","hentry"],"aioseo_notices":[],"_links":{"self":[{"href":"https:\/\/hsb1846.de\/en\/wp-json\/wp\/v2\/pages\/6625","targetHints":{"allow":["GET"]}}],"collection":[{"href":"https:\/\/hsb1846.de\/en\/wp-json\/wp\/v2\/pages"}],"about":[{"href":"https:\/\/hsb1846.de\/en\/wp-json\/wp\/v2\/types\/page"}],"author":[{"embeddable":true,"href":"https:\/\/hsb1846.de\/en\/wp-json\/wp\/v2\/users\/1"}],"replies":[{"embeddable":true,"href":"https:\/\/hsb1846.de\/en\/wp-json\/wp\/v2\/comments?post=6625"}],"version-history":[{"count":3,"href":"https:\/\/hsb1846.de\/en\/wp-json\/wp\/v2\/pages\/6625\/revisions"}],"predecessor-version":[{"id":6767,"href":"https:\/\/hsb1846.de\/en\/wp-json\/wp\/v2\/pages\/6625\/revisions\/6767"}],"up":[{"embeddable":true,"href":"https:\/\/hsb1846.de\/en\/wp-json\/wp\/v2\/pages\/4409"}],"wp:attachment":[{"href":"https:\/\/hsb1846.de\/en\/wp-json\/wp\/v2\/media?parent=6625"}],"curies":[{"name":"wp","href":"https:\/\/api.w.org\/{rel}","templated":true}]}}