{"id":6662,"date":"2022-07-06T14:02:09","date_gmt":"2022-07-06T12:02:09","guid":{"rendered":"https:\/\/2022.hsb1846.de\/?page_id=6662"},"modified":"2022-10-03T15:12:19","modified_gmt":"2022-10-03T13:12:19","slug":"geschichte-radsport","status":"publish","type":"page","link":"https:\/\/hsb1846.de\/en\/home\/abteilungen\/radsport\/geschichte-radsport\/","title":{"rendered":"Geschichte Radsport"},"content":{"rendered":"<div style=\"height:50px\" aria-hidden=\"true\" class=\"wp-block-spacer\"><\/div>\n\n\n\n<div class=\"wp-block-columns alignfull is-layout-flex wp-container-core-columns-is-layout-9d6595d7 wp-block-columns-is-layout-flex\">\n<div class=\"wp-block-column is-layout-flow wp-block-column-is-layout-flow\" style=\"flex-basis:50%\">\n<div class=\"wp-block-cover is-light\" style=\"min-height:600px;aspect-ratio:unset;\"><span aria-hidden=\"true\" class=\"wp-block-cover__background has-background-dim-100 has-background-dim\" style=\"background-color:#f6f6f6\"><\/span><div class=\"wp-block-cover__inner-container is-layout-flow wp-block-cover-is-layout-flow\"><div class=\"wp-block-image\">\n<figure class=\"aligncenter size-full\"><img loading=\"lazy\" decoding=\"async\" width=\"960\" height=\"640\" src=\"https:\/\/2022.hsb1846.de\/wp-content\/uploads\/2022\/07\/hochberg_2003.jpg\" alt=\"\" class=\"wp-image-6691\" srcset=\"https:\/\/hsb1846.de\/wp-content\/uploads\/2022\/07\/hochberg_2003.jpg 960w, https:\/\/hsb1846.de\/wp-content\/uploads\/2022\/07\/hochberg_2003-300x200.jpg 300w, https:\/\/hsb1846.de\/wp-content\/uploads\/2022\/07\/hochberg_2003-768x512.jpg 768w\" sizes=\"auto, (max-width: 960px) 100vw, 960px\" \/><figcaption>Unser Bikepark am Hochberg im Jahr 2003<\/figcaption><\/figure>\n<\/div><\/div><\/div>\n<\/div>\n\n\n\n<div class=\"wp-block-column is-vertically-aligned-center has-white-background-color has-background is-layout-flow wp-block-column-is-layout-flow\" style=\"padding-top:1em;padding-right:1em;padding-bottom:1em;padding-left:1em\">\n<div class=\"wp-block-columns has-white-background-color has-background is-layout-flex wp-container-core-columns-is-layout-9d6595d7 wp-block-columns-is-layout-flex\">\n<div class=\"wp-block-column is-layout-flow wp-block-column-is-layout-flow\" style=\"flex-basis:320px\">\n<p style=\"font-size:25px;font-style:normal;font-weight:100\">2002<\/p>\n\n\n\n<div class=\"wp-block-columns is-layout-flex wp-container-core-columns-is-layout-9d6595d7 wp-block-columns-is-layout-flex\">\n<div class=\"wp-block-column is-layout-flow wp-block-column-is-layout-flow\" style=\"flex-basis:40px\">\n<hr class=\"wp-block-separator has-alpha-channel-opacity\"\/>\n<\/div>\n<\/div>\n\n\n\n<div style=\"height:25px\" aria-hidden=\"true\" class=\"wp-block-spacer\"><\/div>\n\n\n\n<p style=\"font-size:16px;line-height:1.6\">Auf Anregung Oberb\u00fcrgermeister Ilg wurde am Skihang am Heidenheimer Hochberg 2002 von einem bekannten Streckendesigner eine Bike Strecke auf den Skihang gebaut. Durch die tatkr\u00e4ftige Arbeit der damals neu gegr\u00fcndeten hsb- Radsportabteilung und mit Unterst\u00fctzung der Stadt Heidenheim entstand dort \u00fcber die Jahre ein Bikepark der einzigartig in der Region ist. Im Laufe der Zeit wurden der Bikepark um eine zweite Strecke mit verschiedenen Varianten erweitert. Der weitere Ausbau des Bikepark erfolgt kontinuierlich. Es stehen f\u00fcr jede K\u00f6nnerstufe die entsprechenden Strecken zur Verf\u00fcgung.<\/p>\n<\/div>\n<\/div>\n<\/div>\n<\/div>\n\n\n\n<div style=\"height:50px\" aria-hidden=\"true\" class=\"wp-block-spacer\"><\/div>\n\n\n\n<div class=\"wp-block-columns alignfull is-layout-flex wp-container-core-columns-is-layout-9d6595d7 wp-block-columns-is-layout-flex\">\n<div class=\"wp-block-column is-layout-flow wp-block-column-is-layout-flow\" style=\"flex-basis:50%\">\n<div class=\"wp-block-cover is-light\" style=\"min-height:600px;aspect-ratio:unset;\"><span aria-hidden=\"true\" class=\"wp-block-cover__background has-background-dim-100 has-background-dim\" style=\"background-color:#f6f6f6\"><\/span><div class=\"wp-block-cover__inner-container is-layout-flow wp-block-cover-is-layout-flow\"><div class=\"wp-block-image\">\n<figure class=\"aligncenter size-full\"><img loading=\"lazy\" decoding=\"async\" width=\"1200\" height=\"800\" src=\"https:\/\/2022.hsb1846.de\/wp-content\/uploads\/2022\/07\/german_4x_cup_2017_.jpg\" alt=\"\" class=\"wp-image-6690\" srcset=\"https:\/\/hsb1846.de\/wp-content\/uploads\/2022\/07\/german_4x_cup_2017_.jpg 1200w, https:\/\/hsb1846.de\/wp-content\/uploads\/2022\/07\/german_4x_cup_2017_-300x200.jpg 300w, https:\/\/hsb1846.de\/wp-content\/uploads\/2022\/07\/german_4x_cup_2017_-768x512.jpg 768w\" sizes=\"auto, (max-width: 1200px) 100vw, 1200px\" \/><figcaption>German 4X Cup 2017<\/figcaption><\/figure>\n<\/div><\/div><\/div>\n<\/div>\n\n\n\n<div class=\"wp-block-column is-vertically-aligned-center has-white-background-color has-background is-layout-flow wp-block-column-is-layout-flow\" style=\"padding-top:1em;padding-right:1em;padding-bottom:1em;padding-left:1em\">\n<div class=\"wp-block-columns has-white-background-color has-background is-layout-flex wp-container-core-columns-is-layout-9d6595d7 wp-block-columns-is-layout-flex\">\n<div class=\"wp-block-column is-layout-flow wp-block-column-is-layout-flow\" style=\"flex-basis:320px\">\n<p style=\"font-size:25px;font-style:normal;font-weight:100\">2017<\/p>\n\n\n\n<div class=\"wp-block-columns is-layout-flex wp-container-core-columns-is-layout-9d6595d7 wp-block-columns-is-layout-flex\">\n<div class=\"wp-block-column is-layout-flow wp-block-column-is-layout-flow\" style=\"flex-basis:40px\">\n<hr class=\"wp-block-separator has-alpha-channel-opacity\"\/>\n<\/div>\n<\/div>\n\n\n\n<div style=\"height:25px\" aria-hidden=\"true\" class=\"wp-block-spacer\"><\/div>\n\n\n\n<p style=\"font-size:16px;line-height:1.6\">2017 erfolgte dann der n\u00e4chste Schritt mit der erstmaligen Ausrichtung eines 4Cross Rennens im Rahmen des German 4X Cup. Der Erfolg dieser Veranstaltung war so gro\u00df, dass wir 2018 die Deutsche Meisterschaft im 4Cross am Hochberg austragen durften.<\/p>\n<\/div>\n<\/div>\n<\/div>\n<\/div>\n\n\n\n<div style=\"height:50px\" aria-hidden=\"true\" class=\"wp-block-spacer\"><\/div>","protected":false},"excerpt":{"rendered":"<p>2002 Auf Anregung Oberb\u00fcrgermeister Ilg wurde am Skihang am Heidenheimer Hochberg 2002 von einem bekannten Streckendesigner eine Bike Strecke auf den Skihang gebaut. Durch die tatkr\u00e4ftige Arbeit der damals neu gegr\u00fcndeten hsb- Radsportabteilung und mit Unterst\u00fctzung der Stadt Heidenheim entstand dort \u00fcber die Jahre ein Bikepark der einzigartig in der Region ist. Im Laufe der [&hellip;]<\/p>\n","protected":false},"author":1,"featured_media":0,"parent":4413,"menu_order":12,"comment_status":"closed","ping_status":"closed","template":"","meta":{"footnotes":""},"class_list":["post-6662","page","type-page","status-publish","hentry"],"aioseo_notices":[],"_links":{"self":[{"href":"https:\/\/hsb1846.de\/en\/wp-json\/wp\/v2\/pages\/6662","targetHints":{"allow":["GET"]}}],"collection":[{"href":"https:\/\/hsb1846.de\/en\/wp-json\/wp\/v2\/pages"}],"about":[{"href":"https:\/\/hsb1846.de\/en\/wp-json\/wp\/v2\/types\/page"}],"author":[{"embeddable":true,"href":"https:\/\/hsb1846.de\/en\/wp-json\/wp\/v2\/users\/1"}],"replies":[{"embeddable":true,"href":"https:\/\/hsb1846.de\/en\/wp-json\/wp\/v2\/comments?post=6662"}],"version-history":[{"count":10,"href":"https:\/\/hsb1846.de\/en\/wp-json\/wp\/v2\/pages\/6662\/revisions"}],"predecessor-version":[{"id":9504,"href":"https:\/\/hsb1846.de\/en\/wp-json\/wp\/v2\/pages\/6662\/revisions\/9504"}],"up":[{"embeddable":true,"href":"https:\/\/hsb1846.de\/en\/wp-json\/wp\/v2\/pages\/4413"}],"wp:attachment":[{"href":"https:\/\/hsb1846.de\/en\/wp-json\/wp\/v2\/media?parent=6662"}],"curies":[{"name":"wp","href":"https:\/\/api.w.org\/{rel}","templated":true}]}}