{"id":6670,"date":"2022-07-06T14:04:30","date_gmt":"2022-07-06T12:04:30","guid":{"rendered":"https:\/\/2022.hsb1846.de\/?page_id=6670"},"modified":"2023-04-10T16:06:11","modified_gmt":"2023-04-10T14:06:11","slug":"trainingstermine-radsport","status":"publish","type":"page","link":"https:\/\/hsb1846.de\/en\/home\/abteilungen\/radsport\/trainingstermine-radsport\/","title":{"rendered":"Trainingstermine Radsport"},"content":{"rendered":"<div style=\"height:50px\" aria-hidden=\"true\" class=\"wp-block-spacer\"><\/div>\n\n\n\n<h2 class=\"wp-block-heading\">Training am Bikepark Hochberg<\/h2>\n\n\n\n<div style=\"height:50px\" aria-hidden=\"true\" class=\"wp-block-spacer\"><\/div>\n\n\n\n<p class=\"has-white-color has-text-color has-background\" style=\"background-color:#02147e;font-size:16px\">Zwischen Mitte April und Ende Oktober bieten wir f\u00fcr Abteilungsmitglieder die M\u00f6glichkeit 2 mal in der Woche Abends am Bikepark Hochberg ihr Fahrk\u00f6nnen zu verbessern.<\/p>\n\n\n\n<div style=\"height:25px\" aria-hidden=\"true\" class=\"wp-block-spacer\"><\/div>\n\n\n\n<h2 class=\"wp-block-heading\">Wintertraining in der Halle<\/h2>\n\n\n\n<p><\/p>\n\n\n\n<h2 class=\"wp-block-heading\"> <\/h2>\n\n\n\n<p>Nach den Herbstferien bis Ostern trainieren wir immer Montagabend um 20:00 Uhr in der Leichtathletikhalle der Karl-Rau-Halle.<\/p>\n\n\n\n<div style=\"height:50px\" aria-hidden=\"true\" class=\"wp-block-spacer\"><\/div>\n\n\n\n<div style=\"height:50px\" aria-hidden=\"true\" class=\"wp-block-spacer\"><\/div>\n\n\n\n<div class=\"wp-block-columns is-layout-flex wp-container-core-columns-is-layout-9d6595d7 wp-block-columns-is-layout-flex\">\n<div class=\"wp-block-column is-layout-flow wp-block-column-is-layout-flow\"><\/div>\n\n\n\n<div class=\"wp-block-column has-background is-layout-flow wp-block-column-is-layout-flow\" style=\"background-color:#f6f6f6\">\n<p class=\"has-text-align-center\"><a href=\"https:\/\/www.bikepark-hochberg.de\/index.htm\" target=\"_blank\" rel=\"noreferrer noopener\">Link zur<br>Homepage Bikepark<\/a><\/p>\n<\/div>\n\n\n\n<div class=\"wp-block-column is-layout-flow wp-block-column-is-layout-flow\"><\/div>\n<\/div>\n\n\n\n<div style=\"height:50px\" aria-hidden=\"true\" class=\"wp-block-spacer\"><\/div>\n\n\n\n<hr class=\"wp-block-separator has-alpha-channel-opacity is-style-wide\"\/>\n\n\n\n<div style=\"height:50px\" aria-hidden=\"true\" class=\"wp-block-spacer\"><\/div>\n\n\n\n<p style=\"font-size:25px\">WICHTIGE INFO ZUM TRAINING AB DER SAISON 2023<\/p>\n\n\n\n<div style=\"height:25px\" aria-hidden=\"true\" class=\"wp-block-spacer\"><\/div>\n\n\n\n<p class=\"has-background\" style=\"background-color:#f6f6f6;font-size:16px\"><br>Es werden pro Sonntag (12:00 bis 17:00 Uhr) jeweils 2 Helfer\/innen ben\u00f6tigt. Es brauch immer einen Verantwortlichen vom Verein und dazu kann, falls notwendig, ein externer Helfer kommen. Die Verg\u00fctung ist weiterhin 12,50 \u20ac pro Stunde. Das Ganze wird als Ehrenamtspauschale ausbezahlt. Es ist nat\u00fcrlich nach wie vor m\u00f6glich, diesen Betrag zu spenden.<\/p>\n\n\n\n<p class=\"has-background\" style=\"background-color:#f6f6f6;font-size:16px\"><br><br>Es werden pro Sonntag (12:00 bis 17:00 Uhr) jeweils 2 Helfer\/innen ben\u00f6tigt. Es brauch immer einen Verantwortlichen vom Verein und dazu kann, falls notwendig, ein externer Helfer kommen. Die Verg\u00fctung ist weiterhin 12,50 \u20ac pro Stunde. Das Ganze wird als Ehrenamtspauschale ausbezahlt. Es ist nat\u00fcrlich nach wie vor m\u00f6glich, diesen Betrag zu spenden.<\/p>\n\n\n\n<p class=\"has-background\" style=\"background-color:#f6f6f6;font-size:16px\">Da wir auf bargeldlose Zahlung umstellen wollen, kann die Ehrenamtspauschale nicht bar aus der Kasse entnommen werden. Die Ehrenamtspauschale wird also nach Ableistung des jeweiligen Dienstes \u00fcberwiesen.<\/p>\n\n\n\n<p class=\"has-background\" style=\"background-color:#f6f6f6;font-size:16px\"><br>Jeder, der am Training oder sonntags fahren will, \u00fcbernimmt 3 Dienste. Es liegt eine Liste aus, in der sich die Trainingsteilnehmer\/innen bei jedem Training oder Sonntag eintragen. Wer diese 3 Dienste nicht ableistet zahlt einen Abteilungsbeitrag.<br>Bei einem fehlenden Dienst 30,00\u20ac<br>Bei 2 fehlenden Diensten 60,00 \u20ac<br>Bei 3 fehlenden Diensten 90,00 \u20ac<br>Dieser Abteilungsbeitrag wird am Jahresende automatisch mit dem Mitgliedbeitrag eingezogen.<br>Arbeitseins\u00e4tze zur Streckenbau und -pflege k\u00f6nnen nach Genehmigung durch den technischen Leiter auch angerechnet werden.<\/p>\n\n\n\n<p class=\"has-background\" style=\"background-color:#f6f6f6;font-size:16px\">Am Sonntag wird nur dann ge\u00f6ffnet, wenn sich 2 Helfer in den Online Kalender eintragen.<br>Link zum Online Kalender:<br><a href=\"https:\/\/xoyondo.com\/dp\/FGSDPRLPwlPc9m3\">https:\/\/xoyondo.com\/dp\/FGSDPRLPwlPc9m3<\/a><\/p>\n\n\n\n<p><br><\/p>\n\n\n\n<div style=\"height:50px\" aria-hidden=\"true\" class=\"wp-block-spacer\"><\/div>","protected":false},"excerpt":{"rendered":"<p>Training am Bikepark Hochberg Zwischen Mitte April und Ende Oktober bieten wir f\u00fcr Abteilungsmitglieder die M\u00f6glichkeit 2 mal in der Woche Abends am Bikepark Hochberg ihr Fahrk\u00f6nnen zu verbessern. Wintertraining in der Halle Nach den Herbstferien bis Ostern trainieren wir immer Montagabend um 20:00 Uhr in der Leichtathletikhalle der Karl-Rau-Halle. Link zurHomepage Bikepark WICHTIGE INFO [&hellip;]<\/p>\n","protected":false},"author":1,"featured_media":6724,"parent":4413,"menu_order":20,"comment_status":"closed","ping_status":"closed","template":"","meta":{"footnotes":""},"class_list":["post-6670","page","type-page","status-publish","has-post-thumbnail","hentry"],"aioseo_notices":[],"_links":{"self":[{"href":"https:\/\/hsb1846.de\/en\/wp-json\/wp\/v2\/pages\/6670","targetHints":{"allow":["GET"]}}],"collection":[{"href":"https:\/\/hsb1846.de\/en\/wp-json\/wp\/v2\/pages"}],"about":[{"href":"https:\/\/hsb1846.de\/en\/wp-json\/wp\/v2\/types\/page"}],"author":[{"embeddable":true,"href":"https:\/\/hsb1846.de\/en\/wp-json\/wp\/v2\/users\/1"}],"replies":[{"embeddable":true,"href":"https:\/\/hsb1846.de\/en\/wp-json\/wp\/v2\/comments?post=6670"}],"version-history":[{"count":10,"href":"https:\/\/hsb1846.de\/en\/wp-json\/wp\/v2\/pages\/6670\/revisions"}],"predecessor-version":[{"id":11671,"href":"https:\/\/hsb1846.de\/en\/wp-json\/wp\/v2\/pages\/6670\/revisions\/11671"}],"up":[{"embeddable":true,"href":"https:\/\/hsb1846.de\/en\/wp-json\/wp\/v2\/pages\/4413"}],"wp:featuredmedia":[{"embeddable":true,"href":"https:\/\/hsb1846.de\/en\/wp-json\/wp\/v2\/media\/6724"}],"wp:attachment":[{"href":"https:\/\/hsb1846.de\/en\/wp-json\/wp\/v2\/media?parent=6670"}],"curies":[{"name":"wp","href":"https:\/\/api.w.org\/{rel}","templated":true}]}}