{"id":6877,"date":"2022-07-08T11:48:12","date_gmt":"2022-07-08T09:48:12","guid":{"rendered":"https:\/\/2022.hsb1846.de\/?page_id=6877"},"modified":"2026-04-07T13:36:30","modified_gmt":"2026-04-07T11:36:30","slug":"faszination-rollsport","status":"publish","type":"page","link":"https:\/\/hsb1846.de\/en\/home\/abteilungen\/rollsport\/faszination-rollsport\/","title":{"rendered":"Faszination Rollsport"},"content":{"rendered":"<div style=\"height:50px\" aria-hidden=\"true\" class=\"wp-block-spacer\"><\/div>\n\n\n\n<h2 class=\"wp-block-heading\">Rollkunstlauf<\/h2>\n\n\n\n<div style=\"height:25px\" aria-hidden=\"true\" class=\"wp-block-spacer\"><\/div>\n\n\n\n<p class=\"has-white-color has-text-color has-background\" style=\"background-color:#02147e;font-size:16px\">Rollkunstlaufen &#8211; eine Sportart welche sowohl athletische als auch k\u00fcnstlerische Komponenten vereint und damit Jungen und M\u00e4dchen begeistert.<\/p>\n\n\n\n<div style=\"height:13px\" aria-hidden=\"true\" class=\"wp-block-spacer\"><\/div>\n\n\n\n<div class=\"wp-block-media-text alignwide has-media-on-the-right is-stacked-on-mobile is-vertically-aligned-center has-white-color has-text-color has-background\" style=\"background-color:#02147e\"><div class=\"wp-block-media-text__content\">\n<div class=\"wp-block-group\" style=\"padding-top:2em;padding-right:2em;padding-bottom:2em;padding-left:2em\"><div class=\"wp-block-group__inner-container is-layout-flow wp-block-group-is-layout-flow\">\n<p style=\"font-size:25px\">Rollkunstlaufen ist eine Sportart, die auf Rollschuhen in Hallen oder Au\u00dfenbahnen ausge\u00fcbt wird.<br><\/p>\n\n\n\n<p style=\"font-size:16px\">Sie ist dem Eiskunstlaufen \u00e4hnlich.<\/p>\n<\/div><\/div>\n<\/div><figure class=\"wp-block-media-text__media\"><img loading=\"lazy\" decoding=\"async\" width=\"300\" height=\"225\" src=\"https:\/\/2022.hsb1846.de\/wp-content\/uploads\/2022\/07\/s-l300.jpg\" alt=\"\" class=\"wp-image-6929 size-full\"\/><\/figure><\/div>\n\n\n\n<div class=\"wp-block-media-text alignwide is-stacked-on-mobile is-vertically-aligned-center has-background\" style=\"background-color:#f6f6f6\"><figure class=\"wp-block-media-text__media\"><img loading=\"lazy\" decoding=\"async\" width=\"308\" height=\"239\" src=\"https:\/\/2022.hsb1846.de\/wp-content\/uploads\/2022\/07\/csm_teaser_neu_15f78bd401.jpg\" alt=\"\" class=\"wp-image-6898 size-full\" srcset=\"https:\/\/hsb1846.de\/wp-content\/uploads\/2022\/07\/csm_teaser_neu_15f78bd401.jpg 308w, https:\/\/hsb1846.de\/wp-content\/uploads\/2022\/07\/csm_teaser_neu_15f78bd401-300x233.jpg 300w\" sizes=\"auto, (max-width: 308px) 100vw, 308px\" \/><\/figure><div class=\"wp-block-media-text__content\">\n<div class=\"wp-block-group\" style=\"padding-top:2em;padding-right:2em;padding-bottom:2em;padding-left:2em\"><div class=\"wp-block-group__inner-container is-layout-flow wp-block-group-is-layout-flow\">\n<p>Die Sportler pr\u00e4sentieren in Wettbewerben und in Showveranstaltungen einzeln, 2er, Gruppenlauf als Paar oder in gro\u00dfen Formationen ihre Beherrschung des eigenen K\u00f6rpers und f\u00fchren verschiedene<\/p>\n\n\n\n<p>Laufelemente wie musikalische Choreographien oder athletische Spr\u00fcnge vor.<br><\/p>\n\n\n\n<p>Rollkunstlaufen wird sowohl von Kindern ab ca. vier Jahren als auch von Erwachsenen ausge\u00fcbt.<\/p>\n<\/div><\/div>\n<\/div><\/div>\n\n\n\n<div class=\"wp-block-group alignfull has-background\" style=\"background-color:#02147e\"><div class=\"wp-block-group__inner-container is-layout-flow wp-block-group-is-layout-flow\">\n<div class=\"wp-block-columns alignwide are-vertically-aligned-center is-layout-flex wp-container-core-columns-is-layout-9d6595d7 wp-block-columns-is-layout-flex\">\n<div class=\"wp-block-column is-layout-flow wp-block-column-is-layout-flow\" style=\"flex-basis:40%\">\n<p class=\"has-text-align-right has-white-color has-text-color\" style=\"font-size:25px;font-style:normal;font-weight:100\"><strong><strong>Schnupperkurs Rollkunstlauf <\/strong>2026<\/strong><\/p>\n<\/div>\n\n\n\n<div class=\"wp-block-column is-layout-flow wp-block-column-is-layout-flow\">\n<hr class=\"wp-block-separator has-text-color has-white-color has-css-opacity has-white-background-color has-background is-style-wide\"\/>\n<\/div>\n<\/div>\n\n\n\n<div class=\"wp-block-columns alignwide is-layout-flex wp-container-core-columns-is-layout-9d6595d7 wp-block-columns-is-layout-flex\">\n<div class=\"wp-block-column is-layout-flow wp-block-column-is-layout-flow\" style=\"flex-basis:380px\">\n<div class=\"wp-block-buttons is-layout-flex wp-block-buttons-is-layout-flex\"><\/div>\n\n\n\n<div class=\"wp-block-buttons is-layout-flex wp-block-buttons-is-layout-flex\">\n<div class=\"wp-block-button\"><a class=\"wp-block-button__link wp-element-button\">Bitte Voranmeldung per Email: Stephanie.hein@hsb1846.de <\/a><\/div>\n\n\n\n<div class=\"wp-block-button\"><a class=\"wp-block-button__link wp-element-button\">WhatsApp: 0176-63809739<\/a><\/div>\n<\/div>\n<\/div>\n\n\n\n<div class=\"wp-block-column is-layout-flow wp-block-column-is-layout-flow\">\n<p class=\"has-white-color has-text-color\" style=\"font-size:16px\">Du bist auf der Suche nach einer Sportart,<\/p>\n\n\n\n<p class=\"has-white-color has-text-color\" style=\"font-size:16px\">die ausdrucksstarken Tanz, Technik, Schnellkraft, Individuali\u00e4t und das gewisse Etwas auf Rollen mit viel Spa\u00df verbindet?<br><\/p>\n\n\n\n<p class=\"has-white-color has-text-color\" style=\"font-size:16px\">Dann bist du hier genau richtig!&nbsp;<br><\/p>\n\n\n\n<p class=\"has-white-color has-text-color\" style=\"font-size:16px\">Schupperkurse finden immer Mittwoch und Freitag von 15:45-17:00 Uhr statt.<br><\/p>\n\n\n\n<p class=\"has-white-color has-text-color\" style=\"font-size:16px\">Bis bald<\/p>\n\n\n\n<p class=\"has-white-color has-text-color\" style=\"font-size:16px\">Euer Rollkunstlauf Team<\/p>\n<\/div>\n\n\n\n<div class=\"wp-block-column is-layout-flow wp-block-column-is-layout-flow\" style=\"flex-basis:25px\"><\/div>\n<\/div>\n\n\n\n<div style=\"height:70px\" aria-hidden=\"true\" class=\"wp-block-spacer\"><\/div>\n<\/div><\/div>\n\n\n\n<div style=\"height:56px\" aria-hidden=\"true\" class=\"wp-block-spacer\"><\/div>\n\n\n\n<p><\/p>","protected":false},"excerpt":{"rendered":"<p>Rollkunstlauf Rollkunstlaufen &#8211; eine Sportart welche sowohl athletische als auch k\u00fcnstlerische Komponenten vereint und damit Jungen und M\u00e4dchen begeistert. Schnupperkurs Rollkunstlauf 2026 Du bist auf der Suche nach einer Sportart, die ausdrucksstarken Tanz, Technik, Schnellkraft, Individuali\u00e4t und das gewisse Etwas auf Rollen mit viel Spa\u00df verbindet? Dann bist du hier genau richtig!&nbsp; Schupperkurse finden immer [&hellip;]<\/p>\n","protected":false},"author":1,"featured_media":6906,"parent":4415,"menu_order":0,"comment_status":"closed","ping_status":"closed","template":"","meta":{"footnotes":""},"class_list":["post-6877","page","type-page","status-publish","has-post-thumbnail","hentry"],"aioseo_notices":[],"_links":{"self":[{"href":"https:\/\/hsb1846.de\/en\/wp-json\/wp\/v2\/pages\/6877","targetHints":{"allow":["GET"]}}],"collection":[{"href":"https:\/\/hsb1846.de\/en\/wp-json\/wp\/v2\/pages"}],"about":[{"href":"https:\/\/hsb1846.de\/en\/wp-json\/wp\/v2\/types\/page"}],"author":[{"embeddable":true,"href":"https:\/\/hsb1846.de\/en\/wp-json\/wp\/v2\/users\/1"}],"replies":[{"embeddable":true,"href":"https:\/\/hsb1846.de\/en\/wp-json\/wp\/v2\/comments?post=6877"}],"version-history":[{"count":14,"href":"https:\/\/hsb1846.de\/en\/wp-json\/wp\/v2\/pages\/6877\/revisions"}],"predecessor-version":[{"id":20019,"href":"https:\/\/hsb1846.de\/en\/wp-json\/wp\/v2\/pages\/6877\/revisions\/20019"}],"up":[{"embeddable":true,"href":"https:\/\/hsb1846.de\/en\/wp-json\/wp\/v2\/pages\/4415"}],"wp:featuredmedia":[{"embeddable":true,"href":"https:\/\/hsb1846.de\/en\/wp-json\/wp\/v2\/media\/6906"}],"wp:attachment":[{"href":"https:\/\/hsb1846.de\/en\/wp-json\/wp\/v2\/media?parent=6877"}],"curies":[{"name":"wp","href":"https:\/\/api.w.org\/{rel}","templated":true}]}}