{"id":6879,"date":"2022-07-08T11:48:47","date_gmt":"2022-07-08T09:48:47","guid":{"rendered":"https:\/\/2022.hsb1846.de\/?page_id=6879"},"modified":"2022-07-08T14:35:52","modified_gmt":"2022-07-08T12:35:52","slug":"geschichte-rollsport","status":"publish","type":"page","link":"https:\/\/hsb1846.de\/en\/home\/abteilungen\/rollsport\/geschichte-rollsport\/","title":{"rendered":"Geschichte Rollsport"},"content":{"rendered":"<div style=\"height:50px\" aria-hidden=\"true\" class=\"wp-block-spacer\"><\/div>\n\n\n\n<h2 class=\"wp-block-heading\">hsb &#8211; Rollsportgeschiche<\/h2>\n\n\n\n<div style=\"height:50px\" aria-hidden=\"true\" class=\"wp-block-spacer\"><\/div>\n\n\n\n<div class=\"wp-block-columns alignfull has-background is-layout-flex wp-container-core-columns-is-layout-9d6595d7 wp-block-columns-is-layout-flex\" style=\"background-color:#f6f6f6\">\n<div class=\"wp-block-column is-layout-flow wp-block-column-is-layout-flow\" style=\"flex-basis:50%\">\n<div class=\"wp-block-cover\" style=\"min-height:600px;aspect-ratio:unset;\"><span aria-hidden=\"true\" class=\"wp-block-cover__background has-background-dim-100 has-background-dim\" style=\"background-color:#02147e\"><\/span><div class=\"wp-block-cover__inner-container is-layout-flow wp-block-cover-is-layout-flow\"><div class=\"wp-block-image\">\n<figure class=\"aligncenter size-full\"><img loading=\"lazy\" decoding=\"async\" width=\"1005\" height=\"1026\" src=\"https:\/\/2022.hsb1846.de\/wp-content\/uploads\/2022\/07\/133729887_2152289414901788_2911563670970332063_n_1.jpg\" alt=\"\" class=\"wp-image-6905\" srcset=\"https:\/\/hsb1846.de\/wp-content\/uploads\/2022\/07\/133729887_2152289414901788_2911563670970332063_n_1.jpg 1005w, https:\/\/hsb1846.de\/wp-content\/uploads\/2022\/07\/133729887_2152289414901788_2911563670970332063_n_1-294x300.jpg 294w, https:\/\/hsb1846.de\/wp-content\/uploads\/2022\/07\/133729887_2152289414901788_2911563670970332063_n_1-768x784.jpg 768w\" sizes=\"auto, (max-width: 1005px) 100vw, 1005px\" \/><figcaption>Amy Kess, (jetzt erfolgreiche Meisterschaftsl\u00e4uferin)<\/figcaption><\/figure>\n<\/div><\/div><\/div>\n<\/div>\n\n\n\n<div class=\"wp-block-column is-vertically-aligned-center is-layout-flow wp-block-column-is-layout-flow\" style=\"padding-top:1em;padding-right:1em;padding-bottom:1em;padding-left:1em\">\n<div class=\"wp-block-columns is-layout-flex wp-container-core-columns-is-layout-9d6595d7 wp-block-columns-is-layout-flex\">\n<div class=\"wp-block-column has-background is-layout-flow wp-block-column-is-layout-flow\" style=\"background-color:#f6f6f6;flex-basis:320px\">\n<p style=\"font-size:16px;line-height:1.6\">Hallo Rollsport-Freunde,<br><\/p>\n\n\n\n<p style=\"font-size:16px\">hier eine kurze Vorstellung unserer Abteilung.<br><\/p>\n\n\n\n<p style=\"font-size:16px\">Gegr\u00fcndet wurden wir 1974 durch Heinz Schmidt, der leider im Juni 2001 im Alter von 80 Jahren verstorben ist.<br><\/p>\n\n\n\n<p style=\"font-size:16px\">Neben dem klassischen Rollkunstlauf hat sich die Rollsportabteilung durch die Roller Skating Company bereits weit \u00fcber die Bundesrepublik hinaus einen Namen gemacht.<br><\/p>\n\n\n\n<p style=\"font-size:16px\">Neben dem Wettkampfsport haben wir uns nat\u00fcrlich auch den Spass am Rollschuhlaufen ganz gross auf die Fahne geschrieben. <br><br>Dazu steht allen ein motiviertes Trainerteam mit langj\u00e4hriger Rollsporterfahrung zur Verf\u00fcgung.<\/p>\n\n\n\n<p class=\"has-small-font-size\" style=\"line-height:1.6\"><br><\/p>\n<\/div>\n<\/div>\n<\/div>\n<\/div>\n\n\n\n<div style=\"height:50px\" aria-hidden=\"true\" class=\"wp-block-spacer\"><\/div>\n\n\n\n<div class=\"wp-block-media-text alignfull has-media-on-the-right is-stacked-on-mobile is-vertically-aligned-center has-background\" style=\"background-color:#f6f6f6\"><figure class=\"wp-block-media-text__media\"><img loading=\"lazy\" decoding=\"async\" width=\"994\" height=\"722\" src=\"https:\/\/2022.hsb1846.de\/wp-content\/uploads\/2022\/07\/134115373_2892235694436393_4511854144519840919_n.jpg\" alt=\"\" class=\"wp-image-6927 size-full\" srcset=\"https:\/\/hsb1846.de\/wp-content\/uploads\/2022\/07\/134115373_2892235694436393_4511854144519840919_n.jpg 994w, https:\/\/hsb1846.de\/wp-content\/uploads\/2022\/07\/134115373_2892235694436393_4511854144519840919_n-300x218.jpg 300w, https:\/\/hsb1846.de\/wp-content\/uploads\/2022\/07\/134115373_2892235694436393_4511854144519840919_n-768x558.jpg 768w\" sizes=\"auto, (max-width: 994px) 100vw, 994px\" \/><\/figure><div class=\"wp-block-media-text__content\">\n<p class=\"has-text-align-center\" style=\"font-size:16px\">Wenn Du Lust hast mal auf Rollschuhen unter der Anleitung erfahrener Trainer diesen au\u00dfer gew\u00f6hnlichen Sport zu probieren, dann schreibe einfach eine Mail an uns und wir organisieren, dass Rollschuhe f\u00fcr Dich bereit stehen.<\/p>\n<\/div><\/div>\n\n\n\n<div style=\"height:50px\" aria-hidden=\"true\" class=\"wp-block-spacer\"><\/div>","protected":false},"excerpt":{"rendered":"<p>hsb &#8211; Rollsportgeschiche Hallo Rollsport-Freunde, hier eine kurze Vorstellung unserer Abteilung. Gegr\u00fcndet wurden wir 1974 durch Heinz Schmidt, der leider im Juni 2001 im Alter von 80 Jahren verstorben ist. Neben dem klassischen Rollkunstlauf hat sich die Rollsportabteilung durch die Roller Skating Company bereits weit \u00fcber die Bundesrepublik hinaus einen Namen gemacht. Neben dem Wettkampfsport [&hellip;]<\/p>\n","protected":false},"author":1,"featured_media":6928,"parent":4415,"menu_order":12,"comment_status":"closed","ping_status":"closed","template":"","meta":{"footnotes":""},"class_list":["post-6879","page","type-page","status-publish","has-post-thumbnail","hentry"],"aioseo_notices":[],"_links":{"self":[{"href":"https:\/\/hsb1846.de\/en\/wp-json\/wp\/v2\/pages\/6879","targetHints":{"allow":["GET"]}}],"collection":[{"href":"https:\/\/hsb1846.de\/en\/wp-json\/wp\/v2\/pages"}],"about":[{"href":"https:\/\/hsb1846.de\/en\/wp-json\/wp\/v2\/types\/page"}],"author":[{"embeddable":true,"href":"https:\/\/hsb1846.de\/en\/wp-json\/wp\/v2\/users\/1"}],"replies":[{"embeddable":true,"href":"https:\/\/hsb1846.de\/en\/wp-json\/wp\/v2\/comments?post=6879"}],"version-history":[{"count":3,"href":"https:\/\/hsb1846.de\/en\/wp-json\/wp\/v2\/pages\/6879\/revisions"}],"predecessor-version":[{"id":6942,"href":"https:\/\/hsb1846.de\/en\/wp-json\/wp\/v2\/pages\/6879\/revisions\/6942"}],"up":[{"embeddable":true,"href":"https:\/\/hsb1846.de\/en\/wp-json\/wp\/v2\/pages\/4415"}],"wp:featuredmedia":[{"embeddable":true,"href":"https:\/\/hsb1846.de\/en\/wp-json\/wp\/v2\/media\/6928"}],"wp:attachment":[{"href":"https:\/\/hsb1846.de\/en\/wp-json\/wp\/v2\/media?parent=6879"}],"curies":[{"name":"wp","href":"https:\/\/api.w.org\/{rel}","templated":true}]}}