{"id":6883,"date":"2022-07-08T11:49:45","date_gmt":"2022-07-08T09:49:45","guid":{"rendered":"https:\/\/2022.hsb1846.de\/?page_id=6883"},"modified":"2026-04-07T13:49:35","modified_gmt":"2026-04-07T11:49:35","slug":"team-rollsport","status":"publish","type":"page","link":"https:\/\/hsb1846.de\/en\/home\/abteilungen\/rollsport\/team-rollsport\/","title":{"rendered":"Team Rollsport"},"content":{"rendered":"<figure class=\"wp-block-image size-large\"><img loading=\"lazy\" decoding=\"async\" width=\"800\" height=\"600\" src=\"https:\/\/hsb1846.de\/wp-content\/uploads\/2025\/03\/alle-edited.jpg\" alt=\"\" class=\"wp-image-16942\" srcset=\"https:\/\/hsb1846.de\/wp-content\/uploads\/2025\/03\/alle-edited.jpg 800w, https:\/\/hsb1846.de\/wp-content\/uploads\/2025\/03\/alle-edited-300x225.jpg 300w, https:\/\/hsb1846.de\/wp-content\/uploads\/2025\/03\/alle-edited-768x576.jpg 768w, https:\/\/hsb1846.de\/wp-content\/uploads\/2025\/03\/alle-edited-16x12.jpg 16w\" sizes=\"auto, (max-width: 800px) 100vw, 800px\" \/><\/figure>\n\n\n\n<p>Jutta Janschek- \u00dcbungsleiterin Minis, Stephanie Hein- Stellvertreterin Abteilungsleitung &amp; Trainerin Meisterschaft L\u00e4ufer, Alfred Hein- Abteilungsleiter &amp; Trainer Meisterschaft L\u00e4ufer, Peggy Nemec- \u00dcbungsleiterin Minis (von links nach rechts)<\/p>\n\n\n\n<p><\/p>\n\n\n\n<div class=\"wp-block-columns is-layout-flex wp-container-core-columns-is-layout-9d6595d7 wp-block-columns-is-layout-flex\">\n<div class=\"wp-block-column is-layout-flow wp-block-column-is-layout-flow\">\n<div class=\"wp-block-cover is-light\" style=\"min-height:165px;aspect-ratio:unset;\"><span aria-hidden=\"true\" class=\"wp-block-cover__background has-background-dim-100 has-background-dim\" style=\"background-color:#f6f6f6\"><\/span><div class=\"wp-block-cover__inner-container is-layout-flow wp-block-cover-is-layout-flow\">\n<h1 class=\"wp-block-heading has-black-color has-text-color has-link-color wp-elements-c3eb1ef284c3f265bb4e8917a3cf6f13\" style=\"font-size:25px;font-style:normal;font-weight:100\">Alfred Hein<\/h1>\n\n\n\n<div style=\"height:25px\" aria-hidden=\"true\" class=\"wp-block-spacer\"><\/div>\n\n\n\n<p class=\"has-text-align-center\">\u00dcbungsleiter-Meisterschaftsl\u00e4ufer<\/p>\n\n\n\n<p class=\"has-text-align-center\">Abteilungsleitung<\/p>\n<\/div><\/div>\n<\/div>\n\n\n\n<div class=\"wp-block-column has-background is-layout-flow wp-block-column-is-layout-flow\" style=\"background-color:#f6f6f6\">\n<div class=\"wp-block-cover is-light\" style=\"min-height:163px;aspect-ratio:unset;\"><span aria-hidden=\"true\" class=\"wp-block-cover__background has-background-dim-100 has-background-dim\" style=\"background-color:#f6f6f6\"><\/span><div class=\"wp-block-cover__inner-container is-layout-flow wp-block-cover-is-layout-flow\">\n<h1 class=\"wp-block-heading has-black-color has-text-color has-link-color wp-elements-808d8a7439a8708fe6d61a3ad5385268\" style=\"font-size:25px;font-style:normal;font-weight:100\">Stephanie Hein<\/h1>\n\n\n\n<div style=\"height:25px\" aria-hidden=\"true\" class=\"wp-block-spacer\"><\/div>\n\n\n\n<p class=\"has-text-align-center\">\u00dcbungsleiterin-Meisterschaftsl\u00e4ufer<\/p>\n\n\n\n<p class=\"has-text-align-center\">Stellv. Abteilungsleitung<\/p>\n\n\n\n<p class=\"has-text-align-center\">Mobil: 0176 638 097 39<\/p>\n\n\n\n<p class=\"has-text-align-center\">E-Mail: stephanie.hein@hsb1846.de<\/p>\n<\/div><\/div>\n<\/div>\n<\/div>\n\n\n\n<div class=\"wp-block-columns is-layout-flex wp-container-core-columns-is-layout-9d6595d7 wp-block-columns-is-layout-flex\">\n<div class=\"wp-block-column is-layout-flow wp-block-column-is-layout-flow\">\n<div class=\"wp-block-cover is-light\" style=\"min-height:153px;aspect-ratio:unset;\"><span aria-hidden=\"true\" class=\"wp-block-cover__background has-background-dim-100 has-background-dim\" style=\"background-color:#f6f6f6\"><\/span><div class=\"wp-block-cover__inner-container is-layout-flow wp-block-cover-is-layout-flow\">\n<p><\/p>\n\n\n\n<h2 class=\"wp-block-heading has-black-color has-text-color has-link-color wp-elements-133f5c49de3f11dd55fad2b93a0c8ccb\" style=\"font-size:25px;font-style:normal;font-weight:100\">Peggy Nemec<\/h2>\n\n\n\n<p><\/p>\n\n\n\n<div style=\"height:25px\" aria-hidden=\"true\" class=\"wp-block-spacer\"><\/div>\n\n\n\n<p class=\"has-text-align-center\">\u00dcbungsleiterin-Anf\u00e4nger<\/p>\n\n\n\n<p class=\"has-text-align-center\"><\/p>\n\n\n\n<p><\/p>\n<\/div><\/div>\n<\/div>\n\n\n\n<div class=\"wp-block-column has-background is-layout-flow wp-block-column-is-layout-flow\" style=\"background-color:#f6f6f6\">\n<div class=\"wp-block-cover is-light\" style=\"min-height:139px;aspect-ratio:unset;\"><span aria-hidden=\"true\" class=\"wp-block-cover__background has-background-dim-100 has-background-dim\" style=\"background-color:#f6f6f6\"><\/span><div class=\"wp-block-cover__inner-container is-layout-flow wp-block-cover-is-layout-flow\">\n<h2 class=\"wp-block-heading has-black-color has-text-color has-link-color wp-elements-053b68e0a12af3f90e640ca249844d64\" style=\"font-size:25px;font-style:normal;font-weight:100\">Amy Kess<\/h2>\n\n\n\n<div style=\"height:25px\" aria-hidden=\"true\" class=\"wp-block-spacer\"><\/div>\n\n\n\n<p class=\"has-text-align-center\">\u00dcbungsleiterin-Anf\u00e4nger<\/p>\n<\/div><\/div>\n<\/div>\n<\/div>\n\n\n\n<p><\/p>","protected":false},"excerpt":{"rendered":"<p>Jutta Janschek- \u00dcbungsleiterin Minis, Stephanie Hein- Stellvertreterin Abteilungsleitung &amp; Trainerin Meisterschaft L\u00e4ufer, Alfred Hein- Abteilungsleiter &amp; Trainer Meisterschaft L\u00e4ufer, Peggy Nemec- \u00dcbungsleiterin Minis (von links nach rechts)<\/p>","protected":false},"author":1,"featured_media":0,"parent":4415,"menu_order":17,"comment_status":"closed","ping_status":"closed","template":"","meta":{"footnotes":""},"class_list":["post-6883","page","type-page","status-publish","hentry"],"aioseo_notices":[],"_links":{"self":[{"href":"https:\/\/hsb1846.de\/en\/wp-json\/wp\/v2\/pages\/6883","targetHints":{"allow":["GET"]}}],"collection":[{"href":"https:\/\/hsb1846.de\/en\/wp-json\/wp\/v2\/pages"}],"about":[{"href":"https:\/\/hsb1846.de\/en\/wp-json\/wp\/v2\/types\/page"}],"author":[{"embeddable":true,"href":"https:\/\/hsb1846.de\/en\/wp-json\/wp\/v2\/users\/1"}],"replies":[{"embeddable":true,"href":"https:\/\/hsb1846.de\/en\/wp-json\/wp\/v2\/comments?post=6883"}],"version-history":[{"count":14,"href":"https:\/\/hsb1846.de\/en\/wp-json\/wp\/v2\/pages\/6883\/revisions"}],"predecessor-version":[{"id":20026,"href":"https:\/\/hsb1846.de\/en\/wp-json\/wp\/v2\/pages\/6883\/revisions\/20026"}],"up":[{"embeddable":true,"href":"https:\/\/hsb1846.de\/en\/wp-json\/wp\/v2\/pages\/4415"}],"wp:attachment":[{"href":"https:\/\/hsb1846.de\/en\/wp-json\/wp\/v2\/media?parent=6883"}],"curies":[{"name":"wp","href":"https:\/\/api.w.org\/{rel}","templated":true}]}}