{"id":7013,"date":"2022-07-14T14:21:16","date_gmt":"2022-07-14T12:21:16","guid":{"rendered":"https:\/\/2022.hsb1846.de\/?page_id=7013"},"modified":"2026-03-13T09:24:30","modified_gmt":"2026-03-13T08:24:30","slug":"schwimmkurse","status":"publish","type":"page","link":"https:\/\/hsb1846.de\/en\/home\/abteilungen\/schwimmen\/schwimmkurse\/","title":{"rendered":"Schwimmkurse"},"content":{"rendered":"<p><\/p>\n\n\n\n<p style=\"font-size:18px\"><strong>F\u00fcr alle unsere Schwimmkurse gilt ein Mindestalter von 5 Jahren.<\/strong><\/p>\n\n\n\n<p><\/p>\n\n\n\n<p class=\"has-text-color has-link-color wp-elements-abbd73d6b396b57c76057bf9c3e56337\" style=\"color:#ff0000\">Bitte \u00fcberpr\u00fcfen Sie vor Kursanmeldung ob ihr Kind im Nichtschwimmerbereich der Aquarena stehen kann.<\/p>\n\n\n\n<p><\/p>\n\n\n\n<p class=\"has-black-color has-text-color has-link-color wp-elements-59d07dca4fe378bbd29f5d966aa4ea3f\">Bevor Ihr Kind zur ersten Schwimmstunde kommt, sollte es das \u201egro\u00dfe Wasser\u201c des Schwimmbeckens bereits einmal erlebt haben; ein gemeinsamer Besuch im HellensteinBad aquarena, in dem auch unsere Kurse stattfinden, hilft dabei, Sicherheit aufzubauen und Vorfreude zu wecken, weil Ihr Kind die Umgebung schon kennt und sich dort schneller wohlf\u00fchlt.<\/p>\n\n\n\n<p><\/p>\n\n\n\n<p>Die ersten Schwimmstunden sind etwas ganz Besonderes. Bereiten Sie Ihr Kind deshalb liebevoll darauf vor, machen Sie ihm Mut und begleiten Sie es mit Geduld \u2013 jedes Kind lernt in seinem eigenen Tempo.&nbsp;<\/p>\n\n\n\n<p><\/p>\n\n\n\n<p>Um eine ruhige Lernatmosph\u00e4re zu schaffen, bitten wir Sie, nicht in den Unterricht einzugreifen oder ihr Kind vom Beckenrand aus abzulenken. Ihr Kind ist bei unserem \u00dcbungsleiterteam in guten H\u00e4nden.\u00a0<br><\/p>\n\n\n\n<p>Ob und in welcher Form Erziehungsberechtigte beim Kurs dabei sein d\u00fcrfen, ist in unserer Elterninfo beschrieben bzw. kann vorab beim Ausbilder erfragt werden.<\/p>\n\n\n\n<p><\/p>\n\n\n\n<p>Aus Gr\u00fcnden des Datenschutzes sind Foto\u2011 und Videoaufnahmen w\u00e4hrend des Schwimmkurses untersagt.<\/p>\n\n\n\n<p>Bitte bedenken Sie auch, dass das Seepferdchen meist nicht nach wenigen Stunden erreicht wird \u2013 jeder Lernweg ist individuell, und Fortschritte brauchen Zeit.<\/p>\n\n\n\n<p><\/p>\n\n\n\n<p>Auch f\u00fcr den \u00dcbergang vom Anf\u00e4ngerschwimmen ins Bahnentraining finden Sie eine \u00dcbersicht \u00fcber Voraussetzungen und organisatorische Abl\u00e4ufe.&nbsp;<\/p>\n\n\n\n<p><\/p>\n\n\n\n<p>Bitte beachten Sie au\u00dferdem unsere&nbsp;<strong>Allgemeinen Gesch\u00e4ftsbedingungen (AGB)<\/strong>. Sie enthalten wichtige Regelungen zu Kursanmeldung, Sicherheit, Zahlung,<strong>&nbsp;<\/strong>R\u00fccktritt, Stornierung.<\/p>\n\n\n\n<p><\/p>\n\n\n\n<p class=\"has-text-align-center\"><\/p>\n\n\n\n<div class=\"wp-block-columns is-layout-flex wp-container-core-columns-is-layout-9d6595d7 wp-block-columns-is-layout-flex\">\n<div class=\"wp-block-column is-layout-flow wp-block-column-is-layout-flow\">\n<p class=\"has-text-align-center has-medium-font-size\"><a href=\"https:\/\/hsb1846.de\/wp-content\/uploads\/2026\/03\/2026-03-hsb-Schwimmkurs-Info-fuer-alle-Eltern38.pdf\" target=\"_blank\" rel=\"noopener\" title=\"\">Info f\u00fcr alle Eltern<\/a><\/p>\n<\/div>\n\n\n\n<div class=\"wp-block-column is-layout-flow wp-block-column-is-layout-flow\">\n<p class=\"has-text-align-center has-medium-font-size\"><a href=\"https:\/\/hsb1846.de\/wp-content\/uploads\/2026\/03\/2026-03-Info-zu-den-Anfaenger-Fortgeschrittenenschwimmkursen-ohne-Seepferdchen4.pdf\" target=\"_blank\" rel=\"noopener\" title=\"\">Info zu den Anf\u00e4nger-\/ Fortgeschrittenenschwimmkursen<\/a><\/p>\n<\/div>\n<\/div>\n\n\n\n<p><\/p>\n\n\n\n<div class=\"wp-block-columns is-layout-flex wp-container-core-columns-is-layout-9d6595d7 wp-block-columns-is-layout-flex\">\n<div class=\"wp-block-column is-layout-flow wp-block-column-is-layout-flow\"><\/div>\n\n\n\n<div class=\"wp-block-column is-layout-flow wp-block-column-is-layout-flow\"><\/div>\n<\/div>\n\n\n\n<p><\/p>\n\n\n\n<p class=\"has-text-align-center has-medium-font-size\"><a href=\"https:\/\/hsb1846.de\/wp-content\/uploads\/2026\/03\/2026_AGBs-002.pdf\" target=\"_blank\" rel=\"noopener\" title=\"\">AGB&#8217;s<\/a><\/p>\n\n\n\n<p><\/p>\n\n\n\n<p class=\"has-text-align-center has-medium-font-size\"><a href=\"https:\/\/hsb1846.de\/wp-content\/uploads\/2026\/03\/2025_HSB_Schwimmen-Kursteilnehmer-Info_Art13DSGVO-E.pdf\" target=\"_blank\" rel=\"noopener\" title=\"\">Informationen nach Art. 13 DSGVO<\/a><\/p>\n\n\n\n<p><\/p>\n\n\n\n<p><\/p>\n\n\n\n<p><\/p>\n\n\n\n<iframe id=\"637b87f43de0be2ad1b5bdc6\" width=\"100%\" height=\"150\" class=\"yolawo-widget\" allow=\"payment\" src=\"https:\/\/widgets.yolawo.de\/w\/637b87f43de0be2ad1b5bdc6\" frameborder=\"0\" data-offset-x=\"50\" scrolling=\"no\"><\/iframe><script type=\"text\/javascript\" src=https:\/\/widgets.yolawo.de\/assets\/script.js><\/script>","protected":false},"excerpt":{"rendered":"<p>F\u00fcr alle unsere Schwimmkurse gilt ein Mindestalter von 5 Jahren. Bitte \u00fcberpr\u00fcfen Sie vor Kursanmeldung ob ihr Kind im Nichtschwimmerbereich der Aquarena stehen kann. Bevor Ihr Kind zur ersten Schwimmstunde kommt, sollte es das \u201egro\u00dfe Wasser\u201c des Schwimmbeckens bereits einmal erlebt haben; ein gemeinsamer Besuch im HellensteinBad aquarena, in dem auch unsere Kurse stattfinden, hilft [&hellip;]<\/p>\n","protected":false},"author":1,"featured_media":0,"parent":4421,"menu_order":17,"comment_status":"closed","ping_status":"closed","template":"","meta":{"footnotes":""},"class_list":["post-7013","page","type-page","status-publish","hentry"],"aioseo_notices":[],"_links":{"self":[{"href":"https:\/\/hsb1846.de\/en\/wp-json\/wp\/v2\/pages\/7013","targetHints":{"allow":["GET"]}}],"collection":[{"href":"https:\/\/hsb1846.de\/en\/wp-json\/wp\/v2\/pages"}],"about":[{"href":"https:\/\/hsb1846.de\/en\/wp-json\/wp\/v2\/types\/page"}],"author":[{"embeddable":true,"href":"https:\/\/hsb1846.de\/en\/wp-json\/wp\/v2\/users\/1"}],"replies":[{"embeddable":true,"href":"https:\/\/hsb1846.de\/en\/wp-json\/wp\/v2\/comments?post=7013"}],"version-history":[{"count":14,"href":"https:\/\/hsb1846.de\/en\/wp-json\/wp\/v2\/pages\/7013\/revisions"}],"predecessor-version":[{"id":19625,"href":"https:\/\/hsb1846.de\/en\/wp-json\/wp\/v2\/pages\/7013\/revisions\/19625"}],"up":[{"embeddable":true,"href":"https:\/\/hsb1846.de\/en\/wp-json\/wp\/v2\/pages\/4421"}],"wp:attachment":[{"href":"https:\/\/hsb1846.de\/en\/wp-json\/wp\/v2\/media?parent=7013"}],"curies":[{"name":"wp","href":"https:\/\/api.w.org\/{rel}","templated":true}]}}