{"id":7181,"date":"2022-07-22T13:34:03","date_gmt":"2022-07-22T11:34:03","guid":{"rendered":"https:\/\/2022.hsb1846.de\/?page_id=7181"},"modified":"2023-10-08T17:27:32","modified_gmt":"2023-10-08T15:27:32","slug":"faszination-tennis","status":"publish","type":"page","link":"https:\/\/hsb1846.de\/en\/home\/abteilungen\/tennis\/faszination-tennis\/","title":{"rendered":"Faszination Tennis"},"content":{"rendered":"<div style=\"height:30px\" aria-hidden=\"true\" class=\"wp-block-spacer\"><\/div>\n\n\n\n<h1 class=\"wp-block-heading has-text-align-left\">Tennis &#8211; der wei\u00dfe Sport ganz bunt<\/h1>\n\n\n\n<div style=\"height:30px\" aria-hidden=\"true\" class=\"wp-block-spacer\"><\/div>\n\n\n<div class=\"wp-block-image\">\n<figure class=\"alignleft size-large is-resized\"><img loading=\"lazy\" decoding=\"async\" src=\"https:\/\/hsb1846.de\/wp-content\/uploads\/2023\/10\/tennis-gee671b860_1920-edited.jpg\" alt=\"\" class=\"wp-image-13038\" style=\"width:601px;height:338px\" width=\"601\" height=\"338\" srcset=\"https:\/\/hsb1846.de\/wp-content\/uploads\/2023\/10\/tennis-gee671b860_1920-edited.jpg 1920w, https:\/\/hsb1846.de\/wp-content\/uploads\/2023\/10\/tennis-gee671b860_1920-edited-300x169.jpg 300w, https:\/\/hsb1846.de\/wp-content\/uploads\/2023\/10\/tennis-gee671b860_1920-edited-768x432.jpg 768w, https:\/\/hsb1846.de\/wp-content\/uploads\/2023\/10\/tennis-gee671b860_1920-edited-1536x864.jpg 1536w, https:\/\/hsb1846.de\/wp-content\/uploads\/2023\/10\/tennis-gee671b860_1920-edited-18x10.jpg 18w\" sizes=\"auto, (max-width: 601px) 100vw, 601px\" \/><\/figure>\n<\/div>\n\n\n<div style=\"height:31px\" aria-hidden=\"true\" class=\"wp-block-spacer\"><\/div>\n\n\n\n<p class=\"has-background\" style=\"background-color:#f6f6f6;font-size:16px\">Der Sport Tennis hat in den letzten Jahren einiges an Stellenwert in Deutschland verloren. Daf\u00fcr verantwortlich ist vor allem das Fehlen von Tennis Vorbildern wie Boris Becker oder Steffi Graf und die dadurch fehlenden Erfolge bei den gro\u00dfen Tennis Turnieren. Trotzdem hat sich an der Faszination Tennis nichts ge\u00e4ndert. Die Jagt nach der gelben Filzkugel, auf roter Asche, der Kampf mit dem eigenen Tennisschl\u00e4ger und Tennistechnik, lassen so manchen Adrenalinsto\u00df frei werden.<br><br>Im Gegensatz zu anderen \u00e4hnlichen Sportarten wie meinetwegen Tischtennis, ist Tennis grunds\u00e4tzlich eine outdoor Sportart. Man hat so nicht nur den Kampf mit dem eigenen Tennisschl\u00e4ger, dem Tennisball und mit dem Gegner sondern muss sich auch noch auf Witterungseinfl\u00fcsse und Platzverh\u00e4ltnisse einstellen. Tennis bietet eigentlich alle Varianten die bei einem Sport wichtig sind, man trainiert Ausdauer und Fitness, die Tennistechnik und das Ballgef\u00fchl. Obwohl man beim Tennis keinen direkten Kontakt mit dem Gegner hat, ist eine Menge Psychologie im Spiel.<br><br>Wer&#8217;s mal probiert und einen Schl\u00e4ger in die Hand nimmt, erleidet oft dasselbe Schicksal wie Tennisb\u00e4lle: Fr\u00fcher oder sp\u00e4ter gehen sie ins Netz, und fr\u00fcher oder sp\u00e4ter sind auch Anf\u00e4nger und Neulinge dieser faszinierenden Sportart erlegen.<\/p>\n\n\n\n<div style=\"height:30px\" aria-hidden=\"true\" class=\"wp-block-spacer\"><\/div>\n\n\n\n<p class=\"has-text-align-center has-white-color has-text-color has-background\" style=\"background-color:#02147e;font-size:25px;font-style:normal;font-weight:100\">&nbsp;Ein sich empfehlender Tatort:<\/p>\n\n\n\n<div style=\"height:25px\" aria-hidden=\"true\" class=\"wp-block-spacer\"><\/div>\n\n\n\n<table id=\"tablepress-11\" class=\"tablepress tablepress-id-11\">\n<tbody class=\"row-striping row-hover\">\n<tr class=\"row-1\">\n\t<td class=\"column-1\">Im Sommer:<\/td><td class=\"column-2\">die Raubuchhalle der hsb-Tennisabteilung<\/td>\n<\/tr>\n<tr class=\"row-2\">\n\t<td class=\"column-1\">Im Winter:<\/td><td class=\"column-2\">Tennishalle am Sparkassen-Sportpark<\/td>\n<\/tr>\n<\/tbody>\n<\/table>\n<!-- #tablepress-11 from cache -->\n\n\n\n<p class=\"has-background\" style=\"background-color:#02147e\"><\/p>\n\n\n\n<div style=\"height:30px\" aria-hidden=\"true\" class=\"wp-block-spacer\"><\/div>","protected":false},"excerpt":{"rendered":"<p>Tennis &#8211; der wei\u00dfe Sport ganz bunt Der Sport Tennis hat in den letzten Jahren einiges an Stellenwert in Deutschland verloren. Daf\u00fcr verantwortlich ist vor allem das Fehlen von Tennis Vorbildern wie Boris Becker oder Steffi Graf und die dadurch fehlenden Erfolge bei den gro\u00dfen Tennis Turnieren. Trotzdem hat sich an der Faszination Tennis nichts [&hellip;]<\/p>\n","protected":false},"author":1,"featured_media":0,"parent":4425,"menu_order":3,"comment_status":"closed","ping_status":"closed","template":"","meta":{"footnotes":""},"class_list":["post-7181","page","type-page","status-publish","hentry"],"aioseo_notices":[],"_links":{"self":[{"href":"https:\/\/hsb1846.de\/en\/wp-json\/wp\/v2\/pages\/7181","targetHints":{"allow":["GET"]}}],"collection":[{"href":"https:\/\/hsb1846.de\/en\/wp-json\/wp\/v2\/pages"}],"about":[{"href":"https:\/\/hsb1846.de\/en\/wp-json\/wp\/v2\/types\/page"}],"author":[{"embeddable":true,"href":"https:\/\/hsb1846.de\/en\/wp-json\/wp\/v2\/users\/1"}],"replies":[{"embeddable":true,"href":"https:\/\/hsb1846.de\/en\/wp-json\/wp\/v2\/comments?post=7181"}],"version-history":[{"count":10,"href":"https:\/\/hsb1846.de\/en\/wp-json\/wp\/v2\/pages\/7181\/revisions"}],"predecessor-version":[{"id":13042,"href":"https:\/\/hsb1846.de\/en\/wp-json\/wp\/v2\/pages\/7181\/revisions\/13042"}],"up":[{"embeddable":true,"href":"https:\/\/hsb1846.de\/en\/wp-json\/wp\/v2\/pages\/4425"}],"wp:attachment":[{"href":"https:\/\/hsb1846.de\/en\/wp-json\/wp\/v2\/media?parent=7181"}],"curies":[{"name":"wp","href":"https:\/\/api.w.org\/{rel}","templated":true}]}}