{"id":7183,"date":"2022-07-22T13:34:24","date_gmt":"2022-07-22T11:34:24","guid":{"rendered":"https:\/\/2022.hsb1846.de\/?page_id=7183"},"modified":"2026-03-20T20:37:32","modified_gmt":"2026-03-20T19:37:32","slug":"geschichte-tennis","status":"publish","type":"page","link":"https:\/\/hsb1846.de\/en\/home\/abteilungen\/tennis\/geschichte-tennis\/","title":{"rendered":"Geschichte Tennis"},"content":{"rendered":"<div style=\"height:30px\" aria-hidden=\"true\" class=\"wp-block-spacer\"><\/div>\n\n\n\n<figure class=\"wp-block-gallery has-nested-images columns-default is-cropped wp-block-gallery-1 is-layout-flex wp-block-gallery-is-layout-flex\">\n<figure class=\"wp-block-image size-large\"><img loading=\"lazy\" decoding=\"async\" width=\"1440\" height=\"1080\" data-id=\"19653\" src=\"https:\/\/hsb1846.de\/wp-content\/uploads\/2026\/03\/1791f52e-957f-4e2e-9736-3dff8a131da8-1440x1080.jpg\" alt=\"\" class=\"wp-image-19653\" srcset=\"https:\/\/hsb1846.de\/wp-content\/uploads\/2026\/03\/1791f52e-957f-4e2e-9736-3dff8a131da8-1440x1080.jpg 1440w, https:\/\/hsb1846.de\/wp-content\/uploads\/2026\/03\/1791f52e-957f-4e2e-9736-3dff8a131da8-300x225.jpg 300w, https:\/\/hsb1846.de\/wp-content\/uploads\/2026\/03\/1791f52e-957f-4e2e-9736-3dff8a131da8-768x576.jpg 768w, https:\/\/hsb1846.de\/wp-content\/uploads\/2026\/03\/1791f52e-957f-4e2e-9736-3dff8a131da8-1536x1152.jpg 1536w, https:\/\/hsb1846.de\/wp-content\/uploads\/2026\/03\/1791f52e-957f-4e2e-9736-3dff8a131da8-16x12.jpg 16w, https:\/\/hsb1846.de\/wp-content\/uploads\/2026\/03\/1791f52e-957f-4e2e-9736-3dff8a131da8.jpg 2048w\" sizes=\"auto, (max-width: 1440px) 100vw, 1440px\" \/><\/figure>\n\n\n\n<figure class=\"wp-block-image size-large\"><img loading=\"lazy\" decoding=\"async\" width=\"761\" height=\"1080\" data-id=\"19655\" src=\"https:\/\/hsb1846.de\/wp-content\/uploads\/2026\/03\/Scannen-3-761x1080.jpeg\" alt=\"\" class=\"wp-image-19655\" srcset=\"https:\/\/hsb1846.de\/wp-content\/uploads\/2026\/03\/Scannen-3-761x1080.jpeg 761w, https:\/\/hsb1846.de\/wp-content\/uploads\/2026\/03\/Scannen-3-211x300.jpeg 211w, https:\/\/hsb1846.de\/wp-content\/uploads\/2026\/03\/Scannen-3-768x1091.jpeg 768w, https:\/\/hsb1846.de\/wp-content\/uploads\/2026\/03\/Scannen-3-1082x1536.jpeg 1082w, https:\/\/hsb1846.de\/wp-content\/uploads\/2026\/03\/Scannen-3-1442x2048.jpeg 1442w, https:\/\/hsb1846.de\/wp-content\/uploads\/2026\/03\/Scannen-3-8x12.jpeg 8w, https:\/\/hsb1846.de\/wp-content\/uploads\/2026\/03\/Scannen-3.jpeg 1757w\" sizes=\"auto, (max-width: 761px) 100vw, 761px\" \/><\/figure>\n\n\n\n<figure class=\"wp-block-image size-large\"><img loading=\"lazy\" decoding=\"async\" width=\"788\" height=\"1080\" data-id=\"19654\" src=\"https:\/\/hsb1846.de\/wp-content\/uploads\/2026\/03\/Scannen-1-788x1080.jpeg\" alt=\"\" class=\"wp-image-19654\" srcset=\"https:\/\/hsb1846.de\/wp-content\/uploads\/2026\/03\/Scannen-1-788x1080.jpeg 788w, https:\/\/hsb1846.de\/wp-content\/uploads\/2026\/03\/Scannen-1-219x300.jpeg 219w, https:\/\/hsb1846.de\/wp-content\/uploads\/2026\/03\/Scannen-1-768x1052.jpeg 768w, https:\/\/hsb1846.de\/wp-content\/uploads\/2026\/03\/Scannen-1-1121x1536.jpeg 1121w, https:\/\/hsb1846.de\/wp-content\/uploads\/2026\/03\/Scannen-1-1495x2048.jpeg 1495w, https:\/\/hsb1846.de\/wp-content\/uploads\/2026\/03\/Scannen-1-9x12.jpeg 9w, https:\/\/hsb1846.de\/wp-content\/uploads\/2026\/03\/Scannen-1.jpeg 1550w\" sizes=\"auto, (max-width: 788px) 100vw, 788px\" \/><\/figure>\n<\/figure>\n\n\n\n<div style=\"height:30px\" aria-hidden=\"true\" class=\"wp-block-spacer\"><\/div>\n\n\n\n<p class=\"has-text-color has-background\" style=\"color:#02147e;background-color:#f6f6f6;font-size:16px\">Die Geburtsstunde der heute rund 220 Mitglieder z\u00e4hlenden hsb &#8211; Tennisabteilung schlug im Jahre 1975. Noch im gleichen Jahr wurden auf dem Rauhbuch &#8211; und dort sind die Cracks bis heute zuhause &#8211; die ersten vier Bitumenpl\u00e4tze er\u00f6ffnet und eine Flutlichtanlage installiert, in deren unmittelbarer Nachbarschaft nur ein Jahr sp\u00e4ter vier weitere Freipl\u00e4tze Gestalt annahmen.<br><br>Neben dem Sport schuf sich die r\u00fchrige Abteilung auch im Blick auf die bis heute gesch\u00e4tzte Geselligkeit ein Dach \u00fcber dem Kopf. Eine einfache Holzh\u00fctte sah sich in ein gem\u00fctliches &#8222;Chalet&#8220; umgewandelt, und als 1980 die gro\u00dfe Zweifeld-Halle im heutigen hsb &#8211; Sportpark ihrer Bestimmung \u00fcbergeben wurde, war das Gr\u00f6bste geschafft. Fehlte nur noch die Umr\u00fcstung der an die Knochen gehenden Bitumen-Freipl\u00e4tze auf Sand &#8211; eine Ver\u00e4nderung, die schlie\u00dflich im Jahre 1990 vollzogen wurde.<br><br>Das 50 j\u00e4hrige Bestehen der Abteilung fiel mit der &#8211; sportlich gesehen &#8211; wohl besten Saison zusammen, in die 1999 immerhin 14 Mannschaften gestartet waren. Beendet wurde der Turnierspielbetrieb mit f\u00fcnf Aufsteigern (Damen, Damen 40, Junioren A, Junioren B, Knaben) , vier Vizemeistern und keinem Absteiger.<\/p>\n\n\n\n<p><\/p>","protected":false},"excerpt":{"rendered":"<p>Die Geburtsstunde der heute rund 220 Mitglieder z\u00e4hlenden hsb &#8211; Tennisabteilung schlug im Jahre 1975. Noch im gleichen Jahr wurden auf dem Rauhbuch &#8211; und dort sind die Cracks bis heute zuhause &#8211; die ersten vier Bitumenpl\u00e4tze er\u00f6ffnet und eine Flutlichtanlage installiert, in deren unmittelbarer Nachbarschaft nur ein Jahr sp\u00e4ter vier weitere Freipl\u00e4tze Gestalt annahmen. [&hellip;]<\/p>\n","protected":false},"author":1,"featured_media":0,"parent":4425,"menu_order":9,"comment_status":"closed","ping_status":"closed","template":"","meta":{"footnotes":""},"class_list":["post-7183","page","type-page","status-publish","hentry"],"aioseo_notices":[],"_links":{"self":[{"href":"https:\/\/hsb1846.de\/en\/wp-json\/wp\/v2\/pages\/7183","targetHints":{"allow":["GET"]}}],"collection":[{"href":"https:\/\/hsb1846.de\/en\/wp-json\/wp\/v2\/pages"}],"about":[{"href":"https:\/\/hsb1846.de\/en\/wp-json\/wp\/v2\/types\/page"}],"author":[{"embeddable":true,"href":"https:\/\/hsb1846.de\/en\/wp-json\/wp\/v2\/users\/1"}],"replies":[{"embeddable":true,"href":"https:\/\/hsb1846.de\/en\/wp-json\/wp\/v2\/comments?post=7183"}],"version-history":[{"count":5,"href":"https:\/\/hsb1846.de\/en\/wp-json\/wp\/v2\/pages\/7183\/revisions"}],"predecessor-version":[{"id":19656,"href":"https:\/\/hsb1846.de\/en\/wp-json\/wp\/v2\/pages\/7183\/revisions\/19656"}],"up":[{"embeddable":true,"href":"https:\/\/hsb1846.de\/en\/wp-json\/wp\/v2\/pages\/4425"}],"wp:attachment":[{"href":"https:\/\/hsb1846.de\/en\/wp-json\/wp\/v2\/media?parent=7183"}],"curies":[{"name":"wp","href":"https:\/\/api.w.org\/{rel}","templated":true}]}}