{"id":7185,"date":"2022-07-22T13:34:54","date_gmt":"2022-07-22T11:34:54","guid":{"rendered":"https:\/\/2022.hsb1846.de\/?page_id=7185"},"modified":"2022-08-05T10:05:21","modified_gmt":"2022-08-05T08:05:21","slug":"schwerpunkte-tennis","status":"publish","type":"page","link":"https:\/\/hsb1846.de\/en\/home\/abteilungen\/tennis\/schwerpunkte-tennis\/","title":{"rendered":"Schwerpunkte Tennis"},"content":{"rendered":"<div style=\"height:50px\" aria-hidden=\"true\" class=\"wp-block-spacer\"><\/div>\n\n\n\n<h2 class=\"wp-block-heading\">Was bieten wir:<\/h2>\n\n\n\n<div style=\"height:50px\" aria-hidden=\"true\" class=\"wp-block-spacer\"><\/div>\n\n\n\n<p class=\"has-background\" style=\"background-color:#f6f6f6;font-size:16px\">Neben acht Sandpl\u00e4tzen und einer Tennishalle mit zwei Feldern die Gelegenheit, dem reizvollen Spiel mit dem gelben Filzball zu fr\u00f6nen. Dies gilt f\u00fcr alle Altersklassen, f\u00fcr Anf\u00e4nger wie f\u00fcr Fortgeschrittene, f\u00fcr Freizeitsportler, Hobby- und auch Mannschaftsspieler. <br><br>Ihnen allen steht ein ebenso kompetentes wie freundliches Team von Trainern und \u00dcbungsleitern zur Verf\u00fcgung, die Neulingen auch ein Einf\u00fchrungstraining erm\u00f6glichen. <br><br>Hinzu kommen attraktive Schnupperm\u00f6glichkeiten f\u00fcr interessierte Einsteiger &#8211; unverbindlich, kostenlos und locker kann hier ausprobiert werden, ob man \u00fcber die Testphase hinaus am Ball bleiben will.<\/p>\n\n\n\n<div style=\"height:50px\" aria-hidden=\"true\" class=\"wp-block-spacer\"><\/div>","protected":false},"excerpt":{"rendered":"<p>Was bieten wir: Neben acht Sandpl\u00e4tzen und einer Tennishalle mit zwei Feldern die Gelegenheit, dem reizvollen Spiel mit dem gelben Filzball zu fr\u00f6nen. Dies gilt f\u00fcr alle Altersklassen, f\u00fcr Anf\u00e4nger wie f\u00fcr Fortgeschrittene, f\u00fcr Freizeitsportler, Hobby- und auch Mannschaftsspieler. Ihnen allen steht ein ebenso kompetentes wie freundliches Team von Trainern und \u00dcbungsleitern zur Verf\u00fcgung, die [&hellip;]<\/p>\n","protected":false},"author":1,"featured_media":7230,"parent":4425,"menu_order":14,"comment_status":"closed","ping_status":"closed","template":"","meta":{"footnotes":""},"class_list":["post-7185","page","type-page","status-publish","has-post-thumbnail","hentry"],"aioseo_notices":[],"_links":{"self":[{"href":"https:\/\/hsb1846.de\/en\/wp-json\/wp\/v2\/pages\/7185","targetHints":{"allow":["GET"]}}],"collection":[{"href":"https:\/\/hsb1846.de\/en\/wp-json\/wp\/v2\/pages"}],"about":[{"href":"https:\/\/hsb1846.de\/en\/wp-json\/wp\/v2\/types\/page"}],"author":[{"embeddable":true,"href":"https:\/\/hsb1846.de\/en\/wp-json\/wp\/v2\/users\/1"}],"replies":[{"embeddable":true,"href":"https:\/\/hsb1846.de\/en\/wp-json\/wp\/v2\/comments?post=7185"}],"version-history":[{"count":2,"href":"https:\/\/hsb1846.de\/en\/wp-json\/wp\/v2\/pages\/7185\/revisions"}],"predecessor-version":[{"id":7618,"href":"https:\/\/hsb1846.de\/en\/wp-json\/wp\/v2\/pages\/7185\/revisions\/7618"}],"up":[{"embeddable":true,"href":"https:\/\/hsb1846.de\/en\/wp-json\/wp\/v2\/pages\/4425"}],"wp:featuredmedia":[{"embeddable":true,"href":"https:\/\/hsb1846.de\/en\/wp-json\/wp\/v2\/media\/7230"}],"wp:attachment":[{"href":"https:\/\/hsb1846.de\/en\/wp-json\/wp\/v2\/media?parent=7185"}],"curies":[{"name":"wp","href":"https:\/\/api.w.org\/{rel}","templated":true}]}}