{"id":7189,"date":"2022-07-22T13:35:46","date_gmt":"2022-07-22T11:35:46","guid":{"rendered":"https:\/\/2022.hsb1846.de\/?page_id=7189"},"modified":"2026-01-03T17:29:45","modified_gmt":"2026-01-03T16:29:45","slug":"trainerteam-tennis","status":"publish","type":"page","link":"https:\/\/hsb1846.de\/en\/home\/abteilungen\/tennis\/trainerteam-tennis\/","title":{"rendered":"Trainerteam Tennis"},"content":{"rendered":"<div style=\"height:30px\" aria-hidden=\"true\" class=\"wp-block-spacer\"><\/div>\n\n\n\n<figure class=\"wp-block-image size-large\"><img loading=\"lazy\" decoding=\"async\" width=\"1687\" height=\"1080\" src=\"https:\/\/hsb1846.de\/wp-content\/uploads\/2025\/09\/1b9f082c-290b-4583-9075-0d4c939ad62c-1687x1080.jpg\" alt=\"\" class=\"wp-image-18136\" srcset=\"https:\/\/hsb1846.de\/wp-content\/uploads\/2025\/09\/1b9f082c-290b-4583-9075-0d4c939ad62c-1687x1080.jpg 1687w, https:\/\/hsb1846.de\/wp-content\/uploads\/2025\/09\/1b9f082c-290b-4583-9075-0d4c939ad62c-300x192.jpg 300w, https:\/\/hsb1846.de\/wp-content\/uploads\/2025\/09\/1b9f082c-290b-4583-9075-0d4c939ad62c-768x492.jpg 768w, https:\/\/hsb1846.de\/wp-content\/uploads\/2025\/09\/1b9f082c-290b-4583-9075-0d4c939ad62c-1536x983.jpg 1536w, https:\/\/hsb1846.de\/wp-content\/uploads\/2025\/09\/1b9f082c-290b-4583-9075-0d4c939ad62c-2048x1311.jpg 2048w, https:\/\/hsb1846.de\/wp-content\/uploads\/2025\/09\/1b9f082c-290b-4583-9075-0d4c939ad62c-18x12.jpg 18w\" sizes=\"auto, (max-width: 1687px) 100vw, 1687px\" \/><\/figure>\n\n\n\n<div style=\"height:30px\" aria-hidden=\"true\" class=\"wp-block-spacer\"><\/div>\n\n\n\n<p class=\"has-text-color has-background\" style=\"color:#02147e;background-color:#f6f6f6\">Du m\u00f6chtest Tennis spielen lernen oder deine Tennisf\u00e4higkeiten wieder auffrischen? Wenn du Fragen hast oder unsicher bist, z\u00f6gere nicht, Kontakt mit unserem kompetenten Trainerteam aufzunehmen. Wir stehen dir gerne zur Verf\u00fcgung.<\/p>\n\n\n\n<div style=\"height:30px\" aria-hidden=\"true\" class=\"wp-block-spacer\"><\/div>\n\n\n\n<div class=\"wp-block-columns is-layout-flex wp-container-core-columns-is-layout-9d6595d7 wp-block-columns-is-layout-flex\">\n<div class=\"wp-block-column is-layout-flow wp-block-column-is-layout-flow\">\n<p style=\"font-size:16px\"><strong>Trainer<\/strong><br><\/p>\n\n\n\n<p class=\"has-background\" style=\"background-color:#f6f6f6;font-size:16px\"><strong>Waldemar Rogowski (Jugend- und Aktiventraining)&nbsp;<\/strong><br>Tel.: <a href=\"tel:+491713201357\">0171 3201357<\/a><br>E-Mail: <a href=\"mailto:wiwaldi64@yahoo.de\">wiwaldi64@yahoo.de<\/a><br><br><br><strong>Katrin Roth (Hobby Damen)<\/strong><br>Tel.: <a href=\"tel:+4917634483995\" title=\"\">0176 34483995<\/a><\/p>\n<\/div>\n\n\n\n<div class=\"wp-block-column is-layout-flow wp-block-column-is-layout-flow\">\n<p style=\"font-size:16px\"><strong>Trainerassistenten<\/strong><br><\/p>\n\n\n\n<p class=\"has-background\" style=\"background-color:#f6f6f6;font-size:16px\"><strong>Paul Wiedenmann<\/strong><br>E-Mail: <a href=\"mailto:paul.wiedenmann@hsb1846.de\" title=\"\">paul.wiedenmann@hsb1846.de<\/a><br><br><br><strong>Lukas Wiedenmann<\/strong><br>E-Mail: <a href=\"mailto:lukas.wiedenmann@hsb1846.de\" title=\"\"><\/a><a href=\"mailto:paul.wiedenmann@hsb1846.de\">lukas.wiedenmann@hsb1846.de<\/a><\/p>\n<\/div>\n<\/div>","protected":false},"excerpt":{"rendered":"<p>Du m\u00f6chtest Tennis spielen lernen oder deine Tennisf\u00e4higkeiten wieder auffrischen? Wenn du Fragen hast oder unsicher bist, z\u00f6gere nicht, Kontakt mit unserem kompetenten Trainerteam aufzunehmen. Wir stehen dir gerne zur Verf\u00fcgung. Trainer Waldemar Rogowski (Jugend- und Aktiventraining)&nbsp;Tel.: 0171 3201357E-Mail: wiwaldi64@yahoo.de Katrin Roth (Hobby Damen)Tel.: 0176 34483995 Trainerassistenten Paul WiedenmannE-Mail: paul.wiedenmann@hsb1846.de Lukas WiedenmannE-Mail: lukas.wiedenmann@hsb1846.de<\/p>","protected":false},"author":1,"featured_media":0,"parent":4425,"menu_order":19,"comment_status":"closed","ping_status":"closed","template":"","meta":{"footnotes":""},"class_list":["post-7189","page","type-page","status-publish","hentry"],"aioseo_notices":[],"_links":{"self":[{"href":"https:\/\/hsb1846.de\/en\/wp-json\/wp\/v2\/pages\/7189","targetHints":{"allow":["GET"]}}],"collection":[{"href":"https:\/\/hsb1846.de\/en\/wp-json\/wp\/v2\/pages"}],"about":[{"href":"https:\/\/hsb1846.de\/en\/wp-json\/wp\/v2\/types\/page"}],"author":[{"embeddable":true,"href":"https:\/\/hsb1846.de\/en\/wp-json\/wp\/v2\/users\/1"}],"replies":[{"embeddable":true,"href":"https:\/\/hsb1846.de\/en\/wp-json\/wp\/v2\/comments?post=7189"}],"version-history":[{"count":38,"href":"https:\/\/hsb1846.de\/en\/wp-json\/wp\/v2\/pages\/7189\/revisions"}],"predecessor-version":[{"id":19031,"href":"https:\/\/hsb1846.de\/en\/wp-json\/wp\/v2\/pages\/7189\/revisions\/19031"}],"up":[{"embeddable":true,"href":"https:\/\/hsb1846.de\/en\/wp-json\/wp\/v2\/pages\/4425"}],"wp:attachment":[{"href":"https:\/\/hsb1846.de\/en\/wp-json\/wp\/v2\/media?parent=7189"}],"curies":[{"name":"wp","href":"https:\/\/api.w.org\/{rel}","templated":true}]}}