{"id":7193,"date":"2022-07-22T13:36:33","date_gmt":"2022-07-22T11:36:33","guid":{"rendered":"https:\/\/2022.hsb1846.de\/?page_id=7193"},"modified":"2024-10-04T12:10:25","modified_gmt":"2024-10-04T10:10:25","slug":"tennisplaetze","status":"publish","type":"page","link":"https:\/\/hsb1846.de\/en\/home\/abteilungen\/tennis\/tennisplaetze\/","title":{"rendered":"Tennispl\u00e4tze"},"content":{"rendered":"<div style=\"height:30px\" aria-hidden=\"true\" class=\"wp-block-spacer\"><\/div>\n\n\n\n<figure class=\"wp-block-image size-full\"><img loading=\"lazy\" decoding=\"async\" width=\"1200\" height=\"812\" src=\"https:\/\/hsb1846.de\/wp-content\/uploads\/2022\/07\/hdh-tennis-hsb-2015-08-30_geyer-luftbild__1_.jpg\" alt=\"\" class=\"wp-image-7224\" style=\"aspect-ratio:16\/9;object-fit:cover\" srcset=\"https:\/\/hsb1846.de\/wp-content\/uploads\/2022\/07\/hdh-tennis-hsb-2015-08-30_geyer-luftbild__1_.jpg 1200w, https:\/\/hsb1846.de\/wp-content\/uploads\/2022\/07\/hdh-tennis-hsb-2015-08-30_geyer-luftbild__1_-300x203.jpg 300w, https:\/\/hsb1846.de\/wp-content\/uploads\/2022\/07\/hdh-tennis-hsb-2015-08-30_geyer-luftbild__1_-768x520.jpg 768w\" sizes=\"auto, (max-width: 1200px) 100vw, 1200px\" \/><\/figure>\n\n\n\n<div style=\"height:30px\" aria-hidden=\"true\" class=\"wp-block-spacer\"><\/div>\n\n\n\n<p class=\"has-background\" style=\"background-color:#f6f6f6;font-size:16px\">Mit insgesamt acht gepflegten Sandpl\u00e4tzen in der Raubuchanlage bieten wir unseren Mitgliedern eine breite Palette an M\u00f6glichkeiten zum Spielen und Trainieren.<br><br>Zus\u00e4tzlich befindet sich auf der Anlage ein kleines Chalet mit Terrasse, auf der Sie es sich f\u00fcr eine Erfrischung nach einem anstrengenden Training gem\u00fctlich machen d\u00fcrfen. Des Weiteren stehen Umkleider\u00e4ume mit Duschen zur Verf\u00fcgung. <\/p>\n\n\n\n<div style=\"height:30px\" aria-hidden=\"true\" class=\"wp-block-spacer\"><\/div>\n\n\n\n<p class=\"has-white-color has-text-color has-background\" style=\"background-color:#02147e;font-size:20px\">Platzpflege<\/p>\n\n\n\n<div style=\"height:30px\" aria-hidden=\"true\" class=\"wp-block-spacer\"><\/div>\n\n\n\n<p class=\"has-background\" style=\"background-color:#f6f6f6;font-size:16px\">Die neu instand gesetzten Pl\u00e4tze ben\u00f6tigen eine besonders sorgf\u00e4ltiger Pflege:<br><br>&#8211; Vor und nach dem Spiel ausgiebig<br>&#8211; Sorgf\u00e4ltiges Abziehen laut ausgeh\u00e4ngter Tennisplatz-Ordnung<br>&#8211; Kehren der Linien mit den Linienbesen<\/p>\n\n\n\n<div style=\"height:30px\" aria-hidden=\"true\" class=\"wp-block-spacer\"><\/div>\n\n\n\n<p class=\"has-white-color has-text-color has-background\" style=\"background-color:#02147e;font-size:20px\">Anfahrt<\/p>\n\n\n\n<div style=\"height:30px\" aria-hidden=\"true\" class=\"wp-block-spacer\"><\/div>\n\n\n\n<iframe src=\"https:\/\/www.google.com\/maps\/embed?pb=!1m18!1m12!1m3!1d2633.883778820856!2d10.128252254074516!3d48.68858665724842!2m3!1f0!2f0!3f0!3m2!1i1024!2i768!4f13.1!3m3!1m2!1s0x479917de5f30b5cd%3A0x3da87836cb556dd1!2sHeidenheimer%20Sportbund%20Tennis!5e0!3m2!1sde!2sde!4v1696779085654!5m2!1sde!2sde\" width=\"600\" height=\"450\" style=\"border:0;\" allowfullscreen=\"\" loading=\"lazy\" referrerpolicy=\"no-referrer-when-downgrade\"><\/iframe>","protected":false},"excerpt":{"rendered":"<p>Mit insgesamt acht gepflegten Sandpl\u00e4tzen in der Raubuchanlage bieten wir unseren Mitgliedern eine breite Palette an M\u00f6glichkeiten zum Spielen und Trainieren. Zus\u00e4tzlich befindet sich auf der Anlage ein kleines Chalet mit Terrasse, auf der Sie es sich f\u00fcr eine Erfrischung nach einem anstrengenden Training gem\u00fctlich machen d\u00fcrfen. Des Weiteren stehen Umkleider\u00e4ume mit Duschen zur Verf\u00fcgung. [&hellip;]<\/p>\n","protected":false},"author":1,"featured_media":0,"parent":4425,"menu_order":23,"comment_status":"closed","ping_status":"closed","template":"","meta":{"footnotes":""},"class_list":["post-7193","page","type-page","status-publish","hentry"],"aioseo_notices":[],"_links":{"self":[{"href":"https:\/\/hsb1846.de\/en\/wp-json\/wp\/v2\/pages\/7193","targetHints":{"allow":["GET"]}}],"collection":[{"href":"https:\/\/hsb1846.de\/en\/wp-json\/wp\/v2\/pages"}],"about":[{"href":"https:\/\/hsb1846.de\/en\/wp-json\/wp\/v2\/types\/page"}],"author":[{"embeddable":true,"href":"https:\/\/hsb1846.de\/en\/wp-json\/wp\/v2\/users\/1"}],"replies":[{"embeddable":true,"href":"https:\/\/hsb1846.de\/en\/wp-json\/wp\/v2\/comments?post=7193"}],"version-history":[{"count":11,"href":"https:\/\/hsb1846.de\/en\/wp-json\/wp\/v2\/pages\/7193\/revisions"}],"predecessor-version":[{"id":15826,"href":"https:\/\/hsb1846.de\/en\/wp-json\/wp\/v2\/pages\/7193\/revisions\/15826"}],"up":[{"embeddable":true,"href":"https:\/\/hsb1846.de\/en\/wp-json\/wp\/v2\/pages\/4425"}],"wp:attachment":[{"href":"https:\/\/hsb1846.de\/en\/wp-json\/wp\/v2\/media?parent=7193"}],"curies":[{"name":"wp","href":"https:\/\/api.w.org\/{rel}","templated":true}]}}