{"id":7195,"date":"2022-07-22T13:37:20","date_gmt":"2022-07-22T11:37:20","guid":{"rendered":"https:\/\/2022.hsb1846.de\/?page_id=7195"},"modified":"2026-03-20T20:29:01","modified_gmt":"2026-03-20T19:29:01","slug":"schnupperkarte","status":"publish","type":"page","link":"https:\/\/hsb1846.de\/en\/home\/abteilungen\/tennis\/schnupperkarte\/","title":{"rendered":"Schnupperkarte"},"content":{"rendered":"<div style=\"height:30px\" aria-hidden=\"true\" class=\"wp-block-spacer\"><\/div>\n\n\n\n<h1 class=\"wp-block-heading\">hsb Schnupperkarte 2026<\/h1>\n\n\n\n<div style=\"height:30px\" aria-hidden=\"true\" class=\"wp-block-spacer\"><\/div>\n\n\n\n<p class=\"has-background\" style=\"background-color:#f6f6f6;font-size:16px\">Mit Freude haben wir festgestellt, dass Sie in der vergangenen Wintersaison immer wieder unsere Tennishalle gebucht haben. Aus diesem Grund wollen wir Sie gerne darauf aufmerksam machen, dass im Sommer nicht nur in der Halle, sondern auch auf unserer Rauhbuch-Freianlage (8 Sandpl\u00e4tze) gespielt werden kann.<\/p>\n\n\n\n<div style=\"height:30px\" aria-hidden=\"true\" class=\"wp-block-spacer\"><\/div>\n\n\n\n<p class=\"has-background\" style=\"background-color:#f6f6f6;font-size:16px\">Dort unterbreiten wir allen Nichtmitgliedern jetzt ein ganz besonderes Angebot:<br><br>Eine Schnupperkarte f\u00fcr nur 35 Euro, die Ihnen Zugang zur Nutzung unserer Freianlage vom 1. Mai bis zum 30. September 2026 gew\u00e4hrt, ohne zeitliche Beschr\u00e4nkungen. Das bedeutet, Sie k\u00f6nnen jederzeit nach Lust und Laune spielen. Bitte beachten Sie, dass dieses Angebot nicht f\u00fcr Personen gilt, die bereits eine Schnupperkarte genutzt haben. Auf Anfrage unterst\u00fctzen wir Sie auch gerne bei der Suche nach einem Spielpartner.<br><br>Falls Sie interessiert sind, gen\u00fcgt ein Anruf:<br><br>Erwin Bachmann: <a href=\"tel:01702054882\" title=\"0170 205 4882\">0170 205 4882<\/a><br>Richard Weichselbraun: <a href=\"tel:01755502320\" title=\"0175 550 2320\">0175 550 2320<\/a><br><br>&#8230; oder eine E-Mail an: <a href=\"mailto:tennis@hsb1846.de\" title=\"\">tennis@hsb1846.de<\/a><\/p>\n\n\n\n<div style=\"height:30px\" aria-hidden=\"true\" class=\"wp-block-spacer\"><\/div>","protected":false},"excerpt":{"rendered":"<p>hsb Schnupperkarte 2026 Mit Freude haben wir festgestellt, dass Sie in der vergangenen Wintersaison immer wieder unsere Tennishalle gebucht haben. Aus diesem Grund wollen wir Sie gerne darauf aufmerksam machen, dass im Sommer nicht nur in der Halle, sondern auch auf unserer Rauhbuch-Freianlage (8 Sandpl\u00e4tze) gespielt werden kann. Dort unterbreiten wir allen Nichtmitgliedern jetzt ein [&hellip;]<\/p>\n","protected":false},"author":1,"featured_media":7233,"parent":4425,"menu_order":24,"comment_status":"closed","ping_status":"closed","template":"","meta":{"footnotes":""},"class_list":["post-7195","page","type-page","status-publish","has-post-thumbnail","hentry"],"aioseo_notices":[],"_links":{"self":[{"href":"https:\/\/hsb1846.de\/en\/wp-json\/wp\/v2\/pages\/7195","targetHints":{"allow":["GET"]}}],"collection":[{"href":"https:\/\/hsb1846.de\/en\/wp-json\/wp\/v2\/pages"}],"about":[{"href":"https:\/\/hsb1846.de\/en\/wp-json\/wp\/v2\/types\/page"}],"author":[{"embeddable":true,"href":"https:\/\/hsb1846.de\/en\/wp-json\/wp\/v2\/users\/1"}],"replies":[{"embeddable":true,"href":"https:\/\/hsb1846.de\/en\/wp-json\/wp\/v2\/comments?post=7195"}],"version-history":[{"count":9,"href":"https:\/\/hsb1846.de\/en\/wp-json\/wp\/v2\/pages\/7195\/revisions"}],"predecessor-version":[{"id":19649,"href":"https:\/\/hsb1846.de\/en\/wp-json\/wp\/v2\/pages\/7195\/revisions\/19649"}],"up":[{"embeddable":true,"href":"https:\/\/hsb1846.de\/en\/wp-json\/wp\/v2\/pages\/4425"}],"wp:featuredmedia":[{"embeddable":true,"href":"https:\/\/hsb1846.de\/en\/wp-json\/wp\/v2\/media\/7233"}],"wp:attachment":[{"href":"https:\/\/hsb1846.de\/en\/wp-json\/wp\/v2\/media?parent=7195"}],"curies":[{"name":"wp","href":"https:\/\/api.w.org\/{rel}","templated":true}]}}