{"id":7197,"date":"2022-07-22T13:37:43","date_gmt":"2022-07-22T11:37:43","guid":{"rendered":"https:\/\/2022.hsb1846.de\/?page_id=7197"},"modified":"2026-03-09T09:42:02","modified_gmt":"2026-03-09T08:42:02","slug":"mannschaften-tennis","status":"publish","type":"page","link":"https:\/\/hsb1846.de\/en\/home\/abteilungen\/tennis\/mannschaften-tennis\/","title":{"rendered":"Mannschaften Tennis"},"content":{"rendered":"<div style=\"height:0px\" aria-hidden=\"true\" class=\"wp-block-spacer\"><\/div>\n\n\n\n<h2 class=\"wp-block-heading has-text-align-left\">Juniorinnen U18<\/h2>\n\n\n\n<div style=\"height:25px\" aria-hidden=\"true\" class=\"wp-block-spacer\"><\/div>\n\n\n\n<div class=\"wp-block-columns is-layout-flex wp-container-core-columns-is-layout-9d6595d7 wp-block-columns-is-layout-flex\">\n<div class=\"wp-block-column is-layout-flow wp-block-column-is-layout-flow\">\n<figure class=\"wp-block-image size-full\"><img loading=\"lazy\" decoding=\"async\" width=\"1536\" height=\"1024\" src=\"https:\/\/hsb1846.de\/wp-content\/uploads\/2026\/03\/0742c83f-9856-49b9-bac9-f565b28decab.jpg\" alt=\"\" class=\"wp-image-19544\" srcset=\"https:\/\/hsb1846.de\/wp-content\/uploads\/2026\/03\/0742c83f-9856-49b9-bac9-f565b28decab.jpg 1536w, https:\/\/hsb1846.de\/wp-content\/uploads\/2026\/03\/0742c83f-9856-49b9-bac9-f565b28decab-300x200.jpg 300w, https:\/\/hsb1846.de\/wp-content\/uploads\/2026\/03\/0742c83f-9856-49b9-bac9-f565b28decab-768x512.jpg 768w, https:\/\/hsb1846.de\/wp-content\/uploads\/2026\/03\/0742c83f-9856-49b9-bac9-f565b28decab-18x12.jpg 18w\" sizes=\"auto, (max-width: 1536px) 100vw, 1536px\" \/><\/figure>\n<\/div>\n\n\n\n<div class=\"wp-block-column is-layout-flow wp-block-column-is-layout-flow\">\n<p class=\"has-text-align-center has-white-color has-text-color has-background\" style=\"background-color:#02147e;font-size:16px\"><strong>Mannschaftsf\u00fchrein<\/strong><br>Emma Beyrle<br>Email: <a style=\"color: #7488ff;\" href=\"mailto: markus.beyrle@web.de\" title=\"\"> markus.beyrle@web.de<\/a><\/p>\n<\/div>\n<\/div>\n\n\n\n<div style=\"height:25px\" aria-hidden=\"true\" class=\"wp-block-spacer\"><\/div>\n\n\n\n<h2 class=\"wp-block-heading\">Herren 1<\/h2>\n\n\n\n<div style=\"height:25px\" aria-hidden=\"true\" class=\"wp-block-spacer\"><\/div>\n\n\n\n<div class=\"wp-block-columns is-layout-flex wp-container-core-columns-is-layout-9d6595d7 wp-block-columns-is-layout-flex\">\n<div class=\"wp-block-column is-layout-flow wp-block-column-is-layout-flow\">\n<figure class=\"wp-block-image size-full\"><img loading=\"lazy\" decoding=\"async\" width=\"1430\" height=\"690\" src=\"https:\/\/hsb1846.de\/wp-content\/uploads\/2023\/02\/IMG_20230115_132910_106-02.jpeg\" alt=\"\" class=\"wp-image-11387\" srcset=\"https:\/\/hsb1846.de\/wp-content\/uploads\/2023\/02\/IMG_20230115_132910_106-02.jpeg 1430w, https:\/\/hsb1846.de\/wp-content\/uploads\/2023\/02\/IMG_20230115_132910_106-02-300x145.jpeg 300w, https:\/\/hsb1846.de\/wp-content\/uploads\/2023\/02\/IMG_20230115_132910_106-02-768x371.jpeg 768w, https:\/\/hsb1846.de\/wp-content\/uploads\/2023\/02\/IMG_20230115_132910_106-02-18x9.jpeg 18w\" sizes=\"auto, (max-width: 1430px) 100vw, 1430px\" \/><figcaption class=\"wp-element-caption\">Von links: Lukas und Paul Wiedenmann, Marc Zitka, Salvatore Viola und Patrick Bieniek<\/figcaption><\/figure>\n<\/div>\n\n\n\n<div class=\"wp-block-column is-layout-flow wp-block-column-is-layout-flow\">\n<p class=\"has-text-align-center has-white-color has-text-color has-background\" style=\"background-color:#02147e;font-size:16px\"><strong>Mannschaftsf\u00fchrer<\/strong><br>Patrick Bieniek<br>Mobil: 0152 55920713<br>Email: <a style=\"color: #7488ff;\" href=\"mailto: patrick.bieniek@hsb1846.de\" title=\"\"> patrick.bieniek@hsb1846.de<\/a><\/p>\n<\/div>\n<\/div>\n\n\n\n<div style=\"height:25px\" aria-hidden=\"true\" class=\"wp-block-spacer\"><\/div>\n\n\n\n<h2 class=\"wp-block-heading\">Junioren U18<\/h2>\n\n\n\n<div style=\"height:25px\" aria-hidden=\"true\" class=\"wp-block-spacer\"><\/div>\n\n\n\n<p><\/p>\n\n\n\n<div class=\"wp-block-columns is-layout-flex wp-container-core-columns-is-layout-9d6595d7 wp-block-columns-is-layout-flex\">\n<div class=\"wp-block-column is-layout-flow wp-block-column-is-layout-flow\">\n<figure class=\"wp-block-image size-full\"><img loading=\"lazy\" decoding=\"async\" width=\"1278\" height=\"1015\" src=\"https:\/\/hsb1846.de\/wp-content\/uploads\/2025\/07\/cd17a993-6287-4301-b1b8-4380e941183e.jpg\" alt=\"\" class=\"wp-image-17655\" srcset=\"https:\/\/hsb1846.de\/wp-content\/uploads\/2025\/07\/cd17a993-6287-4301-b1b8-4380e941183e.jpg 1278w, https:\/\/hsb1846.de\/wp-content\/uploads\/2025\/07\/cd17a993-6287-4301-b1b8-4380e941183e-300x238.jpg 300w, https:\/\/hsb1846.de\/wp-content\/uploads\/2025\/07\/cd17a993-6287-4301-b1b8-4380e941183e-768x610.jpg 768w, https:\/\/hsb1846.de\/wp-content\/uploads\/2025\/07\/cd17a993-6287-4301-b1b8-4380e941183e-15x12.jpg 15w\" sizes=\"auto, (max-width: 1278px) 100vw, 1278px\" \/><figcaption class=\"wp-element-caption\">Von links: Quentin Ludwig, Gianluca und Davide Viola und Marko Radenovic<\/figcaption><\/figure>\n<\/div>\n\n\n\n<div class=\"wp-block-column is-layout-flow wp-block-column-is-layout-flow\">\n<p class=\"has-text-align-center has-white-color has-text-color has-background has-link-color wp-elements-cb92e1b72b3445c3b5628038713c8566\" style=\"background-color:#02147e;font-size:16px\"><strong>Mannschaftsf\u00fchrer<\/strong><br>Gianluca Viola<br>Email: <a style=\"color: #7488ff;\" href=\"mailto: rs.viola@outlook.com\" title=\"\"> rs.viola@outlook.com<\/a><\/p>\n<\/div>\n<\/div>\n\n\n\n<div style=\"height:30px\" aria-hidden=\"true\" class=\"wp-block-spacer\"><\/div>","protected":false},"excerpt":{"rendered":"<p>Juniorinnen U18 Mannschaftsf\u00fchreinEmma BeyrleEmail: markus.beyrle@web.de Herren 1 Mannschaftsf\u00fchrerPatrick BieniekMobil: 0152 55920713Email: patrick.bieniek@hsb1846.de Junioren U18 Mannschaftsf\u00fchrerGianluca ViolaEmail: rs.viola@outlook.com<\/p>","protected":false},"author":1,"featured_media":0,"parent":4425,"menu_order":27,"comment_status":"closed","ping_status":"closed","template":"","meta":{"footnotes":""},"class_list":["post-7197","page","type-page","status-publish","hentry"],"aioseo_notices":[],"_links":{"self":[{"href":"https:\/\/hsb1846.de\/en\/wp-json\/wp\/v2\/pages\/7197","targetHints":{"allow":["GET"]}}],"collection":[{"href":"https:\/\/hsb1846.de\/en\/wp-json\/wp\/v2\/pages"}],"about":[{"href":"https:\/\/hsb1846.de\/en\/wp-json\/wp\/v2\/types\/page"}],"author":[{"embeddable":true,"href":"https:\/\/hsb1846.de\/en\/wp-json\/wp\/v2\/users\/1"}],"replies":[{"embeddable":true,"href":"https:\/\/hsb1846.de\/en\/wp-json\/wp\/v2\/comments?post=7197"}],"version-history":[{"count":27,"href":"https:\/\/hsb1846.de\/en\/wp-json\/wp\/v2\/pages\/7197\/revisions"}],"predecessor-version":[{"id":19548,"href":"https:\/\/hsb1846.de\/en\/wp-json\/wp\/v2\/pages\/7197\/revisions\/19548"}],"up":[{"embeddable":true,"href":"https:\/\/hsb1846.de\/en\/wp-json\/wp\/v2\/pages\/4425"}],"wp:attachment":[{"href":"https:\/\/hsb1846.de\/en\/wp-json\/wp\/v2\/media?parent=7197"}],"curies":[{"name":"wp","href":"https:\/\/api.w.org\/{rel}","templated":true}]}}