{"id":7205,"date":"2022-07-22T13:40:40","date_gmt":"2022-07-22T11:40:40","guid":{"rendered":"https:\/\/2022.hsb1846.de\/?page_id=7205"},"modified":"2025-04-27T09:38:10","modified_gmt":"2025-04-27T07:38:10","slug":"aufnahmeantrag","status":"publish","type":"page","link":"https:\/\/hsb1846.de\/en\/home\/abteilungen\/tennis\/aufnahmeantrag\/","title":{"rendered":"Aufnahmeantrag"},"content":{"rendered":"<div style=\"height:30px\" aria-hidden=\"true\" class=\"wp-block-spacer\"><\/div>\n\n\n\n<p class=\"has-background\" style=\"background-color:#f6f6f6;font-size:16px\">Sie m\u00fcssen Mitglied im Heidenheimer Sportbund 1846 e.V. sein, um sich in der Tennisabteilung anzumelden.<br><br>Hier finden Sie den Aufnahmeantrag und Informationen zu den Mitgliedsbeitr\u00e4gen sowie den Aufnahmegeb\u00fchren des HSB-Hauptvereins.<br><br><a href=\"https:\/\/hsb1846.de\/en\/home\/verein\/mitgliedschaft\/\">https:\/\/hsb1846.de\/home\/verein\/mitgliedschaft\/<\/a><\/p>\n\n\n\n<div style=\"height:30px\" aria-hidden=\"true\" class=\"wp-block-spacer\"><\/div>\n\n\n\n<p class=\"has-background\" style=\"background-color:#f6f6f6;font-size:16px\">Zus\u00e4tzlich zum Mitgliedsbeitrag des Heidenheimer Sportbund 1846 e.V. wird ein Abteilungsbeitrag f\u00fcr die Tennisabteilung erhoben. Den jeweiligen Abteilungsbeitrag k\u00f6nnen Sie der Tabelle entnehmen.<br><br>Mitglieder im Alter zwischen 16 und 70 Jahren sind angehalten, 4 Stunden Arbeitsdienst pro Kalenderjahr zu leisten. Ersatzweise werden pro Stunde 15 Euro berechnet.<br><br>Hier finden Sie den Aufnahmeantrag der HSB-Tennisabteilung als <a href=\"https:\/\/hsb1846.de\/wp-content\/uploads\/2022\/07\/aufnahmeantrag-hsb-tennis.pdf\" target=\"_blank\" rel=\"noreferrer noopener\">PDF-Dokument<\/a>.<\/p>\n\n\n\n<div style=\"height:30px\" aria-hidden=\"true\" class=\"wp-block-spacer\"><\/div>\n\n\n\n<p class=\"has-background\" style=\"background-color:#f6f6f6;font-size:16px\">Beide Formulare senden Sie bitte ausgef\u00fcllt und unterschrieben an die HSB Gesch\u00e4ftsstelle.<\/p>\n\n\n\n<div style=\"height:30px\" aria-hidden=\"true\" class=\"wp-block-spacer\"><\/div>\n\n\n\n<p class=\"has-white-color has-text-color has-background\" style=\"background-color:#02147e;font-size:20px\">Abteilungsbeitrag der Tennisabteilung<\/p>\n\n\n\n<div style=\"height:30px\" aria-hidden=\"true\" class=\"wp-block-spacer\"><\/div>\n\n\n\n<div class=\"wp-block-columns is-layout-flex wp-container-core-columns-is-layout-9d6595d7 wp-block-columns-is-layout-flex\">\n<div class=\"wp-block-column is-layout-flow wp-block-column-is-layout-flow\" style=\"flex-basis:100%\">\n<table id=\"tablepress-12\" class=\"tablepress tablepress-id-12\">\n<thead>\n<tr class=\"row-1\">\n\t<th class=\"column-1\">Mitgliederstatus<\/th><th class=\"column-2\">Jahresbeitrag ab 01.01.2020<\/th>\n<\/tr>\n<\/thead>\n<tbody class=\"row-striping row-hover\">\n<tr class=\"row-2\">\n\t<td class=\"column-1\">Einzelperson ab 18 Jahren<\/td><td class=\"column-2\">91,00 \u20ac<\/td>\n<\/tr>\n<tr class=\"row-3\">\n\t<td class=\"column-1\">Ehepaar<\/td><td class=\"column-2\">154,00 \u20ac<\/td>\n<\/tr>\n<tr class=\"row-4\">\n\t<td class=\"column-1\">Ehepaar mit einem Kind unter 18 Jahren<\/td><td class=\"column-2\">187,00 \u20ac<\/td>\n<\/tr>\n<tr class=\"row-5\">\n\t<td class=\"column-1\">Ehepaar mit zwei und mehr Kindern unter 18 Jahren<\/td><td class=\"column-2\">209,00 \u20ac<\/td>\n<\/tr>\n<tr class=\"row-6\">\n\t<td class=\"column-1\">Ehepaar mit zwei und mehr Kindern \u00fcber 18 Jahren, in Ausbildungs-, Wehrpflicht- oder Wehrersatzdienstverh\u00e4ltnis<\/td><td class=\"column-2\">270,00 \u20ac<\/td>\n<\/tr>\n<tr class=\"row-7\">\n\t<td class=\"column-1\">Ein Elternteil mit einem Kind unter 18 Jahren<\/td><td class=\"column-2\">124,00 \u20ac<\/td>\n<\/tr>\n<tr class=\"row-8\">\n\t<td class=\"column-1\">Ein Elternteil mit zwei und mehr Kindern unter 18 Jahren<\/td><td class=\"column-2\">146,00 \u20ac<\/td>\n<\/tr>\n<tr class=\"row-9\">\n\t<td class=\"column-1\">Sch\u00fcler, Studenten und Auszubildende ab 16 Jahren<\/td><td class=\"column-2\">63,00 \u20ac<\/td>\n<\/tr>\n<tr class=\"row-10\">\n\t<td class=\"column-1\">Jugendliche ohne Elternteil unter 16 Jahren<\/td><td class=\"column-2\">44,00 \u20ac<\/td>\n<\/tr>\n<tr class=\"row-11\">\n\t<td class=\"column-1\">Passive Mitglieder<\/td><td class=\"column-2\">28,00 \u20ac<\/td>\n<\/tr>\n<tr class=\"row-12\">\n\t<td class=\"column-1\">Passive Mitglieder mit 1 Kind unter 16 Jahren<\/td><td class=\"column-2\">63,00 \u20ac<\/td>\n<\/tr>\n<\/tbody>\n<\/table>\n<!-- #tablepress-12 from cache --><\/div>\n<\/div>","protected":false},"excerpt":{"rendered":"<p>Sie m\u00fcssen Mitglied im Heidenheimer Sportbund 1846 e.V. sein, um sich in der Tennisabteilung anzumelden. Hier finden Sie den Aufnahmeantrag und Informationen zu den Mitgliedsbeitr\u00e4gen sowie den Aufnahmegeb\u00fchren des HSB-Hauptvereins. https:\/\/hsb1846.de\/home\/verein\/mitgliedschaft\/ Zus\u00e4tzlich zum Mitgliedsbeitrag des Heidenheimer Sportbund 1846 e.V. wird ein Abteilungsbeitrag f\u00fcr die Tennisabteilung erhoben. Den jeweiligen Abteilungsbeitrag k\u00f6nnen Sie der Tabelle entnehmen. Mitglieder [&hellip;]<\/p>\n","protected":false},"author":1,"featured_media":0,"parent":4425,"menu_order":32,"comment_status":"closed","ping_status":"closed","template":"","meta":{"footnotes":""},"class_list":["post-7205","page","type-page","status-publish","hentry"],"aioseo_notices":[],"_links":{"self":[{"href":"https:\/\/hsb1846.de\/en\/wp-json\/wp\/v2\/pages\/7205","targetHints":{"allow":["GET"]}}],"collection":[{"href":"https:\/\/hsb1846.de\/en\/wp-json\/wp\/v2\/pages"}],"about":[{"href":"https:\/\/hsb1846.de\/en\/wp-json\/wp\/v2\/types\/page"}],"author":[{"embeddable":true,"href":"https:\/\/hsb1846.de\/en\/wp-json\/wp\/v2\/users\/1"}],"replies":[{"embeddable":true,"href":"https:\/\/hsb1846.de\/en\/wp-json\/wp\/v2\/comments?post=7205"}],"version-history":[{"count":19,"href":"https:\/\/hsb1846.de\/en\/wp-json\/wp\/v2\/pages\/7205\/revisions"}],"predecessor-version":[{"id":17223,"href":"https:\/\/hsb1846.de\/en\/wp-json\/wp\/v2\/pages\/7205\/revisions\/17223"}],"up":[{"embeddable":true,"href":"https:\/\/hsb1846.de\/en\/wp-json\/wp\/v2\/pages\/4425"}],"wp:attachment":[{"href":"https:\/\/hsb1846.de\/en\/wp-json\/wp\/v2\/media?parent=7205"}],"curies":[{"name":"wp","href":"https:\/\/api.w.org\/{rel}","templated":true}]}}