{"id":7207,"date":"2022-07-22T13:41:18","date_gmt":"2022-07-22T11:41:18","guid":{"rendered":"https:\/\/2022.hsb1846.de\/?page_id=7207"},"modified":"2026-03-09T11:12:42","modified_gmt":"2026-03-09T10:12:42","slug":"sponsoren-tennis","status":"publish","type":"page","link":"https:\/\/hsb1846.de\/en\/home\/abteilungen\/tennis\/sponsoren-tennis\/","title":{"rendered":"Sponsoren Tennis"},"content":{"rendered":"<div style=\"height:30px\" aria-hidden=\"true\" class=\"wp-block-spacer\"><\/div>\n\n\n\n<h5 class=\"wp-block-heading has-white-color has-text-color has-background\" style=\"background-color:#02147e;font-size:20px\">Unterst\u00fctzen Sie die Tennis-Abteilung des Heidenheimer Sportbundes<\/h5>\n\n\n\n<div style=\"height:30px\" aria-hidden=\"true\" class=\"wp-block-spacer\"><\/div>\n\n\n\n<p class=\"has-text-align-left\"><h4><strong>Tennis. Gemeinschaft. Zukunft f\u00f6rdern.<\/strong><br><br><\/h4><\/p>\n\n\n\n<p style=\"font-size:16px\">Mit \u00fcber 220 Mitgliedern, darunter rund 75 Kinder und Jugendliche, sowie einer gro\u00dfz\u00fcgigen Freiluftanlage mit acht Tennispl\u00e4tzen verzeichnet die HSB-Tennisabteilung eine konstant hohe Besucherfrequenz.<\/p>\n\n\n\n<p style=\"font-size:16px\"><br>Die rege Nutzung unserer Tennispl\u00e4tze sorgt f\u00fcr eine hervorragende Sichtbarkeit von Werbepartnern und macht die Anlage zu einer besonders attraktiven, professionellen und nachhaltigen Werbefl\u00e4che \u2013 ideal, um Marken gezielt zu pr\u00e4sentieren und eine breite Zielgruppe direkt vor Ort anzusprechen.<br><br>Unterst\u00fctzen Sie unseren Verein. Wir bringen Ihre Marke auf den Platz.<br><br>Wir freuen uns auf Ihre Nachricht:<br>Lukas Wiedenmann<br>E-Mail: <a href=\"mailto:lukas.wiedenmann@hsb1846.de\" title=\"\">lukas.wiedenmann@hsb1846.de<\/a><\/p>\n\n\n\n<div style=\"height:30px\" aria-hidden=\"true\" class=\"wp-block-spacer\"><\/div>\n\n\n\n<div class=\"wp-block-columns is-layout-flex wp-container-core-columns-is-layout-9d6595d7 wp-block-columns-is-layout-flex\">\n<div class=\"wp-block-column is-layout-flow wp-block-column-is-layout-flow\">\n<div data-wp-interactive=\"core\/file\" class=\"wp-block-file\"><object data-wp-bind--hidden=\"!state.hasPdfPreview\" hidden class=\"wp-block-file__embed\" data=\"https:\/\/hsb1846.de\/wp-content\/uploads\/2026\/03\/Netzwerbung.pdf\" type=\"application\/pdf\" style=\"width:100%;height:600px\" aria-label=\"Embed of Netzwerbung.\"><\/object><a id=\"wp-block-file--media-16a4b763-e398-4da1-a593-36480c1233a3\" href=\"https:\/\/hsb1846.de\/wp-content\/uploads\/2026\/03\/Netzwerbung.pdf\">Netzwerbung<\/a><a href=\"https:\/\/hsb1846.de\/wp-content\/uploads\/2026\/03\/Netzwerbung.pdf\" class=\"wp-block-file__button wp-element-button\" download aria-describedby=\"wp-block-file--media-16a4b763-e398-4da1-a593-36480c1233a3\">Herunterladen<\/a><\/div>\n<\/div>\n\n\n\n<div class=\"wp-block-column is-layout-flow wp-block-column-is-layout-flow\">\n<div data-wp-interactive=\"core\/file\" class=\"wp-block-file\"><object data-wp-bind--hidden=\"!state.hasPdfPreview\" hidden class=\"wp-block-file__embed\" data=\"https:\/\/hsb1846.de\/wp-content\/uploads\/2026\/03\/Jugendkonzept.pdf\" type=\"application\/pdf\" style=\"width:100%;height:600px\" aria-label=\"Embed of Jugendkonzept.\"><\/object><a id=\"wp-block-file--media-3dfd862b-4d5c-4ad6-a7a3-f6f7d95cfb6c\" href=\"https:\/\/hsb1846.de\/wp-content\/uploads\/2026\/03\/Jugendkonzept.pdf\">Jugendkonzept<\/a><a href=\"https:\/\/hsb1846.de\/wp-content\/uploads\/2026\/03\/Jugendkonzept.pdf\" class=\"wp-block-file__button wp-element-button\" download aria-describedby=\"wp-block-file--media-3dfd862b-4d5c-4ad6-a7a3-f6f7d95cfb6c\">Herunterladen<\/a><\/div>\n<\/div>\n<\/div>","protected":false},"excerpt":{"rendered":"<p>Unterst\u00fctzen Sie die Tennis-Abteilung des Heidenheimer Sportbundes Tennis. Gemeinschaft. Zukunft f\u00f6rdern. Mit \u00fcber 220 Mitgliedern, darunter rund 75 Kinder und Jugendliche, sowie einer gro\u00dfz\u00fcgigen Freiluftanlage mit acht Tennispl\u00e4tzen verzeichnet die HSB-Tennisabteilung eine konstant hohe Besucherfrequenz. Die rege Nutzung unserer Tennispl\u00e4tze sorgt f\u00fcr eine hervorragende Sichtbarkeit von Werbepartnern und macht die Anlage zu einer besonders attraktiven, [&hellip;]<\/p>\n","protected":false},"author":1,"featured_media":0,"parent":4425,"menu_order":33,"comment_status":"closed","ping_status":"closed","template":"","meta":{"footnotes":""},"class_list":["post-7207","page","type-page","status-publish","hentry"],"aioseo_notices":[],"_links":{"self":[{"href":"https:\/\/hsb1846.de\/en\/wp-json\/wp\/v2\/pages\/7207","targetHints":{"allow":["GET"]}}],"collection":[{"href":"https:\/\/hsb1846.de\/en\/wp-json\/wp\/v2\/pages"}],"about":[{"href":"https:\/\/hsb1846.de\/en\/wp-json\/wp\/v2\/types\/page"}],"author":[{"embeddable":true,"href":"https:\/\/hsb1846.de\/en\/wp-json\/wp\/v2\/users\/1"}],"replies":[{"embeddable":true,"href":"https:\/\/hsb1846.de\/en\/wp-json\/wp\/v2\/comments?post=7207"}],"version-history":[{"count":20,"href":"https:\/\/hsb1846.de\/en\/wp-json\/wp\/v2\/pages\/7207\/revisions"}],"predecessor-version":[{"id":19592,"href":"https:\/\/hsb1846.de\/en\/wp-json\/wp\/v2\/pages\/7207\/revisions\/19592"}],"up":[{"embeddable":true,"href":"https:\/\/hsb1846.de\/en\/wp-json\/wp\/v2\/pages\/4425"}],"wp:attachment":[{"href":"https:\/\/hsb1846.de\/en\/wp-json\/wp\/v2\/media?parent=7207"}],"curies":[{"name":"wp","href":"https:\/\/api.w.org\/{rel}","templated":true}]}}