{"id":7356,"date":"2022-08-03T10:55:01","date_gmt":"2022-08-03T08:55:01","guid":{"rendered":"https:\/\/2022.hsb1846.de\/?page_id=7356"},"modified":"2022-08-03T14:06:43","modified_gmt":"2022-08-03T12:06:43","slug":"kib-schwerpunkte","status":"publish","type":"page","link":"https:\/\/hsb1846.de\/en\/home\/abteilungen\/kinder-in-bewegung\/kib-schwerpunkte\/","title":{"rendered":"KIB Schwerpunkte"},"content":{"rendered":"<div style=\"height:50px\" aria-hidden=\"true\" class=\"wp-block-spacer\"><\/div>\n\n\n\n<h1 class=\"wp-block-heading\">Unsere Schwerpunkte<\/h1>\n\n\n\n<div style=\"height:50px\" aria-hidden=\"true\" class=\"wp-block-spacer\"><\/div>\n\n\n\n<p class=\"has-white-color has-text-color has-background\" style=\"background-color:#02147e;font-size:16px\">Neben einer Vielzahl an Angeboten, die fast alle in Kooperation mit der Stadt Heidenheim durchgef\u00fchrt werden, bieten wir:<\/p>\n\n\n\n<ul class=\"has-white-color has-text-color has-background wp-block-list\" style=\"background-color:#02147e;font-size:16px\"><li>Psychomotorikkurse im Altersbereich von 6 Monaten bis 8 Jahre<\/li><li>Eltern-Kind-Turnen<\/li><li>in der &#8222;Kooperation Schule-Verein&#8220; das Sporttheater Heidenheim<\/li><li>Ferienfreizeiten f\u00fcr Grundschulkinder<\/li><\/ul>\n\n\n\n<div style=\"height:50px\" aria-hidden=\"true\" class=\"wp-block-spacer\"><\/div>\n\n\n\n<h2 class=\"wp-block-heading\">Psychomotorik-Kurse<\/h2>\n\n\n\n<div style=\"height:25px\" aria-hidden=\"true\" class=\"wp-block-spacer\"><\/div>\n\n\n\n<p class=\"has-background\" style=\"background-color:#f6f6f6;font-size:16px\">Was ist Psychomotorik und f\u00fcr wen?<br><br>Vermittlung positiver Bewegungserlebnisse, Feinmotorik, Grobmotorik werden gef\u00f6rdert au\u00dferdem die Sinneswahrnehmung, die St\u00e4rkung des Selbstvertrauens und die Wertsch\u00e4tzung der Pers\u00f6nlichkeit.<br><br>Anspannung und Entspannung erleben.<br>Die folgenden Kurse bieten Spa\u00df an der Bewegung auch f\u00fcr Bewegungsmuffel.<br>Die Kinder erfahren auf spielerische Weise sich und ihre Umwelt neu wahrzunehmen.<br>Positive Erlebnisse und Wahrnehmungen stehen im Vordergrund und unterst\u00fctzen das psychische Befinden und die Pers\u00f6nlichkeit des Kindes.<br><br>Wichtig ist uns eine individuelle Entwicklungsbegleitung des Kindes ohne Leistungsdruck.<br>Wir erleben Abenteuer, sp\u00fcren den eigenen Mut und entspannen uns.<br>Besonders ansprechen m\u00f6chten wir sch\u00fcchterne, \u00e4ngstliche, unruhige und auch konzentrationsschwache Kinder.<br><br>Psychomotorik-Kurse:<br>in unserem Voith-Sportzentrum in\u00a0Heidenheim, Wilhelmstra\u00dfe 200, 89518 Heidenheim.<\/p>\n\n\n\n<div style=\"height:50px\" aria-hidden=\"true\" class=\"wp-block-spacer\"><\/div>","protected":false},"excerpt":{"rendered":"<p>Unsere Schwerpunkte Neben einer Vielzahl an Angeboten, die fast alle in Kooperation mit der Stadt Heidenheim durchgef\u00fchrt werden, bieten wir: Psychomotorikkurse im Altersbereich von 6 Monaten bis 8 Jahre Eltern-Kind-Turnen in der &#8222;Kooperation Schule-Verein&#8220; das Sporttheater Heidenheim Ferienfreizeiten f\u00fcr Grundschulkinder Psychomotorik-Kurse Was ist Psychomotorik und f\u00fcr wen? Vermittlung positiver Bewegungserlebnisse, Feinmotorik, Grobmotorik werden gef\u00f6rdert au\u00dferdem [&hellip;]<\/p>\n","protected":false},"author":1,"featured_media":0,"parent":4930,"menu_order":3,"comment_status":"closed","ping_status":"closed","template":"","meta":{"footnotes":""},"class_list":["post-7356","page","type-page","status-publish","hentry"],"aioseo_notices":[],"_links":{"self":[{"href":"https:\/\/hsb1846.de\/en\/wp-json\/wp\/v2\/pages\/7356","targetHints":{"allow":["GET"]}}],"collection":[{"href":"https:\/\/hsb1846.de\/en\/wp-json\/wp\/v2\/pages"}],"about":[{"href":"https:\/\/hsb1846.de\/en\/wp-json\/wp\/v2\/types\/page"}],"author":[{"embeddable":true,"href":"https:\/\/hsb1846.de\/en\/wp-json\/wp\/v2\/users\/1"}],"replies":[{"embeddable":true,"href":"https:\/\/hsb1846.de\/en\/wp-json\/wp\/v2\/comments?post=7356"}],"version-history":[{"count":6,"href":"https:\/\/hsb1846.de\/en\/wp-json\/wp\/v2\/pages\/7356\/revisions"}],"predecessor-version":[{"id":15927,"href":"https:\/\/hsb1846.de\/en\/wp-json\/wp\/v2\/pages\/7356\/revisions\/15927"}],"up":[{"embeddable":true,"href":"https:\/\/hsb1846.de\/en\/wp-json\/wp\/v2\/pages\/4930"}],"wp:attachment":[{"href":"https:\/\/hsb1846.de\/en\/wp-json\/wp\/v2\/media?parent=7356"}],"curies":[{"name":"wp","href":"https:\/\/api.w.org\/{rel}","templated":true}]}}