{"id":7361,"date":"2022-08-03T11:02:15","date_gmt":"2022-08-03T09:02:15","guid":{"rendered":"https:\/\/2022.hsb1846.de\/?page_id=7361"},"modified":"2022-08-03T14:31:01","modified_gmt":"2022-08-03T12:31:01","slug":"kib-geschichte","status":"publish","type":"page","link":"https:\/\/hsb1846.de\/en\/home\/abteilungen\/kinder-in-bewegung\/kib-geschichte\/","title":{"rendered":"KIB Geschichte"},"content":{"rendered":"<div style=\"height:50px\" aria-hidden=\"true\" class=\"wp-block-spacer\"><\/div>\n\n\n\n<h2 class=\"wp-block-heading\">\u00dcber uns<\/h2>\n\n\n\n<div style=\"height:50px\" aria-hidden=\"true\" class=\"wp-block-spacer\"><\/div>\n\n\n\n<p class=\"has-white-color has-text-color has-background\" style=\"background-color:#02147e;font-size:25px\">Zur Entstehung von &#8222;Kinder in Bewegung&#8220;<\/p>\n\n\n\n<div style=\"height:50px\" aria-hidden=\"true\" class=\"wp-block-spacer\"><\/div>\n\n\n\n<p class=\"has-background\" style=\"background-color:#f6f6f6;font-size:16px\">Die Erkenntnis, dass nicht alle Kinder, die Bewegung brauchen den Weg in den Sportverein finden, f\u00fchrte 1995 zur Gr\u00fcndung des Projektes &#8222;Kinder in Bewegung&#8220; beim Heidenheimer Sportbund.<\/p>\n\n\n\n<p class=\"has-background\" style=\"background-color:#f6f6f6;font-size:16px\">&#8222;Kinder in Bewegung&#8220; machte sich auf den Weg zu den Kindern in den Kinderg\u00e4rten und in den Schulen.<\/p>\n\n\n\n<p class=\"has-background\" style=\"background-color:#f6f6f6;font-size:16px\">Was Dank der Unterst\u00fctzung durch die Stadt Heidenheim mit wenigen \u00dcbungsleiterinnen und \u00dcbungsleitern in einem Kindergarten und zwei Schulen begann, ist inzwischen zu einem nicht mehr wegzudenkenden Angebot in der Stadt Heidenheim geworden.<\/p>\n\n\n\n<p class=\"has-background\" style=\"background-color:#f6f6f6;font-size:16px\">Inzwischen k\u00fcmmern sich 64 Mitarbeiter und Mitarbeiterinnen mit einem vielseitigen Angebot um Kindergarten- und Schulkinder.<\/p>\n\n\n\n<p class=\"has-background\" style=\"background-color:#f6f6f6;font-size:16px\">11 Kindertageseinrichtungen erhalten mindestens einmal w\u00f6chentlich durch daf\u00fcr geschultes Personal Bewegungsstunden in Bewegungsr\u00e4umen des Kindergartens, in Gruppenr\u00e4umen oder Turnhallen.<\/p>\n\n\n\n<p class=\"has-background\" style=\"background-color:#f6f6f6;font-size:16px\">In 8 Schulen wurde die Betreuung im Rahmen der verl\u00e4sslichen Grundschule \u00fcbernommen und in 2 Schulen werden modellhaft Lernbegleitungsprogramme, Psychomotorikstunden und Hausaufgabenbetreuungen durchgef\u00fchrt.<\/p>\n\n\n\n<p class=\"has-background\" style=\"background-color:#f6f6f6;font-size:16px\">Von dieser Arbeit profitieren z. Zt. w\u00f6chentlich \u00fcber 1.000 Kinder.<\/p>\n\n\n\n<div style=\"height:50px\" aria-hidden=\"true\" class=\"wp-block-spacer\"><\/div>","protected":false},"excerpt":{"rendered":"<p>\u00dcber uns Zur Entstehung von &#8222;Kinder in Bewegung&#8220; Die Erkenntnis, dass nicht alle Kinder, die Bewegung brauchen den Weg in den Sportverein finden, f\u00fchrte 1995 zur Gr\u00fcndung des Projektes &#8222;Kinder in Bewegung&#8220; beim Heidenheimer Sportbund. &#8222;Kinder in Bewegung&#8220; machte sich auf den Weg zu den Kindern in den Kinderg\u00e4rten und in den Schulen. Was Dank [&hellip;]<\/p>\n","protected":false},"author":1,"featured_media":0,"parent":4930,"menu_order":14,"comment_status":"closed","ping_status":"closed","template":"","meta":{"footnotes":""},"class_list":["post-7361","page","type-page","status-publish","hentry"],"aioseo_notices":[],"_links":{"self":[{"href":"https:\/\/hsb1846.de\/en\/wp-json\/wp\/v2\/pages\/7361","targetHints":{"allow":["GET"]}}],"collection":[{"href":"https:\/\/hsb1846.de\/en\/wp-json\/wp\/v2\/pages"}],"about":[{"href":"https:\/\/hsb1846.de\/en\/wp-json\/wp\/v2\/types\/page"}],"author":[{"embeddable":true,"href":"https:\/\/hsb1846.de\/en\/wp-json\/wp\/v2\/users\/1"}],"replies":[{"embeddable":true,"href":"https:\/\/hsb1846.de\/en\/wp-json\/wp\/v2\/comments?post=7361"}],"version-history":[{"count":3,"href":"https:\/\/hsb1846.de\/en\/wp-json\/wp\/v2\/pages\/7361\/revisions"}],"predecessor-version":[{"id":7450,"href":"https:\/\/hsb1846.de\/en\/wp-json\/wp\/v2\/pages\/7361\/revisions\/7450"}],"up":[{"embeddable":true,"href":"https:\/\/hsb1846.de\/en\/wp-json\/wp\/v2\/pages\/4930"}],"wp:attachment":[{"href":"https:\/\/hsb1846.de\/en\/wp-json\/wp\/v2\/media?parent=7361"}],"curies":[{"name":"wp","href":"https:\/\/api.w.org\/{rel}","templated":true}]}}