{"id":7371,"date":"2022-08-03T11:04:53","date_gmt":"2022-08-03T09:04:53","guid":{"rendered":"https:\/\/2022.hsb1846.de\/?page_id=7371"},"modified":"2022-08-04T10:52:28","modified_gmt":"2022-08-04T08:52:28","slug":"sporttheater-geschichte","status":"publish","type":"page","link":"https:\/\/hsb1846.de\/en\/home\/abteilungen\/kinder-in-bewegung\/sporttheater-heidenheim\/sporttheater-geschichte\/","title":{"rendered":"Sporttheater Geschichte"},"content":{"rendered":"<div style=\"height:50px\" aria-hidden=\"true\" class=\"wp-block-spacer\"><\/div>\n\n\n\n<h1 class=\"wp-block-heading\">Unsere Geschichte<\/h1>\n\n\n\n<div style=\"height:50px\" aria-hidden=\"true\" class=\"wp-block-spacer\"><\/div>\n\n\n\n<div class=\"wp-block-group alignfull has-background\" style=\"background-color:#02147e\"><div class=\"wp-block-group__inner-container is-layout-flow wp-block-group-is-layout-flow\">\n<div style=\"height:70px\" aria-hidden=\"true\" class=\"wp-block-spacer\"><\/div>\n\n\n\n<div class=\"wp-block-columns alignwide are-vertically-aligned-center is-layout-flex wp-container-core-columns-is-layout-9d6595d7 wp-block-columns-is-layout-flex\">\n<div class=\"wp-block-column is-layout-flow wp-block-column-is-layout-flow\" style=\"flex-basis:10%\">\n<p class=\"has-text-align-right has-white-color has-text-color\" style=\"font-size:25px;font-style:normal;font-weight:100\"><strong>1991<\/strong><\/p>\n<\/div>\n\n\n\n<div class=\"wp-block-column is-layout-flow wp-block-column-is-layout-flow\">\n<hr class=\"wp-block-separator has-text-color has-white-color has-css-opacity has-white-background-color has-background is-style-wide\"\/>\n<\/div>\n<\/div>\n\n\n\n<div class=\"wp-block-columns alignwide is-layout-flex wp-container-core-columns-is-layout-9d6595d7 wp-block-columns-is-layout-flex\">\n<div class=\"wp-block-column is-layout-flow wp-block-column-is-layout-flow\" style=\"flex-basis:190px\"><\/div>\n\n\n\n<div class=\"wp-block-column is-layout-flow wp-block-column-is-layout-flow\">\n<p class=\"has-white-color has-text-color\">Urspr\u00fcnglich war das im Jahr 1991 gegr\u00fcndete Sporttheater eine Arbeitsgemeinschaft f\u00fcr Sch\u00fclerinnen und Sch\u00fcler der Ostschule. Ziel war es, eine Verbindung zwischen Sport und Theater zu schaffen und m\u00f6glichst vielen Kindern die Welt des Theaters und des Sports, der Bewegung zu er\u00f6ffnen. Das Schattenspiel und Bewegungsgeschichten mit Musik waren f\u00fcr uns das daf\u00fcr geeignete Mittel. So entstanden zu Beginn unserer Arbeit kleine Menschenschattenspiele und Showteile, die bei Schulveranstaltungen und bei kleineren Festen aufgef\u00fchrt wurden. Eine erste abendf\u00fcllende Show war dann ein afrikanischer Abend, bei dem neben den damaligen aktiven Sporttheaterkindern (25) noch 60 weitere Grundschulkinder als \u201eAffen&#8220; eingesetzt wurden.<br><\/p>\n\n\n\n<p class=\"has-white-color has-text-color\">Ein Jahr sp\u00e4ter standen dann 25 Kinder mit \u201eEin Mond f\u00fcr Prinzessin Nasheda&#8220;, dem ersten gro\u00dfen Menschenschatten-Theaterst\u00fcck auf der B\u00fchne.<br><\/p>\n\n\n\n<p class=\"has-white-color has-text-color\">Begleitend zu diesem orientalischen M\u00e4rchen wurden orientalische T\u00e4nze und erste kleinere akrobatische \u00dcbungen in Bewegungsgeschichten dargestellt.<\/p>\n<\/div>\n\n\n\n<div class=\"wp-block-column is-layout-flow wp-block-column-is-layout-flow\" style=\"flex-basis:25px\"><\/div>\n<\/div>\n\n\n\n<div style=\"height:70px\" aria-hidden=\"true\" class=\"wp-block-spacer\"><\/div>\n<\/div><\/div>\n\n\n\n<div style=\"height:50px\" aria-hidden=\"true\" class=\"wp-block-spacer\"><\/div>\n\n\n\n<div style=\"height:50px\" aria-hidden=\"true\" class=\"wp-block-spacer\"><\/div>\n\n\n\n<div class=\"wp-block-group alignfull has-background\" style=\"background-color:#02147e\"><div class=\"wp-block-group__inner-container is-layout-flow wp-block-group-is-layout-flow\">\n<div style=\"height:70px\" aria-hidden=\"true\" class=\"wp-block-spacer\"><\/div>\n\n\n\n<div class=\"wp-block-columns alignwide are-vertically-aligned-center is-layout-flex wp-container-core-columns-is-layout-9d6595d7 wp-block-columns-is-layout-flex\">\n<div class=\"wp-block-column is-layout-flow wp-block-column-is-layout-flow\" style=\"flex-basis:10%\">\n<p class=\"has-text-align-right has-white-color has-text-color\" style=\"font-size:25px;font-style:normal;font-weight:100\"><strong>1994<\/strong><\/p>\n<\/div>\n\n\n\n<div class=\"wp-block-column is-layout-flow wp-block-column-is-layout-flow\">\n<hr class=\"wp-block-separator has-text-color has-white-color has-css-opacity has-white-background-color has-background is-style-wide\"\/>\n<\/div>\n<\/div>\n\n\n\n<div class=\"wp-block-columns alignwide is-layout-flex wp-container-core-columns-is-layout-9d6595d7 wp-block-columns-is-layout-flex\">\n<div class=\"wp-block-column is-layout-flow wp-block-column-is-layout-flow\" style=\"flex-basis:190px\"><\/div>\n\n\n\n<div class=\"wp-block-column is-layout-flow wp-block-column-is-layout-flow\">\n<p class=\"has-white-color has-text-color\">Von 1994 an entstanden im Laufe von 1 bis 2 Jahren immer wieder Menschenschattentheaterst\u00fccke, die sich anf\u00e4nglich mit Inhalten f\u00fcr Grundschulkinder befassten, bald aber den Anspruch hatten auch Jugendlichen einen interessanten Theaterabend zu bieten.<br><\/p>\n\n\n\n<p class=\"has-white-color has-text-color\">Dieser Anspruch kam auch durch die Ver\u00e4nderung innerhalb der Sporttheatergruppe zustande. Die anf\u00e4ngliche Beschr\u00e4nkung auf Kinder der Ostschule musste erweitert werden, denn Kinder, die nach der Grundschulzeit die Ostschule verlie\u00dfen, wollten dem Sporttheater weiter treu bleiben. Dieses wurde m\u00f6glich durch die Kooperation der Ostschule mit dem Heidenheimer Sportbund. Dieser Kooperation schloss sich zuerst das Schillergymnasium an. Im Laufe der Jahre wurden neue Kooperationsschulen gewonnen. Im 4. Jahr nach der Gr\u00fcndung hatten wir Kinder aus unterschiedlichen Schulen der Stadt im Alter von 6 bis 15 Jahren.<br><\/p>\n\n\n\n<p class=\"has-white-color has-text-color\">Im Schattentheater standen in den Folgejahren St\u00fccke zum Thema Mittelalter im Vordergrund. Hier war \u201eDie schwarze Spinne&#8220; von Jeremias Gotthelf der erste wirklich \u201eernsthafte&#8220; Stoff. Die Trilogie des \u201eRattenf\u00e4ngers&#8220; brachte uns die ersten Auszeichnungen bei Theatertreffen ein. 30 Grundschulkinder spielten den Rattenf\u00e4nger nach der gleichnamigen Sage und 30 weitere Haupt-, Real- und Gymnasialsch\u00fcler spielten den \u201eRattenf\u00e4nger&#8220; nach dem Lied von Hannes Wader und nach einem Text von Rafik Shami.<br><\/p>\n\n\n\n<p class=\"has-white-color has-text-color\">Neben dem Schattenspiel ging es auch \u201esportlich&#8220; voran. Verschiedene Tanzgruppen f\u00fchrten T\u00e4nze mit unterschiedlichen Schwerpunkten auf (Breakdance, orientalischer Tanz, Showt\u00e4nze nach moderner Musik usw.) . Eine Akrobatikgruppe und eine erste Einradgruppe entstand. Um noch mehr Abwechslung in den Proben- bzw. Trainingstag zu bekommen wurden die ersten Jonglierger\u00e4te angeschafft.<br><\/p>\n\n\n\n<p class=\"has-white-color has-text-color\">Im Schattenspiel kam es zur Zusammenarbeit mit Amnesty International. Das Thema \u201eFolter&#8220; und \u201eVerschwinden&#8220; wurde aufgegriffen und zum \u201eTag der Menschenrechte&#8220; in einer Kirche aufgef\u00fchrt.<\/p>\n<\/div>\n\n\n\n<div class=\"wp-block-column is-layout-flow wp-block-column-is-layout-flow\" style=\"flex-basis:25px\"><\/div>\n<\/div>\n\n\n\n<div style=\"height:70px\" aria-hidden=\"true\" class=\"wp-block-spacer\"><\/div>\n<\/div><\/div>\n\n\n\n<div style=\"height:50px\" aria-hidden=\"true\" class=\"wp-block-spacer\"><\/div>\n\n\n\n<div class=\"wp-block-group alignfull has-background\" style=\"background-color:#02147e\"><div class=\"wp-block-group__inner-container is-layout-flow wp-block-group-is-layout-flow\">\n<div style=\"height:70px\" aria-hidden=\"true\" class=\"wp-block-spacer\"><\/div>\n\n\n\n<div class=\"wp-block-columns alignwide are-vertically-aligned-center is-layout-flex wp-container-core-columns-is-layout-9d6595d7 wp-block-columns-is-layout-flex\">\n<div class=\"wp-block-column is-layout-flow wp-block-column-is-layout-flow\" style=\"flex-basis:10%\">\n<p class=\"has-text-align-right has-white-color has-text-color\" style=\"font-size:25px;font-style:normal;font-weight:100\"><strong>2007<\/strong><\/p>\n<\/div>\n\n\n\n<div class=\"wp-block-column is-layout-flow wp-block-column-is-layout-flow\">\n<hr class=\"wp-block-separator has-text-color has-white-color has-css-opacity has-white-background-color has-background is-style-wide\"\/>\n<\/div>\n<\/div>\n\n\n\n<div class=\"wp-block-columns alignwide is-layout-flex wp-container-core-columns-is-layout-9d6595d7 wp-block-columns-is-layout-flex\">\n<div class=\"wp-block-column is-layout-flow wp-block-column-is-layout-flow\" style=\"flex-basis:190px\"><\/div>\n\n\n\n<div class=\"wp-block-column is-layout-flow wp-block-column-is-layout-flow\">\n<p class=\"has-white-color has-text-color\">\u00dcber \u201eAnnas Geschichte&#8220; von Urs Fiechtner (ebenfalls ein Projekt mit ai) kam es dann 2007 zum H\u00f6hepunkt unseres Schattentheaterschaffens: Auf Wunsch unserer \u201eGro\u00dfen&#8220; stand mit \u201eHerzsprung&#8220; der \u201eMissbrauch&#8220; als Thema an.<br><\/p>\n\n\n\n<p class=\"has-white-color has-text-color\">Dieses viel beachtete St\u00fcck wurde von einer Jury ausgew\u00e4hlt um beim Schultheater der L\u00e4nder das Land Baden W\u00fcrttemberg zu vertreten. Mit dieser Nominierung und dem einw\u00f6chigen Aufenthalt in Wolfsburg war der H\u00f6hepunkt des Schattenspiels erreicht.<br><\/p>\n\n\n\n<p class=\"has-white-color has-text-color\">Mit dem Jahr 2007 kam es auch zur gro\u00dfen Wende innerhalb des Sporttheaters. War bis zu diesem Jahr das Schattenspiel immer etwas vorrangig, kamen pl\u00f6tzlich viele Kinder ausschlie\u00dflich wegen des \u201eZirkussports&#8220;. Und so kam es 2009 zum ersten gro\u00dfen Zirkusprojekt!<br><\/p>\n\n\n\n<p class=\"has-white-color has-text-color\">Zusammen mit dem Zirkus Zappzarap aus Leverkusen veranstalteten wir eine Zirkuswoche, die mit insgesamt 4 Shows abgeschlossen wurde. Neben den Sportheaterkindern waren noch weitere 50 Kinder beteiligt, so dass zum Ferienende 110 Kinder eine tolle Woche im Zirkuszelt erleben durften.<br><\/p>\n\n\n\n<p class=\"has-white-color has-text-color\">Die intensive Trainingswoche, das Erlebnis Zirkus f\u00fchrte nicht nur zu einem vermehrten \u201eRun&#8220; in unsere Trainingsstunden, sondern auch zu dem Wunsch noch mehr Zirkusk\u00fcnste zu erm\u00f6glichen.<br><\/p>\n\n\n\n<p class=\"has-white-color has-text-color\">So wurde als neues Ziel das Jubil\u00e4umsjahr 2011 (20 Jahre) angepeilt, das ebenfalls mit einem Zirkusprojekt &#8211; aber nur f\u00fcr Sporttheaterkinder &#8211; gefeiert werden sollte. Schon im Vorfeld kam es zu mehreren Wochenend-Workshops mit Zirkusleuten des Zirkus Zappzarap.<br><\/p>\n\n\n\n<p class=\"has-white-color has-text-color\">Inzwischen war eine gro\u00dfe \u201eFeuergruppe&#8220; entstanden: Stelzenl\u00e4ufer\/innen die mit Feuerst\u00e4ben jonglierte, Jongleuren mit Feuerkeulen, Feuerpois, Feuerb\u00e4lle usw.<\/p>\n<\/div>\n\n\n\n<div class=\"wp-block-column is-layout-flow wp-block-column-is-layout-flow\" style=\"flex-basis:25px\"><\/div>\n<\/div>\n\n\n\n<div style=\"height:70px\" aria-hidden=\"true\" class=\"wp-block-spacer\"><\/div>\n<\/div><\/div>\n\n\n\n<div style=\"height:50px\" aria-hidden=\"true\" class=\"wp-block-spacer\"><\/div>\n\n\n\n<div class=\"wp-block-group alignfull has-background\" style=\"background-color:#02147e\"><div class=\"wp-block-group__inner-container is-layout-flow wp-block-group-is-layout-flow\">\n<div style=\"height:70px\" aria-hidden=\"true\" class=\"wp-block-spacer\"><\/div>\n\n\n\n<div class=\"wp-block-columns alignwide are-vertically-aligned-center is-layout-flex wp-container-core-columns-is-layout-9d6595d7 wp-block-columns-is-layout-flex\">\n<div class=\"wp-block-column is-layout-flow wp-block-column-is-layout-flow\" style=\"flex-basis:10%\">\n<p class=\"has-text-align-right has-white-color has-text-color\" style=\"font-size:25px;font-style:normal;font-weight:100\"><strong>2010<\/strong><\/p>\n<\/div>\n\n\n\n<div class=\"wp-block-column is-layout-flow wp-block-column-is-layout-flow\">\n<hr class=\"wp-block-separator has-text-color has-white-color has-css-opacity has-white-background-color has-background is-style-wide\"\/>\n<\/div>\n<\/div>\n\n\n\n<div class=\"wp-block-columns alignwide is-layout-flex wp-container-core-columns-is-layout-9d6595d7 wp-block-columns-is-layout-flex\">\n<div class=\"wp-block-column is-layout-flow wp-block-column-is-layout-flow\" style=\"flex-basis:190px\"><\/div>\n\n\n\n<div class=\"wp-block-column is-layout-flow wp-block-column-is-layout-flow\">\n<p class=\"has-white-color has-text-color\">Ein ganz anderes Projekt starteten wir im Jahr 2010 anl\u00e4sslich der Landesliteraturtage in Heidenheim. Da die Landesliteraturtage unter dem Motto \u201ePapier&#8220; standen, wurden in ca. 3000 (!!) Stunden Papierkost\u00fcme f\u00fcr insgesamt 22 Stelzenl\u00e4uferinnen und Stelzenl\u00e4ufer hergestellt. Diese traten dann bei verschiedenen Veranstaltungen im Rahmen der Literaturtage auf.<br><\/p>\n\n\n\n<p class=\"has-white-color has-text-color\">Als dann im September 2011 der \u201eJubil\u00e4umszirkus&#8220; mit fast 70 Aktiven \u00fcber die B\u00fchne ging, waren so viele Nummern entstanden, dass 2 unterschiedliche 2-st\u00fcndige Shows zur Auff\u00fchrung kamen.<br><\/p>\n\n\n\n<p class=\"has-white-color has-text-color\">Neuste Zirkusk\u00fcnste sind seit diesem Zirkusspektakel Vertikalt\u00fccher und Trapez. Da wir inzwischen den Leistungen unserer Kinder kaum noch gerecht werden k\u00f6nnen, verpflichten wir ca. einmal im \u00bc Jahr Profi-Artisten, die in Wochenendworkshops unsere Kinder voran<br>bringen.<br><\/p>\n\n\n\n<p class=\"has-white-color has-text-color\">Z. Zt. kommen die ca. 80 Akteure des Sporttheaters aus 18 verschiedenen Schulen. Aber nicht alle unserer Sporttheaterkinder kommen aus einer der Kooperationsschulen. Einige haben uns auch \u00fcber den Heidenheimer Sportbund (hsb) kennen gelernt. Auch Kinder aus Kinderg\u00e4rten &#8211; so sie Mitglieder des hsb bzw. Kinder des \u201eBildungshauses 3 -10&#8243; (Projekt der Ostschule mit dem Kindergarten Kapellenstra\u00dfe) sind und schon \u00e4ltere Geschwister bei uns mit dabei sind &#8211; findet man bei uns. So ist unser j\u00fcngstes Kind gerade 6 und das \u00e4lteste 18 Jahre.<br><\/p>\n\n\n\n<p class=\"has-white-color has-text-color\">Bereichert wird unsere vielk\u00f6pfige Gruppe durch die Mischung unterschiedlichster Kulturen und \u2013 wie aus dem oben Geschriebenen erkenntlich wird &#8211; unterschiedlichster Altersgruppen.<br><\/p>\n\n\n\n<p class=\"has-white-color has-text-color\">Dadurch erreichen wir: \u201eGro\u00df und Klein&#8220; hilft einander &#8211; \u201eGro\u00df und Klein&#8220; lernt von einander &#8211; egal woher man kommt! Darauf sind wir stolz!<br><\/p>\n\n\n\n<p class=\"has-white-color has-text-color\">Froh sind wir \u00fcber die vielen Helferinnen und Helfer bei unseren \u00dcbungsstunden, bei Veranstaltungen, beim Altpapiersammeln, beim Kost\u00fcme schneidern usw. Ohne diese vielen helfenden H\u00e4nde w\u00e4re unser Sporttheater nicht m\u00f6glich.<br><\/p>\n\n\n\n<p class=\"has-white-color has-text-color\">Besonders stolz sind wir auf die lange Zugeh\u00f6rigkeit unserer Kinder zum Sporttheater. Die durchschnittliche Verweildauer d\u00fcrfte bei ca. 3 Jahren liegen. Wir haben Kinder, die uns seit \u00fcber 10 Jahren die Treue halten.<br><\/p>\n\n\n\n<p class=\"has-white-color has-text-color\">In das neue Schuljahr 2013\/14 starten wir schon in der letzten Ferienwoche der Sommerferien. Hier steht ein einw\u00f6chiges Zirkusprojekt mit vielen Workshops und abschlie\u00dfenden Zirkusvorstellungen auf dem Programm.<\/p>\n<\/div>\n\n\n\n<div class=\"wp-block-column is-layout-flow wp-block-column-is-layout-flow\" style=\"flex-basis:25px\"><\/div>\n<\/div>\n\n\n\n<div style=\"height:70px\" aria-hidden=\"true\" class=\"wp-block-spacer\"><\/div>\n<\/div><\/div>\n\n\n\n<div style=\"height:50px\" aria-hidden=\"true\" class=\"wp-block-spacer\"><\/div>\n\n\n\n<h2 class=\"wp-block-heading\">Sporttheater begeistert \u00fcber 400 Zuschauer<\/h2>\n\n\n\n<div style=\"height:50px\" aria-hidden=\"true\" class=\"wp-block-spacer\"><\/div>\n\n\n\n<figure class=\"wp-block-gallery has-nested-images columns-default is-cropped wp-block-gallery-1 is-layout-flex wp-block-gallery-is-layout-flex\">\n<figure class=\"wp-block-image size-large\"><a href=\"https:\/\/2022.hsb1846.de\/wp-content\/uploads\/2022\/08\/jubil__umsgla_engel_luzi_linder_charlotte_rieger_170316.jpg\"><img loading=\"lazy\" decoding=\"async\" width=\"1200\" height=\"800\" data-id=\"7408\" src=\"https:\/\/2022.hsb1846.de\/wp-content\/uploads\/2022\/08\/jubil__umsgla_engel_luzi_linder_charlotte_rieger_170316.jpg\" alt=\"\" class=\"wp-image-7408\" srcset=\"https:\/\/hsb1846.de\/wp-content\/uploads\/2022\/08\/jubil__umsgla_engel_luzi_linder_charlotte_rieger_170316.jpg 1200w, https:\/\/hsb1846.de\/wp-content\/uploads\/2022\/08\/jubil__umsgla_engel_luzi_linder_charlotte_rieger_170316-300x200.jpg 300w, https:\/\/hsb1846.de\/wp-content\/uploads\/2022\/08\/jubil__umsgla_engel_luzi_linder_charlotte_rieger_170316-768x512.jpg 768w\" sizes=\"auto, (max-width: 1200px) 100vw, 1200px\" \/><\/a><figcaption>Vertrauen ist die Grundlage f\u00fcr <br>die Akrobatik am Vertikaltuch<\/figcaption><\/figure>\n\n\n\n<figure class=\"wp-block-image size-full\"><a href=\"https:\/\/2022.hsb1846.de\/wp-content\/uploads\/2022\/08\/neun_kinder__vier_leitern_und_jede_menge____bung.jpg\"><img loading=\"lazy\" decoding=\"async\" width=\"1200\" height=\"801\" data-id=\"7391\" src=\"https:\/\/2022.hsb1846.de\/wp-content\/uploads\/2022\/08\/neun_kinder__vier_leitern_und_jede_menge____bung.jpg\" alt=\"\" class=\"wp-image-7391\" srcset=\"https:\/\/hsb1846.de\/wp-content\/uploads\/2022\/08\/neun_kinder__vier_leitern_und_jede_menge____bung.jpg 1200w, https:\/\/hsb1846.de\/wp-content\/uploads\/2022\/08\/neun_kinder__vier_leitern_und_jede_menge____bung-300x200.jpg 300w, https:\/\/hsb1846.de\/wp-content\/uploads\/2022\/08\/neun_kinder__vier_leitern_und_jede_menge____bung-768x513.jpg 768w\" sizes=\"auto, (max-width: 1200px) 100vw, 1200px\" \/><\/a><figcaption>Neun Kinder \u2013 vier Leitern <br>und ganz viel \u00dcbung!<\/figcaption><\/figure>\n<\/figure>\n\n\n\n<div style=\"height:50px\" aria-hidden=\"true\" class=\"wp-block-spacer\"><\/div>\n\n\n\n<p class=\"has-background\" style=\"background-color:#f6f6f6\">Die Premiere des Heidenheimer Sporttheaters am Freitagabend brachte die Turnhalle der Ostschule an den Rand ihrer Hallenkapazit\u00e4t. Dort, wo sonst die Sch\u00fcler der Ostschule Sportunterricht haben, war eine Manege aufgebaut, auf den Zuschauerr\u00e4ngen sa\u00df dicht gedr\u00e4ngt das Premierenpublikum. Zwei weitere Vorstellungen am Samstag waren ebenfalls gut besucht. Allerdings kamen nur die Premiereng\u00e4ste in den Genuss einer Feuershow vor der Sporthalle.<br>Unter den G\u00e4sten der Premiere am Freitagabend befand sich auch hsb-Vorsitzender Dr. Volker Wiedenmann. Das Sporttheater Heidenheim ist im hsb angesiedelt und wird von dem Lehrerehepaar Angelika und Klaus Hensolt ehrenamtlich geleitet. Die Auff\u00fchrungen waren der Abschluss der Zirkuswoche, die im Rahmen des Ferienprogramms von \u201eKinder in Bewegung&#8220; stattfand. Diese Zirkuswoche mit den Vorf\u00fchrungen ist f\u00fcr viele Kinder ein Highlight und Lohn f\u00fcr das kontinuierliche Training unterm Jahr.<br>Auch dieses Jahr war wieder der Projektzirkus ZappZarap aus Leverkusen Kooperationspartner. Maren Cremer, die Chefin der Truppe, nach der Vorstellung: \u201eIch bin bei zahlreichen Projekten in ganz Deutschland dabei. Heidenheim unterscheidet sich von den anderen St\u00e4dten dadurch, dass nicht nur in einer Ferienwoche trainiert wird, sondern das ganze Jahr. Dadurch erreichen die Shows ein Niveau, das wirklich beachtlich ist.&#8220; F\u00fcr Cremer ist es der f\u00fcnfte Aufenthalt in Heidenheim und die dritte Zirkusferienwoche gemeinsam mit dem Sporttheater.<br>Nicht nur bei den gut besuchten Auff\u00fchrungen lag eine besondere Atmosph\u00e4re in der Luft, auch bei der Trainingswoche herrschte laut Ehepaar Hensolt, eine durchweg gute Atmosph\u00e4re. \u201eStreit gab es eigentlich nie&#8220;, so Klaus Hensolt, was angesichts dem anspruchsvollen Training, der Abstimmung eines verbindlichen Ablaufs und einer Altersspanne von sechs bis 17 Jahren ein Wunder scheint.<br>Der gute Umgang aller Kinder miteinander wurde bei den Auff\u00fchrungen sichtbar. Ein Schulterblick stellt sicher, dass der andere Artist noch mit im Boot ist, eine helfende Hand findet sich an jeder Ecke. Wenn eine Achtj\u00e4hrige auf den Schultern einer 12-j\u00e4hrigen steht, w\u00e4hrend diese auf einem Drahtseil balanciert oder bei den Akrobatiknummern man nur mit einem Fu\u00df mit der Partnerin verbunden ist, dann geh\u00f6rt dazu Training und Vertrauen.<br>Geboten wurde Akrobatik in aller Vielfalt. Ob am Trapez oder Ring, mit Leitern, auf dem Drahtseil, mit Laufkugeln und Rola-Bola, auf Stelzen oder Einrad. Charakterisierend war, dass alle Show-Teile gemeinsam in einer Gruppe vorgef\u00fchrt wurden \u2013 Einzeldarbietungen waren nicht zu sehen.<br>Das Jonglieren mit drei Diabolos freilich ist eine Kunst, die nur einer der Jugendlichen vorf\u00fchrt. Er ist damit einer von 20 Diabolo-K\u00fcnstlern in Baden-W\u00fcrttemberg, der diese hohe Kunst beherrscht. Er gibt im Sporttheater sein K\u00f6nnen an die J\u00fcngeren weiter.<br>Zauberer, Clowns und Fakire brachten das Publikum zum Staunen und den einen oder anderen Artisten zum Verschwinden. Ein eher ruhigerer Part waren die Poi-K\u00fcnstler, die mit leuchtenden Pois in der abgedunkelten Halle eine Choreographie vorf\u00fchrten, die das Publikum verzauberte.<br>Eine Show an den Vertikalt\u00fcchern bildete den Abschluss der zweist\u00fcndigen Zirkusvorf\u00fchrung. Acht Akrobatinnen in einer aufeinander abgestimmten Show, zu einer Musik, die vom Zirkusorchester live gespielt wurde.<br>Das Orchester begleitete einige der Darbietungen und als zum Auftakt des zweiten Teils die Titelmelodie von Mary Poppins erklang, erkennt man, dass unter den Geigern auch Akrobaten sitzen. Ein genauer Ablaufplan sichert, dass alle zur richtigen Zeit im richtigen Kost\u00fcm an der richtigen Stelle sind. \u201eZur Not wird durch den Garten des Hausmeisters abgek\u00fcrzt&#8220; erkl\u00e4rt eine Akrobatin verschmitzt. \u201eW\u00e4hrend der Schulzeit ist dort das Betreten n\u00e4mlich strengstens verboten.&#8220;<br>Es sind die kleinen feinen Dinge, die diesen Zirkus so besonders machen. Da geht eine Nummer charmant in die andere \u00fcber, hochwertige Kost\u00fcme und Akrobatik-Utensilien geben einen professionellen Rahmen, sechs reizende Clowns moderieren unterhaltsam die Show.<br>Um das Ferienprogramm auf die Beine zu stellen, war neben der professionellen Begleitung auch viel \u2013 sehr viel Engagement notwendig. Lehrkr\u00e4fte der Ostschule, Eltern und viele andere sorgten daf\u00fcr, dass passende Kost\u00fcme da waren, die Versorgung der immer hungrigen Kinder mit Nahrung gegeben war oder zahlreiche Flechtfrisuren zur Premiere entstanden.<\/p>\n\n\n\n<p class=\"has-background\" style=\"background-color:#f6f6f6\">Und was sagen die Kinder \u00fcber die Zirkuswoche? Helena, 13 Jahre alt fand am besten das Trainieren mit den Freunden, \u201elangweilig war es nur, wenn wir zum Frischlufttanken vor die T\u00fcr geschickt wurden.&#8220; Sie hat mit ihrer Freundin eine Synchron-Nummer am Trapez vorgef\u00fchrt. T\u00e4glich von 9 bis 16 Uhr trainierten die 60 Kinder von Montag bis Freitag. Die Profis haben Tipps gegeben und gemeinsam mit den Kindern und Jugendlichen die Nummern trainiert und vorstellungsreif gemacht.<br>Und das Publikum? Eine \u00e4ltere Dame, die ihre Enkelin bestaunte: \u201eSeilspringen und Hula-Hopp kennen wir ja noch aus unserer Jugend, aber was die damit machen, sagenhaft!&#8220; Ein junger Mann: \u201eJedes Kind hat seinen Platz gefunden und kann sein Talent entfalten.&#8220;<br>Damit hat der Besucher den Kerngedanken des Sporttheaters erfasst. Bleibt abzuwarten, ob sein zweij\u00e4hriger Sohn sich von den Nachbarskindern anstecken l\u00e4sst und auch mal ein Sporttheater-Kind wird.<\/p>\n\n\n\n<div style=\"height:50px\" aria-hidden=\"true\" class=\"wp-block-spacer\"><\/div>","protected":false},"excerpt":{"rendered":"<p>Unsere Geschichte 1991 Urspr\u00fcnglich war das im Jahr 1991 gegr\u00fcndete Sporttheater eine Arbeitsgemeinschaft f\u00fcr Sch\u00fclerinnen und Sch\u00fcler der Ostschule. Ziel war es, eine Verbindung zwischen Sport und Theater zu schaffen und m\u00f6glichst vielen Kindern die Welt des Theaters und des Sports, der Bewegung zu er\u00f6ffnen. Das Schattenspiel und Bewegungsgeschichten mit Musik waren f\u00fcr uns das [&hellip;]<\/p>\n","protected":false},"author":1,"featured_media":0,"parent":7369,"menu_order":0,"comment_status":"closed","ping_status":"closed","template":"","meta":{"footnotes":""},"class_list":["post-7371","page","type-page","status-publish","hentry"],"aioseo_notices":[],"_links":{"self":[{"href":"https:\/\/hsb1846.de\/en\/wp-json\/wp\/v2\/pages\/7371","targetHints":{"allow":["GET"]}}],"collection":[{"href":"https:\/\/hsb1846.de\/en\/wp-json\/wp\/v2\/pages"}],"about":[{"href":"https:\/\/hsb1846.de\/en\/wp-json\/wp\/v2\/types\/page"}],"author":[{"embeddable":true,"href":"https:\/\/hsb1846.de\/en\/wp-json\/wp\/v2\/users\/1"}],"replies":[{"embeddable":true,"href":"https:\/\/hsb1846.de\/en\/wp-json\/wp\/v2\/comments?post=7371"}],"version-history":[{"count":14,"href":"https:\/\/hsb1846.de\/en\/wp-json\/wp\/v2\/pages\/7371\/revisions"}],"predecessor-version":[{"id":7515,"href":"https:\/\/hsb1846.de\/en\/wp-json\/wp\/v2\/pages\/7371\/revisions\/7515"}],"up":[{"embeddable":true,"href":"https:\/\/hsb1846.de\/en\/wp-json\/wp\/v2\/pages\/7369"}],"wp:attachment":[{"href":"https:\/\/hsb1846.de\/en\/wp-json\/wp\/v2\/media?parent=7371"}],"curies":[{"name":"wp","href":"https:\/\/api.w.org\/{rel}","templated":true}]}}