{"id":7631,"date":"2024-07-23T23:39:33","date_gmt":"2024-07-23T21:39:33","guid":{"rendered":"https:\/\/2022.hsb1846.de\/?page_id=7631"},"modified":"2025-09-22T16:48:24","modified_gmt":"2025-09-22T14:48:24","slug":"trainingstermine-tischtennis","status":"publish","type":"page","link":"https:\/\/hsb1846.de\/en\/home\/abteilungen\/tischtennis\/trainingstermine-tischtennis\/","title":{"rendered":"Trainingstermine Tischtennis"},"content":{"rendered":"<div style=\"height:50px\" aria-hidden=\"true\" class=\"wp-block-spacer\"><\/div>\n\n\n\n<h2 class=\"wp-block-heading\">Unsere Trainingszeiten<\/h2>\n\n\n\n<div style=\"height:50px\" aria-hidden=\"true\" class=\"wp-block-spacer\"><\/div>\n\n\n\n<p class=\"has-white-color has-text-color has-background has-medium-font-size\" style=\"background-color:#02147e\">Das Spielniveau ist breit, somit k\u00f6nnen Anf\u00e4nger sowie Fortgeschrittene gerne bei uns reinschnuppern. Besonders freuen wir uns \u00fcber Kinder und Jugendliche, die Spa\u00df am Sport haben oder diesen gerne entdecken m\u00f6chten.<\/p>\n\n\n\n<p><\/p>\n\n\n\n<table id=\"tablepress-13\" class=\"tablepress tablepress-id-13\">\n<tbody class=\"row-striping row-hover\">\n<tr class=\"row-1\">\n\t<td class=\"column-1\">Wochentag<\/td><td class=\"column-2\">Uhrzeit<\/td><td class=\"column-3\">Altersstufe<\/td><td class=\"column-4\">Trainingsort<\/td>\n<\/tr>\n<tr class=\"row-2\">\n\t<td class=\"column-1\">Dienstag<\/td><td class=\"column-2\">18:00 - 19:30<\/td><td class=\"column-3\">Jugend<\/td><td class=\"column-4\">Schillergymnasium<br \/>\nB\u00fchlturnhalle                       <br \/>\nB\u00fchlstrasse 24<\/td>\n<\/tr>\n<tr class=\"row-3\">\n\t<td class=\"column-1\">Dienstag<\/td><td class=\"column-2\">19:30 - 21:30<\/td><td class=\"column-3\">Aktive<\/td><td class=\"column-4\">Schillergymnasium<br \/>\nB\u00fchlturnhalle                       <br \/>\nB\u00fchlstrasse 24<\/td>\n<\/tr>\n<tr class=\"row-4\">\n\t<td class=\"column-1\">Donnerstag<\/td><td class=\"column-2\">18:00 - 19:30<\/td><td class=\"column-3\">Jugend<\/td><td class=\"column-4\">Schillergymnasium<br \/>\nB\u00fchlturnhalle                       <br \/>\nB\u00fchlstrasse 24<\/td>\n<\/tr>\n<tr class=\"row-5\">\n\t<td class=\"column-1\">Donnerstag<\/td><td class=\"column-2\">19:30 - 21:30<\/td><td class=\"column-3\">Aktive<\/td><td class=\"column-4\">Schillergymnasium<br \/>\nB\u00fchlturnhalle                       <br \/>\nB\u00fchlstrasse 24<\/td>\n<\/tr>\n<\/tbody>\n<\/table>\n<!-- #tablepress-13 from cache -->\n\n\n\n<div style=\"height:50px\" aria-hidden=\"true\" class=\"wp-block-spacer\"><\/div>","protected":false},"excerpt":{"rendered":"<p>Unsere Trainingszeiten Das Spielniveau ist breit, somit k\u00f6nnen Anf\u00e4nger sowie Fortgeschrittene gerne bei uns reinschnuppern. Besonders freuen wir uns \u00fcber Kinder und Jugendliche, die Spa\u00df am Sport haben oder diesen gerne entdecken m\u00f6chten.<\/p>","protected":false},"author":1,"featured_media":17108,"parent":4427,"menu_order":17,"comment_status":"closed","ping_status":"closed","template":"","meta":{"footnotes":""},"class_list":["post-7631","page","type-page","status-publish","has-post-thumbnail","hentry"],"aioseo_notices":[],"_links":{"self":[{"href":"https:\/\/hsb1846.de\/en\/wp-json\/wp\/v2\/pages\/7631","targetHints":{"allow":["GET"]}}],"collection":[{"href":"https:\/\/hsb1846.de\/en\/wp-json\/wp\/v2\/pages"}],"about":[{"href":"https:\/\/hsb1846.de\/en\/wp-json\/wp\/v2\/types\/page"}],"author":[{"embeddable":true,"href":"https:\/\/hsb1846.de\/en\/wp-json\/wp\/v2\/users\/1"}],"replies":[{"embeddable":true,"href":"https:\/\/hsb1846.de\/en\/wp-json\/wp\/v2\/comments?post=7631"}],"version-history":[{"count":21,"href":"https:\/\/hsb1846.de\/en\/wp-json\/wp\/v2\/pages\/7631\/revisions"}],"predecessor-version":[{"id":18149,"href":"https:\/\/hsb1846.de\/en\/wp-json\/wp\/v2\/pages\/7631\/revisions\/18149"}],"up":[{"embeddable":true,"href":"https:\/\/hsb1846.de\/en\/wp-json\/wp\/v2\/pages\/4427"}],"wp:featuredmedia":[{"embeddable":true,"href":"https:\/\/hsb1846.de\/en\/wp-json\/wp\/v2\/media\/17108"}],"wp:attachment":[{"href":"https:\/\/hsb1846.de\/en\/wp-json\/wp\/v2\/media?parent=7631"}],"curies":[{"name":"wp","href":"https:\/\/api.w.org\/{rel}","templated":true}]}}