{"id":7633,"date":"2024-07-23T23:35:33","date_gmt":"2024-07-23T21:35:33","guid":{"rendered":"https:\/\/2022.hsb1846.de\/?page_id=7633"},"modified":"2025-08-07T17:25:59","modified_gmt":"2025-08-07T15:25:59","slug":"anfahrt-tischtennis","status":"publish","type":"page","link":"https:\/\/hsb1846.de\/en\/home\/abteilungen\/tischtennis\/anfahrt-tischtennis\/","title":{"rendered":"Anfahrt Tischtennis"},"content":{"rendered":"<p><strong>Training &amp; Spiellokal &#8211; <a href=\"https:\/\/www.google.de\/maps\/place\/B%C3%BChlturnhalle\/@48.6754286,10.1594338,17z\/data=!3m1!4b1!4m6!3m5!1s0x479917f381c600bd:0x6607726f30e11225!8m2!3d48.6754286!4d10.1620087!16s%2Fg%2F11fcrh783v?entry=ttu&amp;g_ep=EgoyMDI1MDgwMy4wIKXMDSoASAFQAw%3D%3D\" target=\"_blank\" rel=\"noopener\" title=\"Routenplaner B\u00fchlturnhalle\">B\u00fchlturnhalle &#8211;  Google Maps<\/a><\/strong><\/p>\n\n\n\n<p><\/p>\n\n\n\n<p><\/p>\n\n\n\n<p><strong>Spiellokal<\/strong> &#8211; <a href=\"https:\/\/www.google.de\/maps\/place\/Voith+Sportzentrum\/@48.6799239,10.1175069,17.5z\/data=!4m6!3m5!1s0x4799169cd3889a33:0x684a8123945e2913!8m2!3d48.6800533!4d10.1193295!16s%2Fg%2F11h0y_76gq?entry=ttu&amp;g_ep=EgoyMDI1MDgwNC4wIKXMDSoASAFQAw%3D%3D\" target=\"_blank\" rel=\"noopener\" title=\"Routenplaner Voith-Sportzentrum\"><strong>Voith-Sportzentrum,  Kleinfeldhalle &#8211; Google Maps<\/strong><\/a><\/p>\n\n\n\n<p><\/p>\n\n\n\n<p><\/p>\n\n\n\n<figure class=\"wp-block-image size-full\"><img loading=\"lazy\" decoding=\"async\" width=\"1023\" height=\"554\" src=\"https:\/\/hsb1846.de\/wp-content\/uploads\/2025\/02\/Buehlturnhalle-Schillergymnasium.jpg\" alt=\"\" class=\"wp-image-16810\" srcset=\"https:\/\/hsb1846.de\/wp-content\/uploads\/2025\/02\/Buehlturnhalle-Schillergymnasium.jpg 1023w, https:\/\/hsb1846.de\/wp-content\/uploads\/2025\/02\/Buehlturnhalle-Schillergymnasium-300x162.jpg 300w, https:\/\/hsb1846.de\/wp-content\/uploads\/2025\/02\/Buehlturnhalle-Schillergymnasium-768x416.jpg 768w, https:\/\/hsb1846.de\/wp-content\/uploads\/2025\/02\/Buehlturnhalle-Schillergymnasium-18x10.jpg 18w\" sizes=\"auto, (max-width: 1023px) 100vw, 1023px\" \/><\/figure>\n\n\n\n<p>\u00dcber die B466 Brenzstra\u00dfe und Theodor-Heuss-Stra\u00dfe gelangen Sie zum Kreisel am Schiller-Gymnasium, dort nehmen Sie die 1. Ausfahrt, auf der rechten Seite befindet sich ein Parkplatz . Die B\u00fchlturnhalle befindet sich auf der anderen Stra\u00dfenseite.<\/p>\n\n\n\n<p>Diese Karte wurde mit Google Maps erstellt.&nbsp;<br><br><br><\/p>\n\n\n\n<p><\/p>\n\n\n\n<p><\/p>\n\n\n\n<p><\/p>\n\n\n\n<p><\/p>","protected":false},"excerpt":{"rendered":"<p>Training &amp; Spiellokal &#8211; B\u00fchlturnhalle &#8211; Google Maps Spiellokal &#8211; Voith-Sportzentrum, Kleinfeldhalle &#8211; Google Maps \u00dcber die B466 Brenzstra\u00dfe und Theodor-Heuss-Stra\u00dfe gelangen Sie zum Kreisel am Schiller-Gymnasium, dort nehmen Sie die 1. Ausfahrt, auf der rechten Seite befindet sich ein Parkplatz . Die B\u00fchlturnhalle befindet sich auf der anderen Stra\u00dfenseite. Diese Karte wurde mit Google [&hellip;]<\/p>\n","protected":false},"author":1,"featured_media":0,"parent":4427,"menu_order":18,"comment_status":"closed","ping_status":"closed","template":"","meta":{"footnotes":""},"class_list":["post-7633","page","type-page","status-publish","hentry"],"aioseo_notices":[],"_links":{"self":[{"href":"https:\/\/hsb1846.de\/en\/wp-json\/wp\/v2\/pages\/7633","targetHints":{"allow":["GET"]}}],"collection":[{"href":"https:\/\/hsb1846.de\/en\/wp-json\/wp\/v2\/pages"}],"about":[{"href":"https:\/\/hsb1846.de\/en\/wp-json\/wp\/v2\/types\/page"}],"author":[{"embeddable":true,"href":"https:\/\/hsb1846.de\/en\/wp-json\/wp\/v2\/users\/1"}],"replies":[{"embeddable":true,"href":"https:\/\/hsb1846.de\/en\/wp-json\/wp\/v2\/comments?post=7633"}],"version-history":[{"count":18,"href":"https:\/\/hsb1846.de\/en\/wp-json\/wp\/v2\/pages\/7633\/revisions"}],"predecessor-version":[{"id":17871,"href":"https:\/\/hsb1846.de\/en\/wp-json\/wp\/v2\/pages\/7633\/revisions\/17871"}],"up":[{"embeddable":true,"href":"https:\/\/hsb1846.de\/en\/wp-json\/wp\/v2\/pages\/4427"}],"wp:attachment":[{"href":"https:\/\/hsb1846.de\/en\/wp-json\/wp\/v2\/media?parent=7633"}],"curies":[{"name":"wp","href":"https:\/\/api.w.org\/{rel}","templated":true}]}}