{"id":7635,"date":"2024-07-23T23:39:59","date_gmt":"2024-07-23T21:39:59","guid":{"rendered":"https:\/\/2022.hsb1846.de\/?page_id=7635"},"modified":"2025-10-23T22:49:14","modified_gmt":"2025-10-23T20:49:14","slug":"links-tischtennis","status":"publish","type":"page","link":"https:\/\/hsb1846.de\/en\/home\/abteilungen\/tischtennis\/links-tischtennis\/","title":{"rendered":"Links Tischtennis"},"content":{"rendered":"<div style=\"height:50px\" aria-hidden=\"true\" class=\"wp-block-spacer\"><\/div>\n\n\n\n<h2 class=\"wp-block-heading\">Interessante Internetseiten<\/h2>\n\n\n\n<div style=\"height:50px\" aria-hidden=\"true\" class=\"wp-block-spacer\"><\/div>\n\n\n\n<p class=\"has-white-color has-text-color has-background\" style=\"background-color:#02147e;font-size:18px\">Auf dieser Seite finden Sie relevante Webseiten zum Tischtennissport. Von internationaler Ebene bis zum Bezirk Ostalb finden Sie dabei die aktuellsten News.<\/p>\n\n\n\n<div style=\"height:50px\" aria-hidden=\"true\" class=\"wp-block-spacer\"><\/div>\n\n\n\n<h4 class=\"wp-block-heading\">Bezirk Ostalb<\/h4>\n\n\n\n<div style=\"height:25px\" aria-hidden=\"true\" class=\"wp-block-spacer\"><\/div>\n\n\n\n<p class=\"has-white-color has-text-color has-background has-link-color wp-elements-44783e3ea0af3ac452efd777a07e2e4a\" style=\"background-color:#02147e;font-size:18px\">Alle Mannschaften des Heidenheimer Sportbundes sind im Bezirk Ostalb des Tischtennisverbands Baden-W\u00fcrttemberg aktiv. Die aktuellsten Themen, Verlinkungen zu Spielklassen, Turniere im Bezirk und Termine sind dort einsehbar: <\/p>\n\n\n\n<p class=\"has-black-color has-text-color has-background has-link-color has-medium-font-size wp-elements-5c9d739d5ddd707499e01e921806ef5e\" style=\"background:radial-gradient(rgb(238,238,238) 0%,rgb(169,184,195) 100%)\"><a href=\"https:\/\/www.ttbw.de\/ostalb\/\" target=\"_blank\" rel=\"noopener\" title=\"\">Ostalb &#8211; Tischtennis Baden-W\u00fcrttemberg (ttbw.de)<\/a><\/p>\n\n\n\n<p><\/p>\n\n\n\n<p><\/p>\n\n\n\n<p><\/p>\n\n\n\n<p><\/p>\n\n\n\n<h4 class=\"wp-block-heading\">My Tischtennis<\/h4>\n\n\n\n<p><\/p>\n\n\n\n<p><\/p>\n\n\n\n<p class=\"has-white-color has-text-color has-background has-link-color wp-elements-fca1ffffe3f91c00d7d524ea5f323109\" style=\"background-color:#02147e;font-size:18px\">Ist die gr\u00f6\u00dfte Onlineplattform im deutschen Tischtennis, mit t\u00e4glich aktuellen Themen, Videos, Trainingstipps, Ranglisten, Statistiken, zu erreichen \u00fcber:<\/p>\n\n\n<p class=\"has-black-color has-text-color has-background has-link-color\" style=\"background: radial-gradient(#eeeeee 0%,#a9b8c3 100%); font-size: 18px;\"><a href=\"http:\/\/www.mytischtennis.de\" target=\"_blank\" rel=\"noopener\">Das zentrale Portal f\u00fcr Tischtennis: News, Trainer-Tipps, Rankings, click-TT-Zugang, Turniere &amp; Liveticker.<\/a><\/p>\n\n\n<p><\/p>\n\n\n\n<p><\/p>\n\n\n\n<p><\/p>\n\n\n\n<p><\/p>\n\n\n\n<h4 class=\"wp-block-heading\">Deutscher Tischtennisbund<\/h4>\n\n\n\n<p><\/p>\n\n\n\n<div style=\"height:25px\" aria-hidden=\"true\" class=\"wp-block-spacer\"><\/div>\n\n\n\n<p class=\"has-white-color has-text-color has-background has-link-color wp-elements-7178094b3812a303dcae43edfeee766c\" style=\"background-color:#02147e;font-size:18px\">Alles rund um nationale Angelegenheiten wird auf der Seite des Deutschen Tischtennisbundes ver\u00f6ffentlicht. Diese erreichen Sie auf:&nbsp;&nbsp;<\/p>\n\n\n\n<p class=\"has-black-color has-text-color has-background has-link-color has-medium-font-size wp-elements-c8ad0e8539a6cba48b4742f06e73302b\" style=\"background:radial-gradient(rgb(238,238,238) 0%,rgb(169,184,195) 100%);font-size:18px\"><a href=\"http:\/\/www.tischtennis.de\/\" target=\"_blank\" rel=\"noreferrer noopener\">www.tischtennis.de<\/a><\/p>\n\n\n\n<div style=\"height:40px\" aria-hidden=\"true\" class=\"wp-block-spacer\"><\/div>\n\n\n\n<h4 class=\"wp-block-heading\">International Table Tennis Federation (ITTF)<\/h4>\n\n\n\n<p><\/p>\n\n\n\n<p class=\"has-white-background-color has-background\"><\/p>\n\n\n\n<p class=\"has-white-color has-text-color has-background has-link-color wp-elements-ffa7c523e2c3733022028718e2c8e9c7\" style=\"background-color:#02147e;font-size:18px\">ist der Dachverband aller nationalen Sportverb\u00e4nde f\u00fcr Tischtennis.<br>Informationen zu Profi-Events wie Weltmeisterschaften, der ITTF-World Tour und anderen Turnieren finden Sie auf: &nbsp;<\/p>\n\n\n\n<p class=\"has-black-color has-text-color has-background has-link-color has-medium-font-size wp-elements-7afb57a7c9f565efecf7144aed5b3e48\" style=\"background:radial-gradient(rgb(238,238,238) 0%,rgb(169,184,195) 100%)\">&nbsp;<a href=\"http:\/\/www.ittf.com\/\" target=\"_blank\" rel=\"noreferrer noopener\">www.ittf.com<\/a><\/p>\n\n\n\n<div style=\"height:50px\" aria-hidden=\"true\" class=\"wp-block-spacer\"><\/div>","protected":false},"excerpt":{"rendered":"<p>Interessante Internetseiten Auf dieser Seite finden Sie relevante Webseiten zum Tischtennissport. Von internationaler Ebene bis zum Bezirk Ostalb finden Sie dabei die aktuellsten News. Bezirk Ostalb Alle Mannschaften des Heidenheimer Sportbundes sind im Bezirk Ostalb des Tischtennisverbands Baden-W\u00fcrttemberg aktiv. Die aktuellsten Themen, Verlinkungen zu Spielklassen, Turniere im Bezirk und Termine sind dort einsehbar: Ostalb &#8211; [&hellip;]<\/p>\n","protected":false},"author":1,"featured_media":0,"parent":4427,"menu_order":19,"comment_status":"closed","ping_status":"closed","template":"","meta":{"footnotes":""},"class_list":["post-7635","page","type-page","status-publish","hentry"],"aioseo_notices":[],"_links":{"self":[{"href":"https:\/\/hsb1846.de\/en\/wp-json\/wp\/v2\/pages\/7635","targetHints":{"allow":["GET"]}}],"collection":[{"href":"https:\/\/hsb1846.de\/en\/wp-json\/wp\/v2\/pages"}],"about":[{"href":"https:\/\/hsb1846.de\/en\/wp-json\/wp\/v2\/types\/page"}],"author":[{"embeddable":true,"href":"https:\/\/hsb1846.de\/en\/wp-json\/wp\/v2\/users\/1"}],"replies":[{"embeddable":true,"href":"https:\/\/hsb1846.de\/en\/wp-json\/wp\/v2\/comments?post=7635"}],"version-history":[{"count":23,"href":"https:\/\/hsb1846.de\/en\/wp-json\/wp\/v2\/pages\/7635\/revisions"}],"predecessor-version":[{"id":18346,"href":"https:\/\/hsb1846.de\/en\/wp-json\/wp\/v2\/pages\/7635\/revisions\/18346"}],"up":[{"embeddable":true,"href":"https:\/\/hsb1846.de\/en\/wp-json\/wp\/v2\/pages\/4427"}],"wp:attachment":[{"href":"https:\/\/hsb1846.de\/en\/wp-json\/wp\/v2\/media?parent=7635"}],"curies":[{"name":"wp","href":"https:\/\/api.w.org\/{rel}","templated":true}]}}