{"id":7692,"date":"2022-08-05T14:16:25","date_gmt":"2022-08-05T12:16:25","guid":{"rendered":"https:\/\/2022.hsb1846.de\/?page_id=7692"},"modified":"2024-10-20T19:22:27","modified_gmt":"2024-10-20T17:22:27","slug":"faszination-turnen","status":"publish","type":"page","link":"https:\/\/hsb1846.de\/en\/home\/abteilungen\/turnen\/faszination-turnen\/","title":{"rendered":"Faszination Turnen"},"content":{"rendered":"<div style=\"height:50px\" aria-hidden=\"true\" class=\"wp-block-spacer\"><\/div>\n\n\n\n<p class=\"has-white-color has-text-color has-background\" style=\"background-color:#02147e;font-size:16px\">Vielseitige Bewegungs- und Spielformen sowie Gymnastik und Tanz, all das bedeutet Turnen.<\/p>\n\n\n\n<div style=\"height:50px\" aria-hidden=\"true\" class=\"wp-block-spacer\"><\/div>\n\n\n\n<p class=\"has-background\" style=\"background-color:#f6f6f6\">Das Turnen f\u00fcr M\u00e4dchen ist charakteristisch an vier Gro\u00dfger\u00e4ten:&nbsp;<strong>Sprung<\/strong>,&nbsp;<strong>Stufenbarren<\/strong>,&nbsp;<strong>Schwebebalken<\/strong>&nbsp;und&nbsp;<strong>Boden<\/strong>, dabei wird auf Technik und Bewegungskriterien geachtet.<\/p>\n\n\n\n<p class=\"has-background\" style=\"background-color:#f6f6f6\">Das Turnen f\u00fcr Jungs an den Ger\u00e4ten: <strong>Boden, Pauschenpferd, Ringe, Sprung, Barren <\/strong>und<strong> Reck<\/strong>.<\/p>\n\n\n\n<p class=\"has-background\" style=\"background-color:#f6f6f6\">Durch das Turnen werden vor allem koordinative und konditionelle F\u00e4higkeiten entwickelt, aber auch Mut, Zielstrebigkeit und K\u00f6rperbeherrschung.<\/p>\n\n\n\n<p class=\"has-background\" style=\"background-color:#f6f6f6\">Haltung, Technik, Eleganz, Kreativit\u00e4t und Dynamik werden an jedem einzelnen Ger\u00e4t bei verschiedene \u00dcbungen und Elementen trainiert.<\/p>\n\n\n\n<p class=\"has-background\" style=\"background-color:#f6f6f6\">Unterschieden wird allgemein in den Wettkampfformen Pflicht und K\u00fcr.<\/p>\n\n\n\n<p class=\"has-background\" style=\"background-color:#f6f6f6\">Bei den Pflicht\u00fcbungen handelt es sich um eine Reihe vorgegebener Elemente. Die \u00dcbungen werden jahrgangsabh\u00e4ngig geturnt.<\/p>\n\n\n\n<p class=\"has-background\" style=\"background-color:#f6f6f6\">K\u00fcr\u00fcbungen werden unter Ber\u00fccksichtigung verschiedener Kriterien des internationalen Code de Pointage individuell auf die Sportlerin abgestimmt. Bei den K\u00fcr\u00fcbungen werden zudem t\u00e4nzerische Bewegungen und rhyhtmisches Gef\u00fchl erlernt und geschult.<\/p>\n\n\n\n<div style=\"height:50px\" aria-hidden=\"true\" class=\"wp-block-spacer\"><\/div>\n\n\n\n<div style=\"height:50px\" aria-hidden=\"true\" class=\"wp-block-spacer\"><\/div>\n\n\n\n<div class=\"wp-block-columns is-layout-flex wp-container-core-columns-is-layout-9d6595d7 wp-block-columns-is-layout-flex\">\n<div class=\"wp-block-column is-layout-flow wp-block-column-is-layout-flow\" style=\"flex-basis:100%\">\n<figure class=\"wp-block-gallery has-nested-images columns-default is-cropped wp-block-gallery-1 is-layout-flex wp-block-gallery-is-layout-flex\">\n<figure class=\"wp-block-image size-large\"><img loading=\"lazy\" decoding=\"async\" width=\"1620\" height=\"1080\" data-id=\"15861\" src=\"https:\/\/hsb1846.de\/wp-content\/uploads\/2024\/10\/Faszination-Turnen-Sprung-1620x1080.jpg\" alt=\"\" class=\"wp-image-15861\" srcset=\"https:\/\/hsb1846.de\/wp-content\/uploads\/2024\/10\/Faszination-Turnen-Sprung-1620x1080.jpg 1620w, https:\/\/hsb1846.de\/wp-content\/uploads\/2024\/10\/Faszination-Turnen-Sprung-300x200.jpg 300w, https:\/\/hsb1846.de\/wp-content\/uploads\/2024\/10\/Faszination-Turnen-Sprung-768x512.jpg 768w, https:\/\/hsb1846.de\/wp-content\/uploads\/2024\/10\/Faszination-Turnen-Sprung-1536x1024.jpg 1536w, https:\/\/hsb1846.de\/wp-content\/uploads\/2024\/10\/Faszination-Turnen-Sprung-2048x1365.jpg 2048w, https:\/\/hsb1846.de\/wp-content\/uploads\/2024\/10\/Faszination-Turnen-Sprung-18x12.jpg 18w\" sizes=\"auto, (max-width: 1620px) 100vw, 1620px\" \/><\/figure>\n\n\n\n<figure class=\"wp-block-image size-large\"><img loading=\"lazy\" decoding=\"async\" width=\"1620\" height=\"1080\" data-id=\"15860\" src=\"https:\/\/hsb1846.de\/wp-content\/uploads\/2024\/10\/Faszination-Turnen-Pauschenpferd-1620x1080.jpg\" alt=\"\" class=\"wp-image-15860\" srcset=\"https:\/\/hsb1846.de\/wp-content\/uploads\/2024\/10\/Faszination-Turnen-Pauschenpferd-1620x1080.jpg 1620w, https:\/\/hsb1846.de\/wp-content\/uploads\/2024\/10\/Faszination-Turnen-Pauschenpferd-300x200.jpg 300w, https:\/\/hsb1846.de\/wp-content\/uploads\/2024\/10\/Faszination-Turnen-Pauschenpferd-768x512.jpg 768w, https:\/\/hsb1846.de\/wp-content\/uploads\/2024\/10\/Faszination-Turnen-Pauschenpferd-1536x1024.jpg 1536w, https:\/\/hsb1846.de\/wp-content\/uploads\/2024\/10\/Faszination-Turnen-Pauschenpferd-2048x1365.jpg 2048w, https:\/\/hsb1846.de\/wp-content\/uploads\/2024\/10\/Faszination-Turnen-Pauschenpferd-18x12.jpg 18w\" sizes=\"auto, (max-width: 1620px) 100vw, 1620px\" \/><\/figure>\n\n\n\n<figure class=\"wp-block-image size-large\"><img loading=\"lazy\" decoding=\"async\" width=\"1620\" height=\"1080\" data-id=\"15859\" src=\"https:\/\/hsb1846.de\/wp-content\/uploads\/2024\/10\/Faszination-Turnen-Boden-1620x1080.jpg\" alt=\"\" class=\"wp-image-15859\" srcset=\"https:\/\/hsb1846.de\/wp-content\/uploads\/2024\/10\/Faszination-Turnen-Boden-1620x1080.jpg 1620w, https:\/\/hsb1846.de\/wp-content\/uploads\/2024\/10\/Faszination-Turnen-Boden-300x200.jpg 300w, https:\/\/hsb1846.de\/wp-content\/uploads\/2024\/10\/Faszination-Turnen-Boden-768x512.jpg 768w, https:\/\/hsb1846.de\/wp-content\/uploads\/2024\/10\/Faszination-Turnen-Boden-1536x1024.jpg 1536w, https:\/\/hsb1846.de\/wp-content\/uploads\/2024\/10\/Faszination-Turnen-Boden-2048x1366.jpg 2048w, https:\/\/hsb1846.de\/wp-content\/uploads\/2024\/10\/Faszination-Turnen-Boden-18x12.jpg 18w\" sizes=\"auto, (max-width: 1620px) 100vw, 1620px\" \/><\/figure>\n\n\n\n<figure class=\"wp-block-image size-large\"><img loading=\"lazy\" decoding=\"async\" width=\"1620\" height=\"1080\" data-id=\"15858\" src=\"https:\/\/hsb1846.de\/wp-content\/uploads\/2024\/10\/Faszination-Turnen-Barren-1620x1080.jpg\" alt=\"\" class=\"wp-image-15858\" srcset=\"https:\/\/hsb1846.de\/wp-content\/uploads\/2024\/10\/Faszination-Turnen-Barren-1620x1080.jpg 1620w, https:\/\/hsb1846.de\/wp-content\/uploads\/2024\/10\/Faszination-Turnen-Barren-300x200.jpg 300w, https:\/\/hsb1846.de\/wp-content\/uploads\/2024\/10\/Faszination-Turnen-Barren-768x512.jpg 768w, https:\/\/hsb1846.de\/wp-content\/uploads\/2024\/10\/Faszination-Turnen-Barren-1536x1024.jpg 1536w, https:\/\/hsb1846.de\/wp-content\/uploads\/2024\/10\/Faszination-Turnen-Barren-2048x1365.jpg 2048w, https:\/\/hsb1846.de\/wp-content\/uploads\/2024\/10\/Faszination-Turnen-Barren-18x12.jpg 18w\" sizes=\"auto, (max-width: 1620px) 100vw, 1620px\" \/><\/figure>\n\n\n\n<figure class=\"wp-block-image size-large\"><img loading=\"lazy\" decoding=\"async\" width=\"720\" height=\"1080\" data-id=\"15857\" src=\"https:\/\/hsb1846.de\/wp-content\/uploads\/2024\/10\/Fasziantion-Turnen-Ringe-720x1080.jpg\" alt=\"\" class=\"wp-image-15857\" srcset=\"https:\/\/hsb1846.de\/wp-content\/uploads\/2024\/10\/Fasziantion-Turnen-Ringe-720x1080.jpg 720w, https:\/\/hsb1846.de\/wp-content\/uploads\/2024\/10\/Fasziantion-Turnen-Ringe-200x300.jpg 200w, https:\/\/hsb1846.de\/wp-content\/uploads\/2024\/10\/Fasziantion-Turnen-Ringe-768x1152.jpg 768w, https:\/\/hsb1846.de\/wp-content\/uploads\/2024\/10\/Fasziantion-Turnen-Ringe-1024x1536.jpg 1024w, https:\/\/hsb1846.de\/wp-content\/uploads\/2024\/10\/Fasziantion-Turnen-Ringe-1365x2048.jpg 1365w, https:\/\/hsb1846.de\/wp-content\/uploads\/2024\/10\/Fasziantion-Turnen-Ringe-8x12.jpg 8w, https:\/\/hsb1846.de\/wp-content\/uploads\/2024\/10\/Fasziantion-Turnen-Ringe-scaled.jpg 1707w\" sizes=\"auto, (max-width: 720px) 100vw, 720px\" \/><\/figure>\n<\/figure>\n<\/div>\n<\/div>\n\n\n\n<figure class=\"wp-block-gallery has-nested-images columns-default is-cropped wp-block-gallery-2 is-layout-flex wp-block-gallery-is-layout-flex\">\n<figure class=\"wp-block-image size-large\"><img loading=\"lazy\" decoding=\"async\" width=\"1620\" height=\"1080\" data-id=\"15979\" src=\"https:\/\/hsb1846.de\/wp-content\/uploads\/2024\/10\/Faszination-Turnen-Schwebebalken-1620x1080.jpg\" alt=\"\" class=\"wp-image-15979\" srcset=\"https:\/\/hsb1846.de\/wp-content\/uploads\/2024\/10\/Faszination-Turnen-Schwebebalken-1620x1080.jpg 1620w, https:\/\/hsb1846.de\/wp-content\/uploads\/2024\/10\/Faszination-Turnen-Schwebebalken-300x200.jpg 300w, https:\/\/hsb1846.de\/wp-content\/uploads\/2024\/10\/Faszination-Turnen-Schwebebalken-768x512.jpg 768w, https:\/\/hsb1846.de\/wp-content\/uploads\/2024\/10\/Faszination-Turnen-Schwebebalken-1536x1024.jpg 1536w, https:\/\/hsb1846.de\/wp-content\/uploads\/2024\/10\/Faszination-Turnen-Schwebebalken-2048x1365.jpg 2048w, https:\/\/hsb1846.de\/wp-content\/uploads\/2024\/10\/Faszination-Turnen-Schwebebalken-18x12.jpg 18w\" sizes=\"auto, (max-width: 1620px) 100vw, 1620px\" \/><\/figure>\n\n\n\n<figure class=\"wp-block-image size-large\"><img loading=\"lazy\" decoding=\"async\" width=\"1620\" height=\"1080\" data-id=\"15980\" src=\"https:\/\/hsb1846.de\/wp-content\/uploads\/2024\/10\/Faszination-Turnen-Stufenbarren-1620x1080.jpg\" alt=\"\" class=\"wp-image-15980\" srcset=\"https:\/\/hsb1846.de\/wp-content\/uploads\/2024\/10\/Faszination-Turnen-Stufenbarren-1620x1080.jpg 1620w, https:\/\/hsb1846.de\/wp-content\/uploads\/2024\/10\/Faszination-Turnen-Stufenbarren-300x200.jpg 300w, https:\/\/hsb1846.de\/wp-content\/uploads\/2024\/10\/Faszination-Turnen-Stufenbarren-768x512.jpg 768w, https:\/\/hsb1846.de\/wp-content\/uploads\/2024\/10\/Faszination-Turnen-Stufenbarren-1536x1024.jpg 1536w, https:\/\/hsb1846.de\/wp-content\/uploads\/2024\/10\/Faszination-Turnen-Stufenbarren-2048x1366.jpg 2048w, https:\/\/hsb1846.de\/wp-content\/uploads\/2024\/10\/Faszination-Turnen-Stufenbarren-18x12.jpg 18w\" sizes=\"auto, (max-width: 1620px) 100vw, 1620px\" \/><\/figure>\n<\/figure>","protected":false},"excerpt":{"rendered":"<p>Vielseitige Bewegungs- und Spielformen sowie Gymnastik und Tanz, all das bedeutet Turnen. Das Turnen f\u00fcr M\u00e4dchen ist charakteristisch an vier Gro\u00dfger\u00e4ten:&nbsp;Sprung,&nbsp;Stufenbarren,&nbsp;Schwebebalken&nbsp;und&nbsp;Boden, dabei wird auf Technik und Bewegungskriterien geachtet. Das Turnen f\u00fcr Jungs an den Ger\u00e4ten: Boden, Pauschenpferd, Ringe, Sprung, Barren und Reck. Durch das Turnen werden vor allem koordinative und konditionelle F\u00e4higkeiten entwickelt, aber auch [&hellip;]<\/p>\n","protected":false},"author":1,"featured_media":0,"parent":4429,"menu_order":0,"comment_status":"closed","ping_status":"closed","template":"","meta":{"footnotes":""},"class_list":["post-7692","page","type-page","status-publish","hentry"],"aioseo_notices":[],"_links":{"self":[{"href":"https:\/\/hsb1846.de\/en\/wp-json\/wp\/v2\/pages\/7692","targetHints":{"allow":["GET"]}}],"collection":[{"href":"https:\/\/hsb1846.de\/en\/wp-json\/wp\/v2\/pages"}],"about":[{"href":"https:\/\/hsb1846.de\/en\/wp-json\/wp\/v2\/types\/page"}],"author":[{"embeddable":true,"href":"https:\/\/hsb1846.de\/en\/wp-json\/wp\/v2\/users\/1"}],"replies":[{"embeddable":true,"href":"https:\/\/hsb1846.de\/en\/wp-json\/wp\/v2\/comments?post=7692"}],"version-history":[{"count":7,"href":"https:\/\/hsb1846.de\/en\/wp-json\/wp\/v2\/pages\/7692\/revisions"}],"predecessor-version":[{"id":16077,"href":"https:\/\/hsb1846.de\/en\/wp-json\/wp\/v2\/pages\/7692\/revisions\/16077"}],"up":[{"embeddable":true,"href":"https:\/\/hsb1846.de\/en\/wp-json\/wp\/v2\/pages\/4429"}],"wp:attachment":[{"href":"https:\/\/hsb1846.de\/en\/wp-json\/wp\/v2\/media?parent=7692"}],"curies":[{"name":"wp","href":"https:\/\/api.w.org\/{rel}","templated":true}]}}