{"id":7694,"date":"2022-08-05T14:16:41","date_gmt":"2022-08-05T12:16:41","guid":{"rendered":"https:\/\/2022.hsb1846.de\/?page_id=7694"},"modified":"2024-10-04T14:45:36","modified_gmt":"2024-10-04T12:45:36","slug":"turnen-beim-hsb","status":"publish","type":"page","link":"https:\/\/hsb1846.de\/en\/home\/abteilungen\/turnen\/turnen-beim-hsb\/","title":{"rendered":"Turnen beim hsb"},"content":{"rendered":"<div style=\"height:50px\" aria-hidden=\"true\" class=\"wp-block-spacer\"><\/div>\n\n\n\n<h2 class=\"wp-block-heading\">Wir \u00fcber uns<\/h2>\n\n\n\n<div style=\"height:50px\" aria-hidden=\"true\" class=\"wp-block-spacer\"><\/div>\n\n\n\n<p class=\"has-white-color has-text-color has-background\" style=\"background-color:#02147e;font-size:16px\">Mit 860 Mitgliedern ist die Turnabteilung die gr\u00f6\u00dfte Abteilung im hsb.<\/p>\n\n\n\n<div style=\"height:50px\" aria-hidden=\"true\" class=\"wp-block-spacer\"><\/div>\n\n\n\n<p class=\"has-background\" style=\"background-color:#f6f6f6\">F\u00fcr die Allerkleinsten, beginnend im Eltern-Kind-Turnen, bis hin zum Seniorensport bietet die Turnabteilung f\u00fcr alle Sportbegeisterten ein vielf\u00e4ltiges Angebot.<\/p>\n\n\n\n<p class=\"has-background\" style=\"background-color:#f6f6f6\">An der Hand der Eltern oder Gro\u00dfeltern nehmen ca 60 Kinder im Alter ab 16 Monaten an unserer \u201eK\u00e4ferchens Bewegungswiese\u201c teil. Sie erleben dort den Einstieg in das \u201eAbenteuer Turnhalle\u201c.<\/p>\n\n\n\n<p class=\"has-background\" style=\"background-color:#f6f6f6\">Weiter geht es dann bei den \u201eTurnzwergen\u201c bis 4 Jahre und den \u201eTurnminis\u201c bis zum Schulalter.<\/p>\n\n\n\n<p class=\"has-background\" style=\"background-color:#f6f6f6\">Danach darf entschieden werden, wo der turnerische Weg hinf\u00fchren soll.<\/p>\n\n\n\n<p class=\"has-background\" style=\"background-color:#f6f6f6\">Vom Breitensport bis zum Leistungssport ist alles m\u00f6glich.<\/p>\n\n\n\n<p class=\"has-background\" style=\"background-color:#f6f6f6\">In den verschiedenen Turnhallen Heidenheims betreuen qualifizierte Trainerinnen und Trainer bis zu 250 Kinder in 20 verschiedenen \u00dcbungsstunden.<\/p>\n\n\n\n<p class=\"has-background\" style=\"background-color:#f6f6f6\">Es werden freizeitsportliche Grundlagen vermittelt.<\/p>\n\n\n\n<p class=\"has-background\" style=\"background-color:#f6f6f6\">Bewegen, \u00dcben, Spielen, Erleben, Mitmachen und K\u00f6nnen an den Ger\u00e4ten.<\/p>\n\n\n\n<p class=\"has-background\" style=\"background-color:#f6f6f6\">Alles den Bed\u00fcrfnissen der jeweiligen Altersklassen angepasst.<\/p>\n\n\n\n<p class=\"has-background\" style=\"background-color:#f6f6f6\">Neben dem Breitensport bietet die Turnabteilung auch den Leistungssport.<\/p>\n\n\n\n<p class=\"has-background\" style=\"background-color:#f6f6f6\">100 Turnerinnen und Turner trainieren zwischen 2 und 5 Mal pro Woche um erfolgreich Wettk\u00e4mpfe bestreiten zu k\u00f6nnen.<\/p>\n\n\n\n<p class=\"has-background\" style=\"background-color:#f6f6f6\">Aktiv \u00e4lter weder ist das Motto im Erwachsenen- und Seniorensport<\/p>\n\n\n\n<p class=\"has-background\" style=\"background-color:#f6f6f6\">Neben dem Breitensport bietet die Turnabteilung auch Leistungssport Kunstturnen. 70 Turnerinnen ab 5 Jahre trainieren bis zu 5mal w\u00f6chentlich im Voith-Sportzentrum im Sparkassen Sportpark.<\/p>\n\n\n\n<div style=\"height:50px\" aria-hidden=\"true\" class=\"wp-block-spacer\"><\/div>","protected":false},"excerpt":{"rendered":"<p>Wir \u00fcber uns Mit 860 Mitgliedern ist die Turnabteilung die gr\u00f6\u00dfte Abteilung im hsb. F\u00fcr die Allerkleinsten, beginnend im Eltern-Kind-Turnen, bis hin zum Seniorensport bietet die Turnabteilung f\u00fcr alle Sportbegeisterten ein vielf\u00e4ltiges Angebot. An der Hand der Eltern oder Gro\u00dfeltern nehmen ca 60 Kinder im Alter ab 16 Monaten an unserer \u201eK\u00e4ferchens Bewegungswiese\u201c teil. Sie [&hellip;]<\/p>\n","protected":false},"author":1,"featured_media":7778,"parent":4429,"menu_order":7,"comment_status":"closed","ping_status":"closed","template":"","meta":{"footnotes":""},"class_list":["post-7694","page","type-page","status-publish","has-post-thumbnail","hentry"],"aioseo_notices":[],"_links":{"self":[{"href":"https:\/\/hsb1846.de\/en\/wp-json\/wp\/v2\/pages\/7694","targetHints":{"allow":["GET"]}}],"collection":[{"href":"https:\/\/hsb1846.de\/en\/wp-json\/wp\/v2\/pages"}],"about":[{"href":"https:\/\/hsb1846.de\/en\/wp-json\/wp\/v2\/types\/page"}],"author":[{"embeddable":true,"href":"https:\/\/hsb1846.de\/en\/wp-json\/wp\/v2\/users\/1"}],"replies":[{"embeddable":true,"href":"https:\/\/hsb1846.de\/en\/wp-json\/wp\/v2\/comments?post=7694"}],"version-history":[{"count":4,"href":"https:\/\/hsb1846.de\/en\/wp-json\/wp\/v2\/pages\/7694\/revisions"}],"predecessor-version":[{"id":15870,"href":"https:\/\/hsb1846.de\/en\/wp-json\/wp\/v2\/pages\/7694\/revisions\/15870"}],"up":[{"embeddable":true,"href":"https:\/\/hsb1846.de\/en\/wp-json\/wp\/v2\/pages\/4429"}],"wp:featuredmedia":[{"embeddable":true,"href":"https:\/\/hsb1846.de\/en\/wp-json\/wp\/v2\/media\/7778"}],"wp:attachment":[{"href":"https:\/\/hsb1846.de\/en\/wp-json\/wp\/v2\/media?parent=7694"}],"curies":[{"name":"wp","href":"https:\/\/api.w.org\/{rel}","templated":true}]}}