{"id":7702,"date":"2022-08-05T14:18:08","date_gmt":"2022-08-05T12:18:08","guid":{"rendered":"https:\/\/2022.hsb1846.de\/?page_id=7702"},"modified":"2022-08-12T15:15:41","modified_gmt":"2022-08-12T13:15:41","slug":"foerderkreis-turnen","status":"publish","type":"page","link":"https:\/\/hsb1846.de\/en\/home\/abteilungen\/turnen\/foerderkreis-turnen\/","title":{"rendered":"F\u00f6rderkreis Turnen"},"content":{"rendered":"<div style=\"height:50px\" aria-hidden=\"true\" class=\"wp-block-spacer\"><\/div>\n\n\n\n<p class=\"has-background\" style=\"background-color:#f6f6f6;font-size:16px\">Der F\u00f6rderkeis Kunstturnen wurde 2008 gegr\u00fcndet, um das Turnen beim hsb zu unterst\u00fctzen.<\/p>\n\n\n\n<p class=\"has-background\" style=\"background-color:#f6f6f6;font-size:16px\">Eine gro\u00dfe Aufgabe des F\u00f6derkreises ist vor allem die finanzielle Unterst\u00fctzung der Trainerfinanzierung. Um auch weiterin im Nachwuchsbereich, in der Jugend und auch im Leistungssport erfolgreich zu sein bedarf es Mittel f\u00fcr Fort- und Weiterbildungen. Weiter bezuschusst der F\u00f6rderkreis kleinere Anschaffungen in Form von Kleinger\u00e4ten, Pr\u00e4mien und spezielle Aufwendungen der Turnerinnen.<\/p>\n\n\n\n<p class=\"has-background\" style=\"background-color:#f6f6f6;font-size:16px\">Durch Mitgliedsbeitr\u00e4ge, Catering bei Veranstaltungen, Spenden und auch Sponsorenbeitr\u00e4ge bezieht der F\u00f6rderkreis Kunstturnen seine Mittel.<\/p>\n\n\n\n<p class=\"has-background\" style=\"background-color:#f6f6f6;font-size:16px\">Eine weitere Hauptaufgabe besteht darin Sponsoren f\u00fcr die Kunstturnabteilung zu gewinnen.<\/p>\n\n\n\n<div style=\"height:50px\" aria-hidden=\"true\" class=\"wp-block-spacer\"><\/div>\n\n\n\n<p style=\"font-size:25px\">Um unsere Ziele erreichen zu k\u00f6nnen, ben\u00f6tigen wir die Unterst\u00fctzung m\u00f6glichst vieler Turnbegeisterter.<\/p>\n\n\n\n<div style=\"height:25px\" aria-hidden=\"true\" class=\"wp-block-spacer\"><\/div>\n\n\n\n<p class=\"has-background\" style=\"background-color:#f6f6f6;font-size:16px\">Falls auch Sie uns unterst\u00fctzen m\u00f6chten, gibt es hier den <a href=\"https:\/\/2022.hsb1846.de\/wp-content\/uploads\/2022\/08\/Foerderkreis_.pdf\" target=\"_blank\" rel=\"noreferrer noopener\">Download<\/a> zum Aufnahmeantrag des F\u00f6rderkreis Kunstturnen.<\/p>\n\n\n\n<div style=\"height:25px\" aria-hidden=\"true\" class=\"wp-block-spacer\"><\/div>\n\n\n\n<p class=\"has-text-align-center\" style=\"font-size:16px\">Falls Sie weiter Fragen haben, d\u00fcrfen Sie sich gerne an den F\u00f6rderkreisvorsitzenden J\u00f6rg Hitzler wenden.<\/p>\n\n\n\n<div style=\"height:25px\" aria-hidden=\"true\" class=\"wp-block-spacer\"><\/div>\n\n\n\n<p class=\"has-text-align-center has-white-color has-text-color has-background\" style=\"background-color:#02147e;font-size:16px\">Kontaktdaten:<br>J\u00f6rg Hitzler<br>Germanenstr. 73<br>89522 Heidenheim<\/p>\n\n\n\n<p class=\"has-text-align-center has-white-color has-text-color has-background\" style=\"background-color:#02147e;font-size:16px\">Tel. 07321 2213<br>Mail: joerg.hitzler@t-online.de<\/p>\n\n\n\n<div style=\"height:50px\" aria-hidden=\"true\" class=\"wp-block-spacer\"><\/div>","protected":false},"excerpt":{"rendered":"<p>Der F\u00f6rderkeis Kunstturnen wurde 2008 gegr\u00fcndet, um das Turnen beim hsb zu unterst\u00fctzen. Eine gro\u00dfe Aufgabe des F\u00f6derkreises ist vor allem die finanzielle Unterst\u00fctzung der Trainerfinanzierung. Um auch weiterin im Nachwuchsbereich, in der Jugend und auch im Leistungssport erfolgreich zu sein bedarf es Mittel f\u00fcr Fort- und Weiterbildungen. Weiter bezuschusst der F\u00f6rderkreis kleinere Anschaffungen in [&hellip;]<\/p>\n","protected":false},"author":1,"featured_media":7797,"parent":4429,"menu_order":18,"comment_status":"closed","ping_status":"closed","template":"","meta":{"footnotes":""},"class_list":["post-7702","page","type-page","status-publish","has-post-thumbnail","hentry"],"aioseo_notices":[],"_links":{"self":[{"href":"https:\/\/hsb1846.de\/en\/wp-json\/wp\/v2\/pages\/7702","targetHints":{"allow":["GET"]}}],"collection":[{"href":"https:\/\/hsb1846.de\/en\/wp-json\/wp\/v2\/pages"}],"about":[{"href":"https:\/\/hsb1846.de\/en\/wp-json\/wp\/v2\/types\/page"}],"author":[{"embeddable":true,"href":"https:\/\/hsb1846.de\/en\/wp-json\/wp\/v2\/users\/1"}],"replies":[{"embeddable":true,"href":"https:\/\/hsb1846.de\/en\/wp-json\/wp\/v2\/comments?post=7702"}],"version-history":[{"count":3,"href":"https:\/\/hsb1846.de\/en\/wp-json\/wp\/v2\/pages\/7702\/revisions"}],"predecessor-version":[{"id":7946,"href":"https:\/\/hsb1846.de\/en\/wp-json\/wp\/v2\/pages\/7702\/revisions\/7946"}],"up":[{"embeddable":true,"href":"https:\/\/hsb1846.de\/en\/wp-json\/wp\/v2\/pages\/4429"}],"wp:featuredmedia":[{"embeddable":true,"href":"https:\/\/hsb1846.de\/en\/wp-json\/wp\/v2\/media\/7797"}],"wp:attachment":[{"href":"https:\/\/hsb1846.de\/en\/wp-json\/wp\/v2\/media?parent=7702"}],"curies":[{"name":"wp","href":"https:\/\/api.w.org\/{rel}","templated":true}]}}