{"id":7708,"date":"2022-08-05T14:21:17","date_gmt":"2022-08-05T12:21:17","guid":{"rendered":"https:\/\/2022.hsb1846.de\/?page_id=7708"},"modified":"2024-09-25T18:03:34","modified_gmt":"2024-09-25T16:03:34","slug":"turnen-hsb-voithzentrum","status":"publish","type":"page","link":"https:\/\/hsb1846.de\/en\/home\/abteilungen\/turnen\/trainingstermine-turnen\/turnen-hsb-voithzentrum\/","title":{"rendered":"Turnen hsb-Voithzentrum"},"content":{"rendered":"\n<div style=\"height:50px\" aria-hidden=\"true\" class=\"wp-block-spacer\"><\/div>\n\n\n\n<p style=\"font-size:25px\">Mamaita<\/p>\n\n\n\n<div style=\"height:25px\" aria-hidden=\"true\" class=\"wp-block-spacer\"><\/div>\n\n\n\n<table id=\"tablepress-14\" class=\"tablepress tablepress-id-14\">\n<tbody class=\"row-striping row-hover\">\n<tr class=\"row-1\">\n\t<td class=\"column-1\">Fitness und Spa\u00df f\u00fcr Dich \u2013 Dein Baby ganz nah bei Dir<\/td><td class=\"column-2\">Dienstag<\/td><td class=\"column-3\">09:00 - 10:00 Uhr<\/td><td class=\"column-4\">Ger\u00e4tturnhalle<\/td>\n<\/tr>\n<tr class=\"row-2\">\n\t<td class=\"column-1\">Outdoor<\/td><td class=\"column-2\">Donnerstag<\/td><td class=\"column-3\">09:00 - 10:00 Uhr<\/td><td class=\"column-4\">Treffpunkt Parkplatz VSZ<\/td>\n<\/tr>\n<\/tbody>\n<\/table>\n<!-- #tablepress-14 from cache -->\n\n\n\n<div style=\"height:50px\" aria-hidden=\"true\" class=\"wp-block-spacer\"><\/div>\n\n\n\n<p style=\"font-size:25px\">K\u00e4ferchens Bewegungswiese<\/p>\n\n\n\n<div style=\"height:25px\" aria-hidden=\"true\" class=\"wp-block-spacer\"><\/div>\n\n\n\n<table id=\"tablepress-15\" class=\"tablepress tablepress-id-15\">\n<tbody class=\"row-striping row-hover\">\n<tr class=\"row-1\">\n\t<td class=\"column-1\">Eltern-Kind-Turnen ab 16 Monate<\/td><td class=\"column-2\">Donnerstag<\/td><td class=\"column-3\">10:30 - 11:30 Uhr<\/td><td class=\"column-4\">Ger\u00e4tturnhalle<\/td>\n<\/tr>\n<tr class=\"row-2\">\n\t<td class=\"column-1\"><\/td><td class=\"column-2\">Freitag<\/td><td class=\"column-3\">15:00 - 16:00 Uhr<\/td><td class=\"column-4\">Kleinfeldhalle<\/td>\n<\/tr>\n<\/tbody>\n<\/table>\n<!-- #tablepress-15 from cache -->\n\n\n\n<div style=\"height:50px\" aria-hidden=\"true\" class=\"wp-block-spacer\"><\/div>\n\n\n\n<p style=\"font-size:25px\">Turnen f\u00fcr M\u00e4dchen<\/p>\n\n\n\n<div style=\"height:25px\" aria-hidden=\"true\" class=\"wp-block-spacer\"><\/div>\n\n\n\n<table id=\"tablepress-16\" class=\"tablepress tablepress-id-16\">\n<tbody class=\"row-striping row-hover\">\n<tr class=\"row-1\">\n\t<td class=\"column-1\">Turnzwerge 3-4 Jahre<br \/>\n<\/td><td class=\"column-2\">Mittwoch<\/td><td class=\"column-3\">15:00 - 16:00 Uhr<\/td><td class=\"column-4\">Ger\u00e4tturnhalle<\/td>\n<\/tr>\n<tr class=\"row-2\">\n\t<td class=\"column-1\">Turnminis 5-7 Jahre<br \/>\n<\/td><td class=\"column-2\">Dienstag<\/td><td class=\"column-3\">14:30 - 16:00 Uhr<\/td><td class=\"column-4\">Ger\u00e4tturnhalle<\/td>\n<\/tr>\n<tr class=\"row-3\">\n\t<td class=\"column-1\">Ger\u00e4tturnen ab 8 Jahre<br \/>\n<\/td><td class=\"column-2\">Dienstag<\/td><td class=\"column-3\">16:00 - 18:00 Uhr<\/td><td class=\"column-4\">Kleinfeldhalle<\/td>\n<\/tr>\n<tr class=\"row-4\">\n\t<td class=\"column-1\">Wettkampfturnen<\/td><td class=\"column-2\">Mittwoch<\/td><td class=\"column-3\">16:00 - 18:00 Uhr<\/td><td class=\"column-4\">Ger\u00e4tturnhalle<\/td>\n<\/tr>\n<tr class=\"row-5\">\n\t<td class=\"column-1\"><\/td><td class=\"column-2\">Samstag<\/td><td class=\"column-3\">09:30 - 11:30 Uhr<\/td><td class=\"column-4\">Ger\u00e4tturnhalle<\/td>\n<\/tr>\n<tr class=\"row-6\">\n\t<td class=\"column-1\">Teenies ab 11 Jahre<\/td><td class=\"column-2\">Donnerstag<\/td><td class=\"column-3\">16:30 - 19:00 Uhr<\/td><td class=\"column-4\">Ger\u00e4tturnhalle<\/td>\n<\/tr>\n<tr class=\"row-7\">\n\t<td class=\"column-1\"><\/td><td class=\"column-2\">Samstag<\/td><td class=\"column-3\">09:30 - 12:30 Uhr<\/td><td class=\"column-4\">Ger\u00e4tturnhalle<\/td>\n<\/tr>\n<\/tbody>\n<\/table>\n<!-- #tablepress-16 from cache -->\n\n\n\n<div style=\"height:50px\" aria-hidden=\"true\" class=\"wp-block-spacer\"><\/div>\n\n\n\n<p style=\"font-size:25px\">Turnen f\u00fcr Jungs<\/p>\n\n\n\n<div style=\"height:25px\" aria-hidden=\"true\" class=\"wp-block-spacer\"><\/div>\n\n\n\n<table id=\"tablepress-17\" class=\"tablepress tablepress-id-17\">\n<tbody class=\"row-striping row-hover\">\n<tr class=\"row-1\">\n\t<td class=\"column-1\">Turnzwerge 3-5 Jahre<br \/>\n<\/td><td class=\"column-2\">Mittwoch<\/td><td class=\"column-3\">15:00 - 16:00 Uhr<\/td><td class=\"column-4\">Ger\u00e4tturnhalle<\/td>\n<\/tr>\n<tr class=\"row-2\">\n\t<td class=\"column-1\">Turnminis 5-8 Jahre<\/td><td class=\"column-2\">Dienstag<\/td><td class=\"column-3\">17:00 - 18:30 Uhr<\/td><td class=\"column-4\">Ger\u00e4tturnhalle<\/td>\n<\/tr>\n<tr class=\"row-3\">\n\t<td class=\"column-1\">Wettkampfturnen ab 9 Jahre<br \/>\n<\/td><td class=\"column-2\">Mittwoch<\/td><td class=\"column-3\">16:30 - 18:30 Uhr<\/td><td class=\"column-4\">Ger\u00e4tturnhalle<\/td>\n<\/tr>\n<tr class=\"row-4\">\n\t<td class=\"column-1\"><\/td><td class=\"column-2\">Freitag<\/td><td class=\"column-3\">17:00 - 19:00 Uhr<\/td><td class=\"column-4\">Ger\u00e4tturnhalle<\/td>\n<\/tr>\n<\/tbody>\n<\/table>\n<!-- #tablepress-17 from cache -->\n\n\n\n<p style=\"font-size:25px\"><\/p>\n\n\n\n<div style=\"height:50px\" aria-hidden=\"true\" class=\"wp-block-spacer\"><\/div>\n\n\n\n<p style=\"font-size:25px\">Gymnastics Workout<\/p>\n\n\n\n<div style=\"height:25px\" aria-hidden=\"true\" class=\"wp-block-spacer\"><\/div>\n\n\n\n<table id=\"tablepress-18\" class=\"tablepress tablepress-id-18\">\n<tbody class=\"row-striping row-hover\">\n<tr class=\"row-1\">\n\t<td class=\"column-1\">Jugendliche und Erwachsene<\/td><td class=\"column-2\">Donnerstag<\/td><td class=\"column-3\">19:00 - 21:00 Uhr<\/td><td class=\"column-4\">Ger\u00e4tturnhalle<\/td>\n<\/tr>\n<\/tbody>\n<\/table>\n<!-- #tablepress-18 from cache -->\n\n\n\n<div style=\"height:50px\" aria-hidden=\"true\" class=\"wp-block-spacer\"><\/div>\n\n\n\n<p style=\"font-size:25px\">Leistungssport<\/p>\n\n\n\n<div style=\"height:25px\" aria-hidden=\"true\" class=\"wp-block-spacer\"><\/div>\n\n\n\n<table id=\"tablepress-19\" class=\"tablepress tablepress-id-19\">\n<tbody class=\"row-striping row-hover\">\n<tr class=\"row-1\">\n\t<td class=\"column-1\">Montag - Freitag<\/td><td class=\"column-2\">15:30 - 19:30 Uhr<\/td><td class=\"column-3\">Ger\u00e4tturnhalle<\/td>\n<\/tr>\n<\/tbody>\n<\/table>\n<!-- #tablepress-19 from cache -->\n\n\n\n<div style=\"height:50px\" aria-hidden=\"true\" class=\"wp-block-spacer\"><\/div>\n\n\n\n<h3 class=\"wp-block-heading\">N\u00e4here Infos<\/h3>\n\n\n\n<div style=\"height:25px\" aria-hidden=\"true\" class=\"wp-block-spacer\"><\/div>\n\n\n\n<p class=\"has-text-align-center has-background\" style=\"background-color:#f6f6f6;font-size:16px\">Judith Schneider 07321 558083<br>Email: turnen[a]hsb1846.de<\/p>\n\n\n\n<div style=\"height:50px\" aria-hidden=\"true\" class=\"wp-block-spacer\"><\/div>\n","protected":false},"excerpt":{"rendered":"<p>Mamaita K\u00e4ferchens Bewegungswiese Turnen f\u00fcr M\u00e4dchen Turnen f\u00fcr Jungs Gymnastics Workout Leistungssport N\u00e4here Infos Judith Schneider 07321 558083Email: turnen[a]hsb1846.de<\/p>\n","protected":false},"author":1,"featured_media":7795,"parent":7706,"menu_order":0,"comment_status":"closed","ping_status":"closed","template":"","meta":{"footnotes":""},"class_list":["post-7708","page","type-page","status-publish","has-post-thumbnail","hentry"],"aioseo_notices":[],"_links":{"self":[{"href":"https:\/\/hsb1846.de\/en\/wp-json\/wp\/v2\/pages\/7708","targetHints":{"allow":["GET"]}}],"collection":[{"href":"https:\/\/hsb1846.de\/en\/wp-json\/wp\/v2\/pages"}],"about":[{"href":"https:\/\/hsb1846.de\/en\/wp-json\/wp\/v2\/types\/page"}],"author":[{"embeddable":true,"href":"https:\/\/hsb1846.de\/en\/wp-json\/wp\/v2\/users\/1"}],"replies":[{"embeddable":true,"href":"https:\/\/hsb1846.de\/en\/wp-json\/wp\/v2\/comments?post=7708"}],"version-history":[{"count":14,"href":"https:\/\/hsb1846.de\/en\/wp-json\/wp\/v2\/pages\/7708\/revisions"}],"predecessor-version":[{"id":15693,"href":"https:\/\/hsb1846.de\/en\/wp-json\/wp\/v2\/pages\/7708\/revisions\/15693"}],"up":[{"embeddable":true,"href":"https:\/\/hsb1846.de\/en\/wp-json\/wp\/v2\/pages\/7706"}],"wp:featuredmedia":[{"embeddable":true,"href":"https:\/\/hsb1846.de\/en\/wp-json\/wp\/v2\/media\/7795"}],"wp:attachment":[{"href":"https:\/\/hsb1846.de\/en\/wp-json\/wp\/v2\/media?parent=7708"}],"curies":[{"name":"wp","href":"https:\/\/api.w.org\/{rel}","templated":true}]}}