{"id":7712,"date":"2022-08-05T14:22:37","date_gmt":"2022-08-05T12:22:37","guid":{"rendered":"https:\/\/2022.hsb1846.de\/?page_id=7712"},"modified":"2024-10-01T17:16:43","modified_gmt":"2024-10-01T15:16:43","slug":"rhoenradturnen","status":"publish","type":"page","link":"https:\/\/hsb1846.de\/en\/home\/abteilungen\/turnen\/trainingstermine-turnen\/rhoenradturnen\/","title":{"rendered":"Rh\u00f6nradturnen"},"content":{"rendered":"\n<div style=\"height:50px\" aria-hidden=\"true\" class=\"wp-block-spacer\"><\/div>\n\n\n\n<p class=\"has-white-color has-text-color has-background\" style=\"background-color:#02147e;font-size:16px\">Kopf\u00fcber, kopfunter, so geht\u00b4s hinein ins Rh\u00f6nradturnen. Nicht nur der Turner, sondern auch das Turnger\u00e4t sind selbstst\u00e4ndig in Bewegung. Das unterscheidet das Rh\u00f6nrad von allen anderen Turnger\u00e4ten.<\/p>\n\n\n\n<div style=\"height:50px\" aria-hidden=\"true\" class=\"wp-block-spacer\"><\/div>\n\n\n\n<p style=\"font-size:25px\">Trainingszeiten<\/p>\n\n\n\n<div style=\"height:25px\" aria-hidden=\"true\" class=\"wp-block-spacer\"><\/div>\n\n\n\n<table id=\"tablepress-21\" class=\"tablepress tablepress-id-21\">\n<tbody class=\"row-striping row-hover\">\n<tr class=\"row-1\">\n\t<td class=\"column-1\">Wochentag<\/td><td class=\"column-2\">Uhrzeit<\/td><td class=\"column-3\">Trainingsort<\/td><td class=\"column-4\">Leitung<\/td>\n<\/tr>\n<tr class=\"row-2\">\n\t<td class=\"column-1\">Montag<\/td><td class=\"column-2\">17:30 - 20:00 Uhr<\/td><td class=\"column-3\">Gymnastikhalle Karl-Rau-Halle<\/td><td class=\"column-4\">Kim Beelitz<\/td>\n<\/tr>\n<\/tbody>\n<\/table>\n<!-- #tablepress-21 from cache -->\n\n\n\n<div style=\"height:50px\" aria-hidden=\"true\" class=\"wp-block-spacer\"><\/div>\n\n\n\n<h3 class=\"wp-block-heading\">N\u00e4here Infos<\/h3>\n\n\n\n<div style=\"height:25px\" aria-hidden=\"true\" class=\"wp-block-spacer\"><\/div>\n\n\n\n<p class=\"has-text-align-center has-background\" style=\"background-color:#f6f6f6;font-size:16px\">Judith Schneider 07321 558083<br>Email: turnen[a]hsb1846.de<\/p>\n\n\n\n<div style=\"height:50px\" aria-hidden=\"true\" class=\"wp-block-spacer\"><\/div>\n","protected":false},"excerpt":{"rendered":"<p>Kopf\u00fcber, kopfunter, so geht\u00b4s hinein ins Rh\u00f6nradturnen. Nicht nur der Turner, sondern auch das Turnger\u00e4t sind selbstst\u00e4ndig in Bewegung. Das unterscheidet das Rh\u00f6nrad von allen anderen Turnger\u00e4ten. Trainingszeiten N\u00e4here Infos Judith Schneider 07321 558083Email: turnen[a]hsb1846.de<\/p>\n","protected":false},"author":1,"featured_media":15803,"parent":7706,"menu_order":12,"comment_status":"closed","ping_status":"closed","template":"","meta":{"footnotes":""},"class_list":["post-7712","page","type-page","status-publish","has-post-thumbnail","hentry"],"aioseo_notices":[],"_links":{"self":[{"href":"https:\/\/hsb1846.de\/en\/wp-json\/wp\/v2\/pages\/7712","targetHints":{"allow":["GET"]}}],"collection":[{"href":"https:\/\/hsb1846.de\/en\/wp-json\/wp\/v2\/pages"}],"about":[{"href":"https:\/\/hsb1846.de\/en\/wp-json\/wp\/v2\/types\/page"}],"author":[{"embeddable":true,"href":"https:\/\/hsb1846.de\/en\/wp-json\/wp\/v2\/users\/1"}],"replies":[{"embeddable":true,"href":"https:\/\/hsb1846.de\/en\/wp-json\/wp\/v2\/comments?post=7712"}],"version-history":[{"count":4,"href":"https:\/\/hsb1846.de\/en\/wp-json\/wp\/v2\/pages\/7712\/revisions"}],"predecessor-version":[{"id":8025,"href":"https:\/\/hsb1846.de\/en\/wp-json\/wp\/v2\/pages\/7712\/revisions\/8025"}],"up":[{"embeddable":true,"href":"https:\/\/hsb1846.de\/en\/wp-json\/wp\/v2\/pages\/7706"}],"wp:featuredmedia":[{"embeddable":true,"href":"https:\/\/hsb1846.de\/en\/wp-json\/wp\/v2\/media\/15803"}],"wp:attachment":[{"href":"https:\/\/hsb1846.de\/en\/wp-json\/wp\/v2\/media?parent=7712"}],"curies":[{"name":"wp","href":"https:\/\/api.w.org\/{rel}","templated":true}]}}