{"id":7714,"date":"2022-08-05T14:27:01","date_gmt":"2022-08-05T12:27:01","guid":{"rendered":"https:\/\/2022.hsb1846.de\/?page_id=7714"},"modified":"2024-10-13T13:23:09","modified_gmt":"2024-10-13T11:23:09","slug":"kaeferchens-bewegungswiese","status":"publish","type":"page","link":"https:\/\/hsb1846.de\/en\/home\/abteilungen\/turnen\/kaeferchens-bewegungswiese\/","title":{"rendered":"K\u00e4ferchens Bewegungswiese"},"content":{"rendered":"<div style=\"height:50px\" aria-hidden=\"true\" class=\"wp-block-spacer\"><\/div>\n\n\n\n<p><\/p>\n\n\n\n<p class=\"has-text-align-center has-white-color has-text-color has-background\" style=\"background-color:#02147e;font-size:16px\">Eltern-Kindturnen f\u00fcr Kinder ab 16 Monate<\/p>\n\n\n\n<div style=\"height:50px\" aria-hidden=\"true\" class=\"wp-block-spacer\"><\/div>\n\n\n\n<p>An der Hand der Eltern oder Gro\u00dfeltern erleben die Kleinsten ab 16 Monaten in der K\u00e4ferchens Bewegungswiese den Einstieg in das &#8222;Abenteuer Turnhalle.&#8220;<\/p>\n\n\n\n<p><\/p>\n\n\n\n<table id=\"tablepress-15\" class=\"tablepress tablepress-id-15\">\n<tbody class=\"row-striping row-hover\">\n<tr class=\"row-1\">\n\t<td class=\"column-1\">Eltern-Kind-Turnen ab 16 Monate<\/td><td class=\"column-2\">Donnerstag<\/td><td class=\"column-3\">10:30 - 11:30 Uhr<\/td><td class=\"column-4\">Ger\u00e4tturnhalle<\/td>\n<\/tr>\n<tr class=\"row-2\">\n\t<td class=\"column-1\"><\/td><td class=\"column-2\">Freitag<\/td><td class=\"column-3\">15:00 - 16:00 Uhr<\/td><td class=\"column-4\">Kleinfeldhalle<\/td>\n<\/tr>\n<\/tbody>\n<\/table>\n<!-- #tablepress-15 from cache -->","protected":false},"excerpt":{"rendered":"<p>Eltern-Kindturnen f\u00fcr Kinder ab 16 Monate An der Hand der Eltern oder Gro\u00dfeltern erleben die Kleinsten ab 16 Monaten in der K\u00e4ferchens Bewegungswiese den Einstieg in das &#8222;Abenteuer Turnhalle.&#8220;<\/p>","protected":false},"author":1,"featured_media":7777,"parent":4429,"menu_order":21,"comment_status":"closed","ping_status":"closed","template":"","meta":{"footnotes":""},"class_list":["post-7714","page","type-page","status-publish","has-post-thumbnail","hentry"],"aioseo_notices":[],"_links":{"self":[{"href":"https:\/\/hsb1846.de\/en\/wp-json\/wp\/v2\/pages\/7714","targetHints":{"allow":["GET"]}}],"collection":[{"href":"https:\/\/hsb1846.de\/en\/wp-json\/wp\/v2\/pages"}],"about":[{"href":"https:\/\/hsb1846.de\/en\/wp-json\/wp\/v2\/types\/page"}],"author":[{"embeddable":true,"href":"https:\/\/hsb1846.de\/en\/wp-json\/wp\/v2\/users\/1"}],"replies":[{"embeddable":true,"href":"https:\/\/hsb1846.de\/en\/wp-json\/wp\/v2\/comments?post=7714"}],"version-history":[{"count":5,"href":"https:\/\/hsb1846.de\/en\/wp-json\/wp\/v2\/pages\/7714\/revisions"}],"predecessor-version":[{"id":15976,"href":"https:\/\/hsb1846.de\/en\/wp-json\/wp\/v2\/pages\/7714\/revisions\/15976"}],"up":[{"embeddable":true,"href":"https:\/\/hsb1846.de\/en\/wp-json\/wp\/v2\/pages\/4429"}],"wp:featuredmedia":[{"embeddable":true,"href":"https:\/\/hsb1846.de\/en\/wp-json\/wp\/v2\/media\/7777"}],"wp:attachment":[{"href":"https:\/\/hsb1846.de\/en\/wp-json\/wp\/v2\/media?parent=7714"}],"curies":[{"name":"wp","href":"https:\/\/api.w.org\/{rel}","templated":true}]}}