{"id":8102,"date":"2022-08-19T13:33:17","date_gmt":"2022-08-19T11:33:17","guid":{"rendered":"https:\/\/2022.hsb1846.de\/?page_id=8102"},"modified":"2023-08-30T11:32:33","modified_gmt":"2023-08-30T09:32:33","slug":"geschichte-volleyball","status":"publish","type":"page","link":"https:\/\/hsb1846.de\/en\/home\/abteilungen\/volleyball\/geschichte-volleyball\/","title":{"rendered":"Geschichte Volleyball"},"content":{"rendered":"<div style=\"height:50px\" aria-hidden=\"true\" class=\"wp-block-spacer\"><\/div>\n\n\n\n<div class=\"wp-block-group alignfull has-background\" style=\"background-color:#02147e\"><div class=\"wp-block-group__inner-container is-layout-flow wp-block-group-is-layout-flow\">\n<div style=\"height:70px\" aria-hidden=\"true\" class=\"wp-block-spacer\"><\/div>\n\n\n\n<div class=\"wp-block-columns alignwide are-vertically-aligned-center is-layout-flex wp-container-core-columns-is-layout-9d6595d7 wp-block-columns-is-layout-flex\">\n<div class=\"wp-block-column is-layout-flow wp-block-column-is-layout-flow\" style=\"flex-basis:40%\">\n<p class=\"has-text-align-right has-white-color has-text-color\" style=\"font-size:25px;font-style:normal;font-weight:100\"><strong>Anf\u00e4nge und Gr\u00fcndung<\/strong><\/p>\n<\/div>\n\n\n\n<div class=\"wp-block-column is-layout-flow wp-block-column-is-layout-flow\">\n<hr class=\"wp-block-separator has-text-color has-white-color has-css-opacity has-white-background-color has-background is-style-wide\"\/>\n<\/div>\n<\/div>\n\n\n\n<div class=\"wp-block-columns alignwide is-layout-flex wp-container-core-columns-is-layout-9d6595d7 wp-block-columns-is-layout-flex\">\n<div class=\"wp-block-column is-layout-flow wp-block-column-is-layout-flow\" style=\"flex-basis:380px\"><\/div>\n\n\n\n<div class=\"wp-block-column is-layout-flow wp-block-column-is-layout-flow\">\n<p class=\"has-white-color has-text-color has-extra-small-font-size\">Was einst aus einer Notl\u00f6sung der Siemens &#8211; Mitarbeiter entstand, entwickelte sich \u00fcber die Jahre zu einer richtigen Volleyballabteilung, welche heute ca. 100 Mitglieder z\u00e4hlt und f\u00fcr jede Altersstufe und jedes Niveau etwas zu bieten hat.<\/p>\n<\/div>\n\n\n\n<div class=\"wp-block-column is-layout-flow wp-block-column-is-layout-flow\" style=\"flex-basis:25px\"><\/div>\n<\/div>\n\n\n\n<div style=\"height:70px\" aria-hidden=\"true\" class=\"wp-block-spacer\"><\/div>\n<\/div><\/div>\n\n\n\n<div style=\"height:50px\" aria-hidden=\"true\" class=\"wp-block-spacer\"><\/div>\n\n\n\n<div class=\"wp-block-group alignfull has-background\" style=\"background-color:#02147e\"><div class=\"wp-block-group__inner-container is-layout-flow wp-block-group-is-layout-flow\">\n<div style=\"height:50px\" aria-hidden=\"true\" class=\"wp-block-spacer\"><\/div>\n\n\n\n<div class=\"wp-block-columns alignwide are-vertically-aligned-center is-layout-flex wp-container-core-columns-is-layout-9d6595d7 wp-block-columns-is-layout-flex\">\n<div class=\"wp-block-column is-layout-flow wp-block-column-is-layout-flow\" style=\"flex-basis:40%\">\n<p class=\"has-text-align-right has-white-color has-text-color\" style=\"font-size:25px;font-style:normal;font-weight:100\"><strong>1964<\/strong><\/p>\n<\/div>\n\n\n\n<div class=\"wp-block-column is-layout-flow wp-block-column-is-layout-flow\">\n<hr class=\"wp-block-separator has-text-color has-white-color has-css-opacity has-white-background-color has-background is-style-wide\"\/>\n<\/div>\n<\/div>\n\n\n\n<div class=\"wp-block-columns alignwide is-layout-flex wp-container-core-columns-is-layout-9d6595d7 wp-block-columns-is-layout-flex\">\n<div class=\"wp-block-column is-layout-flow wp-block-column-is-layout-flow\" style=\"flex-basis:380px\"><\/div>\n\n\n\n<div class=\"wp-block-column is-layout-flow wp-block-column-is-layout-flow\">\n<p class=\"has-white-color has-text-color\">Begonnen hat alles mit dem Siemens-Betriebssport. Bedingt durch eine Verletzung wurde das Fu\u00dfballspielen auf der &#8222;Betriebswiese&#8220; untersagt. Die Sportgruppe beschloss deshalb, in Zukunft in der Halle Volleyball zu spielen. Und so gr\u00fcndeten am 03.12.1964 zwanzig &#8222;Siemensianer&#8220; die &#8222;Siemens-Betriebssportgruppe im TSB&#8220; (Vorl\u00e4ufer des hsb) und legten somit den Grundstein f\u00fcr die heutige Volleyballabteilung. Die Statuten des Vereins wurde \u00fcbernommen, allerdings wurde die Mitgliederzahl zun\u00e4chst auf h\u00f6chstens 30 und ausschlie\u00dflich auf Mitarbeiter der Firma Siemens beschr\u00e4nkt.<\/p>\n<\/div>\n\n\n\n<div class=\"wp-block-column is-layout-flow wp-block-column-is-layout-flow\" style=\"flex-basis:25px\"><\/div>\n<\/div>\n\n\n\n<div style=\"height:70px\" aria-hidden=\"true\" class=\"wp-block-spacer\"><\/div>\n<\/div><\/div>\n\n\n\n<div style=\"height:50px\" aria-hidden=\"true\" class=\"wp-block-spacer\"><\/div>\n\n\n\n<div class=\"wp-block-group alignfull has-background\" style=\"background-color:#02147e\"><div class=\"wp-block-group__inner-container is-layout-flow wp-block-group-is-layout-flow\">\n<div style=\"height:50px\" aria-hidden=\"true\" class=\"wp-block-spacer\"><\/div>\n\n\n\n<div class=\"wp-block-columns alignwide are-vertically-aligned-center is-layout-flex wp-container-core-columns-is-layout-9d6595d7 wp-block-columns-is-layout-flex\">\n<div class=\"wp-block-column is-layout-flow wp-block-column-is-layout-flow\" style=\"flex-basis:40%\">\n<p class=\"has-text-align-right has-white-color has-text-color\" style=\"font-size:25px;font-style:normal;font-weight:100\"><strong>1975<\/strong><\/p>\n<\/div>\n\n\n\n<div class=\"wp-block-column is-layout-flow wp-block-column-is-layout-flow\">\n<hr class=\"wp-block-separator has-text-color has-white-color has-css-opacity has-white-background-color has-background is-style-wide\"\/>\n<\/div>\n<\/div>\n\n\n\n<div class=\"wp-block-columns alignwide is-layout-flex wp-container-core-columns-is-layout-9d6595d7 wp-block-columns-is-layout-flex\">\n<div class=\"wp-block-column is-layout-flow wp-block-column-is-layout-flow\" style=\"flex-basis:380px\"><\/div>\n\n\n\n<div class=\"wp-block-column is-layout-flow wp-block-column-is-layout-flow\">\n<p class=\"has-white-color has-text-color\">Ihre sportlich bisher erfolgreichste Zeit erlebte die Volleyballabteilung in den &#8222;Siebzigern&#8220;. Eine vom Verein gef\u00f6rderte M\u00e4dchengruppe aus dem Schillergymnasium schaffte 1975 den Aufstieg in die Bundesliga. Durch den Einstieg in Studium und Berufsleben konnte die Zusammensetzung der Mannschaft nach einem Jahr aber nicht aufrecht erhalten werden.<\/p>\n<\/div>\n\n\n\n<div class=\"wp-block-column is-layout-flow wp-block-column-is-layout-flow\" style=\"flex-basis:25px\"><\/div>\n<\/div>\n\n\n\n<div style=\"height:70px\" aria-hidden=\"true\" class=\"wp-block-spacer\"><\/div>\n<\/div><\/div>\n\n\n\n<div style=\"height:50px\" aria-hidden=\"true\" class=\"wp-block-spacer\"><\/div>\n\n\n\n<div class=\"wp-block-group alignfull has-background\" style=\"background-color:#02147e\"><div class=\"wp-block-group__inner-container is-layout-flow wp-block-group-is-layout-flow\">\n<div style=\"height:50px\" aria-hidden=\"true\" class=\"wp-block-spacer\"><\/div>\n\n\n\n<div class=\"wp-block-columns alignwide are-vertically-aligned-center is-layout-flex wp-container-core-columns-is-layout-9d6595d7 wp-block-columns-is-layout-flex\">\n<div class=\"wp-block-column is-layout-flow wp-block-column-is-layout-flow\" style=\"flex-basis:40%\">\n<p class=\"has-text-align-right has-white-color has-text-color\" style=\"font-size:25px;font-style:normal;font-weight:100\"><strong>Heute<\/strong><\/p>\n<\/div>\n\n\n\n<div class=\"wp-block-column is-layout-flow wp-block-column-is-layout-flow\">\n<hr class=\"wp-block-separator has-text-color has-white-color has-css-opacity has-white-background-color has-background is-style-wide\"\/>\n<\/div>\n<\/div>\n\n\n\n<div class=\"wp-block-columns alignwide is-layout-flex wp-container-core-columns-is-layout-9d6595d7 wp-block-columns-is-layout-flex\">\n<div class=\"wp-block-column is-layout-flow wp-block-column-is-layout-flow\" style=\"flex-basis:380px\"><\/div>\n\n\n\n<div class=\"wp-block-column is-layout-flow wp-block-column-is-layout-flow\">\n<p class=\"has-white-color has-text-color\">Heute ist das Zeil jedem die M\u00f6glichkeit zu geben, den f\u00fcr ihn passenden Volleyballsport zu betreiben, ist die hsb-Volleyballabteilung ein Teil der SG Volley Alb\/Brenztal. Diese Spielgemeinschaft aus sechs Vereinen hat sich zum Ziel gemacht, die verschiedenen Aspekte des sch\u00f6nsten Sports der Welt abzudecken.<\/p>\n\n\n\n<p><\/p>\n\n\n\n<p class=\"has-white-color has-text-color\">Der hsb bietet seit der ersten Dekade des neuen Jahrtausends eine erfolgreichen Jugendarbeit in Zusammenarbeit mit den anderen SG-Vereinen und mehreren Schulen. Zahlreiche Jugendmannschaften bei den Jungen, die haupts\u00e4chlich aus dem Heidenheimer Angebot entsprangen, nahmen seitdem an W\u00fcrttembergische Meisterschaften oder sogar an den Regiolmeisterschaften teil. Viele Heranwachsende spielen aufgrund ihrer Qualit\u00e4t bereits mit 14 Jahren bei den Erwachsenenmannschaften mit. In den letzten Jahren ist die Abteilung  auch bei der Nachwuchsf\u00f6rderung M\u00e4dchen wieder sehr aktiv. <br>Durchgehend ein sehr gro\u00dfer Bestandteil der Abteilung: das Mixed-Volleyball. Neben dem allt\u00e4glichen sportlichen Ausgleich zur Schule, zum Studium oder Arbeitsalltag ist der hsb auch hier im Ligabetrieb des Volleyball-Landesverband-W\u00fcrttemberg VLWs umtriebig. Je Team spielen mindestens zwei Frauen (Mixed 2-4) bzw. drei Frauen (Mixed 3-3). Die Anzahl der Mixed-Mannschaften ist seit Jahren stabil um die 4 Mannschaften, teilweise mit beachtlichem Erfolg. Dazu gibt es eine rege Teilnahme an regionalen und \u00fcberregionalen Hallen- und Freiluftturnieren.<\/p>\n\n\n\n<p><\/p>\n\n\n\n<p class=\"has-white-color has-text-color\">Mit derzeit knapp 100 Mitglieder geh\u00f6rt unsere Abteilung derzeit zu den kleineren Gruppen innerhalb des hsb.<\/p>\n\n\n\n<p><\/p>\n<\/div>\n\n\n\n<div class=\"wp-block-column is-layout-flow wp-block-column-is-layout-flow\" style=\"flex-basis:25px\"><\/div>\n<\/div>\n\n\n\n<div style=\"height:70px\" aria-hidden=\"true\" class=\"wp-block-spacer\"><\/div>\n<\/div><\/div>\n\n\n\n<div style=\"height:50px\" aria-hidden=\"true\" class=\"wp-block-spacer\"><\/div>","protected":false},"excerpt":{"rendered":"<p>Anf\u00e4nge und Gr\u00fcndung Was einst aus einer Notl\u00f6sung der Siemens &#8211; Mitarbeiter entstand, entwickelte sich \u00fcber die Jahre zu einer richtigen Volleyballabteilung, welche heute ca. 100 Mitglieder z\u00e4hlt und f\u00fcr jede Altersstufe und jedes Niveau etwas zu bieten hat. 1964 Begonnen hat alles mit dem Siemens-Betriebssport. Bedingt durch eine Verletzung wurde das Fu\u00dfballspielen auf der [&hellip;]<\/p>\n","protected":false},"author":1,"featured_media":0,"parent":4431,"menu_order":47,"comment_status":"closed","ping_status":"closed","template":"","meta":{"footnotes":""},"class_list":["post-8102","page","type-page","status-publish","hentry"],"aioseo_notices":[],"_links":{"self":[{"href":"https:\/\/hsb1846.de\/en\/wp-json\/wp\/v2\/pages\/8102","targetHints":{"allow":["GET"]}}],"collection":[{"href":"https:\/\/hsb1846.de\/en\/wp-json\/wp\/v2\/pages"}],"about":[{"href":"https:\/\/hsb1846.de\/en\/wp-json\/wp\/v2\/types\/page"}],"author":[{"embeddable":true,"href":"https:\/\/hsb1846.de\/en\/wp-json\/wp\/v2\/users\/1"}],"replies":[{"embeddable":true,"href":"https:\/\/hsb1846.de\/en\/wp-json\/wp\/v2\/comments?post=8102"}],"version-history":[{"count":9,"href":"https:\/\/hsb1846.de\/en\/wp-json\/wp\/v2\/pages\/8102\/revisions"}],"predecessor-version":[{"id":12582,"href":"https:\/\/hsb1846.de\/en\/wp-json\/wp\/v2\/pages\/8102\/revisions\/12582"}],"up":[{"embeddable":true,"href":"https:\/\/hsb1846.de\/en\/wp-json\/wp\/v2\/pages\/4431"}],"wp:attachment":[{"href":"https:\/\/hsb1846.de\/en\/wp-json\/wp\/v2\/media?parent=8102"}],"curies":[{"name":"wp","href":"https:\/\/api.w.org\/{rel}","templated":true}]}}