{"id":8104,"date":"2022-08-19T13:33:45","date_gmt":"2022-08-19T11:33:45","guid":{"rendered":"https:\/\/2022.hsb1846.de\/?page_id=8104"},"modified":"2022-08-22T15:46:34","modified_gmt":"2022-08-22T13:46:34","slug":"beachvolleyball","status":"publish","type":"page","link":"https:\/\/hsb1846.de\/en\/home\/abteilungen\/volleyball\/beachvolleyball\/","title":{"rendered":"Beachvolleyball"},"content":{"rendered":"<div style=\"height:50px\" aria-hidden=\"true\" class=\"wp-block-spacer\"><\/div>\n\n\n\n<p class=\"has-white-color has-text-color has-background\" style=\"background-color:#02147e;font-size:16px\">Mitte der 90er-Jahre wurde Beachvolleyball im Rahmen der von Baseball-Manager Klaus Eckle und den Heidek\u00f6pfen veranstalteten &#8222;American Sportsdays&#8220; als Trendsportart erstmals in Heidenheim pr\u00e4sentiert. Daf\u00fcr wurde &#8211; provisorisch und von Klaus Eckle auf die Schnelle zun\u00e4chst vorfinanziert &#8211; ein Einzelfeld angelegt.<\/p>\n\n\n\n<div style=\"height:50px\" aria-hidden=\"true\" class=\"wp-block-spacer\"><\/div>\n\n\n\n<p class=\"has-background\" style=\"background-color:#f6f6f6;font-size:16px\">In den Folgejahren brach das Beachvolleyballfieber in Heidenheim aus. Ein Feld war bald nicht mehr ausreichend, und so wurde im Fr\u00fchling 2001 mit dem Aus,- und Umbau der Anlage auf zwei Felder begonnen. Eine Grube mit einer Gr\u00fcnfl\u00e4chevon 600qm wurde zun\u00e4chst ausgehoben und anschlie\u00dfend mit verschiedenartigen Schottersorten (als Drainageschicht), Trennvlies und mehr als 300 Tonnen Sand wieder bef\u00fcllt.<\/p>\n\n\n\n<p class=\"has-background\" style=\"background-color:#f6f6f6;font-size:16px\">Diese Abteilungseigene Anlage, zum gro\u00dfen Teil mit Eigenmittel der Volleyballabteilung gebaut, wurde fast 10 Jahre lang \u00fcberaus rege genutzt. Ein nicht zu untersch\u00e4tzender Vorteil war und ist, dass auf den Beachfeldern im Gegensatz zu den Sporthallen &#8211; die w\u00e4hrend der Schulferien geschlossen sind &#8211; jederzeit gespielt werden kann.<\/p>\n\n\n\n<p class=\"has-background\" style=\"background-color:#f6f6f6;font-size:16px\">Mit dem Ausbau der Anlage auf zwei Felder wurde deshalb f\u00fcr viele die M\u00f6glichkeit geschaffen auch w\u00e4hrend der Pfingst &#8211; und Sommerferien ihren Sport auszu\u00fcben.<\/p>\n\n\n\n<div style=\"height:50px\" aria-hidden=\"true\" class=\"wp-block-spacer\"><\/div>\n\n\n\n<div class=\"wp-block-media-text alignfull has-media-on-the-right is-stacked-on-mobile is-vertically-aligned-center has-white-color has-text-color has-background\" style=\"background-color:#02147e;grid-template-columns:auto 34%\"><figure class=\"wp-block-media-text__media\"><img loading=\"lazy\" decoding=\"async\" width=\"300\" height=\"256\" src=\"https:\/\/2022.hsb1846.de\/wp-content\/uploads\/2022\/08\/99bb4d8b1d.jpg\" alt=\"\" class=\"wp-image-8145 size-full\"\/><\/figure><div class=\"wp-block-media-text__content\">\n<p class=\"has-text-align-left\" style=\"font-size:16px\">Vom Aufstieg der FCH &#8211; Fu\u00dfballer und dem damit verbundenen Umbaudes drittliga &#8211; untauglichen Albstadions in eine reine Fu\u00dfballarena und dem Zwangsumzug der Leichtathleten&nbsp; 2009&nbsp; waren auch die Volleyballer betroffen. Der bis dato so genannte hsb &#8211; Sportpark wurde v\u00f6llig neu gestaltet. W\u00e4hrend der Beachsaison 2009 musste deshalb auf die beiden Beachvolleyballfelder am Werkgymnasium Heidenheim ausgewichen werden.<br><\/p>\n\n\n\n<p>Bild: Altes Beachvolleyballfeld am Albstadion 2009<\/p>\n<\/div><\/div>\n\n\n\n<div style=\"height:50px\" aria-hidden=\"true\" class=\"wp-block-spacer\"><\/div>\n\n\n\n<div class=\"wp-block-columns has-background is-layout-flex wp-container-core-columns-is-layout-9d6595d7 wp-block-columns-is-layout-flex\" style=\"background-color:#f6f6f6\">\n<div class=\"wp-block-column is-layout-flow wp-block-column-is-layout-flow\">\n<div style=\"height:150px\" aria-hidden=\"true\" class=\"wp-block-spacer\"><\/div>\n\n\n\n<p style=\"font-size:16px\">Im April 2010 wurde der umgebaute und umbenannte Sparkassen &#8211; Sportpark fertiggestellt. Die Beachvolleyballanlage wurde vom bisherigen Standort (Zwischenraum zwischen B466 und dem Fu\u00dfballrasenplatz) ans obere Ende des bisherigen Kunstrasenplatzes verlegt. Seither besteht diese aus drei wundersch\u00f6nen Feldern.<\/p>\n<\/div>\n\n\n\n<div class=\"wp-block-column is-layout-flow wp-block-column-is-layout-flow\">\n<figure class=\"wp-block-image size-full\"><img loading=\"lazy\" decoding=\"async\" width=\"200\" height=\"150\" src=\"https:\/\/2022.hsb1846.de\/wp-content\/uploads\/2022\/08\/58749a5598.jpg\" alt=\"\" class=\"wp-image-8146\"\/><figcaption>Vorher: die alte Beachvolleyballanlage w\u00e4hrend des Abbaus<\/figcaption><\/figure>\n\n\n\n<div style=\"height:25px\" aria-hidden=\"true\" class=\"wp-block-spacer\"><\/div>\n\n\n\n<figure class=\"wp-block-image size-full\"><img loading=\"lazy\" decoding=\"async\" width=\"1200\" height=\"900\" src=\"https:\/\/2022.hsb1846.de\/wp-content\/uploads\/2022\/08\/dscn1011.jpg\" alt=\"\" class=\"wp-image-8149\" srcset=\"https:\/\/hsb1846.de\/wp-content\/uploads\/2022\/08\/dscn1011.jpg 1200w, https:\/\/hsb1846.de\/wp-content\/uploads\/2022\/08\/dscn1011-300x225.jpg 300w, https:\/\/hsb1846.de\/wp-content\/uploads\/2022\/08\/dscn1011-768x576.jpg 768w\" sizes=\"auto, (max-width: 1200px) 100vw, 1200px\" \/><figcaption>Nachher: die neue Leichtathletikanlage<\/figcaption><\/figure>\n<\/div>\n<\/div>\n\n\n\n<div class=\"wp-block-columns has-background is-layout-flex wp-container-core-columns-is-layout-9d6595d7 wp-block-columns-is-layout-flex\" style=\"background-color:#f6f6f6\">\n<div class=\"wp-block-column is-layout-flow wp-block-column-is-layout-flow\">\n<div style=\"height:150px\" aria-hidden=\"true\" class=\"wp-block-spacer\"><\/div>\n\n\n\n<p style=\"font-size:16px\">Formal zust\u00e4ndig f\u00fcr den Sparkassen &#8211; Sportpark ist&nbsp; nun nicht mehr der hsb, sondern die Stadt Heidenheim. Allerdings wurde zwischen dem Sportamt und der hsb &#8211; Vereinsf\u00fchrung vertraglich vereinbart, dass die hsb &#8211; Volleyballabteilung w\u00e4hrend des Abendsports und an den Wochenenden ein vorrangiges Nutzungsrecht hat.<\/p>\n<\/div>\n\n\n\n<div class=\"wp-block-column is-layout-flow wp-block-column-is-layout-flow\">\n<figure class=\"wp-block-image size-full\"><img loading=\"lazy\" decoding=\"async\" width=\"800\" height=\"600\" src=\"https:\/\/2022.hsb1846.de\/wp-content\/uploads\/2022\/08\/dscn0366_1.jpg\" alt=\"\" class=\"wp-image-8147\" srcset=\"https:\/\/hsb1846.de\/wp-content\/uploads\/2022\/08\/dscn0366_1.jpg 800w, https:\/\/hsb1846.de\/wp-content\/uploads\/2022\/08\/dscn0366_1-300x225.jpg 300w, https:\/\/hsb1846.de\/wp-content\/uploads\/2022\/08\/dscn0366_1-768x576.jpg 768w\" sizes=\"auto, (max-width: 800px) 100vw, 800px\" \/><figcaption>Neue Anlage im Bau<\/figcaption><\/figure>\n\n\n\n<div style=\"height:25px\" aria-hidden=\"true\" class=\"wp-block-spacer\"><\/div>\n\n\n\n<figure class=\"wp-block-image size-full\"><img loading=\"lazy\" decoding=\"async\" width=\"1200\" height=\"900\" src=\"https:\/\/2022.hsb1846.de\/wp-content\/uploads\/2022\/08\/dscn1003.jpg\" alt=\"\" class=\"wp-image-8118\" srcset=\"https:\/\/hsb1846.de\/wp-content\/uploads\/2022\/08\/dscn1003.jpg 1200w, https:\/\/hsb1846.de\/wp-content\/uploads\/2022\/08\/dscn1003-300x225.jpg 300w, https:\/\/hsb1846.de\/wp-content\/uploads\/2022\/08\/dscn1003-768x576.jpg 768w\" sizes=\"auto, (max-width: 1200px) 100vw, 1200px\" \/><figcaption>Die neue Anlage (April 2010)<\/figcaption><\/figure>\n<\/div>\n<\/div>\n\n\n\n<div style=\"height:50px\" aria-hidden=\"true\" class=\"wp-block-spacer\"><\/div>\n\n\n\n<p class=\"has-white-color has-text-color has-background\" style=\"background-color:#02147e;font-size:16px\">Heidenheim ist zwar bekannt f\u00fcr seine langen und hei\u00dfen Sommer, doch auch hier schneit es mal.<\/p>\n\n\n\n<div style=\"height:50px\" aria-hidden=\"true\" class=\"wp-block-spacer\"><\/div>\n\n\n\n<figure class=\"wp-block-gallery has-nested-images columns-default is-cropped wp-block-gallery-1 is-layout-flex wp-block-gallery-is-layout-flex\">\n<figure class=\"wp-block-image size-full\"><a href=\"https:\/\/2022.hsb1846.de\/wp-content\/uploads\/2022\/08\/snow-volleyball-farb-01.jpg\"><img loading=\"lazy\" decoding=\"async\" width=\"800\" height=\"600\" data-id=\"8166\" src=\"https:\/\/2022.hsb1846.de\/wp-content\/uploads\/2022\/08\/snow-volleyball-farb-01.jpg\" alt=\"\" class=\"wp-image-8166\" srcset=\"https:\/\/hsb1846.de\/wp-content\/uploads\/2022\/08\/snow-volleyball-farb-01.jpg 800w, https:\/\/hsb1846.de\/wp-content\/uploads\/2022\/08\/snow-volleyball-farb-01-300x225.jpg 300w, https:\/\/hsb1846.de\/wp-content\/uploads\/2022\/08\/snow-volleyball-farb-01-768x576.jpg 768w\" sizes=\"auto, (max-width: 800px) 100vw, 800px\" \/><\/a><figcaption><a href=\"https:\/\/hsb1846.de\/en\/files\/ccfbef608a.jpg\/\"><br><\/a><br>Volleyball im Winter<\/figcaption><\/figure>\n\n\n\n<figure class=\"wp-block-image size-full\"><a href=\"https:\/\/2022.hsb1846.de\/wp-content\/uploads\/2022\/08\/snow-volleyball-black-01.jpg\"><img loading=\"lazy\" decoding=\"async\" width=\"800\" height=\"600\" data-id=\"8167\" src=\"https:\/\/2022.hsb1846.de\/wp-content\/uploads\/2022\/08\/snow-volleyball-black-01.jpg\" alt=\"\" class=\"wp-image-8167\" srcset=\"https:\/\/hsb1846.de\/wp-content\/uploads\/2022\/08\/snow-volleyball-black-01.jpg 800w, https:\/\/hsb1846.de\/wp-content\/uploads\/2022\/08\/snow-volleyball-black-01-300x225.jpg 300w, https:\/\/hsb1846.de\/wp-content\/uploads\/2022\/08\/snow-volleyball-black-01-768x576.jpg 768w\" sizes=\"auto, (max-width: 800px) 100vw, 800px\" \/><\/a><figcaption><a href=\"https:\/\/hsb1846.de\/en\/files\/ccfbef608a.jpg\/\"><br><\/a><br>Volleyball im Winter<\/figcaption><\/figure>\n\n\n\n<figure class=\"wp-block-image size-full\"><a href=\"https:\/\/2022.hsb1846.de\/wp-content\/uploads\/2022\/08\/p1300092.jpg\"><img loading=\"lazy\" decoding=\"async\" width=\"1200\" height=\"900\" data-id=\"8124\" src=\"https:\/\/2022.hsb1846.de\/wp-content\/uploads\/2022\/08\/p1300092.jpg\" alt=\"\" class=\"wp-image-8124\" srcset=\"https:\/\/hsb1846.de\/wp-content\/uploads\/2022\/08\/p1300092.jpg 1200w, https:\/\/hsb1846.de\/wp-content\/uploads\/2022\/08\/p1300092-300x225.jpg 300w, https:\/\/hsb1846.de\/wp-content\/uploads\/2022\/08\/p1300092-768x576.jpg 768w\" sizes=\"auto, (max-width: 1200px) 100vw, 1200px\" \/><\/a><figcaption><a href=\"https:\/\/hsb1846.de\/en\/files\/ccfbef608a.jpg\/\"><br><\/a><br>Fu\u00dfballer und Reiter aufgepasst: DAS hier ist wirklich mal &#8222;tiefes Gel\u00e4uf&#8220;!<\/figcaption><\/figure>\n<\/figure>\n\n\n\n<div style=\"height:50px\" aria-hidden=\"true\" class=\"wp-block-spacer\"><\/div>","protected":false},"excerpt":{"rendered":"<p>Mitte der 90er-Jahre wurde Beachvolleyball im Rahmen der von Baseball-Manager Klaus Eckle und den Heidek\u00f6pfen veranstalteten &#8222;American Sportsdays&#8220; als Trendsportart erstmals in Heidenheim pr\u00e4sentiert. Daf\u00fcr wurde &#8211; provisorisch und von Klaus Eckle auf die Schnelle zun\u00e4chst vorfinanziert &#8211; ein Einzelfeld angelegt. In den Folgejahren brach das Beachvolleyballfieber in Heidenheim aus. Ein Feld war bald nicht [&hellip;]<\/p>\n","protected":false},"author":1,"featured_media":8148,"parent":4431,"menu_order":48,"comment_status":"closed","ping_status":"closed","template":"","meta":{"footnotes":""},"class_list":["post-8104","page","type-page","status-publish","has-post-thumbnail","hentry"],"aioseo_notices":[],"_links":{"self":[{"href":"https:\/\/hsb1846.de\/en\/wp-json\/wp\/v2\/pages\/8104","targetHints":{"allow":["GET"]}}],"collection":[{"href":"https:\/\/hsb1846.de\/en\/wp-json\/wp\/v2\/pages"}],"about":[{"href":"https:\/\/hsb1846.de\/en\/wp-json\/wp\/v2\/types\/page"}],"author":[{"embeddable":true,"href":"https:\/\/hsb1846.de\/en\/wp-json\/wp\/v2\/users\/1"}],"replies":[{"embeddable":true,"href":"https:\/\/hsb1846.de\/en\/wp-json\/wp\/v2\/comments?post=8104"}],"version-history":[{"count":10,"href":"https:\/\/hsb1846.de\/en\/wp-json\/wp\/v2\/pages\/8104\/revisions"}],"predecessor-version":[{"id":8171,"href":"https:\/\/hsb1846.de\/en\/wp-json\/wp\/v2\/pages\/8104\/revisions\/8171"}],"up":[{"embeddable":true,"href":"https:\/\/hsb1846.de\/en\/wp-json\/wp\/v2\/pages\/4431"}],"wp:featuredmedia":[{"embeddable":true,"href":"https:\/\/hsb1846.de\/en\/wp-json\/wp\/v2\/media\/8148"}],"wp:attachment":[{"href":"https:\/\/hsb1846.de\/en\/wp-json\/wp\/v2\/media?parent=8104"}],"curies":[{"name":"wp","href":"https:\/\/api.w.org\/{rel}","templated":true}]}}