{"id":8223,"date":"2022-08-23T16:02:31","date_gmt":"2022-08-23T14:02:31","guid":{"rendered":"https:\/\/2022.hsb1846.de\/?page_id=8223"},"modified":"2022-08-25T14:23:47","modified_gmt":"2022-08-25T12:23:47","slug":"faszination-badminton","status":"publish","type":"page","link":"https:\/\/hsb1846.de\/en\/home\/abteilungen\/badminton\/faszination-badminton\/","title":{"rendered":"Faszination Badminton"},"content":{"rendered":"<div style=\"height:50px\" aria-hidden=\"true\" class=\"wp-block-spacer\"><\/div>\n\n\n\n<div class=\"wp-block-columns has-background is-layout-flex wp-container-core-columns-is-layout-9d6595d7 wp-block-columns-is-layout-flex\" style=\"background-color:#f6f6f6\">\n<div class=\"wp-block-column is-layout-flow wp-block-column-is-layout-flow\">\n<div id=\"lbOverlay\" style=\"opacity: 0.8; display: block;\"><\/div><div id=\"lbCenter\" class=\"\" style=\"top: 312.5px; width: 460px; height: 255px; margin-left: 0px; left: 951.5px; display: block;\"><div id=\"lbImage\" style=\"background-image: url(&quot;https:\/\/www.hsb1846.de\/\/files\/badminton-0030.gif&quot;); display: block;\"><div style=\"position: relative; width: 440px; height: 235px;\"><a id=\"lbPrevLink\" href=\"https:\/\/hsb1846.de\/en\/\" style=\"display: none; height: 235px;\"><\/a><a id=\"lbNextLink\" href=\"https:\/\/hsb1846.de\/en\/\" style=\"display: none; height: 235px;\"><\/a><\/div><\/div><\/div><div id=\"lbBottomContainer\" style=\"left: 1000px; width: 460px; top: 567.5px; margin-left: -230px;\"><div id=\"lbBottom\" style=\"margin-top: 0px;\"><a id=\"lbCloseLink\" href=\"https:\/\/hsb1846.de\/en\/\"><\/a><div id=\"lbCaption\"><\/div><div id=\"lbNumber\"><\/div><div style=\"clear: both;\"><\/div><\/div><\/div>\n<\/div>\n\n\n\n<div class=\"wp-block-column is-layout-flow wp-block-column-is-layout-flow\">\n<div style=\"height:50px\" aria-hidden=\"true\" class=\"wp-block-spacer\"><\/div>\n\n\n\n<p style=\"font-size:16px\">Fast 10 Millionen Bundesb\u00fcrger laufen voller Begeisterung kleinen Filz-, Gummi- oder Federb\u00e4llen nach. <\/p>\n\n\n\n<p><\/p>\n\n\n\n<p style=\"font-size:16px\">Vor allem zum Badmintonschl\u00e4ger greifen immer mehr Frauen und M\u00e4nner. Und warum? Man kann sich so richtig freilaufen beim Spielen. Man merkt die Anstrengung nicht, das Spiel ist spannend und vermittelt Erfolgserlebnisse.<\/p>\n<\/div>\n<\/div>\n\n\n\n<div style=\"height:50px\" aria-hidden=\"true\" class=\"wp-block-spacer\"><\/div>\n\n\n\n<p class=\"has-white-color has-text-color has-background\" style=\"background-color:#02147e;font-size:16px\">\u00dcbrigens&#8230;<\/p>\n\n\n\n<p class=\"has-white-color has-text-color has-background\" style=\"background-color:#02147e;font-size:16px\">Bei zwei Stunden Spiel werden 1500 Kalorien verbraucht- oder drei Tafeln Schokolade. Mehr \u00fcber Badminton erfahren Sie bei uns.<\/p>\n\n\n\n<div style=\"height:50px\" aria-hidden=\"true\" class=\"wp-block-spacer\"><\/div>","protected":false},"excerpt":{"rendered":"<p>Fast 10 Millionen Bundesb\u00fcrger laufen voller Begeisterung kleinen Filz-, Gummi- oder Federb\u00e4llen nach. Vor allem zum Badmintonschl\u00e4ger greifen immer mehr Frauen und M\u00e4nner. Und warum? Man kann sich so richtig freilaufen beim Spielen. Man merkt die Anstrengung nicht, das Spiel ist spannend und vermittelt Erfolgserlebnisse. \u00dcbrigens&#8230; Bei zwei Stunden Spiel werden 1500 Kalorien verbraucht- oder [&hellip;]<\/p>\n","protected":false},"author":1,"featured_media":0,"parent":4393,"menu_order":9,"comment_status":"closed","ping_status":"closed","template":"","meta":{"footnotes":""},"class_list":["post-8223","page","type-page","status-publish","hentry"],"aioseo_notices":[],"_links":{"self":[{"href":"https:\/\/hsb1846.de\/en\/wp-json\/wp\/v2\/pages\/8223","targetHints":{"allow":["GET"]}}],"collection":[{"href":"https:\/\/hsb1846.de\/en\/wp-json\/wp\/v2\/pages"}],"about":[{"href":"https:\/\/hsb1846.de\/en\/wp-json\/wp\/v2\/types\/page"}],"author":[{"embeddable":true,"href":"https:\/\/hsb1846.de\/en\/wp-json\/wp\/v2\/users\/1"}],"replies":[{"embeddable":true,"href":"https:\/\/hsb1846.de\/en\/wp-json\/wp\/v2\/comments?post=8223"}],"version-history":[{"count":17,"href":"https:\/\/hsb1846.de\/en\/wp-json\/wp\/v2\/pages\/8223\/revisions"}],"predecessor-version":[{"id":8322,"href":"https:\/\/hsb1846.de\/en\/wp-json\/wp\/v2\/pages\/8223\/revisions\/8322"}],"up":[{"embeddable":true,"href":"https:\/\/hsb1846.de\/en\/wp-json\/wp\/v2\/pages\/4393"}],"wp:attachment":[{"href":"https:\/\/hsb1846.de\/en\/wp-json\/wp\/v2\/media?parent=8223"}],"curies":[{"name":"wp","href":"https:\/\/api.w.org\/{rel}","templated":true}]}}