{"id":8225,"date":"2022-08-23T16:02:52","date_gmt":"2022-08-23T14:02:52","guid":{"rendered":"https:\/\/2022.hsb1846.de\/?page_id=8225"},"modified":"2022-08-24T15:41:23","modified_gmt":"2022-08-24T13:41:23","slug":"geschichte-badminton","status":"publish","type":"page","link":"https:\/\/hsb1846.de\/en\/home\/abteilungen\/badminton\/geschichte-badminton\/","title":{"rendered":"Geschichte Badminton"},"content":{"rendered":"<div style=\"height:50px\" aria-hidden=\"true\" class=\"wp-block-spacer\"><\/div>\n\n\n\n<div class=\"wp-block-group alignfull has-background\" style=\"background-color:#02147e\"><div class=\"wp-block-group__inner-container is-layout-flow wp-block-group-is-layout-flow\">\n<div style=\"height:70px\" aria-hidden=\"true\" class=\"wp-block-spacer\"><\/div>\n\n\n\n<div class=\"wp-block-columns alignwide are-vertically-aligned-center is-layout-flex wp-container-core-columns-is-layout-9d6595d7 wp-block-columns-is-layout-flex\">\n<div class=\"wp-block-column is-layout-flow wp-block-column-is-layout-flow\" style=\"flex-basis:40%\">\n<p class=\"has-text-align-right has-white-color has-text-color\" style=\"font-size:25px;font-style:normal;font-weight:100\">Geschichtliche Entwicklung<\/p>\n<\/div>\n\n\n\n<div class=\"wp-block-column is-layout-flow wp-block-column-is-layout-flow\">\n<hr class=\"wp-block-separator has-text-color has-white-color has-css-opacity has-white-background-color has-background is-style-wide\"\/>\n<\/div>\n<\/div>\n\n\n\n<div class=\"wp-block-columns alignwide is-layout-flex wp-container-core-columns-is-layout-9d6595d7 wp-block-columns-is-layout-flex\">\n<div class=\"wp-block-column is-layout-flow wp-block-column-is-layout-flow\" style=\"flex-basis:380px\"><\/div>\n\n\n\n<div class=\"wp-block-column is-layout-flow wp-block-column-is-layout-flow\">\n<p class=\"has-white-color has-text-color has-extra-small-font-size\">Mitte des 19. Jahrhundert brachten englische Kolonialoffiziere aus Indien ein Spiel nach England, das Poona genannt wurde. 1872 f\u00fchrte man dieses Spiel in Badminton House vor, dem Landsitz des Duke of Beaufort. Der Landsitz Badminton gab dem Spiel den Namen, unter dem es sich sp\u00e4ter in aller Welt verbreiten sollte. Um die Jahrhundertwende wurde das Spiel \u00fcber Gro\u00dfbritannien hinaus bekannt und verbreitete sich zuerst in L\u00e4ndern die unter britischem Einfluss standen. Neun Nationen gr\u00fcndeten 1934 den Weltverband IBF (International Badminton F\u00f6deration). 1953 wurde der Deutsche Badminton-Verband (DBV) gegr\u00fcndet. Nahezu 60 nationale Verb\u00e4nde aus allen Erdteilen geh\u00f6ren heute dem Weltverband an.<\/p>\n<\/div>\n\n\n\n<div class=\"wp-block-column is-layout-flow wp-block-column-is-layout-flow\" style=\"flex-basis:25px\"><\/div>\n<\/div>\n\n\n\n<div style=\"height:70px\" aria-hidden=\"true\" class=\"wp-block-spacer\"><\/div>\n<\/div><\/div>\n\n\n\n<div style=\"height:50px\" aria-hidden=\"true\" class=\"wp-block-spacer\"><\/div>\n\n\n\n<div class=\"wp-block-group alignfull has-background\" style=\"background-color:#02147e\"><div class=\"wp-block-group__inner-container is-layout-flow wp-block-group-is-layout-flow\">\n<div style=\"height:50px\" aria-hidden=\"true\" class=\"wp-block-spacer\"><\/div>\n\n\n\n<div class=\"wp-block-columns alignwide are-vertically-aligned-center is-layout-flex wp-container-core-columns-is-layout-9d6595d7 wp-block-columns-is-layout-flex\">\n<div class=\"wp-block-column is-layout-flow wp-block-column-is-layout-flow\" style=\"flex-basis:40%\">\n<p class=\"has-text-align-right has-white-color has-text-color\" style=\"font-size:25px;font-style:normal;font-weight:100\">Nationale Wettk\u00e4mpfe<\/p>\n<\/div>\n\n\n\n<div class=\"wp-block-column is-layout-flow wp-block-column-is-layout-flow\">\n<hr class=\"wp-block-separator has-text-color has-white-color has-css-opacity has-white-background-color has-background is-style-wide\"\/>\n<\/div>\n<\/div>\n\n\n\n<div class=\"wp-block-columns alignwide is-layout-flex wp-container-core-columns-is-layout-9d6595d7 wp-block-columns-is-layout-flex\">\n<div class=\"wp-block-column is-layout-flow wp-block-column-is-layout-flow\" style=\"flex-basis:380px\"><\/div>\n\n\n\n<div class=\"wp-block-column is-layout-flow wp-block-column-is-layout-flow\">\n<p class=\"has-white-color has-text-color\">1953 Erste Deutsche Meisterschaften in Wiesbaden. Seit diesem Jahr werden allj\u00e4hrlich Deutsche Meisterschaften ausgetragen, denen Qualifikationsturniere in den Landesverb\u00e4nden bzw. in Bezirken vorausgehen. Die Meisterschaften werden nach Alter getrennt in der Sch\u00fcler-(U13,U15), Jugend-(U17,U19), Junioren- (U22) und Seniorenklasse ( ab 19 Jahren) ausgetragen.<\/p>\n\n\n\n<p><\/p>\n\n\n\n<p class=\"has-white-color has-text-color\">Der Deutsche Mannschaftsmeister wird in einer Bundesliga ermittelt. Unter dieser h\u00f6chsten Spielklasse staffeln sich in den verschiedenen Landesverb\u00e4nden Spielklassen bis zur Klasse D. Ein Sch\u00fcler- bzw. Jugendmannschaftsmeister wird ebenfalls ermittelt. Neben den Mannschaftsmeisterschaften finden eine Reihe von regional begrenzter oder \u00fcberregionaler Turnieren in den verschiedenen Altersklassen und Spielst\u00e4rken statt.<\/p>\n<\/div>\n\n\n\n<div class=\"wp-block-column is-layout-flow wp-block-column-is-layout-flow\" style=\"flex-basis:25px\"><\/div>\n<\/div>\n\n\n\n<div style=\"height:70px\" aria-hidden=\"true\" class=\"wp-block-spacer\"><\/div>\n<\/div><\/div>\n\n\n\n<div style=\"height:50px\" aria-hidden=\"true\" class=\"wp-block-spacer\"><\/div>","protected":false},"excerpt":{"rendered":"<p>Geschichtliche Entwicklung Mitte des 19. Jahrhundert brachten englische Kolonialoffiziere aus Indien ein Spiel nach England, das Poona genannt wurde. 1872 f\u00fchrte man dieses Spiel in Badminton House vor, dem Landsitz des Duke of Beaufort. Der Landsitz Badminton gab dem Spiel den Namen, unter dem es sich sp\u00e4ter in aller Welt verbreiten sollte. Um die Jahrhundertwende [&hellip;]<\/p>\n","protected":false},"author":1,"featured_media":0,"parent":4393,"menu_order":11,"comment_status":"closed","ping_status":"closed","template":"","meta":{"footnotes":""},"class_list":["post-8225","page","type-page","status-publish","hentry"],"aioseo_notices":[],"_links":{"self":[{"href":"https:\/\/hsb1846.de\/en\/wp-json\/wp\/v2\/pages\/8225","targetHints":{"allow":["GET"]}}],"collection":[{"href":"https:\/\/hsb1846.de\/en\/wp-json\/wp\/v2\/pages"}],"about":[{"href":"https:\/\/hsb1846.de\/en\/wp-json\/wp\/v2\/types\/page"}],"author":[{"embeddable":true,"href":"https:\/\/hsb1846.de\/en\/wp-json\/wp\/v2\/users\/1"}],"replies":[{"embeddable":true,"href":"https:\/\/hsb1846.de\/en\/wp-json\/wp\/v2\/comments?post=8225"}],"version-history":[{"count":3,"href":"https:\/\/hsb1846.de\/en\/wp-json\/wp\/v2\/pages\/8225\/revisions"}],"predecessor-version":[{"id":8310,"href":"https:\/\/hsb1846.de\/en\/wp-json\/wp\/v2\/pages\/8225\/revisions\/8310"}],"up":[{"embeddable":true,"href":"https:\/\/hsb1846.de\/en\/wp-json\/wp\/v2\/pages\/4393"}],"wp:attachment":[{"href":"https:\/\/hsb1846.de\/en\/wp-json\/wp\/v2\/media?parent=8225"}],"curies":[{"name":"wp","href":"https:\/\/api.w.org\/{rel}","templated":true}]}}