{"id":8388,"date":"2022-08-30T11:12:19","date_gmt":"2022-08-30T09:12:19","guid":{"rendered":"https:\/\/2022.hsb1846.de\/?page_id=8388"},"modified":"2022-08-30T14:53:23","modified_gmt":"2022-08-30T12:53:23","slug":"jobs-hockey","status":"publish","type":"page","link":"https:\/\/hsb1846.de\/en\/home\/abteilungen\/hockey\/jobs-hockey\/","title":{"rendered":"Jobs Hockey"},"content":{"rendered":"<div style=\"height:50px\" aria-hidden=\"true\" class=\"wp-block-spacer\"><\/div>\n\n\n\n<p class=\"has-white-color has-text-color has-background\" style=\"background-color:#02147e;font-size:25px;font-style:normal;font-weight:100\">Jugendarbeit, die Fr\u00fcchte tr\u00e4gt<\/p>\n\n\n\n<div style=\"height:25px\" aria-hidden=\"true\" class=\"wp-block-spacer\"><\/div>\n\n\n\n<p class=\"has-background\" style=\"background-color:#f6f6f6;font-size:16px\">Wir, die Hockeyabteilung des Heidenheimer Sportbund, suchen einen FSJ-ler f\u00fcr unseren Jugendbereich. Mit knapp 200 Mitgliedern in der Hockeyabteilung und 4.500 Mitgliedern im Hauptverein z\u00e4hlen wir zu einem der gr\u00f6\u00dften Vereine in Baden-W\u00fcrttemberg. Durch unsere intensive Jugendarbeit haben wir einen Grundstock an motivierten Jugendlichen geschaffen, die wir gemeinsam mit dir zu Spa\u00df und Erfolg f\u00fchren wollen.<\/p>\n\n\n\n<p class=\"has-background\" style=\"background-color:#f6f6f6;font-size:16px\">Das Freiwillige Soziale Jahr im Sport beginnt am 1. September 2020 und dauert ein Jahr. Deine w\u00f6chentliche Einsatzzeit betr\u00e4gt 38,5 Stunden und du bekommst ein monatliches Taschengeld von 300 \u20ac. Weitere Informationen zum FSJ allgemein sind auch auf der Seite des Landessportverbands Baden-W\u00fcrttemberg unter http:\/\/www.lsvbw.de\/sportwelten\/sportjugend\/freiwilliges_soziales_jahr zu finden.<\/p>\n\n\n\n<div style=\"height:50px\" aria-hidden=\"true\" class=\"wp-block-spacer\"><\/div>\n\n\n\n<p class=\"has-white-color has-text-color has-background\" style=\"background-color:#02147e;font-size:25px;font-style:normal;font-weight:100\">Wir bieten dir:<\/p>\n\n\n\n<div style=\"height:25px\" aria-hidden=\"true\" class=\"wp-block-spacer\"><\/div>\n\n\n\n<ul class=\"has-background wp-block-list\" style=\"background-color:#f6f6f6;font-size:16px\"><li>Tollen Verein mit herzlichen und offenem Umgang miteinander<\/li><li>Eigene Clubanlage auf der sch\u00f6nen schw\u00e4bischen Alb<\/li><li>Engagierte und begeisterte Jugendliche<\/li><\/ul>\n\n\n\n<div style=\"height:50px\" aria-hidden=\"true\" class=\"wp-block-spacer\"><\/div>\n\n\n\n<p class=\"has-white-color has-text-color has-background\" style=\"background-color:#02147e;font-size:25px;font-style:normal;font-weight:100\">Deine Aufgaben:<\/p>\n\n\n\n<div style=\"height:25px\" aria-hidden=\"true\" class=\"wp-block-spacer\"><\/div>\n\n\n\n<ul class=\"has-background wp-block-list\" style=\"background-color:#f6f6f6;font-size:16px\"><li>Unterst\u00fctzung im Jugend-Training<\/li><li>Begeistern von Sch\u00fclern in AGs und Unterrichtseinheiten an Schulen<\/li><li>Unterst\u00fctzende Arbeiten in der Gesch\u00e4ftsstelle (ca. 5 h die Woche)<\/li><\/ul>\n\n\n\n<div style=\"height:50px\" aria-hidden=\"true\" class=\"wp-block-spacer\"><\/div>\n\n\n\n<p class=\"has-white-color has-text-color has-background\" style=\"background-color:#02147e;font-size:25px;font-style:normal;font-weight:100\">Ein FSJ im Sport hat f\u00fcr dich folgende Vorteile:<\/p>\n\n\n\n<div style=\"height:25px\" aria-hidden=\"true\" class=\"wp-block-spacer\"><\/div>\n\n\n\n<ul class=\"has-background wp-block-list\" style=\"background-color:#f6f6f6;font-size:16px\"><li>Erste Einblicke ins Berufsleben<\/li><li>Wird im sozialen Bereich als Vorpraktikum anerkannt<\/li><li>Unis und FHs rechnen die Zeit als Wartesemester an<\/li><li>Macht sich super auf jeder Bewerbung, egal ob f\u00fcrs Studium, f\u00fcr eine Ausbildung, oder f\u00fcr einen Job<\/li><\/ul>\n\n\n\n<div style=\"height:50px\" aria-hidden=\"true\" class=\"wp-block-spacer\"><\/div>\n\n\n\n<p class=\"has-white-color has-text-color has-background\" style=\"background-color:#02147e;font-size:16px\">Melde dich bei Interesse bis sp\u00e4testens 30.03.2023 bei Patrick Laun (vorstand2@hsb-hockey.de, 0176 \u2013 31410821). Einen Einblick in unsere Abteilung bekommst du auch unter www.hsb-hockey.de.<\/p>\n\n\n\n<div style=\"height:50px\" aria-hidden=\"true\" class=\"wp-block-spacer\"><\/div>","protected":false},"excerpt":{"rendered":"<p>Jugendarbeit, die Fr\u00fcchte tr\u00e4gt Wir, die Hockeyabteilung des Heidenheimer Sportbund, suchen einen FSJ-ler f\u00fcr unseren Jugendbereich. Mit knapp 200 Mitgliedern in der Hockeyabteilung und 4.500 Mitgliedern im Hauptverein z\u00e4hlen wir zu einem der gr\u00f6\u00dften Vereine in Baden-W\u00fcrttemberg. Durch unsere intensive Jugendarbeit haben wir einen Grundstock an motivierten Jugendlichen geschaffen, die wir gemeinsam mit dir zu [&hellip;]<\/p>\n","protected":false},"author":1,"featured_media":7308,"parent":4407,"menu_order":18,"comment_status":"closed","ping_status":"closed","template":"","meta":{"footnotes":""},"class_list":["post-8388","page","type-page","status-publish","has-post-thumbnail","hentry"],"aioseo_notices":[],"_links":{"self":[{"href":"https:\/\/hsb1846.de\/en\/wp-json\/wp\/v2\/pages\/8388","targetHints":{"allow":["GET"]}}],"collection":[{"href":"https:\/\/hsb1846.de\/en\/wp-json\/wp\/v2\/pages"}],"about":[{"href":"https:\/\/hsb1846.de\/en\/wp-json\/wp\/v2\/types\/page"}],"author":[{"embeddable":true,"href":"https:\/\/hsb1846.de\/en\/wp-json\/wp\/v2\/users\/1"}],"replies":[{"embeddable":true,"href":"https:\/\/hsb1846.de\/en\/wp-json\/wp\/v2\/comments?post=8388"}],"version-history":[{"count":2,"href":"https:\/\/hsb1846.de\/en\/wp-json\/wp\/v2\/pages\/8388\/revisions"}],"predecessor-version":[{"id":8441,"href":"https:\/\/hsb1846.de\/en\/wp-json\/wp\/v2\/pages\/8388\/revisions\/8441"}],"up":[{"embeddable":true,"href":"https:\/\/hsb1846.de\/en\/wp-json\/wp\/v2\/pages\/4407"}],"wp:featuredmedia":[{"embeddable":true,"href":"https:\/\/hsb1846.de\/en\/wp-json\/wp\/v2\/media\/7308"}],"wp:attachment":[{"href":"https:\/\/hsb1846.de\/en\/wp-json\/wp\/v2\/media?parent=8388"}],"curies":[{"name":"wp","href":"https:\/\/api.w.org\/{rel}","templated":true}]}}