{"id":8459,"date":"2022-08-30T16:26:50","date_gmt":"2022-08-30T14:26:50","guid":{"rendered":"https:\/\/2022.hsb1846.de\/?page_id=8459"},"modified":"2024-10-13T17:40:38","modified_gmt":"2024-10-13T15:40:38","slug":"abteilungsleitung-leichtathletik","status":"publish","type":"page","link":"https:\/\/hsb1846.de\/en\/home\/abteilungen\/leichtathletik\/abteilungsleitung-leichtathletik\/","title":{"rendered":"Abteilungsleitung Leichtathletik"},"content":{"rendered":"<div style=\"height:50px\" aria-hidden=\"true\" class=\"wp-block-spacer\"><\/div>\n\n\n\n<p class=\"has-white-color has-text-color has-background\" style=\"background-color:#02147e;font-size:25px;font-style:normal;font-weight:100\">Unsere Abteilungsleitung<\/p>\n\n\n\n<div style=\"height:50px\" aria-hidden=\"true\" class=\"wp-block-spacer\"><\/div>\n\n\n\n<figure class=\"wp-block-table is-style-stripes\"><table><tbody><tr><td><strong>Abteilungsleiter<\/strong><\/td><td><strong>Kassenwart<\/strong><\/td><\/tr><tr><td><img decoding=\"async\" style=\"width: 500px;\" src=\"https:\/\/2022.hsb1846.de\/wp-content\/uploads\/2022\/08\/joe_mueller.jpg\" alt=\"\"><img loading=\"lazy\" decoding=\"async\" width=\"650\" height=\"488\" class=\"wp-image-8508\" style=\"width: 650px;\" src=\"https:\/\/hsb1846.de\/wp-content\/uploads\/2022\/08\/joe_mueller.jpg\" alt=\"\" srcset=\"https:\/\/hsb1846.de\/wp-content\/uploads\/2022\/08\/joe_mueller.jpg 502w, https:\/\/hsb1846.de\/wp-content\/uploads\/2022\/08\/joe_mueller-300x225.jpg 300w\" sizes=\"auto, (max-width: 650px) 100vw, 650px\" \/><\/td><td><img loading=\"lazy\" decoding=\"async\" width=\"650\" height=\"453\" class=\"wp-image-10979\" style=\"width: 650px;\" src=\"https:\/\/hsb1846.de\/wp-content\/uploads\/2023\/01\/Reiner-Schlenk2.jpg\" alt=\"\" srcset=\"https:\/\/hsb1846.de\/wp-content\/uploads\/2023\/01\/Reiner-Schlenk2.jpg 541w, https:\/\/hsb1846.de\/wp-content\/uploads\/2023\/01\/Reiner-Schlenk2-300x209.jpg 300w, https:\/\/hsb1846.de\/wp-content\/uploads\/2023\/01\/Reiner-Schlenk2-18x12.jpg 18w\" sizes=\"auto, (max-width: 650px) 100vw, 650px\" \/><\/td><\/tr><tr><td>Hannes M\u00fcller<\/td><td>Reiner Schlenk<\/td><\/tr><tr><td>E-Mail: leichtathletik@hsb1846.de<\/td><td>E-Mail: reiner.schlenk@hsb1846.de<\/td><\/tr><tr><td><\/td><td><\/td><\/tr><tr><td><strong>Pressewart<\/strong><\/td><td><strong>Internetwart<\/strong><\/td><\/tr><tr><td><img decoding=\"async\" src=\"https:\/\/2022.hsb1846.de\/wp-content\/uploads\/2022\/08\/tobias_buehner.jpg\" alt=\"\"><img loading=\"lazy\" decoding=\"async\" width=\"650\" height=\"477\" class=\"wp-image-8522\" style=\"width: 650px;\" src=\"https:\/\/hsb1846.de\/wp-content\/uploads\/2022\/08\/tobias_buehner.jpg\" alt=\"\" srcset=\"https:\/\/hsb1846.de\/wp-content\/uploads\/2022\/08\/tobias_buehner.jpg 729w, https:\/\/hsb1846.de\/wp-content\/uploads\/2022\/08\/tobias_buehner-300x220.jpg 300w\" sizes=\"auto, (max-width: 650px) 100vw, 650px\" \/><\/td><td><img decoding=\"async\" src=\"https:\/\/2022.hsb1846.de\/wp-content\/uploads\/2022\/08\/tobias_buehner.jpg\" alt=\"\"><img loading=\"lazy\" decoding=\"async\" width=\"650\" height=\"477\" class=\"wp-image-8522\" style=\"width: 650px;\" src=\"https:\/\/hsb1846.de\/wp-content\/uploads\/2022\/08\/tobias_buehner.jpg\" alt=\"\" srcset=\"https:\/\/hsb1846.de\/wp-content\/uploads\/2022\/08\/tobias_buehner.jpg 729w, https:\/\/hsb1846.de\/wp-content\/uploads\/2022\/08\/tobias_buehner-300x220.jpg 300w\" sizes=\"auto, (max-width: 650px) 100vw, 650px\" \/><\/td><\/tr><tr><td>Tobias B\u00fchner<\/td><td>Tobias B\u00fchner<\/td><\/tr><tr><td>E-Mail: tobias.buehner@hsb1846.de<\/td><td>E-Mail: tobias.buehner@hsb1846.de<\/td><\/tr><tr><td><\/td><td><\/td><\/tr><tr><td><strong>Jugendleiter<\/strong><\/td><td><\/td><\/tr><tr><td><img decoding=\"async\" src=\"https:\/\/2022.hsb1846.de\/wp-content\/uploads\/2022\/08\/philip_zimmermann.jpg\" alt=\"\"><img loading=\"lazy\" decoding=\"async\" width=\"650\" height=\"500\" class=\"wp-image-8512\" style=\"width: 650px;\" src=\"https:\/\/hsb1846.de\/wp-content\/uploads\/2022\/08\/philip_zimmermann.jpg\" alt=\"\" srcset=\"https:\/\/hsb1846.de\/wp-content\/uploads\/2022\/08\/philip_zimmermann.jpg 547w, https:\/\/hsb1846.de\/wp-content\/uploads\/2022\/08\/philip_zimmermann-300x231.jpg 300w\" sizes=\"auto, (max-width: 650px) 100vw, 650px\" \/><\/td><td><\/td><\/tr><tr><td>Philip Zimmermann<\/td><td><\/td><\/tr><tr><td><\/td><td><\/td><\/tr><\/tbody><\/table><\/figure>\n\n\n\n<p><\/p>","protected":false},"excerpt":{"rendered":"<p>Unsere Abteilungsleitung Abteilungsleiter Kassenwart Hannes M\u00fcller Reiner Schlenk E-Mail: leichtathletik@hsb1846.de E-Mail: reiner.schlenk@hsb1846.de Pressewart Internetwart Tobias B\u00fchner Tobias B\u00fchner E-Mail: tobias.buehner@hsb1846.de E-Mail: tobias.buehner@hsb1846.de Jugendleiter Philip Zimmermann<\/p>","protected":false},"author":1,"featured_media":0,"parent":4411,"menu_order":0,"comment_status":"closed","ping_status":"closed","template":"","meta":{"footnotes":""},"class_list":["post-8459","page","type-page","status-publish","hentry"],"aioseo_notices":[],"_links":{"self":[{"href":"https:\/\/hsb1846.de\/en\/wp-json\/wp\/v2\/pages\/8459","targetHints":{"allow":["GET"]}}],"collection":[{"href":"https:\/\/hsb1846.de\/en\/wp-json\/wp\/v2\/pages"}],"about":[{"href":"https:\/\/hsb1846.de\/en\/wp-json\/wp\/v2\/types\/page"}],"author":[{"embeddable":true,"href":"https:\/\/hsb1846.de\/en\/wp-json\/wp\/v2\/users\/1"}],"replies":[{"embeddable":true,"href":"https:\/\/hsb1846.de\/en\/wp-json\/wp\/v2\/comments?post=8459"}],"version-history":[{"count":10,"href":"https:\/\/hsb1846.de\/en\/wp-json\/wp\/v2\/pages\/8459\/revisions"}],"predecessor-version":[{"id":15994,"href":"https:\/\/hsb1846.de\/en\/wp-json\/wp\/v2\/pages\/8459\/revisions\/15994"}],"up":[{"embeddable":true,"href":"https:\/\/hsb1846.de\/en\/wp-json\/wp\/v2\/pages\/4411"}],"wp:attachment":[{"href":"https:\/\/hsb1846.de\/en\/wp-json\/wp\/v2\/media?parent=8459"}],"curies":[{"name":"wp","href":"https:\/\/api.w.org\/{rel}","templated":true}]}}