{"id":8461,"date":"2022-08-30T16:27:09","date_gmt":"2022-08-30T14:27:09","guid":{"rendered":"https:\/\/2022.hsb1846.de\/?page_id=8461"},"modified":"2025-12-25T10:24:30","modified_gmt":"2025-12-25T09:24:30","slug":"trainer-leichtathletik","status":"publish","type":"page","link":"https:\/\/hsb1846.de\/en\/home\/abteilungen\/leichtathletik\/trainer-leichtathletik\/","title":{"rendered":"Trainer Leichtathletik"},"content":{"rendered":"<div style=\"height:50px\" aria-hidden=\"true\" class=\"wp-block-spacer\"><\/div>\n\n\n\n<p class=\"has-white-color has-text-color has-background\" style=\"background-color:#02147e;font-size:25px;font-style:normal;font-weight:100\">Unsere \u00dcbungsleiter und Trainer<\/p>\n\n\n\n<div style=\"height:50px\" aria-hidden=\"true\" class=\"wp-block-spacer\"><\/div>\n\n\n\n<figure class=\"wp-block-table is-style-stripes\" style=\"font-size:15px\"><table><tbody><tr><td><strong>Valerij Wolf<\/strong><\/td><td><strong>Hannes M\u00fcller<\/strong><\/td><\/tr><tr><td><img loading=\"lazy\" decoding=\"async\" width=\"200\" height=\"267\" class=\"wp-image-8519\" style=\"width: 200px;\" src=\"https:\/\/hsb1846.de\/wp-content\/uploads\/2022\/08\/rtemagicc_valerij_wolf.jpg.jpg\" alt=\"\"><\/td><td><img loading=\"lazy\" decoding=\"async\" width=\"200\" height=\"150\" class=\"wp-image-8508\" style=\"width: 200px;\" src=\"https:\/\/hsb1846.de\/wp-content\/uploads\/2022\/08\/joe_mueller.jpg\" alt=\"\" srcset=\"https:\/\/hsb1846.de\/wp-content\/uploads\/2022\/08\/joe_mueller.jpg 502w, https:\/\/hsb1846.de\/wp-content\/uploads\/2022\/08\/joe_mueller-300x225.jpg 300w\" sizes=\"auto, (max-width: 200px) 100vw, 200px\" \/><\/td><\/tr><tr><td>Sch\u00fcler-, Jugend- und Aktiventrainer, ab 12 Jahre<br>E-Mail: leichtathletik@hsb1846.de<\/td><td>Sch\u00fcler-, Jugend- und Aktiventrainer, ab 12 Jahre<br>E-Mail: leichtathletik@hsb1846.de<\/td><\/tr><tr><td><\/td><td><\/td><\/tr><tr><td><strong>Ulrike Singer &#8211; Adler<\/strong><\/td><td><strong>Ronja M\u00fcller<\/strong><\/td><\/tr><tr><td><img loading=\"lazy\" decoding=\"async\" width=\"200\" height=\"251\" class=\"wp-image-8518\" style=\"width: 200px;\" src=\"https:\/\/hsb1846.de\/wp-content\/uploads\/2022\/08\/rtemagicc_passbild.jpg.jpg\" alt=\"\"><\/td><td><img loading=\"lazy\" decoding=\"async\" width=\"200\" height=\"218\" class=\"wp-image-8517\" style=\"width: 200px;\" src=\"https:\/\/hsb1846.de\/wp-content\/uploads\/2022\/08\/ronja_bild.jpg\" alt=\"\" srcset=\"https:\/\/hsb1846.de\/wp-content\/uploads\/2022\/08\/ronja_bild.jpg 1103w, https:\/\/hsb1846.de\/wp-content\/uploads\/2022\/08\/ronja_bild-276x300.jpg 276w, https:\/\/hsb1846.de\/wp-content\/uploads\/2022\/08\/ronja_bild-993x1080.jpg 993w, https:\/\/hsb1846.de\/wp-content\/uploads\/2022\/08\/ronja_bild-768x836.jpg 768w\" sizes=\"auto, (max-width: 200px) 100vw, 200px\" \/><\/td><\/tr><tr><td>Sch\u00fclertrainerin, 8-11 Jahre<br>E-Mail: ulrike.singer-adler@hsb1846.de<\/td><td>Sch\u00fclertrainer, 8-11 Jahre<br>E-Mail: ronja.mueller@hsb1846.de<\/td><\/tr><tr><td><\/td><td><\/td><\/tr><tr><td><strong>Christa Hensolt<\/strong><\/td><td><\/td><\/tr><tr><td><img loading=\"lazy\" decoding=\"async\" width=\"250\" height=\"268\" class=\"wp-image-11439\" style=\"width: 250px;\" src=\"https:\/\/hsb1846.de\/wp-content\/uploads\/2023\/02\/Christa-Hensolt.png\" alt=\"\" srcset=\"https:\/\/hsb1846.de\/wp-content\/uploads\/2023\/02\/Christa-Hensolt.png 674w, https:\/\/hsb1846.de\/wp-content\/uploads\/2023\/02\/Christa-Hensolt-280x300.png 280w, https:\/\/hsb1846.de\/wp-content\/uploads\/2023\/02\/Christa-Hensolt-11x12.png 11w\" sizes=\"auto, (max-width: 250px) 100vw, 250px\" \/><\/td><td><\/td><\/tr><tr><td>Bambinitrainerin, 4 -7 Jahre<br>E-Mail: christa.hensolt@hsb1846.de<\/td><td><\/td><\/tr><tr><td><\/td><td><\/td><\/tr><\/tbody><\/table><\/figure>\n\n\n\n<div style=\"height:50px\" aria-hidden=\"true\" class=\"wp-block-spacer\"><\/div>","protected":false},"excerpt":{"rendered":"<p>Unsere \u00dcbungsleiter und Trainer Valerij Wolf Hannes M\u00fcller Sch\u00fcler-, Jugend- und Aktiventrainer, ab 12 JahreE-Mail: leichtathletik@hsb1846.de Sch\u00fcler-, Jugend- und Aktiventrainer, ab 12 JahreE-Mail: leichtathletik@hsb1846.de Ulrike Singer &#8211; Adler Ronja M\u00fcller Sch\u00fclertrainerin, 8-11 JahreE-Mail: ulrike.singer-adler@hsb1846.de Sch\u00fclertrainer, 8-11 JahreE-Mail: ronja.mueller@hsb1846.de Christa Hensolt Bambinitrainerin, 4 -7 JahreE-Mail: christa.hensolt@hsb1846.de<\/p>","protected":false},"author":1,"featured_media":0,"parent":4411,"menu_order":7,"comment_status":"closed","ping_status":"closed","template":"","meta":{"footnotes":""},"class_list":["post-8461","page","type-page","status-publish","hentry"],"aioseo_notices":[],"_links":{"self":[{"href":"https:\/\/hsb1846.de\/en\/wp-json\/wp\/v2\/pages\/8461","targetHints":{"allow":["GET"]}}],"collection":[{"href":"https:\/\/hsb1846.de\/en\/wp-json\/wp\/v2\/pages"}],"about":[{"href":"https:\/\/hsb1846.de\/en\/wp-json\/wp\/v2\/types\/page"}],"author":[{"embeddable":true,"href":"https:\/\/hsb1846.de\/en\/wp-json\/wp\/v2\/users\/1"}],"replies":[{"embeddable":true,"href":"https:\/\/hsb1846.de\/en\/wp-json\/wp\/v2\/comments?post=8461"}],"version-history":[{"count":35,"href":"https:\/\/hsb1846.de\/en\/wp-json\/wp\/v2\/pages\/8461\/revisions"}],"predecessor-version":[{"id":19011,"href":"https:\/\/hsb1846.de\/en\/wp-json\/wp\/v2\/pages\/8461\/revisions\/19011"}],"up":[{"embeddable":true,"href":"https:\/\/hsb1846.de\/en\/wp-json\/wp\/v2\/pages\/4411"}],"wp:attachment":[{"href":"https:\/\/hsb1846.de\/en\/wp-json\/wp\/v2\/media?parent=8461"}],"curies":[{"name":"wp","href":"https:\/\/api.w.org\/{rel}","templated":true}]}}