{"id":8463,"date":"2022-08-30T16:27:46","date_gmt":"2022-08-30T14:27:46","guid":{"rendered":"https:\/\/2022.hsb1846.de\/?page_id=8463"},"modified":"2026-04-19T13:31:11","modified_gmt":"2026-04-19T11:31:11","slug":"ergebnisse-leichtathletik","status":"publish","type":"page","link":"https:\/\/hsb1846.de\/en\/home\/abteilungen\/leichtathletik\/ergebnisse-leichtathletik\/","title":{"rendered":"Ergebnisse Leichtathletik"},"content":{"rendered":"<p class=\"has-white-color has-text-color has-background\" style=\"background-color:#02147e;font-size:25px;font-style:normal;font-weight:100\">Wettkampfergebnisse<\/p>\n\n\n\n<p><\/p>\n\n\n\n<figure class=\"wp-block-table is-style-stripes\"><table><tbody><tr><td><\/td><td><\/td><\/tr><tr><td>18.04.2026<\/td><td><a href=\"https:\/\/ladv.de\/ergebnisse\/98090\/5.-Memminger-Wurfwettkampf-aller-Klassen-Ergebnisliste-Memmingen-2026.htm\" target=\"_blank\" rel=\"noopener\" title=\"\">Werfertag in Memmingen<\/a><\/td><\/tr><tr><td>27.03.-02.04.2026<\/td><td><a href=\"https:\/\/emaci2026.domtel-sport.pl\/\" target=\"_blank\" rel=\"noopener\" title=\"Halleneuropameisterschaften der Masters in Torun\">Halleneuropameisterschaften der Masters in Torun<\/a><\/td><\/tr><tr><td>07.\/08.03.2026<\/td><td><a href=\"https:\/\/ergebnisse.leichtathletik.de\/Competitions\/Resultoverview\/18418\" target=\"_blank\" rel=\"noopener\" title=\"\">Deutsche Hallen- und Winterwurfmeisterschaften Masters in D\u00fcsseldorf<\/a><\/td><\/tr><tr><td>14.02.2026<\/td><td><a href=\"https:\/\/ladv.de\/ergebnisse\/96873\/Regionalmeisterschaften-Hallenmehrkampf-Jugend-U16-%26-U14-Ergebnisliste-Schw%C3%A4bisch-Gm%C3%BCnd-2026.htm\" target=\"_blank\" rel=\"noopener\" title=\"\">Regionalhallenmehrkampfmeisterschaften U16 und U14 in Schw\u00e4bisch Gm\u00fcnd<\/a><\/td><\/tr><tr><td>24.01.2026<\/td><td><a href=\"https:\/\/ladv.de\/ergebnisse\/96468\/BW-Halle-Masters-Ergebnisliste-Sindelfingen-2026.htm\" target=\"_blank\" rel=\"noopener\" title=\"\">Ba-W\u00fc\u00b4s Masters Halle Sindelfingen<\/a><\/td><\/tr><tr><td>14.12.2025<\/td><td><a href=\"https:\/\/ladv.de\/ergebnisse\/95849\/ttc-Weihnachtsspringen-2025-Ergebnisliste-Gr%C3%A4felfing-2025.htm#WJU20\" target=\"_blank\" rel=\"noopener\" title=\"\">Weihnachtsspringen Gr\u00e4felfing<\/a><\/td><\/tr><tr><td>06.12.2025<\/td><td><a href=\"https:\/\/ladv.de\/ergebnisse\/95771\/Hallensportfest-I-2025-2026-Ergebnisliste-Ulm-2025.htm#WJU20\" target=\"_blank\" rel=\"noopener\" title=\"\">Lo Hallensportfest Ulm<\/a><\/td><\/tr><tr><td>04.10.2025<\/td><td><a href=\"https:\/\/ladv.de\/ergebnisse\/94646\/BW-Meisterschaften-Wurf-Mehrkampf-Masters-Ergebnisliste-Igersheim-2025.htm\" target=\"_blank\" rel=\"noopener\" title=\"\">Ba-W\u00fc\u00b4s Masters im Wurff\u00fcnfkampf in Igersheim<\/a><\/td><\/tr><tr><td>22.-24.08.2025<\/td><td><a href=\"https:\/\/ergebnisse.leichtathletik.de\/Competitions\/Resultoverview\/17175\" target=\"_blank\" rel=\"noopener\" title=\"\">Deutsche Meisterschaften Masters in Gotha<\/a><\/td><\/tr><tr><td>05.07.2025<\/td><td><a href=\"https:\/\/ladv.de\/ergebnisse\/92096\/Wurff%C3%BCnfkampf-Challenge-Stabhochsprung-Kugel-Diskus-Speer-Ergebnisliste-Essingen-2025.htm\" target=\"_blank\" rel=\"noopener\" title=\"\">Sparkassencup in Essingen<\/a><\/td><\/tr><tr><td>21.\/22.06.2025<\/td><td><a href=\"https:\/\/ladv.de\/ergebnisse\/91528\/BW-Leichtathletik-Jugend-Finals-%28LV-BA%29-Ergebnisliste-Langensteinbach-%28Karlsbad%29-2025.htm\" target=\"_blank\" rel=\"noopener\" title=\"\">Ba-W\u00fc\u00b4s Jugend in Langensteinbach<\/a><\/td><\/tr><tr><td>15.06.2025<\/td><td><a href=\"https:\/\/ladv.de\/ergebnisse\/91359\/17.Stabhochsprung-Meeting-und-Kugelsto%C3%9Fen-der-Asse-Ergebnisliste-Weisenbach-2025.htm\" target=\"_blank\" rel=\"noopener\" title=\"\">Lo Sportfest in Weisenbach<\/a><\/td><\/tr><tr><td>24.05.2025<\/td><td><a href=\"https:\/\/ladv.de\/ergebnisse\/90283\/Kreismeisterschaften-WLV-Kreis-Heidenheim-2025-Ergebnisliste-H%C3%BCrben-2025.htm\" target=\"_blank\" rel=\"noopener\" title=\"\">Kreismeisterschaften in H\u00fcrben<\/a><\/td><\/tr><tr><td>24.\/25.05.2025<\/td><td><a href=\"https:\/\/ladv.de\/ergebnisse\/90344\/BW-Meisterschaften-Masters-%28Senioren%29-Ergebnisliste-Helmsheim-2025.htm\" target=\"_blank\" rel=\"noopener\" title=\"\">Ba-W\u00fc\u00b4s Masters in Helmsheim<\/a><\/td><\/tr><tr><td>27.04.2025<\/td><td><a href=\"https:\/\/ladv.de\/ergebnisse\/88550\/42.-Landesoffener-Werfertag-mit-Rahmenprogramm-Ergebnisliste-Neckarsulm-2025.htm\" target=\"_blank\" rel=\"noopener\" title=\"\">Lo Werfertag in Neckarsulm<\/a><\/td><\/tr><tr><td>23.03.-30.03.2025<\/td><td><a href=\"http:\/\/live.halfmiletiming.com\/meets\/723\/events\" target=\"_blank\" rel=\"noopener\" title=\"\">Hallenweltmeisterschaft Masters in Gainesville \/ Florida<\/a><\/td><\/tr><tr><td>01.\/02.03.2025<\/td><td><a href=\"https:\/\/ergebnisse.leichtathletik.de\/Competitions\/Resultoverview\/15160\" target=\"_blank\" rel=\"noopener\" title=\"\">Deutsche Winterwurfmeisterschaften Masters in Frankfurt<\/a><\/td><\/tr><tr><td>01.\/02.03.2025<\/td><td><a href=\"https:\/\/ergebnisse.leichtathletik.de\/Competitions\/Resultoverview\/15156\" target=\"_blank\" rel=\"noopener\" title=\"\">Deutsche Hallenmeisterschaften Masters in Frankfurt<\/a><\/td><\/tr><tr><td>09.02.2025<\/td><td><a href=\"https:\/\/ladv.de\/ergebnisse\/87259\/BW-Halle-Masters-Ergebnisliste-Karlsruhe-2025.htm\" target=\"_blank\" rel=\"noopener\" title=\"\">Ba-W\u00fc\u00b4s Halle Masters<\/a><\/td><\/tr><tr><td>02.02.2025<\/td><td><a href=\"https:\/\/ladv.de\/ergebnisse\/87148\/S%C3%BCddeutsche-Hallenmeisterschaften-Aktive--U18-Ergebnisliste-Karlsruhe-2025.htm\" target=\"_blank\" rel=\"noopener\" title=\"\">S\u00fcddeutsche Hallenmeisterschaften in Karlsruhe<\/a><\/td><\/tr><tr><td>25.01.2025<\/td><td><a href=\"https:\/\/ladv.de\/ergebnisse\/87086\/BW-Leichtathletik-Hallen-Finals-Aktive-U20-U18-Ergebnisliste-Sindelfingen-2025.htm\" target=\"_blank\" rel=\"noopener\" title=\"\">Ba-W\u00fc\u00b4s Halle Aktive und Jugend<\/a><\/td><\/tr><tr><td>18.01.2025<\/td><td><a href=\"https:\/\/ladv.de\/ergebnisse\/86922\/Internationales-Stadtwerke-Sindelfingen-Hallenmeeting-Ergebnisliste-Sindelfingen-2025.htm\" target=\"_blank\" rel=\"noopener\" title=\"\">Internationales Hallenmeeting Sindelfingen<\/a><\/td><\/tr><tr><td>11.01.2025<\/td><td><a href=\"https:\/\/ladv.de\/ergebnisse\/86816\/U16-Regiomeisterschaften-u.-lo-Hallensportfest-U18-Aktive-Ergebnisliste-Ulm-2025.htm#MJU20\" target=\"_blank\" rel=\"noopener\" title=\"\">Lo Hallensportfest Ulm<\/a><\/td><\/tr><tr><td>02.01.2025<\/td><td><a href=\"https:\/\/ladv.de\/ergebnisse\/86732\/Hallenkreismeisterschaften-Stabhochsprung-Kugel-Ergebnisliste-Essingen-2025.htm\" target=\"_blank\" rel=\"noopener\" title=\"\">Kreishallenmeisterschaften Essingen<\/a><\/td><\/tr><tr><td>07.12.2024<\/td><td><a href=\"https:\/\/ladv.de\/ergebnisse\/86506\/Hallensportfest-2024-Ergebnisliste-Ulm-2024.htm#WJU20\" target=\"_blank\" rel=\"noopener\" title=\"\">Hallensportfest Ulm<\/a><\/td><\/tr><tr><td>12.10.2024<\/td><td><a href=\"https:\/\/ladv.de\/ergebnisse\/85882\/BW-Meisterschaften-Wurf-Mehrkampf-Masters-%28LV-W%C3%9C%29-Ergebnisliste-Igersheim-2024.htm\" target=\"_blank\" rel=\"noopener\" title=\"\">Ba-W\u00fc\u00b4s Masters im Wurff\u00fcnfkampf in Igersheim<\/a><\/td><\/tr><tr><td>13.08.-25.08.2024<\/td><td><a href=\"https:\/\/meets.rosterathletics.com\/public\/competitions\/details\/schedule?id=25549\" target=\"_blank\" rel=\"noopener\" title=\"\">Weltmeisterschaft Masters in G\u00f6teborg<\/a><\/td><\/tr><tr><td>06.08.2024<\/td><td><a href=\"https:\/\/ladv.de\/ergebnisse\/83938\/3.-B%C3%BChlert%C3%A4ler-Abendsportfest-auf-dem-Mittelberg-Ergebnisliste-B%C3%BChlertal-2024.htm#M\" target=\"_blank\" rel=\"noopener\" title=\"\">Abendsportfest B\u00fchlertal<\/a><\/td><\/tr><tr><td>17.07.2024<\/td><td><a href=\"https:\/\/ladv.de\/ergebnisse\/83596\/20.-Nationales-Abendsportfest-in-K%C3%B6ngen-Ergebnisliste-K%C3%B6ngen-2024.htm\" target=\"_blank\" rel=\"noopener\" title=\"\">Nationales Abendsportfest in K\u00f6ngen<\/a><\/td><\/tr><tr><td>15.\/16.06.2024<\/td><td><a href=\"https:\/\/ergebnisse.leichtathletik.de\/Competitions\/Resultoverview\/13248\" target=\"_blank\" rel=\"noopener\" title=\"\">DM Masters in Erding<\/a><\/td><\/tr><tr><td>08\/09.06.2024<\/td><td><a href=\"https:\/\/ladv.de\/veranstaltung\/detail\/29334\/BW-Meisterschaften-Masters-%28Senioren%29-%28LV-W%C3%9C%29-Heidenheim.htm\" target=\"_blank\" rel=\"noopener\" title=\"\">Ba-W\u00fc\u00b4s Masters in Heidenheim<\/a><\/td><\/tr><tr><td>08\/09.06.2024<\/td><td><a href=\"https:\/\/ladv.de\/ergebnisse\/82283\/BW-Leichtathletik-Jugend-Finals-Ergebnisliste-Langensteinbach-%28Karlsbad%29-2024.htm\" target=\"_blank\" rel=\"noopener\" title=\"\">Baden-W\u00fcrttembergische Jugendfinals in Langensteinbach<\/a><\/td><\/tr><tr><td>12.05.2024<\/td><td><a href=\"https:\/\/dateien.leichtathletik.de\/dateien\/24D02000000000001\/b18146b8-5202-4736-a2bf-34e93b25f31b\/Ergebnisliste.pdf\" target=\"_blank\" rel=\"noopener\" title=\"\">DM Masters Wurff\u00fcnfkampf in Elsenfeld<\/a><\/td><\/tr><tr><td>17.-23.03.2024<\/td><td><a href=\"https:\/\/emaci2024.domtel-sport.pl\/?seria=0&amp;runda=3&amp;konkurencja=MWT_40&amp;dzien=&amp;impreza=6\" target=\"_blank\" rel=\"noopener\" title=\"\">Halleneuropameisterschaft der Masters in Torun<\/a><\/td><\/tr><tr><td>03.03.2024<\/td><td><a href=\"https:\/\/ergebnisse.leichtathletik.de\/Competitions\/Resultoverview\/12005\" target=\"_blank\" rel=\"noopener\" title=\"\">DM Halle Masters in Dortmund<\/a><\/td><\/tr><tr><td>24.\/25.02.2024<\/td><td><a href=\"https:\/\/ergebnisse.leichtathletik.de\/Competitions\/Resultoverview\/12007\" target=\"_blank\" rel=\"noopener\" title=\"\">DM Winterwurf Masters in Baunatal<\/a><\/td><\/tr><tr><td>04.02.2024<\/td><td><a href=\"https:\/\/ladv.de\/ergebnisse\/78744\/BW-Halle-Masters-Ergebnisliste-Mannheim-2024.htm\" target=\"_blank\" rel=\"noopener\" title=\"\">Ba-W\u00fc\u00b4s Halle Masters in Mannheim<\/a><\/td><\/tr><tr><td>07.10.2023<\/td><td><a href=\"https:\/\/ladv.de\/ergebnisse\/77353\/BW-Meisterschaften-Wurf-Mehrkampf-Masters-%28LV-W%C3%9C%29-Ergebnisliste-Igersheim-2023.htm\" target=\"_blank\" rel=\"noopener\" title=\"\">Ba-W\u00fc\u00b4s Masters Wurf-F\u00fcnfkampf Igersheim<\/a><\/td><\/tr><tr><td>01.10.2023<\/td><td><a href=\"http:\/\/www.fidalservizi.it\/risultati\/2023\/Test_EMAC_2023\/Risultati\/RisPM955.html\" target=\"_blank\" rel=\"noopener\" title=\"\">Europameisterschaft Masters in Pescara<\/a><\/td><\/tr><tr><td>12.\/13.08.2023<\/td><td><a href=\"https:\/\/ergebnisse.leichtathletik.de\/Competitions\/Resultoverview\/10834\" target=\"_blank\" rel=\"noopener\" title=\"\">DM Masters M\u00f6nchengladbach<\/a><\/td><\/tr><tr><td>01.\/02.07.2023<\/td><td><a href=\"https:\/\/ladv.de\/ergebnisse\/74764\/W%C3%BCrtt.-Mehrkampf-Jugend-U16--Jugend-U14-Ergebnisliste-Heidenheim-2023.htm\" target=\"_blank\" rel=\"noopener\" title=\"\">W\u00fcrtt. Mehrkampf U16 und U14 in Heidenheim<\/a><\/td><\/tr><tr><td>05.05.2023<\/td><td><a href=\"https:\/\/ladv.de\/ergebnisse\/72174\/Regionalmeisterschaften-Hammerwurf-Ergebnisliste-Heidenheim-2023.htm\" target=\"_blank\" rel=\"noopener\" title=\"\">Regionalmeisterschaften Hammer in Heidenheim<\/a><\/td><\/tr><tr><td>29.04.2023<\/td><td><a href=\"https:\/\/ladv.de\/ergebnisse\/71924\/Kreismeisterschaften-WLV-Kreis-Heidenheim-Ergebnisliste-Heidenheim-2023.htm\" target=\"_blank\" rel=\"noopener\" title=\"\">Kreismeisterschaften in Heidenheim<\/a><\/td><\/tr><tr><td>26.03. &#8211; 01.04.2023<\/td><td><a href=\"https:\/\/wmaci2023.domtel-sport.pl\/\" target=\"_blank\" rel=\"noopener\" title=\"Hallen WM Masters in Torun\">Hallen WM Masters in Torun<\/a><\/td><\/tr><tr><td>04.03.2023<\/td><td><a href=\"https:\/\/ladv.de\/ergebnisse\/71183\/BW-Halle-Masters-Ergebnisliste-Mannheim-2023.htm\" target=\"_blank\" rel=\"noopener\" title=\"\">Ba-W\u00fc\u00b4s Halle Masters Mannheim<\/a><\/td><\/tr><tr><td>18.\/19.09.2022<\/td><td><a href=\"https:\/\/ergebnisse.leichtathletik.de\/Competitions\/Resultoverview\/8177#M40\" target=\"_blank\" rel=\"noopener\" title=\"DM Senioren in Erding\">DM Masters in Erding<\/a><\/td><\/tr><tr><td><\/td><td><\/td><\/tr><\/tbody><\/table><\/figure>","protected":false},"excerpt":{"rendered":"<p>Wettkampfergebnisse 18.04.2026 Werfertag in Memmingen 27.03.-02.04.2026 Halleneuropameisterschaften der Masters in Torun 07.\/08.03.2026 Deutsche Hallen- und Winterwurfmeisterschaften Masters in D\u00fcsseldorf 14.02.2026 Regionalhallenmehrkampfmeisterschaften U16 und U14 in Schw\u00e4bisch Gm\u00fcnd 24.01.2026 Ba-W\u00fc\u00b4s Masters Halle Sindelfingen 14.12.2025 Weihnachtsspringen Gr\u00e4felfing 06.12.2025 Lo Hallensportfest Ulm 04.10.2025 Ba-W\u00fc\u00b4s Masters im Wurff\u00fcnfkampf in Igersheim 22.-24.08.2025 Deutsche Meisterschaften Masters in Gotha 05.07.2025 Sparkassencup in [&hellip;]<\/p>\n","protected":false},"author":1,"featured_media":0,"parent":4411,"menu_order":12,"comment_status":"closed","ping_status":"closed","template":"","meta":{"footnotes":""},"class_list":["post-8463","page","type-page","status-publish","hentry"],"aioseo_notices":[],"_links":{"self":[{"href":"https:\/\/hsb1846.de\/en\/wp-json\/wp\/v2\/pages\/8463","targetHints":{"allow":["GET"]}}],"collection":[{"href":"https:\/\/hsb1846.de\/en\/wp-json\/wp\/v2\/pages"}],"about":[{"href":"https:\/\/hsb1846.de\/en\/wp-json\/wp\/v2\/types\/page"}],"author":[{"embeddable":true,"href":"https:\/\/hsb1846.de\/en\/wp-json\/wp\/v2\/users\/1"}],"replies":[{"embeddable":true,"href":"https:\/\/hsb1846.de\/en\/wp-json\/wp\/v2\/comments?post=8463"}],"version-history":[{"count":37,"href":"https:\/\/hsb1846.de\/en\/wp-json\/wp\/v2\/pages\/8463\/revisions"}],"predecessor-version":[{"id":20189,"href":"https:\/\/hsb1846.de\/en\/wp-json\/wp\/v2\/pages\/8463\/revisions\/20189"}],"up":[{"embeddable":true,"href":"https:\/\/hsb1846.de\/en\/wp-json\/wp\/v2\/pages\/4411"}],"wp:attachment":[{"href":"https:\/\/hsb1846.de\/en\/wp-json\/wp\/v2\/media?parent=8463"}],"curies":[{"name":"wp","href":"https:\/\/api.w.org\/{rel}","templated":true}]}}