{"id":8471,"date":"2022-08-30T16:30:04","date_gmt":"2022-08-30T14:30:04","guid":{"rendered":"https:\/\/2022.hsb1846.de\/?page_id=8471"},"modified":"2023-07-03T22:02:12","modified_gmt":"2023-07-03T20:02:12","slug":"rekorde","status":"publish","type":"page","link":"https:\/\/hsb1846.de\/en\/home\/abteilungen\/leichtathletik\/rekorde\/","title":{"rendered":"Rekorde"},"content":{"rendered":"<p><\/p>\n\n\n\n<p class=\"has-white-color has-text-color has-background\" style=\"background-color:#02147e;font-size:25px\">Rekorde <\/p>\n\n\n\n<p><\/p>\n\n\n\n<p><\/p>\n\n\n\n<figure class=\"wp-block-table is-style-stripes\"><table><tbody><tr><td class=\"has-text-align-center\" data-align=\"center\"><strong>Albstadion<\/strong><br><\/td><td class=\"has-text-align-center\" data-align=\"center\"><strong>Sparkassen-Sportpark<\/strong><br><\/td><td class=\"has-text-align-center\" data-align=\"center\"><strong>Verein<\/strong><br><\/td><\/tr><tr><td class=\"has-text-align-center\" data-align=\"center\"><img decoding=\"async\" style=\"width: 200px;\" src=\"https:\/\/hsb1846.de\/wp-content\/uploads\/2023\/01\/Frauen-Albstadion.jpg\" alt=\"\"><br><a href=\"https:\/\/hsb1846.de\/wp-content\/uploads\/2023\/01\/Frauen-Albstadion.pdf\" target=\"_blank\" rel=\"noopener\" title=\"Frauen\">Frauen<\/a><\/td><td class=\"has-text-align-center\" data-align=\"center\"><img decoding=\"async\" style=\"width: 200px;\" src=\"https:\/\/hsb1846.de\/wp-content\/uploads\/2023\/01\/Frauen-akt.-1527x1080.jpg\" alt=\"\"><br><a href=\"https:\/\/hsb1846.de\/wp-content\/uploads\/2023\/07\/Frauen-akt.pdf\" target=\"_blank\" rel=\"noopener\" title=\"\">Frauen<\/a><\/td><td class=\"has-text-align-center\" data-align=\"center\"><img decoding=\"async\" src=\"https:\/\/hsb1846.de\/wp-content\/uploads\/2023\/01\/Frauen-VB.jpg\" alt=\"\" style=\"width: 200px;\"><br><a href=\"https:\/\/hsb1846.de\/wp-content\/uploads\/2023\/01\/FrauenVB.pdf\" target=\"_blank\" rel=\"noreferrer noopener\">Frauen<\/a><\/td><\/tr><tr><td class=\"has-text-align-center\" data-align=\"center\"><img decoding=\"async\" style=\"width: 200px;\" src=\"https:\/\/hsb1846.de\/wp-content\/uploads\/2023\/01\/Frauen-Albstadion.jpg\" alt=\"\"><br><a href=\"https:\/\/hsb1846.de\/wp-content\/uploads\/2023\/01\/Maenner-Albstadion.pdf\" target=\"_blank\" rel=\"noopener\" title=\"\">M\u00e4nner<\/a><\/td><td class=\"has-text-align-center\" data-align=\"center\"><img decoding=\"async\" style=\"width: 200px;\" src=\"https:\/\/hsb1846.de\/wp-content\/uploads\/2023\/01\/Frauen-akt.-1527x1080.jpg\" alt=\"\"><br><a href=\"https:\/\/hsb1846.de\/wp-content\/uploads\/2023\/07\/Maenner-akt.pdf\" target=\"_blank\" rel=\"noopener\" title=\"\">M\u00e4nner<\/a><\/td><td class=\"has-text-align-center\" data-align=\"center\"><img decoding=\"async\" style=\"width: 200px;\" src=\"https:\/\/hsb1846.de\/wp-content\/uploads\/2023\/01\/Frauen-VB.jpg\" alt=\"\"><br><a href=\"https:\/\/hsb1846.de\/wp-content\/uploads\/2023\/01\/MaennerVB.pdf\" target=\"_blank\" rel=\"noopener\" title=\"\">M\u00e4nner<\/a><\/td><\/tr><\/tbody><\/table><\/figure>\n\n\n\n<div style=\"height:100px\" aria-hidden=\"true\" class=\"wp-block-spacer\"><\/div>\n\n\n\n<div class=\"wp-block-columns is-layout-flex wp-container-core-columns-is-layout-9d6595d7 wp-block-columns-is-layout-flex\">\n<div class=\"wp-block-column is-layout-flow wp-block-column-is-layout-flow\">\n<p><\/p>\n<\/div>\n<\/div>","protected":false},"excerpt":{"rendered":"<p>Rekorde Albstadion Sparkassen-Sportpark Verein Frauen Frauen Frauen M\u00e4nner M\u00e4nner M\u00e4nner<\/p>","protected":false},"author":1,"featured_media":0,"parent":4411,"menu_order":19,"comment_status":"closed","ping_status":"closed","template":"","meta":{"footnotes":""},"class_list":["post-8471","page","type-page","status-publish","hentry"],"aioseo_notices":[],"_links":{"self":[{"href":"https:\/\/hsb1846.de\/en\/wp-json\/wp\/v2\/pages\/8471","targetHints":{"allow":["GET"]}}],"collection":[{"href":"https:\/\/hsb1846.de\/en\/wp-json\/wp\/v2\/pages"}],"about":[{"href":"https:\/\/hsb1846.de\/en\/wp-json\/wp\/v2\/types\/page"}],"author":[{"embeddable":true,"href":"https:\/\/hsb1846.de\/en\/wp-json\/wp\/v2\/users\/1"}],"replies":[{"embeddable":true,"href":"https:\/\/hsb1846.de\/en\/wp-json\/wp\/v2\/comments?post=8471"}],"version-history":[{"count":19,"href":"https:\/\/hsb1846.de\/en\/wp-json\/wp\/v2\/pages\/8471\/revisions"}],"predecessor-version":[{"id":12059,"href":"https:\/\/hsb1846.de\/en\/wp-json\/wp\/v2\/pages\/8471\/revisions\/12059"}],"up":[{"embeddable":true,"href":"https:\/\/hsb1846.de\/en\/wp-json\/wp\/v2\/pages\/4411"}],"wp:attachment":[{"href":"https:\/\/hsb1846.de\/en\/wp-json\/wp\/v2\/media?parent=8471"}],"curies":[{"name":"wp","href":"https:\/\/api.w.org\/{rel}","templated":true}]}}