{"id":8770,"date":"2022-09-08T13:50:16","date_gmt":"2022-09-08T11:50:16","guid":{"rendered":"https:\/\/2022.hsb1846.de\/?page_id=8770"},"modified":"2024-11-18T17:35:21","modified_gmt":"2024-11-18T16:35:21","slug":"impressum","status":"publish","type":"page","link":"https:\/\/hsb1846.de\/en\/home\/impressum\/","title":{"rendered":"Impressum"},"content":{"rendered":"\n<div style=\"height:50px\" aria-hidden=\"true\" class=\"wp-block-spacer\"><\/div>\n\n\n\n<p style=\"font-size:16px\"><\/p>\n\n\n\n<p style=\"font-size:16px\"><\/p>\n\n\n\n<p style=\"font-size:16px\">Heidenheimer Sportbund 1846 e. V.<\/p>\n\n\n\n<p style=\"font-size:16px\"><\/p>\n\n\n\n<p style=\"font-size:16px\">Verantwortlicher:<br>Gesch\u00e4ftsf\u00fchrerin Sylvia Ritz<\/p>\n\n\n\n<p style=\"font-size:16px\"><\/p>\n\n\n\n<p style=\"font-size:16px\">Anschrift:<\/p>\n\n\n\n<p style=\"font-size:16px\">Heidenheimer Sportbund 1846 e.V.<br>Wilhelmstra\u00dfe 198<br>89518 Heidenheim<\/p>\n\n\n\n<p style=\"font-size:16px\">Telefon Gesch\u00e4ftsstelle: ++49732122660<br>Telefax Gesch\u00e4ftsstelle: ++49732120770<br>E-Mail-Kontakt: geschaeftsstelle [@] hsb1846.de<\/p>\n\n\n\n<p style=\"font-size:16px\"><\/p>\n\n\n\n<p style=\"font-size:16px\">Homepage: www.hsb1846.de<\/p>\n\n\n\n<p style=\"font-size:16px\"><\/p>\n\n\n\n<p style=\"font-size:16px\">Vereinsregister: Amtsgericht Ulm<br>Gerichtsstand: Heidenheim<br>Vereinsregister Nummer: VR 660009<br>Steuernummer: 64100\/05992<br>USt-ID lautet: DE14 556 4815<\/p>\n\n\n\n<p style=\"font-size:16px\"><\/p>\n\n\n\n<p style=\"font-size:16px\"><strong>Haftungsausschluss, Verlinkung und Copyright:<\/strong><br>Auf unseren Webseiten sind eine Vielzahl von Informationen enthalten, die wir regelm\u00e4\u00dfig aktualisieren. Sie sind sorgf\u00e4ltig zusammengestellt, geben jedoch nur einen allgemeinen \u00dcberblick. Die Inhalte sind nicht bindend und k\u00f6nnen von uns jederzeit ver\u00e4ndert, erg\u00e4nzt oder gel\u00f6scht werden. Das Urheberrecht an den verwendeten Inhalten, Grafiken, des Layouts und der Bilder verbleiben beim Verein. Eine unerlaubte Verwendung, Nachbildung oder Weitergabe der Inhalte ist untersagt. Dies gilt auch f\u00fcr das Einbinden einzelner Inhalte oder der kompletten Webseiten auf Webseiten anderer Betreiber ohne unsere Zustimmung.<\/p>\n\n\n\n<p style=\"font-size:16px\"><br><strong>Links auf Webseiten Dritter:<\/strong><br>Wir haben die ver\u00f6ffentlichten Hyperlinks mit gr\u00f6\u00dftm\u00f6glicher Sorgfalt gepr\u00fcft und zusammengestellt. Wir haben jedoch keinen Einfluss auf deren aktuelle und k\u00fcnftige Gestaltung sowie deren Inhalte. F\u00fcr den Inhalt von verkn\u00fcpften Webseiten sind wir nicht verantwortlich und machen auch die fremden Inhalte nicht zu unserem eigenen Inhalten. F\u00fcr Inhalte, die fehlerhaft, unvollst\u00e4ndig oder illegal sind sowie durch die Nutzung oder Nichtnutzung der Informationen entstandenen Sch\u00e4den distanzieren wir uns. Es haftet allein der Anbieter dieser Webseiten, auf die verwiesen wurde. Die Haftung desjenigen, der lediglich auf die Ver\u00f6ffentlichung durch einen Hyperlink hinweist, ist ausgeschlossen. Wir weisen darauf hin, dass f\u00fcr fremde Inhalte die Betreiber nur dann verantwortlich sind, wenn sie von Ihnen positiv Kenntnis haben, insbesondere wenn es sich um etwaige rechtswidrige bzw. strafbare Inhalte handelt und es technisch m\u00f6glich und auch zumutbar ist, die Nutzung zu verhindern.<\/p>\n","protected":false},"excerpt":{"rendered":"<p>Heidenheimer Sportbund 1846 e. V. Verantwortlicher:Gesch\u00e4ftsf\u00fchrerin Sylvia Ritz Anschrift: Heidenheimer Sportbund 1846 e.V.Wilhelmstra\u00dfe 19889518 Heidenheim Telefon Gesch\u00e4ftsstelle: ++49732122660Telefax Gesch\u00e4ftsstelle: ++49732120770E-Mail-Kontakt: geschaeftsstelle [@] hsb1846.de Homepage: www.hsb1846.de Vereinsregister: Amtsgericht UlmGerichtsstand: HeidenheimVereinsregister Nummer: VR 660009Steuernummer: 64100\/05992USt-ID lautet: DE14 556 4815 Haftungsausschluss, Verlinkung und Copyright:Auf unseren Webseiten sind eine Vielzahl von Informationen enthalten, die wir regelm\u00e4\u00dfig aktualisieren. Sie sind [&hellip;]<\/p>\n","protected":false},"author":1,"featured_media":0,"parent":2905,"menu_order":51,"comment_status":"closed","ping_status":"closed","template":"","meta":{"footnotes":""},"class_list":["post-8770","page","type-page","status-publish","hentry"],"aioseo_notices":[],"_links":{"self":[{"href":"https:\/\/hsb1846.de\/en\/wp-json\/wp\/v2\/pages\/8770","targetHints":{"allow":["GET"]}}],"collection":[{"href":"https:\/\/hsb1846.de\/en\/wp-json\/wp\/v2\/pages"}],"about":[{"href":"https:\/\/hsb1846.de\/en\/wp-json\/wp\/v2\/types\/page"}],"author":[{"embeddable":true,"href":"https:\/\/hsb1846.de\/en\/wp-json\/wp\/v2\/users\/1"}],"replies":[{"embeddable":true,"href":"https:\/\/hsb1846.de\/en\/wp-json\/wp\/v2\/comments?post=8770"}],"version-history":[{"count":3,"href":"https:\/\/hsb1846.de\/en\/wp-json\/wp\/v2\/pages\/8770\/revisions"}],"predecessor-version":[{"id":16315,"href":"https:\/\/hsb1846.de\/en\/wp-json\/wp\/v2\/pages\/8770\/revisions\/16315"}],"up":[{"embeddable":true,"href":"https:\/\/hsb1846.de\/en\/wp-json\/wp\/v2\/pages\/2905"}],"wp:attachment":[{"href":"https:\/\/hsb1846.de\/en\/wp-json\/wp\/v2\/media?parent=8770"}],"curies":[{"name":"wp","href":"https:\/\/api.w.org\/{rel}","templated":true}]}}