{"id":8945,"date":"2022-09-15T13:35:53","date_gmt":"2022-09-15T11:35:53","guid":{"rendered":"https:\/\/2022.hsb1846.de\/?page_id=8945"},"modified":"2024-11-07T13:32:03","modified_gmt":"2024-11-07T12:32:03","slug":"trainingszeiten-aikido","status":"publish","type":"page","link":"https:\/\/hsb1846.de\/en\/home\/abteilungen\/budo-aikido-judo-karate\/aikido\/trainingszeiten-aikido\/","title":{"rendered":"Trainingszeiten Aikido"},"content":{"rendered":"<figure class=\"wp-block-table is-style-stripes\"><table><tbody><tr><td><strong>Erwachsene<\/strong><\/td><td>&nbsp;<\/td><td>&nbsp;<\/td><td><strong><em>\u00dcbungsleiter<\/em><\/strong><\/td><\/tr><tr><td><strong>Anf\u00e4nger und Fortgeschrittene:<\/strong><\/td><td><strong>Montag<\/strong><\/td><td><strong>19.00 &#8211; 21.00 Uhr<\/strong><\/td><td><strong>R\u00fcdiger Scholz<\/strong><br><strong>Thomas Wolfram<br>Peter M\u00fcller<\/strong><\/td><\/tr><tr><td><strong>Anf\u00e4nger und Fortgeschrittene:<\/strong><\/td><td><strong>Freitag<\/strong><\/td><td><strong>19.00 &#8211; 21.00 Uhr<\/strong><\/td><td><strong>R\u00fcdiger Scholz<\/strong><br><strong>Thomas Wolfram<br>Peter M\u00fcller<\/strong><\/td><\/tr><tr><td><strong>Trainingsort: <\/strong><br><strong><a href=\"https:\/\/maps.google.de\/maps?expflags=enable_star_based_justifications:true&amp;ie=UTF8&amp;cid=8476439467549997694&amp;q=hsb1846%2BBudo%2BKarate%2BJudo%2BAikido&amp;iwloc=A&amp;gl=DE&amp;hl=de\" target=\"_blank\" rel=\"noreferrer noopener\">Dojo im Voith-Sportzentrum<\/a><\/strong><\/td><\/tr><tr><td><em>Einstieg in alle Kurse zu jeder Zeit m\u00f6glich!!!!!<\/em><\/td><\/tr><tr><td>&nbsp;<\/td><\/tr><tr><td><strong>Kinder \/ Jugend<\/strong><\/td><\/tr><tr><td><strong>Anf\u00e4nger und Fortgeschrittene:<\/strong><\/td><td><strong>Mittwoch<\/strong><\/td><td><strong>17.30 &#8211; 19.00 Uhr<\/strong><\/td><td><strong>R\u00fcdiger Scholz<\/strong><br><strong>Peter M\u00fcller<\/strong><br><strong>Rolf Nemec<\/strong><\/td><\/tr><tr><td><strong>Anf\u00e4nger und Fortgeschrittene:<\/strong><\/td><td><strong>Freitag<\/strong><\/td><td><strong>17.30 &#8211; 19.00 Uhr<\/strong><\/td><td><strong>R\u00fcdiger Scholz<\/strong><br><strong>Thomas Wolfram<\/strong><br><strong>Peter M\u00fcller<\/strong><\/td><\/tr><tr><td><strong>Trainingsort: <\/strong><br><strong><a href=\"https:\/\/maps.google.de\/maps?expflags=enable_star_based_justifications:true&amp;ie=UTF8&amp;cid=8476439467549997694&amp;q=hsb1846%2BBudo%2BKarate%2BJudo%2BAikido&amp;iwloc=A&amp;gl=DE&amp;hl=de\" target=\"_blank\" rel=\"noreferrer noopener\">Dojo im Voith-Sportzentrum<\/a><\/strong><\/td><\/tr><tr><td><em>Einstieg in alle Kurse zu jeder Zeit m\u00f6glich!!!!!<\/em><\/td><\/tr><\/tbody><\/table><\/figure>","protected":false},"excerpt":{"rendered":"<p>Erwachsene &nbsp; &nbsp; \u00dcbungsleiter Anf\u00e4nger und Fortgeschrittene: Montag 19.00 &#8211; 21.00 Uhr R\u00fcdiger ScholzThomas WolframPeter M\u00fcller Anf\u00e4nger und Fortgeschrittene: Freitag 19.00 &#8211; 21.00 Uhr R\u00fcdiger ScholzThomas WolframPeter M\u00fcller Trainingsort: Dojo im Voith-Sportzentrum Einstieg in alle Kurse zu jeder Zeit m\u00f6glich!!!!! &nbsp; Kinder \/ Jugend Anf\u00e4nger und Fortgeschrittene: Mittwoch 17.30 &#8211; 19.00 Uhr R\u00fcdiger ScholzPeter M\u00fcllerRolf [&hellip;]<\/p>\n","protected":false},"author":3,"featured_media":0,"parent":8864,"menu_order":0,"comment_status":"closed","ping_status":"closed","template":"","meta":{"footnotes":""},"class_list":["post-8945","page","type-page","status-publish","hentry"],"aioseo_notices":[],"_links":{"self":[{"href":"https:\/\/hsb1846.de\/en\/wp-json\/wp\/v2\/pages\/8945","targetHints":{"allow":["GET"]}}],"collection":[{"href":"https:\/\/hsb1846.de\/en\/wp-json\/wp\/v2\/pages"}],"about":[{"href":"https:\/\/hsb1846.de\/en\/wp-json\/wp\/v2\/types\/page"}],"author":[{"embeddable":true,"href":"https:\/\/hsb1846.de\/en\/wp-json\/wp\/v2\/users\/3"}],"replies":[{"embeddable":true,"href":"https:\/\/hsb1846.de\/en\/wp-json\/wp\/v2\/comments?post=8945"}],"version-history":[{"count":14,"href":"https:\/\/hsb1846.de\/en\/wp-json\/wp\/v2\/pages\/8945\/revisions"}],"predecessor-version":[{"id":16267,"href":"https:\/\/hsb1846.de\/en\/wp-json\/wp\/v2\/pages\/8945\/revisions\/16267"}],"up":[{"embeddable":true,"href":"https:\/\/hsb1846.de\/en\/wp-json\/wp\/v2\/pages\/8864"}],"wp:attachment":[{"href":"https:\/\/hsb1846.de\/en\/wp-json\/wp\/v2\/media?parent=8945"}],"curies":[{"name":"wp","href":"https:\/\/api.w.org\/{rel}","templated":true}]}}