{"id":8947,"date":"2022-09-15T13:36:20","date_gmt":"2022-09-15T11:36:20","guid":{"rendered":"https:\/\/2022.hsb1846.de\/?page_id=8947"},"modified":"2024-06-28T11:19:24","modified_gmt":"2024-06-28T09:19:24","slug":"team-aikido","status":"publish","type":"page","link":"https:\/\/hsb1846.de\/en\/home\/abteilungen\/budo-aikido-judo-karate\/aikido\/team-aikido\/","title":{"rendered":"Team Aikido"},"content":{"rendered":"<figure class=\"wp-block-table is-style-stripes\"><table><tbody><tr><td><img loading=\"lazy\" decoding=\"async\" width=\"133\" height=\"200\" class=\"wp-image-9121\" style=\"width: 133px;\" src=\"https:\/\/hsb1846.de\/wp-content\/uploads\/2022\/09\/Ruediger.jpg\" alt=\"\"><\/td><td>R\u00fcdiger Scholz<\/td><td>5. Dan<\/td><td>B-Trainer<br>B-Trainer Pr\u00e4vention<\/td><\/tr><tr><td><img loading=\"lazy\" decoding=\"async\" width=\"133\" height=\"200\" class=\"wp-image-9122\" style=\"width: 133px;\" src=\"https:\/\/hsb1846.de\/wp-content\/uploads\/2022\/09\/Thomas.jpg\" alt=\"\"><\/td><td>Thomas Wolfram<\/td><td>3. Dan<\/td><td>C-Trainer<\/td><\/tr><tr><td><img loading=\"lazy\" decoding=\"async\" width=\"133\" height=\"200\" class=\"wp-image-9119\" style=\"width: 133px;\" src=\"https:\/\/hsb1846.de\/wp-content\/uploads\/2022\/09\/Peter.jpg\" alt=\"\"><\/td><td>Peter M\u00fcller<\/td><td>1. Dan<\/td><td>C-Trainer<\/td><\/tr><tr><td><img loading=\"lazy\" decoding=\"async\" width=\"133\" height=\"200\" class=\"wp-image-9120\" style=\"width: 133px;\" src=\"https:\/\/hsb1846.de\/wp-content\/uploads\/2022\/09\/Rolf.jpg\" alt=\"\"><\/td><td>Rolf Nemec<\/td><td>1. Kyu<\/td><td><\/td><\/tr><\/tbody><\/table><\/figure>","protected":false},"excerpt":{"rendered":"<p>R\u00fcdiger Scholz 5. Dan B-TrainerB-Trainer Pr\u00e4vention Thomas Wolfram 3. Dan C-Trainer Peter M\u00fcller 1. Dan C-Trainer Rolf Nemec 1. Kyu<\/p>","protected":false},"author":3,"featured_media":0,"parent":8864,"menu_order":5,"comment_status":"closed","ping_status":"closed","template":"","meta":{"footnotes":""},"class_list":["post-8947","page","type-page","status-publish","hentry"],"aioseo_notices":[],"_links":{"self":[{"href":"https:\/\/hsb1846.de\/en\/wp-json\/wp\/v2\/pages\/8947","targetHints":{"allow":["GET"]}}],"collection":[{"href":"https:\/\/hsb1846.de\/en\/wp-json\/wp\/v2\/pages"}],"about":[{"href":"https:\/\/hsb1846.de\/en\/wp-json\/wp\/v2\/types\/page"}],"author":[{"embeddable":true,"href":"https:\/\/hsb1846.de\/en\/wp-json\/wp\/v2\/users\/3"}],"replies":[{"embeddable":true,"href":"https:\/\/hsb1846.de\/en\/wp-json\/wp\/v2\/comments?post=8947"}],"version-history":[{"count":3,"href":"https:\/\/hsb1846.de\/en\/wp-json\/wp\/v2\/pages\/8947\/revisions"}],"predecessor-version":[{"id":15003,"href":"https:\/\/hsb1846.de\/en\/wp-json\/wp\/v2\/pages\/8947\/revisions\/15003"}],"up":[{"embeddable":true,"href":"https:\/\/hsb1846.de\/en\/wp-json\/wp\/v2\/pages\/8864"}],"wp:attachment":[{"href":"https:\/\/hsb1846.de\/en\/wp-json\/wp\/v2\/media?parent=8947"}],"curies":[{"name":"wp","href":"https:\/\/api.w.org\/{rel}","templated":true}]}}