{"id":8964,"date":"2022-09-15T13:39:49","date_gmt":"2022-09-15T11:39:49","guid":{"rendered":"https:\/\/2022.hsb1846.de\/?page_id=8964"},"modified":"2025-09-10T16:50:54","modified_gmt":"2025-09-10T14:50:54","slug":"trainingszeiten-tai-chi","status":"publish","type":"page","link":"https:\/\/hsb1846.de\/en\/home\/abteilungen\/budo-aikido-judo-karate\/tai-chi\/trainingszeiten-tai-chi\/","title":{"rendered":"Trainingszeiten Tai Chi"},"content":{"rendered":"<figure class=\"wp-block-table is-style-stripes\"><table><tbody><tr><td><em><strong>Tai Chi<\/strong><br><strong>Einsteiger<\/strong><\/em><\/td><td><strong>Kursbeginn: ??????<\/strong><\/td><td><em>Interessenten k\u00f6nnen sich unter <br><strong>wolfgang.rau@hsb1846.de <\/strong>melden<\/em><\/td><\/tr><tr><td><strong>Tai Chi &#8211; Kurs Einsteiger<\/strong> <br><em>(momentan kein Angebot)<\/em><\/td><td><strong>Dienstag<\/strong><\/td><td><strong>19.30 &#8211; 20.30 Uhr<\/strong><\/td><td><strong>Dr. Wolfgang Rau<\/strong><\/td><td>&nbsp;<\/td><\/tr><tr><td><strong>Kursgeb\u00fchren<\/strong><\/td><td><strong>10 Einheiten<\/strong><\/td><td><strong>Mitglieder der hsb-Budoabteilung<br><\/strong><em>(zus\u00e4tzlich zum Abteilungsbeitrag)<\/em><\/td><td><strong>0.- Euro<\/strong><\/td><\/tr><tr><td><strong>Schnupperkursgeb\u00fchren<\/strong><\/td><td><strong>f\u00fcr die ersten\u00a0\u00a0 <\/strong><br><strong>10 Einheiten<\/strong><\/td><td><strong>Nichtmitglieder<\/strong><\/td><td><strong>60.- Euro<\/strong><\/td><\/tr><tr><td><\/td><td><strong><em>nach 10 Einheiten <\/em><\/strong><br><strong><em>ist f\u00fcr weiteres Training <\/em><\/strong><br><strong><em>ein Antrag auf Mitgliedschaft<\/em><\/strong><br><strong><em>in der hsb-Budoabteilung <\/em><\/strong><br><strong><em>erforderlich<\/em>!!<\/strong><\/td><td><\/td><\/tr><tr><td><\/td><\/tr><tr><td><strong><em>Tai Chi<br>Fortgeschrittene<\/em><\/strong><\/td><td><strong>Dienstag<\/strong><\/td><td><strong>18.00 &#8211; 19.30 Uhr<\/strong><\/td><td><strong>Dr. Wolfgang Rau<\/strong><\/td><td><strong> <\/strong>&nbsp;<\/td><\/tr><tr><td><strong>Vorkenntnisse aus Einsteigerkurs erforderlich!<\/strong><\/td><\/tr><tr><td><strong>Geb\u00fchren<\/strong><\/td><td><strong>Mitglieder der hsb-Budoabteilung<br><\/strong><em>(zus\u00e4tzlich zum Abteilungsbeitrag)<\/em><\/td><td><strong>0.- Euro<\/strong><\/td><\/tr><tr><td><strong>Training nur f\u00fcr Mitglieder der hsb-Budoabteilung<\/strong><\/td><\/tr><tr><td><strong>Trainingsort: <\/strong><br><strong><a href=\"https:\/\/maps.google.de\/maps?expflags=enable_star_based_justifications:true&amp;ie=UTF8&amp;cid=8476439467549997694&amp;q=hsb1846%2BBudo%2BKarate%2BJudo%2BAikido&amp;iwloc=A&amp;gl=DE&amp;hl=de\" target=\"_blank\" rel=\"noreferrer noopener\">\u00dcbungsraum Budo 2 <\/a><\/strong><br><strong><a href=\"https:\/\/maps.google.de\/maps?expflags=enable_star_based_justifications:true&amp;ie=UTF8&amp;cid=8476439467549997694&amp;q=hsb1846%2BBudo%2BKarate%2BJudo%2BAikido&amp;iwloc=A&amp;gl=DE&amp;hl=de\" target=\"_blank\" rel=\"noreferrer noopener\">im Voith-Sportzentrum<\/a><\/strong><\/td><\/tr><tr><td><\/td><\/tr><\/tbody><\/table><\/figure>","protected":false},"excerpt":{"rendered":"<p>Tai ChiEinsteiger Kursbeginn: ?????? Interessenten k\u00f6nnen sich unter wolfgang.rau@hsb1846.de melden Tai Chi &#8211; Kurs Einsteiger (momentan kein Angebot) Dienstag 19.30 &#8211; 20.30 Uhr Dr. Wolfgang Rau &nbsp; Kursgeb\u00fchren 10 Einheiten Mitglieder der hsb-Budoabteilung(zus\u00e4tzlich zum Abteilungsbeitrag) 0.- Euro Schnupperkursgeb\u00fchren f\u00fcr die ersten\u00a0\u00a0 10 Einheiten Nichtmitglieder 60.- Euro nach 10 Einheiten ist f\u00fcr weiteres Training ein Antrag [&hellip;]<\/p>\n","protected":false},"author":3,"featured_media":0,"parent":8866,"menu_order":0,"comment_status":"closed","ping_status":"closed","template":"","meta":{"footnotes":""},"class_list":["post-8964","page","type-page","status-publish","hentry"],"aioseo_notices":[],"_links":{"self":[{"href":"https:\/\/hsb1846.de\/en\/wp-json\/wp\/v2\/pages\/8964","targetHints":{"allow":["GET"]}}],"collection":[{"href":"https:\/\/hsb1846.de\/en\/wp-json\/wp\/v2\/pages"}],"about":[{"href":"https:\/\/hsb1846.de\/en\/wp-json\/wp\/v2\/types\/page"}],"author":[{"embeddable":true,"href":"https:\/\/hsb1846.de\/en\/wp-json\/wp\/v2\/users\/3"}],"replies":[{"embeddable":true,"href":"https:\/\/hsb1846.de\/en\/wp-json\/wp\/v2\/comments?post=8964"}],"version-history":[{"count":20,"href":"https:\/\/hsb1846.de\/en\/wp-json\/wp\/v2\/pages\/8964\/revisions"}],"predecessor-version":[{"id":19029,"href":"https:\/\/hsb1846.de\/en\/wp-json\/wp\/v2\/pages\/8964\/revisions\/19029"}],"up":[{"embeddable":true,"href":"https:\/\/hsb1846.de\/en\/wp-json\/wp\/v2\/pages\/8866"}],"wp:attachment":[{"href":"https:\/\/hsb1846.de\/en\/wp-json\/wp\/v2\/media?parent=8964"}],"curies":[{"name":"wp","href":"https:\/\/api.w.org\/{rel}","templated":true}]}}