{"id":8973,"date":"2022-09-15T13:48:03","date_gmt":"2022-09-15T11:48:03","guid":{"rendered":"https:\/\/2022.hsb1846.de\/?page_id=8973"},"modified":"2026-01-21T14:10:41","modified_gmt":"2026-01-21T13:10:41","slug":"was-ist-fechten","status":"publish","type":"page","link":"https:\/\/hsb1846.de\/en\/home\/abteilungen\/fechten\/paul-gnaier-fechtzentrum\/was-ist-fechten\/","title":{"rendered":"Was ist Fechten?"},"content":{"rendered":"<div style=\"height:13px\" aria-hidden=\"true\" class=\"wp-block-spacer\"><\/div>\n\n\n\n<p class=\"has-background\" style=\"background-color:#f6f6f6;font-size:16px\">Fechten ist in erster Linie eine Kampfsportart. Die historischen Urspr\u00fcnge dieser Kampftechnik gehen auf die Verfeinerung der Waffen und der Bewegungsabl\u00e4ufe gegen\u00fcber Schwert- und S\u00e4belk\u00e4mpfen zur\u00fcck.<\/p>\n\n\n\n<p class=\"has-background\" style=\"background-color:#f6f6f6;font-size:16px\">Heute wird mit Fechten \u00fcberwiegend das Sportfechten bezeichnet; gefochten wird mit Florett, Degen und S\u00e4bel. Offizielle Wettkampfsprache beim Fechten ist Franz\u00f6sisch.<\/p>\n\n\n\n<p class=\"has-background\" style=\"background-color:#f6f6f6;font-size:16px\">In Heidenheim wird heute nur noch das Degenfechten praktiziert.<\/p>\n\n\n\n<div style=\"height:22px\" aria-hidden=\"true\" class=\"wp-block-spacer\"><\/div>\n\n\n\n<figure class=\"wp-block-image size-large\"><img loading=\"lazy\" decoding=\"async\" width=\"1920\" height=\"1052\" src=\"https:\/\/hsb1846.de\/wp-content\/uploads\/2023\/01\/DSC_1289-1920x1052.jpg\" alt=\"\" class=\"wp-image-10991\" srcset=\"https:\/\/hsb1846.de\/wp-content\/uploads\/2023\/01\/DSC_1289-1920x1052.jpg 1920w, https:\/\/hsb1846.de\/wp-content\/uploads\/2023\/01\/DSC_1289-300x164.jpg 300w, https:\/\/hsb1846.de\/wp-content\/uploads\/2023\/01\/DSC_1289-768x421.jpg 768w, https:\/\/hsb1846.de\/wp-content\/uploads\/2023\/01\/DSC_1289-1536x842.jpg 1536w, https:\/\/hsb1846.de\/wp-content\/uploads\/2023\/01\/DSC_1289-2048x1122.jpg 2048w, https:\/\/hsb1846.de\/wp-content\/uploads\/2023\/01\/DSC_1289-18x10.jpg 18w, https:\/\/hsb1846.de\/wp-content\/uploads\/2023\/01\/DSC_1289-600x329.jpg 600w\" sizes=\"auto, (max-width: 1920px) 100vw, 1920px\" \/><\/figure>\n\n\n\n<div style=\"height:29px\" aria-hidden=\"true\" class=\"wp-block-spacer\"><\/div>\n\n\n\n<h2 class=\"wp-block-heading\">Der Degen<\/h2>\n\n\n\n<div style=\"height:21px\" aria-hidden=\"true\" class=\"wp-block-spacer\"><\/div>\n\n\n\n<div style=\"height:1px\" aria-hidden=\"true\" class=\"wp-block-spacer\"><\/div>\n\n\n\n<p class=\"has-background\" style=\"background-color:#f6f6f6;font-size:16px\">Der Degen ist eine reine Sto\u00dfwaffe. Die g\u00fcltige Trefferfl\u00e4che ist der gesamt K\u00f6rper inklusive Arme, Beine und Maske. Der Degen ist maximal 770 g schwer und maximal 110 cm lang. Er ist schwerer und etwas steifer als das Florett. Beim Degen z\u00e4hlt im Gegensatz zum Florett und S\u00e4bel jeder Treffer. Treffen beide Fechter innerhalb einer zwanzigstel Sekunde, wird ein Doppeltreffer angezeigt und beiden Athleten gutgeschrieben.&nbsp; Oft wird versucht die n\u00e4chstliegende Trefffl\u00e4che des Gegners, die Hand, zu treffen. Deswegen sind die Bewegungen beim Degenfechten von hoher Pr\u00e4zision gekennzeichnet. Gleichzeitig wird h\u00e4ufig konteroffensiv gefochten, da sich oft die g\u00fcnstigste Gelegenheit zum Sto\u00df bietet, wenn der Gegner seinen Angriff beginnt.<\/p>\n\n\n\n<div style=\"height:30px\" aria-hidden=\"true\" class=\"wp-block-spacer\"><\/div>\n\n\n\n<figure class=\"wp-block-image size-large\"><img loading=\"lazy\" decoding=\"async\" width=\"1619\" height=\"1080\" src=\"https:\/\/hsb1846.de\/wp-content\/uploads\/2023\/01\/DSC_0030-1619x1080.jpg\" alt=\"\" class=\"wp-image-10990\" srcset=\"https:\/\/hsb1846.de\/wp-content\/uploads\/2023\/01\/DSC_0030-1619x1080.jpg 1619w, https:\/\/hsb1846.de\/wp-content\/uploads\/2023\/01\/DSC_0030-300x200.jpg 300w, https:\/\/hsb1846.de\/wp-content\/uploads\/2023\/01\/DSC_0030-768x512.jpg 768w, https:\/\/hsb1846.de\/wp-content\/uploads\/2023\/01\/DSC_0030-1536x1025.jpg 1536w, https:\/\/hsb1846.de\/wp-content\/uploads\/2023\/01\/DSC_0030-2048x1367.jpg 2048w, https:\/\/hsb1846.de\/wp-content\/uploads\/2023\/01\/DSC_0030-18x12.jpg 18w, https:\/\/hsb1846.de\/wp-content\/uploads\/2023\/01\/DSC_0030-600x400.jpg 600w\" sizes=\"auto, (max-width: 1619px) 100vw, 1619px\" \/><\/figure>","protected":false},"excerpt":{"rendered":"<p>Fechten ist in erster Linie eine Kampfsportart. Die historischen Urspr\u00fcnge dieser Kampftechnik gehen auf die Verfeinerung der Waffen und der Bewegungsabl\u00e4ufe gegen\u00fcber Schwert- und S\u00e4belk\u00e4mpfen zur\u00fcck. Heute wird mit Fechten \u00fcberwiegend das Sportfechten bezeichnet; gefochten wird mit Florett, Degen und S\u00e4bel. Offizielle Wettkampfsprache beim Fechten ist Franz\u00f6sisch. In Heidenheim wird heute nur noch das Degenfechten [&hellip;]<\/p>\n","protected":false},"author":1,"featured_media":0,"parent":8983,"menu_order":26,"comment_status":"closed","ping_status":"closed","template":"","meta":{"footnotes":""},"class_list":["post-8973","page","type-page","status-publish","hentry"],"aioseo_notices":[],"_links":{"self":[{"href":"https:\/\/hsb1846.de\/en\/wp-json\/wp\/v2\/pages\/8973","targetHints":{"allow":["GET"]}}],"collection":[{"href":"https:\/\/hsb1846.de\/en\/wp-json\/wp\/v2\/pages"}],"about":[{"href":"https:\/\/hsb1846.de\/en\/wp-json\/wp\/v2\/types\/page"}],"author":[{"embeddable":true,"href":"https:\/\/hsb1846.de\/en\/wp-json\/wp\/v2\/users\/1"}],"replies":[{"embeddable":true,"href":"https:\/\/hsb1846.de\/en\/wp-json\/wp\/v2\/comments?post=8973"}],"version-history":[{"count":3,"href":"https:\/\/hsb1846.de\/en\/wp-json\/wp\/v2\/pages\/8973\/revisions"}],"predecessor-version":[{"id":10992,"href":"https:\/\/hsb1846.de\/en\/wp-json\/wp\/v2\/pages\/8973\/revisions\/10992"}],"up":[{"embeddable":true,"href":"https:\/\/hsb1846.de\/en\/wp-json\/wp\/v2\/pages\/8983"}],"wp:attachment":[{"href":"https:\/\/hsb1846.de\/en\/wp-json\/wp\/v2\/media?parent=8973"}],"curies":[{"name":"wp","href":"https:\/\/api.w.org\/{rel}","templated":true}]}}