{"id":8975,"date":"2022-09-15T13:48:17","date_gmt":"2022-09-15T11:48:17","guid":{"rendered":"https:\/\/2022.hsb1846.de\/?page_id=8975"},"modified":"2025-03-05T13:37:32","modified_gmt":"2025-03-05T12:37:32","slug":"faszination-fechten","status":"publish","type":"page","link":"https:\/\/hsb1846.de\/en\/home\/abteilungen\/fechten\/faszination-fechten\/","title":{"rendered":"Faszination Fechten"},"content":{"rendered":"<div style=\"height:17px\" aria-hidden=\"true\" class=\"wp-block-spacer\"><\/div>\n\n\n\n<p class=\"has-background\" style=\"background-color:#f6f6f6;font-size:16px\">Entschlossenheit, Schnelligkeit, Schnellkraft, Kondition und jede Menge Spa\u00df &#8211; mit diesen Schlagworten kann man die Faszination Fechten beschreiben. Taktisches Geschick und ein hohes Ma\u00df an Spannung kennzeichnen viele Gefechte. Jede Unaufmerksamkeit des Gegners kann genutzt werden um schlagartig anzugreifen.<br><br>In Heidenheim blocken die Fechter auf eine lange Tradition zur\u00fcck.<br><br>Bei Olympischen Spielen, Welt- und Europameisterschaften geh\u00f6ren die Fechter des Heidenheimer Sportbundes regelm\u00e4\u00dfig zu den erfolgreichen Mitgliedern der deutschen Nationalmannschaften.<br><br>Auch die extrem vielen Erfolge bei den nationalen Meisterschaften sind kein Zufall, sondern Ergebnis eines zielorientierten Trainingskonzeptes in allen Altersklassen.<br><br>Wir freuen uns auf jede Sportlerin und jeden Sportler, die die Faszination Fechten hautnah erleben wollen! Schnupperkurse werden immer Anfang Oktober und Anfang M\u00e4rz publiziert oder finden sich auf unserer Homepage www. fechten.heidenheim.de<\/p>\n\n\n\n<p>Anschrift der hsb-Fechtabteilung:<\/p>\n\n\n\n<p class=\"has-text-align-center has-background\" style=\"background-color:#f6f6f6;font-size:16px\"><strong>Anschrift der hsb-Fechtabteilung:<br><\/strong>Fechtzentrum Heidenheim<br>Virchowstr. 28 89518 Heidenheim<br>Tel.: 07321 \/ 9441- 0<br>Mail:info@fechten-heidenheim.de<br>http:\/\/fechten.hsb1846.de<\/p>\n\n\n\n<p><\/p>\n\n\n\n<div style=\"height:50px\" aria-hidden=\"true\" class=\"wp-block-spacer\"><\/div>\n\n\n\n<figure class=\"wp-block-image size-large\"><img loading=\"lazy\" decoding=\"async\" width=\"1619\" height=\"1080\" src=\"https:\/\/hsb1846.de\/wp-content\/uploads\/2023\/01\/DSC_1537-1619x1080.jpg\" alt=\"\" class=\"wp-image-10993\" srcset=\"https:\/\/hsb1846.de\/wp-content\/uploads\/2023\/01\/DSC_1537-1619x1080.jpg 1619w, https:\/\/hsb1846.de\/wp-content\/uploads\/2023\/01\/DSC_1537-300x200.jpg 300w, https:\/\/hsb1846.de\/wp-content\/uploads\/2023\/01\/DSC_1537-768x512.jpg 768w, https:\/\/hsb1846.de\/wp-content\/uploads\/2023\/01\/DSC_1537-1536x1025.jpg 1536w, https:\/\/hsb1846.de\/wp-content\/uploads\/2023\/01\/DSC_1537-2048x1367.jpg 2048w, https:\/\/hsb1846.de\/wp-content\/uploads\/2023\/01\/DSC_1537-18x12.jpg 18w, https:\/\/hsb1846.de\/wp-content\/uploads\/2023\/01\/DSC_1537-600x400.jpg 600w\" sizes=\"auto, (max-width: 1619px) 100vw, 1619px\" \/><figcaption class=\"wp-element-caption\">Die U20 Damenmannschaft erreichte bei der Junioren Weltmeisterschaft 2016 die Bronzemedaille<\/figcaption><\/figure>","protected":false},"excerpt":{"rendered":"<p>Entschlossenheit, Schnelligkeit, Schnellkraft, Kondition und jede Menge Spa\u00df &#8211; mit diesen Schlagworten kann man die Faszination Fechten beschreiben. Taktisches Geschick und ein hohes Ma\u00df an Spannung kennzeichnen viele Gefechte. Jede Unaufmerksamkeit des Gegners kann genutzt werden um schlagartig anzugreifen. In Heidenheim blocken die Fechter auf eine lange Tradition zur\u00fcck. Bei Olympischen Spielen, Welt- und Europameisterschaften [&hellip;]<\/p>\n","protected":false},"author":1,"featured_media":9077,"parent":4110,"menu_order":27,"comment_status":"closed","ping_status":"closed","template":"","meta":{"footnotes":""},"class_list":["post-8975","page","type-page","status-publish","has-post-thumbnail","hentry"],"aioseo_notices":[],"_links":{"self":[{"href":"https:\/\/hsb1846.de\/en\/wp-json\/wp\/v2\/pages\/8975","targetHints":{"allow":["GET"]}}],"collection":[{"href":"https:\/\/hsb1846.de\/en\/wp-json\/wp\/v2\/pages"}],"about":[{"href":"https:\/\/hsb1846.de\/en\/wp-json\/wp\/v2\/types\/page"}],"author":[{"embeddable":true,"href":"https:\/\/hsb1846.de\/en\/wp-json\/wp\/v2\/users\/1"}],"replies":[{"embeddable":true,"href":"https:\/\/hsb1846.de\/en\/wp-json\/wp\/v2\/comments?post=8975"}],"version-history":[{"count":5,"href":"https:\/\/hsb1846.de\/en\/wp-json\/wp\/v2\/pages\/8975\/revisions"}],"predecessor-version":[{"id":19119,"href":"https:\/\/hsb1846.de\/en\/wp-json\/wp\/v2\/pages\/8975\/revisions\/19119"}],"up":[{"embeddable":true,"href":"https:\/\/hsb1846.de\/en\/wp-json\/wp\/v2\/pages\/4110"}],"wp:featuredmedia":[{"embeddable":true,"href":"https:\/\/hsb1846.de\/en\/wp-json\/wp\/v2\/media\/9077"}],"wp:attachment":[{"href":"https:\/\/hsb1846.de\/en\/wp-json\/wp\/v2\/media?parent=8975"}],"curies":[{"name":"wp","href":"https:\/\/api.w.org\/{rel}","templated":true}]}}