{"id":8985,"date":"2022-09-15T13:50:23","date_gmt":"2022-09-15T11:50:23","guid":{"rendered":"https:\/\/2022.hsb1846.de\/?page_id=8985"},"modified":"2023-01-19T15:21:58","modified_gmt":"2023-01-19T14:21:58","slug":"paul-gnaier","status":"publish","type":"page","link":"https:\/\/hsb1846.de\/en\/home\/abteilungen\/fechten\/paul-gnaier-fechtzentrum\/paul-gnaier\/","title":{"rendered":"Paul Gnaier"},"content":{"rendered":"<div style=\"height:20px\" aria-hidden=\"true\" class=\"wp-block-spacer\"><\/div>\n\n\n\n<p class=\"has-white-color has-text-color has-background\" style=\"background-color:#02147e;font-size:16px\">Der Pionier des Fechtsports in Heidenheim.<\/p>\n\n\n\n<div style=\"height:20px\" aria-hidden=\"true\" class=\"wp-block-spacer\"><\/div>\n\n\n\n<div class=\"wp-block-columns alignfull is-layout-flex wp-container-core-columns-is-layout-9d6595d7 wp-block-columns-is-layout-flex\">\n<div class=\"wp-block-column is-layout-flow wp-block-column-is-layout-flow\" style=\"flex-basis:50%\">\n<div class=\"wp-block-cover is-light\" style=\"min-height:600px;aspect-ratio:unset;\"><span aria-hidden=\"true\" class=\"wp-block-cover__background has-background-dim-100 has-background-dim\" style=\"background-color:#f6f6f6\"><\/span><div class=\"wp-block-cover__inner-container is-layout-flow wp-block-cover-is-layout-flow\"><div class=\"wp-block-image\">\n<figure class=\"aligncenter size-full\"><img loading=\"lazy\" decoding=\"async\" width=\"330\" height=\"460\" src=\"https:\/\/2022.hsb1846.de\/wp-content\/uploads\/2022\/09\/gnaierpaul-x.jpg\" alt=\"\" class=\"wp-image-9142\" srcset=\"https:\/\/hsb1846.de\/wp-content\/uploads\/2022\/09\/gnaierpaul-x.jpg 330w, https:\/\/hsb1846.de\/wp-content\/uploads\/2022\/09\/gnaierpaul-x-215x300.jpg 215w\" sizes=\"auto, (max-width: 330px) 100vw, 330px\" \/><figcaption class=\"wp-element-caption\">08.03.1926 &#8211; 25.11.2013<\/figcaption><\/figure>\n<\/div><\/div><\/div>\n<\/div>\n\n\n\n<div class=\"wp-block-column is-vertically-aligned-center is-layout-flow wp-block-column-is-layout-flow\" style=\"padding-top:1em;padding-right:1em;padding-bottom:1em;padding-left:1em\">\n<div class=\"wp-block-columns is-layout-flex wp-container-core-columns-is-layout-9d6595d7 wp-block-columns-is-layout-flex\">\n<div class=\"wp-block-column is-layout-flow wp-block-column-is-layout-flow\" style=\"flex-basis:320px\">\n<p style=\"font-size:16px\">1942 kam Paul Gnaier erstmals mit dem Fechtsport in Ber\u00fchrung, der ihn sofort faszinierte. In den 1950er und 1960er Jahren geh\u00f6rte er zu den erfolgreichsten deutschen Degenfechtern. Im Jahr 1960 gewann Paul Gnaier den Heidenheimer Pokal &#8211; eines der gr\u00f6\u00dften Degenturniere weltweit.<\/p>\n\n\n\n<p><\/p>\n\n\n\n<p style=\"font-size:16px\">Paul Gnaier nahm an drei Olympischen Spielen (1960 Rom, 1964 Tokio und 1968 Mexico) teil. Achtzig Mal wurde er in die Deutsche Nationalmannschaft berufen.<\/p>\n<\/div>\n<\/div>\n<\/div>\n<\/div>\n\n\n\n<div style=\"height:30px\" aria-hidden=\"true\" class=\"wp-block-spacer\"><\/div>\n\n\n\n<p class=\"has-background\" style=\"background-color:#f6f6f6;font-size:16px\">Neben seiner sportlichen Laufbahn \u00fcbernahm Paul Gnaier bereits in jungen Jahren Funktion\u00e4rst\u00e4tigkeiten. <\/p>\n\n\n\n<p class=\"has-background\" style=\"background-color:#f6f6f6;font-size:16px\">Schon 1944, im Alter von 18 Jahren, \u00fcbernahm er als kommissarischer Leiter die F\u00fchrung der Fechtabteilung in seinem Verein. Dem Vorstand des W\u00fcrttembergischen Fechterbundes (WFB) geh\u00f6rte Paul Gnaier seit 1949 an. <\/p>\n\n\n\n<p class=\"has-background\" style=\"background-color:#f6f6f6;font-size:16px\">Von 1971 bis 2006 war er Pr\u00e4sident des WFB und beeinflusste ma\u00dfgeblich die Entwicklung des Fechtsports in W\u00fcrttemberg und auf Bundesebene mit. <\/p>\n\n\n\n<p class=\"has-background\" style=\"background-color:#f6f6f6;font-size:16px\">Seinem Engagement ist es zu verdanken, dass Heidenheim Landesleistungszentrum und Bundesst\u00fctzpunkt f\u00fcr das Fechten wurde, dessen Leiter er von 1969 bis 2005 war.<\/p>\n\n\n\n<div style=\"height:50px\" aria-hidden=\"true\" class=\"wp-block-spacer\"><\/div>","protected":false},"excerpt":{"rendered":"<p>Der Pionier des Fechtsports in Heidenheim. 1942 kam Paul Gnaier erstmals mit dem Fechtsport in Ber\u00fchrung, der ihn sofort faszinierte. In den 1950er und 1960er Jahren geh\u00f6rte er zu den erfolgreichsten deutschen Degenfechtern. Im Jahr 1960 gewann Paul Gnaier den Heidenheimer Pokal &#8211; eines der gr\u00f6\u00dften Degenturniere weltweit. Paul Gnaier nahm an drei Olympischen Spielen [&hellip;]<\/p>\n","protected":false},"author":1,"featured_media":0,"parent":8983,"menu_order":0,"comment_status":"closed","ping_status":"closed","template":"","meta":{"footnotes":""},"class_list":["post-8985","page","type-page","status-publish","hentry"],"aioseo_notices":[],"_links":{"self":[{"href":"https:\/\/hsb1846.de\/en\/wp-json\/wp\/v2\/pages\/8985","targetHints":{"allow":["GET"]}}],"collection":[{"href":"https:\/\/hsb1846.de\/en\/wp-json\/wp\/v2\/pages"}],"about":[{"href":"https:\/\/hsb1846.de\/en\/wp-json\/wp\/v2\/types\/page"}],"author":[{"embeddable":true,"href":"https:\/\/hsb1846.de\/en\/wp-json\/wp\/v2\/users\/1"}],"replies":[{"embeddable":true,"href":"https:\/\/hsb1846.de\/en\/wp-json\/wp\/v2\/comments?post=8985"}],"version-history":[{"count":4,"href":"https:\/\/hsb1846.de\/en\/wp-json\/wp\/v2\/pages\/8985\/revisions"}],"predecessor-version":[{"id":11001,"href":"https:\/\/hsb1846.de\/en\/wp-json\/wp\/v2\/pages\/8985\/revisions\/11001"}],"up":[{"embeddable":true,"href":"https:\/\/hsb1846.de\/en\/wp-json\/wp\/v2\/pages\/8983"}],"wp:attachment":[{"href":"https:\/\/hsb1846.de\/en\/wp-json\/wp\/v2\/media?parent=8985"}],"curies":[{"name":"wp","href":"https:\/\/api.w.org\/{rel}","templated":true}]}}