{"id":8987,"date":"2022-09-15T13:50:45","date_gmt":"2022-09-15T11:50:45","guid":{"rendered":"https:\/\/2022.hsb1846.de\/?page_id=8987"},"modified":"2023-01-19T15:24:59","modified_gmt":"2023-01-19T14:24:59","slug":"landesleistungszentrum","status":"publish","type":"page","link":"https:\/\/hsb1846.de\/en\/home\/abteilungen\/fechten\/paul-gnaier-fechtzentrum\/landesleistungszentrum\/","title":{"rendered":"Landesleistungszentrum"},"content":{"rendered":"<div style=\"height:20px\" aria-hidden=\"true\" class=\"wp-block-spacer\"><\/div>\n\n\n\n<p class=\"has-white-color has-text-color has-background\" style=\"background-color:#02147e;font-size:16px\">Seit 1970 ist das Paul-Gnaier-Fechtzentrum Heidenheim Landesleistungszentrum (LLZ) und damit zentraler Anlaufpunkt f\u00fcr \u00fcber 60 Vereine in W\u00fcrttemberg, die die Institution f\u00fcr Lehrg\u00e4nge und Kadertraining nutzen k\u00f6nnen.<\/p>\n\n\n\n<div style=\"height:30px\" aria-hidden=\"true\" class=\"wp-block-spacer\"><\/div>\n\n\n\n<div class=\"wp-block-columns alignfull is-layout-flex wp-container-core-columns-is-layout-9d6595d7 wp-block-columns-is-layout-flex\">\n<div class=\"wp-block-column is-layout-flow wp-block-column-is-layout-flow\" style=\"flex-basis:50%\">\n<div class=\"wp-block-cover is-light\" style=\"min-height:600px;aspect-ratio:unset;\"><span aria-hidden=\"true\" class=\"wp-block-cover__background has-background-dim-100 has-background-dim\" style=\"background-color:#f6f6f6\"><\/span><div class=\"wp-block-cover__inner-container is-layout-flow wp-block-cover-is-layout-flow\"><div class=\"wp-block-image\">\n<figure class=\"aligncenter size-large\"><img loading=\"lazy\" decoding=\"async\" width=\"1057\" height=\"1080\" src=\"https:\/\/hsb1846.de\/wp-content\/uploads\/2023\/01\/logo_wfb_transparent-1057x1080.png\" alt=\"\" class=\"wp-image-11004\" srcset=\"https:\/\/hsb1846.de\/wp-content\/uploads\/2023\/01\/logo_wfb_transparent-1057x1080.png 1057w, https:\/\/hsb1846.de\/wp-content\/uploads\/2023\/01\/logo_wfb_transparent-294x300.png 294w, https:\/\/hsb1846.de\/wp-content\/uploads\/2023\/01\/logo_wfb_transparent-768x784.png 768w, https:\/\/hsb1846.de\/wp-content\/uploads\/2023\/01\/logo_wfb_transparent-1504x1536.png 1504w, https:\/\/hsb1846.de\/wp-content\/uploads\/2023\/01\/logo_wfb_transparent-2005x2048.png 2005w, https:\/\/hsb1846.de\/wp-content\/uploads\/2023\/01\/logo_wfb_transparent-12x12.png 12w, https:\/\/hsb1846.de\/wp-content\/uploads\/2023\/01\/logo_wfb_transparent-600x613.png 600w\" sizes=\"auto, (max-width: 1057px) 100vw, 1057px\" \/><figcaption class=\"wp-element-caption\">W\u00fcrttembergischer Fechter-Bund<\/figcaption><\/figure>\n<\/div><\/div><\/div>\n<\/div>\n\n\n\n<div class=\"wp-block-column is-vertically-aligned-center is-layout-flow wp-block-column-is-layout-flow\" style=\"padding-top:1em;padding-right:1em;padding-bottom:1em;padding-left:1em\">\n<div class=\"wp-block-columns is-layout-flex wp-container-core-columns-is-layout-9d6595d7 wp-block-columns-is-layout-flex\">\n<div class=\"wp-block-column is-layout-flow wp-block-column-is-layout-flow\" style=\"flex-basis:320px\">\n<p style=\"font-size:16px\">Im &#8222;Paul-Gnaier-Fechtzentrum Heidenheim&#8220;, so der Oberbegriff f\u00fcr das Landesleistungszentrum, das Regionale Spitzensportzentrum (RSZ) und die hsb-Fechtabteilung arbeiten insgesamt sechs Trainer, die ganz oder teilweise Bundes- oder Landestraineraufgaben wahrnehmen.<\/p>\n<\/div>\n<\/div>\n<\/div>\n<\/div>\n\n\n\n<div style=\"height:20px\" aria-hidden=\"true\" class=\"wp-block-spacer\"><\/div>\n\n\n\n<p class=\"has-background\" style=\"background-color:#f6f6f6;font-size:16px\">Rund 60 Vereinen in ganz W\u00fcrttemberg ist es damit m\u00f6glich, unser Trainings- und Lernangebot zu nutzen. In drei Fechthallen wird an bis zu sechs Tagen in der Woche trainiert. Unsere Trainer sichern \u00fcber sieben Altersklassen hinweg die Ausbildung vom Anf\u00e4nger bis zum Spitzenfechter. Damit unsere zur Zeit ca. 200 Fechterinnen und Fechter optimal betreut sind, arbeitet die hauseigene Sportphysiotherapie eng mit ihnen und ihren Trainern zusammen. Mit einem langfristigen Leistungsaufbau planen wir f\u00fcr die Zukunft.<\/p>\n\n\n\n<div style=\"height:50px\" aria-hidden=\"true\" class=\"wp-block-spacer\"><\/div>","protected":false},"excerpt":{"rendered":"<p>Seit 1970 ist das Paul-Gnaier-Fechtzentrum Heidenheim Landesleistungszentrum (LLZ) und damit zentraler Anlaufpunkt f\u00fcr \u00fcber 60 Vereine in W\u00fcrttemberg, die die Institution f\u00fcr Lehrg\u00e4nge und Kadertraining nutzen k\u00f6nnen. Im &#8222;Paul-Gnaier-Fechtzentrum Heidenheim&#8220;, so der Oberbegriff f\u00fcr das Landesleistungszentrum, das Regionale Spitzensportzentrum (RSZ) und die hsb-Fechtabteilung arbeiten insgesamt sechs Trainer, die ganz oder teilweise Bundes- oder Landestraineraufgaben wahrnehmen. [&hellip;]<\/p>\n","protected":false},"author":1,"featured_media":0,"parent":8983,"menu_order":19,"comment_status":"closed","ping_status":"closed","template":"","meta":{"footnotes":""},"class_list":["post-8987","page","type-page","status-publish","hentry"],"aioseo_notices":[],"_links":{"self":[{"href":"https:\/\/hsb1846.de\/en\/wp-json\/wp\/v2\/pages\/8987","targetHints":{"allow":["GET"]}}],"collection":[{"href":"https:\/\/hsb1846.de\/en\/wp-json\/wp\/v2\/pages"}],"about":[{"href":"https:\/\/hsb1846.de\/en\/wp-json\/wp\/v2\/types\/page"}],"author":[{"embeddable":true,"href":"https:\/\/hsb1846.de\/en\/wp-json\/wp\/v2\/users\/1"}],"replies":[{"embeddable":true,"href":"https:\/\/hsb1846.de\/en\/wp-json\/wp\/v2\/comments?post=8987"}],"version-history":[{"count":4,"href":"https:\/\/hsb1846.de\/en\/wp-json\/wp\/v2\/pages\/8987\/revisions"}],"predecessor-version":[{"id":11005,"href":"https:\/\/hsb1846.de\/en\/wp-json\/wp\/v2\/pages\/8987\/revisions\/11005"}],"up":[{"embeddable":true,"href":"https:\/\/hsb1846.de\/en\/wp-json\/wp\/v2\/pages\/8983"}],"wp:attachment":[{"href":"https:\/\/hsb1846.de\/en\/wp-json\/wp\/v2\/media?parent=8987"}],"curies":[{"name":"wp","href":"https:\/\/api.w.org\/{rel}","templated":true}]}}