{"id":8995,"date":"2022-09-15T13:53:01","date_gmt":"2022-09-15T11:53:01","guid":{"rendered":"https:\/\/2022.hsb1846.de\/?page_id=8995"},"modified":"2026-03-24T10:16:46","modified_gmt":"2026-03-24T09:16:46","slug":"foerderkreis-fechtsport-heidenheim-e-v","status":"publish","type":"page","link":"https:\/\/hsb1846.de\/en\/home\/abteilungen\/fechten\/paul-gnaier-fechtzentrum\/foerderkreis-fechtsport-heidenheim-e-v\/","title":{"rendered":"F\u00f6rderkreis Fechtsport Heidenheim e.V."},"content":{"rendered":"<p><\/p>\n\n\n\n<p><\/p>\n\n\n\n<div style=\"height:50px\" aria-hidden=\"true\" class=\"wp-block-spacer\"><\/div>\n\n\n\n<div class=\"wp-block-columns has-background is-layout-flex wp-container-core-columns-is-layout-9d6595d7 wp-block-columns-is-layout-flex\" style=\"background-color:#f6f6f6\">\n<div class=\"wp-block-column is-layout-flow wp-block-column-is-layout-flow\">\n<p style=\"font-size:16px\">Vorsitzender des F\u00f6rderkreis Fechtsport Heidenheim e.V.<\/p>\n<\/div>\n\n\n\n<div class=\"wp-block-column is-layout-flow wp-block-column-is-layout-flow\">\n<p style=\"font-size:16px\">Dr. Volker Wiedenmann<\/p>\n<\/div>\n<\/div>\n\n\n\n<div class=\"wp-block-columns has-background is-layout-flex wp-container-core-columns-is-layout-9d6595d7 wp-block-columns-is-layout-flex\" style=\"background-color:#f6f6f6\">\n<div class=\"wp-block-column is-layout-flow wp-block-column-is-layout-flow\">\n<p style=\"font-size:16px\">Stellvertretender Vorsitzender:<\/p>\n<\/div>\n\n\n\n<div class=\"wp-block-column is-layout-flow wp-block-column-is-layout-flow\">\n<p style=\"font-size:16px\">Paul Gnaier <\/p>\n<\/div>\n<\/div>\n\n\n\n<div class=\"wp-block-columns has-background is-layout-flex wp-container-core-columns-is-layout-9d6595d7 wp-block-columns-is-layout-flex\" style=\"background-color:#f6f6f6\">\n<div class=\"wp-block-column is-layout-flow wp-block-column-is-layout-flow\">\n<p style=\"font-size:16px\">Weitere Vorstandsmitglieder:<\/p>\n<\/div>\n\n\n\n<div class=\"wp-block-column is-layout-flow wp-block-column-is-layout-flow\">\n<p style=\"font-size:16px\">Christoph K\u00e4ppeler (Schriftf\u00fchrer) <\/p>\n\n\n\n<p>Roland Karcher (Kassierer)<\/p>\n<\/div>\n<\/div>\n\n\n\n<div style=\"height:50px\" aria-hidden=\"true\" class=\"wp-block-spacer\"><\/div>\n\n\n\n<p><\/p>\n\n\n\n<p><\/p>\n\n\n\n<div style=\"height:21px\" aria-hidden=\"true\" class=\"wp-block-spacer\"><\/div>\n\n\n\n<p class=\"has-white-color has-text-color has-background\" style=\"background-color:#02147e;font-size:16px\">Der F\u00f6rderkreis Fechtsport Heidenheim e.V. hat sich zum Ziel gesetzt, die Fechtabteilung des Heidenheimer Sportbundes zu unterst\u00fctzen. Als gemeinn\u00fctziger Verein sammeln wir Spenden, die 1:1 dem Fechtsport in Heidenheim zu Gute kommen.<\/p>\n\n\n\n<div style=\"height:31px\" aria-hidden=\"true\" class=\"wp-block-spacer\"><\/div>\n\n\n\n<p class=\"has-background\" style=\"background-color:#f6f6f6;font-size:16px\">M\u00f6chten auch Sie unsere Arbeit f\u00fcr den Fechtsport in Heidenheim unterst\u00fctzen?<\/p>\n\n\n\n<p class=\"has-background\" style=\"background-color:#f6f6f6;font-size:16px\">Dann werden auch Sie Mitglied in unserem F\u00f6rderkreis Fechtsport Heidenheim e.V. und\/oder helfen Sie uns mit Ihrer Spende.<\/p>\n\n\n\n<p class=\"has-background\" style=\"background-color:#f6f6f6;font-size:16px\">Weitere Informationen und Anmeldung: <a href=\"https:\/\/hsb1846.de\/en\/home\/abteilungen\/fechten\/service-und-downloads\/anmeldung-foerderverein\/\" target=\"_blank\" rel=\"noopener\" title=\"\">https:\/\/hsb1846.de\/home\/abteilungen\/fechten\/service-und-downloads\/anmeldung-foerderverein\/<\/a><\/p>\n\n\n\n<div style=\"height:31px\" aria-hidden=\"true\" class=\"wp-block-spacer\"><\/div>\n\n\n\n<p class=\"has-white-color has-text-color has-background\" style=\"background-color:#02147e;font-size:16px\">Ihre Vorteile als Mitglied:<\/p>\n\n\n\n<ul class=\"wp-block-list\">\n<li>Einladungen zu allen relevanten eigenen Turnieren der hsb-Fechtabteilung<br>(z.B. Heidenheimer Pokal, Voith-Cup; Coupe d`Europe, Hartmann-Cup und Mini-Marathon)<\/li>\n\n\n\n<li>Einladungen zu den &#8222;internen Veranstaltungen&#8220; wie: Saisonabschluss, Grillfest, Saisoner\u00f6ffnung<\/li>\n\n\n\n<li>j\u00e4hrlicher Infobrief zu den sportlichen Erfolgen einer Saison<\/li>\n\n\n\n<li>Newsletter des Fechtzentrums<\/li>\n\n\n\n<li>Spendenbescheinigung auf Wunsch<\/li>\n<\/ul>\n\n\n\n<p><\/p>\n\n\n\n<div style=\"height:20px\" aria-hidden=\"true\" class=\"wp-block-spacer\"><\/div>\n\n\n\n<p class=\"has-white-color has-text-color has-background\" style=\"background-color:#02147e;font-size:16px\">&nbsp;Spendenbetr\u00e4ge frei w\u00e4hlbar &#8211; unsere Empfehlungen:<\/p>\n\n\n\n<ul class=\"wp-block-list\">\n<li>Einzelmitgliedschaft&nbsp;&nbsp;&nbsp;&nbsp;&nbsp;&nbsp;&nbsp;&nbsp; ab 100,- EUR Spende\/ Jahr<\/li>\n\n\n\n<li>Firmenmitgliedschaft&nbsp;&nbsp;&nbsp;&nbsp;&nbsp;&nbsp; ab 500,- EUR Spende \/ Jahr<\/li>\n<\/ul>\n\n\n\n<p><\/p>\n\n\n\n<p><\/p>\n\n\n\n<div class=\"wp-block-columns has-white-color has-text-color has-background is-layout-flex wp-container-core-columns-is-layout-9d6595d7 wp-block-columns-is-layout-flex\" style=\"background-color:#02147e\">\n<div class=\"wp-block-column is-layout-flow wp-block-column-is-layout-flow\">\n<p style=\"font-size:16px\">Kontaktaufnahme und weitere&nbsp;Informationen \u00fcber:<\/p>\n<\/div>\n\n\n\n<div class=\"wp-block-column is-layout-flow wp-block-column-is-layout-flow\">\n<ul class=\"wp-block-list\">\n<li>F\u00f6rderkreis Fechtsport Heidenheim e.V.<\/li>\n\n\n\n<li>Virchowstra\u00dfe 28<\/li>\n\n\n\n<li>89518 Heidenheim<\/li>\n\n\n\n<li>Tel: 07321 &#8211; 94 41 0<\/li>\n\n\n\n<li>eMail:&nbsp;info@fechten.heidenheim.de<\/li>\n<\/ul>\n<\/div>\n<\/div>\n\n\n\n<div style=\"height:50px\" aria-hidden=\"true\" class=\"wp-block-spacer\"><\/div>\n\n\n\n<p><\/p>","protected":false},"excerpt":{"rendered":"<p>Vorsitzender des F\u00f6rderkreis Fechtsport Heidenheim e.V. Dr. Volker Wiedenmann Stellvertretender Vorsitzender: Paul Gnaier Weitere Vorstandsmitglieder: Christoph K\u00e4ppeler (Schriftf\u00fchrer) Roland Karcher (Kassierer) Der F\u00f6rderkreis Fechtsport Heidenheim e.V. hat sich zum Ziel gesetzt, die Fechtabteilung des Heidenheimer Sportbundes zu unterst\u00fctzen. Als gemeinn\u00fctziger Verein sammeln wir Spenden, die 1:1 dem Fechtsport in Heidenheim zu Gute kommen. M\u00f6chten auch [&hellip;]<\/p>\n","protected":false},"author":1,"featured_media":0,"parent":8983,"menu_order":7,"comment_status":"closed","ping_status":"closed","template":"","meta":{"footnotes":""},"class_list":["post-8995","page","type-page","status-publish","hentry"],"aioseo_notices":[],"_links":{"self":[{"href":"https:\/\/hsb1846.de\/en\/wp-json\/wp\/v2\/pages\/8995","targetHints":{"allow":["GET"]}}],"collection":[{"href":"https:\/\/hsb1846.de\/en\/wp-json\/wp\/v2\/pages"}],"about":[{"href":"https:\/\/hsb1846.de\/en\/wp-json\/wp\/v2\/types\/page"}],"author":[{"embeddable":true,"href":"https:\/\/hsb1846.de\/en\/wp-json\/wp\/v2\/users\/1"}],"replies":[{"embeddable":true,"href":"https:\/\/hsb1846.de\/en\/wp-json\/wp\/v2\/comments?post=8995"}],"version-history":[{"count":11,"href":"https:\/\/hsb1846.de\/en\/wp-json\/wp\/v2\/pages\/8995\/revisions"}],"predecessor-version":[{"id":19737,"href":"https:\/\/hsb1846.de\/en\/wp-json\/wp\/v2\/pages\/8995\/revisions\/19737"}],"up":[{"embeddable":true,"href":"https:\/\/hsb1846.de\/en\/wp-json\/wp\/v2\/pages\/8983"}],"wp:attachment":[{"href":"https:\/\/hsb1846.de\/en\/wp-json\/wp\/v2\/media?parent=8995"}],"curies":[{"name":"wp","href":"https:\/\/api.w.org\/{rel}","templated":true}]}}