{"id":9226,"date":"2022-09-16T13:42:26","date_gmt":"2022-09-16T11:42:26","guid":{"rendered":"https:\/\/2022.hsb1846.de\/?page_id=9226"},"modified":"2026-03-23T10:35:14","modified_gmt":"2026-03-23T09:35:14","slug":"news-fechten","status":"publish","type":"page","link":"https:\/\/hsb1846.de\/en\/home\/abteilungen\/fechten\/news-fechten\/","title":{"rendered":"News Fechten"},"content":{"rendered":"<p><\/p>\n\n\n<p style=\"text-align: center;\"><span style=\"font-size: 40px;\"><strong>\ud83c\udfc6 22. Allstar Cup in Reutlingen<\/strong><\/span><\/p>\n<p><span style=\"font-size: 18px;\">Beim 22. Allstar Cup in Reutlingen gingen Athletinnen und Athleten aus mehreren Nationen an den Start und lieferten sich intensive Duelle auf hohem Niveau.<\/span><\/p>\n<p><\/p>\n<p><\/p>\n<p><\/p>\n<div class=\"wp-block-columns is-layout-flex wp-container-core-columns-is-layout-9d6595d7 wp-block-columns-is-layout-flex\">\n<div class=\"wp-block-column is-layout-flow wp-block-column-is-layout-flow\">\n<figure class=\"wp-block-image size-full\"><img loading=\"lazy\" decoding=\"async\" width=\"575\" height=\"817\" class=\"wp-image-19344\" src=\"https:\/\/hsb1846.de\/wp-content\/uploads\/2026\/02\/Unbenannt.jpg\" alt=\"\" srcset=\"https:\/\/hsb1846.de\/wp-content\/uploads\/2026\/02\/Unbenannt.jpg 575w, https:\/\/hsb1846.de\/wp-content\/uploads\/2026\/02\/Unbenannt-211x300.jpg 211w, https:\/\/hsb1846.de\/wp-content\/uploads\/2026\/02\/Unbenannt-8x12.jpg 8w\" sizes=\"auto, (max-width: 575px) 100vw, 575px\" \/><\/figure>\n<\/div>\n \n<div class=\"wp-block-column is-layout-flow wp-block-column-is-layout-flow\">\n<figure class=\"wp-block-image size-full is-resized\"><img loading=\"lazy\" decoding=\"async\" class=\"wp-image-19345\" src=\"https:\/\/hsb1846.de\/wp-content\/uploads\/2026\/02\/Unbenannt-1.jpg\" alt=\"\" width=\"365\" height=\"599\" srcset=\"https:\/\/hsb1846.de\/wp-content\/uploads\/2026\/02\/Unbenannt-1.jpg 504w, https:\/\/hsb1846.de\/wp-content\/uploads\/2026\/02\/Unbenannt-1-183x300.jpg 183w, https:\/\/hsb1846.de\/wp-content\/uploads\/2026\/02\/Unbenannt-1-7x12.jpg 7w\" sizes=\"auto, (max-width: 365px) 100vw, 365px\" \/><\/figure>\n<\/div>\n<\/div>\n<p><span style=\"font-size: 18px;\">\ud83e\udd47 Alexandra Zittel sicherte sich souver\u00e4n den ersten Platz und holte sich damit den Turniersieg.<\/span><\/p>\n<p><span style=\"font-size: 18px;\">5\ufe0f\u20e3 Charlotte Marx erreichte einen starken f\u00fcnften Platz und zeigte eine \u00fcberzeugende Leistung im Teilnehmerfeld.<\/span><\/p>\n<p><span style=\"font-size: 18px;\">\ud83c\udf96\ufe0f Bereits am Vortag startete Rudy Hummel im Herren-Wettbewerb und belegte einen tollen achten Platz.<\/span><\/p>\n<p style=\"text-align: center;\"><span style=\"font-size: 50px;\"><strong>45. Mini Marathon\u00a0<\/strong><\/span><\/p>\n<h4><span style=\"font-size: 19px;\">Vom 7. bis zum 8. M\u00e4rz 2026 findet im Fechtzentrum Heidenheim der 45. Mini Marathon statt von U11 bis U15\u00a0<\/span><\/h4>\n<h4 style=\"text-align: left;\"><span style=\"font-size: 20px;\"><strong>Zeitplan:<\/strong><\/span><\/h4>\n<h4 style=\"text-align: left;\"><span style=\"font-size: 20px;\">Samstag, 7. M\u00e4rz:<\/span><\/h4>\n<ul style=\"text-align: left;\">\n<li><span style=\"font-size: 20px;\">10:00 Uhr Beginn Herrendegen U13\u00a0<\/span><\/li>\n<li><span style=\"font-size: 20px;\">10:30 Uhr Beginn Damendegen U13\u00a0<\/span><\/li>\n<li><span style=\"font-size: 20px;\">11:00 Beginn Herrendegen U11\u00a0<\/span><\/li>\n<li><span style=\"font-size: 20px;\">11:30 Uhr Beginn Damendegen U11<\/span><\/li>\n<\/ul>\n<h4 style=\"text-align: left;\"><span style=\"font-size: 20px;\">Sonntag, 8. Februar:\u00a0<\/span><\/h4>\n<ul style=\"text-align: left;\">\n<li><span style=\"font-size: 20px;\">10:00 Uhr Beginn Herrendegen U15<\/span><\/li>\n<li><span style=\"font-size: 20px;\">10:30 Uhr Beginn Damendegen U15\u00a0<\/span><\/li>\n<\/ul>\n<h4 style=\"text-align: left;\"><strong><span style=\"font-size: 20px;\">Alle weiteren Informationen inklusive Ausschreibung k\u00f6nnen hier gefunden werden:<\/span><\/strong><\/h4>\n<h4 style=\"text-align: left;\"><strong><a href=\"https:\/\/hsb1846.de\/en\/home\/abteilungen\/fechten\/turniere-und-veranstaltungen\/mini-marathon\/\" target=\"_blank\" rel=\"noopener\"><span style=\"font-size: 20px;\">https:\/\/hsb1846.de\/home\/abteilungen\/fechten\/turniere-und-veranstaltungen\/mini-marathon\/\u00a0<\/span><\/a><\/strong><\/h4>\n<p style=\"text-align: center;\"><span style=\"font-size: 50px;\"><strong>Heidenheimer Fechtertage 2026<\/strong><\/span><\/p>\n<h4><span style=\"font-size: 19px;\">Vom 5. bis 7. Februar finden die Heidenheimer Fechtertage in der Bibrishalle in Herbrechtingen statt.<\/span><br \/><span style=\"font-size: 19px;\">Zuschauer sind herzlich eingeladen, bei den Fechtertagen vorbeizuschauen.<\/span><\/h4>\n<h4>\u00a0<\/h4>\n<h4 style=\"text-align: left;\"><span style=\"font-size: 20px;\"><strong>Zeitplan:<\/strong><\/span><\/h4>\n<h4 style=\"text-align: left;\"><span style=\"font-size: 20px;\">Donnerstag, 5. Februar:<\/span><\/h4>\n<ul style=\"text-align: left;\">\n<li><span style=\"font-size: 20px;\">08:00 &#8211; 18:00 Uhr Vorrundenk\u00e4mpfe Heidenheimer Pokal<\/span><\/li>\n<\/ul>\n<h4 style=\"text-align: left;\"><span style=\"font-size: 20px;\">Freitag, 6. Februar: Heidenheimer Pokal:<\/span><\/h4>\n<ul style=\"text-align: left;\">\n<li><span style=\"font-size: 20px;\">Beginn Tableu 64: 09:00 Uhr<\/span><\/li>\n<li><span style=\"font-size: 20px;\">Finale: 17:00 Uhr mit anschlie\u00dfender Siegerehrung<\/span><\/li>\n<\/ul>\n<h4 style=\"text-align: left;\"><span style=\"font-size: 20px;\">Samstag, 7. Februar: Voith Cup:<\/span><\/h4>\n<ul style=\"text-align: left;\">\n<li><span style=\"font-size: 20px;\">Beginn Tableu 64: 08:00 Uhr<\/span><\/li>\n<li><span style=\"font-size: 20px;\">Halbfinale: 16:00 Uhr<\/span><\/li>\n<li><span style=\"font-size: 20px;\">Finale: 19:00 Uhr mit anschlie\u00dfender Siegerehrung<\/span><\/li>\n<\/ul>\n<h4 style=\"text-align: left;\"><span style=\"font-size: 20px;\">Eintrittskarten k\u00f6nnen am Eingang der Bibrishalle jederzeit zu einem geringen Preis erworben werden.<\/span><\/h4>\n\n<div class=\"wp-block-image\">\n<figure class=\"aligncenter size-full is-resized\"><a href=\"https:\/\/hsb1846.de\/en\/home\/abteilungen\/fechten\/6-10\/\" target=\"_blank\" rel=\" noreferrer noopener\"><img loading=\"lazy\" decoding=\"async\" width=\"753\" height=\"1064\" src=\"https:\/\/hsb1846.de\/wp-content\/uploads\/2026\/01\/6.jpg\" alt=\"\" class=\"wp-image-19077\" style=\"aspect-ratio:0.7077058232931727;width:795px;height:auto\" srcset=\"https:\/\/hsb1846.de\/wp-content\/uploads\/2026\/01\/6.jpg 753w, https:\/\/hsb1846.de\/wp-content\/uploads\/2026\/01\/6-212x300.jpg 212w, https:\/\/hsb1846.de\/wp-content\/uploads\/2026\/01\/6-8x12.jpg 8w\" sizes=\"auto, (max-width: 753px) 100vw, 753px\" \/><\/a><\/figure>\n<\/div>\n\n\n<div style=\"height:20px\" aria-hidden=\"true\" class=\"wp-block-spacer\"><\/div>\n\n\n\n<div style=\"height:39px\" aria-hidden=\"true\" class=\"wp-block-spacer\"><\/div>\n\n\n\n<h2 class=\"wp-block-heading\">Fencing<\/h2>\n\n\n\n<hr class=\"wp-block-separator has-alpha-channel-opacity is-style-wide\"\/>\n\n\n\n<div style=\"height:30px\" aria-hidden=\"true\" class=\"wp-block-spacer\"><\/div>\n\n\n\n<p>Nachfolgend stellen wir Ihnen die Vogt GmbH kurz vor.<\/p>\n\n\n\n<p><\/p>\n\n\n\n<p>Die Vogt GmbH mit Sitz in Steinheim am Albuch und Filialen in Stuttgart, Reutlingen und Kempten ist einer der f\u00fchrenden Fachgro\u00dfh\u00e4ndler f\u00fcr Reinigungs- und Hygieneprodukte in S\u00fcddeutschland. Rund 170 Mitarbeiterinnen und Mitarbeiter sind Teil des Familienunternehmens, das bereits in dritter Generation geleitet wird.<\/p>\n\n\n\n<p><\/p>\n\n\n\n<p>Als breit aufgestellter Systemanbieter und gepr\u00fcfter Arzneimittelgro\u00dfh\u00e4ndler richtet sich das Angebot an Gro\u00dfkunden aus den Bereichen Pflege, Medizin, Gastronomie und Industrie sowie an \u00f6ffentliche Einrichtungen wie Schulen oder Kinderg\u00e4rten.<\/p>\n\n\n\n<p>Das Vollsortiment aus \u00fcber 20.000 Artikeln wird dabei von unterschiedlichen Serviceleistungen erg\u00e4nzt. Dazu geh\u00f6ren Softwarel\u00f6sungen zur Bedarfsplanung, Bestellsysteme und Einlagerservice f\u00fcr eine effiziente Versorgungskette sowie anwendungstechnische Beratungen und Seminare.<\/p>\n\n\n\n<p><\/p>\n\n\n\n<p>Bei alldem verfolgt Vogt bereits seit Jahren ein zukunftsweisendes Nachhaltigkeitskonzept \u2013 so wird etwa die Firmenzentrale in Steinheim mithilfe einer Hackschnitzelanlage und Photovoltaikmodulen bereits zu 100 Prozent mit regenerativer Energie versorgt.<\/p>\n\n\n<div class=\"wp-block-image\">\n<figure class=\"aligncenter size-large\"><img loading=\"lazy\" decoding=\"async\" width=\"1662\" height=\"1080\" src=\"https:\/\/hsb1846.de\/wp-content\/uploads\/2025\/05\/3-1662x1080.jpg\" alt=\"\" class=\"wp-image-17398\" srcset=\"https:\/\/hsb1846.de\/wp-content\/uploads\/2025\/05\/3-1662x1080.jpg 1662w, https:\/\/hsb1846.de\/wp-content\/uploads\/2025\/05\/3-300x195.jpg 300w, https:\/\/hsb1846.de\/wp-content\/uploads\/2025\/05\/3-768x499.jpg 768w, https:\/\/hsb1846.de\/wp-content\/uploads\/2025\/05\/3-1536x998.jpg 1536w, https:\/\/hsb1846.de\/wp-content\/uploads\/2025\/05\/3-18x12.jpg 18w, https:\/\/hsb1846.de\/wp-content\/uploads\/2025\/05\/3.jpg 2000w\" sizes=\"auto, (max-width: 1662px) 100vw, 1662px\" \/><\/figure>\n<\/div>\n\n<div class=\"wp-block-image\">\n<figure class=\"aligncenter size-full\"><img loading=\"lazy\" decoding=\"async\" width=\"454\" height=\"645\" src=\"https:\/\/hsb1846.de\/wp-content\/uploads\/2025\/10\/FSJ-und-Bufti-2026.png\" alt=\"\" class=\"wp-image-18199\" srcset=\"https:\/\/hsb1846.de\/wp-content\/uploads\/2025\/10\/FSJ-und-Bufti-2026.png 454w, https:\/\/hsb1846.de\/wp-content\/uploads\/2025\/10\/FSJ-und-Bufti-2026-211x300.png 211w, https:\/\/hsb1846.de\/wp-content\/uploads\/2025\/10\/FSJ-und-Bufti-2026-8x12.png 8w\" sizes=\"auto, (max-width: 454px) 100vw, 454px\" \/><\/figure>\n<\/div>\n\n\n<p><\/p>\n\n\n\n<p><\/p>\n\n\n\n<p class=\"has-text-align-center has-background\" style=\"background-color:#f6f6f6;font-size:25px\"><a href=\"https:\/\/2022.hsb1846.de\/category\/fechten\/\">Alle Berichte &#8222;Turniere&#8220;<\/a><\/p>\n\n\n\n<div style=\"height:31px\" aria-hidden=\"true\" class=\"wp-block-spacer\"><\/div>\n\n\n<p><strong>Europ\u00e4isches Ranglistenturnier und Aktiven QB Damen- und Herrendegen um den \u201eWei\u00dfen B\u00e4ren\u201c in Berlin vom 13.-14.01.2024<\/strong><\/p>\n<p>Zum Start ins neues Jahr, standen f\u00fcr die Degenfechterinnen und -fechter des Heidneheimer Sportbundes\u00a0 wieder wichtige Turniere an. F\u00fcr die Aktiven ging es daf\u00fcr in die Bundeshauptstadt Berlin, in der der traditionelle \u201eWei\u00dfe B\u00e4r\u201c bereits zum 62. Mal ausgetragen wurde, erstmals auch f\u00fcr die Degendamen. Gerade in der Damenkonkurrenz konnte Alexandra Zittel das beste Ergebnis f\u00fcr den hsb erzielen. Mit Platz 12 erreichte sie als eine der besten Deutschen Teilnehmerinnen ein hervorragendes Resultat.<\/p>\n<p>Da das Qualifikationsturnier des Deutschen Fechterbundes auch als Europ\u00e4isches Ranglistenturnier gewertet wurde, nahmen zahlreiche weitere Nationen teil. Im Damendegen waren es 144 Fechterinnen aus 21 L\u00e4ndern, bei den Herren starteten 249 Athleten aus 27 Nationen. F\u00fcr Heidenheim gingen dabei neun Sportlerinnen und acht Sportler an den Start. Nach dem ersten Qualifikationstag am Samstag, ging es allerdings lediglich f\u00fcr vier hsb\u2019lerinnen und einen hsb\u2019ler weiter im 64er Direktausscheid. Dabei ging es f\u00fcr Jonas Boorz gegen den sp\u00e4teren Turniersieger Jan Kuf (Tschechien). Mit 5:15 hatte Boorz keine Chance und platzierte sich auf Rang 50. An gleicher Stelle mussten sich auch Anna Jonas (43.), Charlotte Marx (49.) und Vanessa Heinz (52.) geschlagen geben.<\/p>\n<p>Besser lief es daf\u00fcr bei Degenass Alexandra Zittel, die mit Siegen \u00fcber Dagmara Morczynski (Grunewald) und Floria Wedel (Leverkusen) den Sprung ins Achtelfinale schaffte. Doch auch sie traf auf die sp\u00e4tere Turniersiegerin Laura Wetzker (Leverkusen) und scheiterte 12:15. F\u00fcr Zittel bedeutete dies ein gelungener 12. Platz.<\/p>\n\n\n<div style=\"height:20px\" aria-hidden=\"true\" class=\"wp-block-spacer\"><\/div>\n\n\n\n<figure class=\"wp-block-image size-large\"><img loading=\"lazy\" decoding=\"async\" width=\"1620\" height=\"1080\" src=\"https:\/\/hsb1846.de\/wp-content\/uploads\/2024\/01\/Weisser_Baer-77-1620x1080.jpg\" alt=\"\" class=\"wp-image-13773\" srcset=\"https:\/\/hsb1846.de\/wp-content\/uploads\/2024\/01\/Weisser_Baer-77-1620x1080.jpg 1620w, https:\/\/hsb1846.de\/wp-content\/uploads\/2024\/01\/Weisser_Baer-77-300x200.jpg 300w, https:\/\/hsb1846.de\/wp-content\/uploads\/2024\/01\/Weisser_Baer-77-768x512.jpg 768w, https:\/\/hsb1846.de\/wp-content\/uploads\/2024\/01\/Weisser_Baer-77-1536x1024.jpg 1536w, https:\/\/hsb1846.de\/wp-content\/uploads\/2024\/01\/Weisser_Baer-77-2048x1365.jpg 2048w, https:\/\/hsb1846.de\/wp-content\/uploads\/2024\/01\/Weisser_Baer-77-18x12.jpg 18w\" sizes=\"auto, (max-width: 1620px) 100vw, 1620px\" \/><figcaption class=\"wp-element-caption\">In Berlin wurde um jeden Treffer gek\u00e4mpft<\/figcaption><\/figure>\n\n\n\n<div style=\"height:24px\" aria-hidden=\"true\" class=\"wp-block-spacer\"><\/div>","protected":false},"excerpt":{"rendered":"<p>\ud83c\udfc6 22. Allstar Cup in Reutlingen Beim 22. Allstar Cup in Reutlingen gingen Athletinnen und Athleten aus mehreren Nationen an den Start und lieferten sich intensive Duelle auf hohem Niveau. Fechten Nachfolgend stellen wir Ihnen die Vogt GmbH kurz vor. Die Vogt GmbH mit Sitz in Steinheim am Albuch und Filialen in Stuttgart, Reutlingen und [&hellip;]<\/p>\n","protected":false},"author":1,"featured_media":0,"parent":4110,"menu_order":16,"comment_status":"closed","ping_status":"closed","template":"","meta":{"footnotes":""},"class_list":["post-9226","page","type-page","status-publish","hentry"],"aioseo_notices":[],"_links":{"self":[{"href":"https:\/\/hsb1846.de\/en\/wp-json\/wp\/v2\/pages\/9226","targetHints":{"allow":["GET"]}}],"collection":[{"href":"https:\/\/hsb1846.de\/en\/wp-json\/wp\/v2\/pages"}],"about":[{"href":"https:\/\/hsb1846.de\/en\/wp-json\/wp\/v2\/types\/page"}],"author":[{"embeddable":true,"href":"https:\/\/hsb1846.de\/en\/wp-json\/wp\/v2\/users\/1"}],"replies":[{"embeddable":true,"href":"https:\/\/hsb1846.de\/en\/wp-json\/wp\/v2\/comments?post=9226"}],"version-history":[{"count":32,"href":"https:\/\/hsb1846.de\/en\/wp-json\/wp\/v2\/pages\/9226\/revisions"}],"predecessor-version":[{"id":19668,"href":"https:\/\/hsb1846.de\/en\/wp-json\/wp\/v2\/pages\/9226\/revisions\/19668"}],"up":[{"embeddable":true,"href":"https:\/\/hsb1846.de\/en\/wp-json\/wp\/v2\/pages\/4110"}],"wp:attachment":[{"href":"https:\/\/hsb1846.de\/en\/wp-json\/wp\/v2\/media?parent=9226"}],"curies":[{"name":"wp","href":"https:\/\/api.w.org\/{rel}","templated":true}]}}