{"id":9279,"date":"2022-09-17T13:06:24","date_gmt":"2022-09-17T11:06:24","guid":{"rendered":"https:\/\/2022.hsb1846.de\/?page_id=9279"},"modified":"2026-03-30T17:35:15","modified_gmt":"2026-03-30T15:35:15","slug":"dantraeger","status":"publish","type":"page","link":"https:\/\/hsb1846.de\/en\/home\/abteilungen\/budo-aikido-judo-karate\/dantraeger\/","title":{"rendered":"Dantr\u00e4ger"},"content":{"rendered":"<figure class=\"wp-block-image size-full\"><img decoding=\"async\" src=\"https:\/\/2022.hsb1846.de\/wp-content\/uploads\/2022\/09\/Schwarzgurt.jpg\" alt=\"\" class=\"wp-image-9284\"\/><\/figure>\n\n\n\n<figure class=\"wp-block-table is-style-stripes has-medium-font-size\"><table><tbody><tr><td><strong><em>6. Dan (rokudan):<\/em><\/strong><\/td><td><\/td><\/tr><tr><td>Reinhold J\u00e4ckle<\/td><td>Karate<\/td><\/tr><tr><td>Dr. Wolfgang Rau<\/td><td>Karate<\/td><\/tr><tr><td><\/td><td><\/td><\/tr><tr><td><strong><em>5. Dan (godan):<\/em><\/strong><\/td><td><\/td><\/tr><tr><td>G\u00fcnter Biskup<\/td><td>Judo<\/td><\/tr><tr><td>R\u00fcdiger Scholz<\/td><td>Aikido<\/td><\/tr><tr><td><\/td><td><\/td><\/tr><tr><td><strong><em>4. Dan (yondan):<\/em><\/strong><\/td><td><\/td><\/tr><tr><td>Wim Aerts<\/td><td>Judo<\/td><\/tr><tr><td>Oliver Conradi<\/td><td>Karate<\/td><\/tr><tr><td>Dieter R\u00f6\u00dfler<\/td><td>Karate<\/td><\/tr><tr><td><\/td><td><\/td><\/tr><tr><td><strong><em>3. Dan (sandan):<\/em><\/strong><\/td><td><\/td><\/tr><tr><td>Christo Jose<\/td><td>Karate<\/td><\/tr><tr><td>Athanasios Karapatzakis<\/td><td>Karate<\/td><\/tr><tr><td>Klaus Pfaffeneder<\/td><td>Karate<\/td><\/tr><tr><td>Michael Rau<\/td><td>Karate<\/td><\/tr><tr><td>Thomas Wolfram<\/td><td>Aikido<\/td><\/tr><tr><td><\/td><td><\/td><\/tr><tr><td><strong><em>2. Dan (nidan):<\/em><\/strong><\/td><td><\/td><\/tr><tr><td>Wolfram Feil<\/td><td>Karate<\/td><\/tr><tr><td>Dimitrios Karapatzakis<\/td><td>Karate<\/td><\/tr><tr><td>Florin-Julian Mogos<\/td><td>Karate<\/td><\/tr><tr><td>Alexander Petersen<\/td><td>Karate<\/td><\/tr><tr><td>Irmgard Rau<\/td><td>Karate<\/td><\/tr><tr><td>Dr. Wolfgang Rau<\/td><td>Kyusho-Jitsu<\/td><\/tr><tr><td>Petra R\u00f6\u00dfler<\/td><td>Karate<\/td><\/tr><tr><td><\/td><td><\/td><\/tr><tr><td><strong><em>1. Dan (shodan):<\/em><\/strong><\/td><td><\/td><\/tr><tr><td>Oliver Betz<\/td><td>Judo<\/td><\/tr><tr><td>Harald Borrmann<\/td><td>Judo<\/td><\/tr><tr><td>Carmen Biskup<\/td><td>Judo<\/td><\/tr><tr><td>Andreas Findeis<\/td><td>Karate<\/td><\/tr><tr><td>Johann Fuhrmann<\/td><td>Karate<\/td><\/tr><tr><td>Jens G\u00fcrtler<\/td><td>Judo<\/td><\/tr><tr><td>Matthias Lindemann<\/td><td>Karate<\/td><\/tr><tr><td>Peter M\u00fcller<\/td><td>Aikido<\/td><\/tr><tr><td>Klaus Pfaffeneder<\/td><td>Kobudo<\/td><\/tr><tr><td>Wolfgang Reichenbach<\/td><td>Aikido<\/td><\/tr><tr><td>Uwe Rentschler<\/td><td>Judo<\/td><\/tr><tr><td>R\u00fcdiger Scholz<\/td><td>Judo<\/td><\/tr><tr><td>Jonas Schweier<\/td><td>Karate<\/td><\/tr><tr><td>Evelyn Seifert<\/td><td>Karate<\/td><\/tr><tr><td>Friedrich Tegel<\/td><td>Karate<\/td><\/tr><tr><td>Jutta Willfahrt<\/td><td>Karate<\/td><\/tr><tr><td>Levin Willfahrt<\/td><td>Karate<\/td><\/tr><\/tbody><\/table><\/figure>","protected":false},"excerpt":{"rendered":"<p>6. Dan (rokudan): Reinhold J\u00e4ckle Karate Dr. Wolfgang Rau Karate 5. Dan (godan): G\u00fcnter Biskup Judo R\u00fcdiger Scholz Aikido 4. Dan (yondan): Wim Aerts Judo Oliver Conradi Karate Dieter R\u00f6\u00dfler Karate 3. Dan (sandan): Christo Jose Karate Athanasios Karapatzakis Karate Klaus Pfaffeneder Karate Michael Rau Karate Thomas Wolfram Aikido 2. Dan (nidan): Wolfram Feil Karate [&hellip;]<\/p>\n","protected":false},"author":3,"featured_media":0,"parent":4389,"menu_order":10,"comment_status":"closed","ping_status":"closed","template":"","meta":{"footnotes":""},"class_list":["post-9279","page","type-page","status-publish","hentry"],"aioseo_notices":[],"_links":{"self":[{"href":"https:\/\/hsb1846.de\/en\/wp-json\/wp\/v2\/pages\/9279","targetHints":{"allow":["GET"]}}],"collection":[{"href":"https:\/\/hsb1846.de\/en\/wp-json\/wp\/v2\/pages"}],"about":[{"href":"https:\/\/hsb1846.de\/en\/wp-json\/wp\/v2\/types\/page"}],"author":[{"embeddable":true,"href":"https:\/\/hsb1846.de\/en\/wp-json\/wp\/v2\/users\/3"}],"replies":[{"embeddable":true,"href":"https:\/\/hsb1846.de\/en\/wp-json\/wp\/v2\/comments?post=9279"}],"version-history":[{"count":18,"href":"https:\/\/hsb1846.de\/en\/wp-json\/wp\/v2\/pages\/9279\/revisions"}],"predecessor-version":[{"id":19859,"href":"https:\/\/hsb1846.de\/en\/wp-json\/wp\/v2\/pages\/9279\/revisions\/19859"}],"up":[{"embeddable":true,"href":"https:\/\/hsb1846.de\/en\/wp-json\/wp\/v2\/pages\/4389"}],"wp:attachment":[{"href":"https:\/\/hsb1846.de\/en\/wp-json\/wp\/v2\/media?parent=9279"}],"curies":[{"name":"wp","href":"https:\/\/api.w.org\/{rel}","templated":true}]}}